{"id":459,"date":"2021-11-18T18:08:56","date_gmt":"2021-11-18T17:08:56","guid":{"rendered":"https:\/\/uni.uhk.cz\/lms\/?page_id=459"},"modified":"2021-11-18T18:08:57","modified_gmt":"2021-11-18T17:08:57","slug":"main-page","status":"publish","type":"page","link":"https:\/\/uni.uhk.cz\/lms\/?page_id=459&lang=en","title":{"rendered":"Main Page"},"content":{"rendered":"<div class='row'><div style='padding-bottom:30px;' class='span12 first-module module_number_1 module_cont  module_portfolio'><ul class=\"optionset\" data-option-key=\"filter\">\r\n            <li class=\"grid_masonry_view\"><\/li>\r\n            <li class=\"inline_view\"><\/li>\r\n            <li class=\"selected\"><a data-option-value=\"*\" href=\"#filter\">All<\/a><\/li>\r\n            <li ><a href=\"#filter\" data-option-value=\".internal-seminar\" title=\"View all post filed under \">Internal seminar<\/a>\r\n                <\/li> <li ><a href=\"#filter\" data-option-value=\".intern\u00ed-semin\u00e1\u0159e\" title=\"View all post filed under \">Intern\u00ed semin\u00e1\u0159e<\/a>\r\n                <\/li> <li ><a href=\"#filter\" data-option-value=\".invited-talk\" title=\"View all post filed under \">Invited talk<\/a>\r\n                <\/li> <li ><a href=\"#filter\" data-option-value=\".ve\u0159ejn\u00e9-p\u0159edn\u00e1\u0161ky\" title=\"View all post filed under \">Ve\u0159ejn\u00e9 p\u0159edn\u00e1\u0161ky<\/a>\r\n                <\/li><\/ul><div class=\"portfolio_block grid\"><div class=\"portwrap now_grid_masonry_view isotope_init isotope_preloader\">\r\n                        <div data-category=\"invited-talk \" class=\"invited-talk  element portfolio_item item\">\r\n                            <div class=\"innerpadding\">\r\n                                <div class=\"portfolio_item_img featured_item_fadder\">\r\n                                    <a  href=\"https:\/\/uni.uhk.cz\/lms\/?port=markus-paulus-the-communicative-species-hypothesis-human-ontogeny-and-evolution-as-the-emergence-of-communicative-structures-2&lang=en\">\r\n                                        <img src=\"https:\/\/uni.uhk.cz\/lms\/wp-content\/uploads\/2026\/05\/trude-jonsson-stangel-mNJm5VQ2WvM-unsplash-scaled-1170x1170.jpg\" alt=\"\">\r\n                                    <\/a>\r\n                                <\/div>\r\n                                <a class=\"portfolio_item_title\" href=\"https:\/\/uni.uhk.cz\/lms\/?port=markus-paulus-the-communicative-species-hypothesis-human-ontogeny-and-evolution-as-the-emergence-of-communicative-structures-2&lang=en\"><h4>Markus Paulus: The Communicative Species Hypothesis: Human Ontogeny and Evolution as the Emergence of Communicative Structures<\/h4><\/a>\r\n                                <div class=\"preview_categ\"><a href=\"https:\/\/uni.uhk.cz\/lms\/?portcat=invited-talk&lang=en\">Invited talk<\/a><\/div>\r\n                            <\/div>\r\n                        <\/div>\r\n                    \r\n                        <div data-category=\"ve\u0159ejn\u00e9-p\u0159edn\u00e1\u0161ky \" class=\"ve\u0159ejn\u00e9-p\u0159edn\u00e1\u0161ky  element portfolio_item item\">\r\n                            <div class=\"innerpadding\">\r\n                                <div class=\"portfolio_item_img featured_item_fadder\">\r\n                                    <a  href=\"https:\/\/uni.uhk.cz\/lms\/?port=markus-paulus-the-communicative-species-hypothesis-human-ontogeny-and-evolution-as-the-emergence-of-communicative-structures\">\r\n                                        <img src=\"https:\/\/uni.uhk.cz\/lms\/wp-content\/uploads\/2026\/05\/trude-jonsson-stangel-mNJm5VQ2WvM-unsplash-scaled-1170x1170.jpg\" alt=\"\">\r\n                                    <\/a>\r\n                                <\/div>\r\n                                <a class=\"portfolio_item_title\" href=\"https:\/\/uni.uhk.cz\/lms\/?port=markus-paulus-the-communicative-species-hypothesis-human-ontogeny-and-evolution-as-the-emergence-of-communicative-structures\"><h4>Markus Paulus: The Communicative Species Hypothesis: Human Ontogeny and Evolution as the Emergence of Communicative Structures<\/h4><\/a>\r\n                                <div class=\"preview_categ\"><a href=\"https:\/\/uni.uhk.cz\/lms\/?portcat=verejne-prednasky\">Ve\u0159ejn\u00e9 p\u0159edn\u00e1\u0161ky<\/a><\/div>\r\n                            <\/div>\r\n                        <\/div>\r\n                    \r\n                        <div data-category=\"ve\u0159ejn\u00e9-p\u0159edn\u00e1\u0161ky \" class=\"ve\u0159ejn\u00e9-p\u0159edn\u00e1\u0161ky  element portfolio_item item\">\r\n                            <div class=\"innerpadding\">\r\n                                <div class=\"portfolio_item_img featured_item_fadder\">\r\n                                    <a  href=\"https:\/\/uni.uhk.cz\/lms\/?port=tuomo-tiisala-the-two-aspects-of-the-critique-of-constitution-2\">\r\n                                        <img src=\"https:\/\/uni.uhk.cz\/lms\/wp-content\/uploads\/2026\/04\/photo-1675609459162-41621fb7bee3-1170x918.jpeg\" alt=\"\">\r\n                                    <\/a>\r\n                                <\/div>\r\n                                <a class=\"portfolio_item_title\" href=\"https:\/\/uni.uhk.cz\/lms\/?port=tuomo-tiisala-the-two-aspects-of-the-critique-of-constitution-2\"><h4>Tuomo Tiisala: The Two Aspects of the Critique of Constitution<\/h4><\/a>\r\n                                <div class=\"preview_categ\"><a href=\"https:\/\/uni.uhk.cz\/lms\/?portcat=verejne-prednasky\">Ve\u0159ejn\u00e9 p\u0159edn\u00e1\u0161ky<\/a><\/div>\r\n                            <\/div>\r\n                        <\/div>\r\n                    \r\n                        <div data-category=\"invited-talk \" class=\"invited-talk  element portfolio_item item\">\r\n                            <div class=\"innerpadding\">\r\n                                <div class=\"portfolio_item_img featured_item_fadder\">\r\n                                    <a  href=\"https:\/\/uni.uhk.cz\/lms\/?port=tuomo-tiisala-the-two-aspects-of-the-critique-of-constitution&lang=en\">\r\n                                        <img src=\"https:\/\/uni.uhk.cz\/lms\/wp-content\/uploads\/2026\/04\/photo-1675609459162-41621fb7bee3-1170x918.jpeg\" alt=\"\">\r\n                                    <\/a>\r\n                                <\/div>\r\n                                <a class=\"portfolio_item_title\" href=\"https:\/\/uni.uhk.cz\/lms\/?port=tuomo-tiisala-the-two-aspects-of-the-critique-of-constitution&lang=en\"><h4>Tuomo Tiisala: The Two Aspects of the Critique of Constitution<\/h4><\/a>\r\n                                <div class=\"preview_categ\"><a href=\"https:\/\/uni.uhk.cz\/lms\/?portcat=invited-talk&lang=en\">Invited talk<\/a><\/div>\r\n                            <\/div>\r\n                        <\/div>\r\n                    \r\n                        <div data-category=\"ve\u0159ejn\u00e9-p\u0159edn\u00e1\u0161ky \" class=\"ve\u0159ejn\u00e9-p\u0159edn\u00e1\u0161ky  element portfolio_item item\">\r\n                            <div class=\"innerpadding\">\r\n                                <div class=\"portfolio_item_img featured_item_fadder\">\r\n                                    <a  href=\"https:\/\/uni.uhk.cz\/lms\/?port=christophe-heintz-when-do-people-trust-what-they-are-told-studies-on-epistemic-vigilance-2\">\r\n                                        <img src=\"https:\/\/uni.uhk.cz\/lms\/wp-content\/uploads\/2026\/04\/joseph-chan-uTFiFYeQhlI-unsplash-scaled-1170x1170.jpg\" alt=\"\">\r\n                                    <\/a>\r\n                                <\/div>\r\n                                <a class=\"portfolio_item_title\" href=\"https:\/\/uni.uhk.cz\/lms\/?port=christophe-heintz-when-do-people-trust-what-they-are-told-studies-on-epistemic-vigilance-2\"><h4>Christophe Heintz: When do people trust what they are told: studies on epistemic vigilance<\/h4><\/a>\r\n                                <div class=\"preview_categ\"><a href=\"https:\/\/uni.uhk.cz\/lms\/?portcat=verejne-prednasky\">Ve\u0159ejn\u00e9 p\u0159edn\u00e1\u0161ky<\/a><\/div>\r\n                            <\/div>\r\n                        <\/div>\r\n                    \r\n                        <div data-category=\"invited-talk \" class=\"invited-talk  element portfolio_item item\">\r\n                            <div class=\"innerpadding\">\r\n                                <div class=\"portfolio_item_img featured_item_fadder\">\r\n                                    <a  href=\"https:\/\/uni.uhk.cz\/lms\/?port=christophe-heintz-when-do-people-trust-what-they-are-told-studies-on-epistemic-vigilance&lang=en\">\r\n                                        <img src=\"https:\/\/uni.uhk.cz\/lms\/wp-content\/uploads\/2026\/04\/joseph-chan-uTFiFYeQhlI-unsplash-scaled-1170x1170.jpg\" alt=\"\">\r\n                                    <\/a>\r\n                                <\/div>\r\n                                <a class=\"portfolio_item_title\" href=\"https:\/\/uni.uhk.cz\/lms\/?port=christophe-heintz-when-do-people-trust-what-they-are-told-studies-on-epistemic-vigilance&lang=en\"><h4>Christophe Heintz: When do people trust what they are told: studies on epistemic vigilance<\/h4><\/a>\r\n                                <div class=\"preview_categ\"><a href=\"https:\/\/uni.uhk.cz\/lms\/?portcat=invited-talk&lang=en\">Invited talk<\/a><\/div>\r\n                            <\/div>\r\n                        <\/div>\r\n                    \r\n                        <div data-category=\"ve\u0159ejn\u00e9-p\u0159edn\u00e1\u0161ky \" class=\"ve\u0159ejn\u00e9-p\u0159edn\u00e1\u0161ky  element portfolio_item item\">\r\n                            <div class=\"innerpadding\">\r\n                                <div class=\"portfolio_item_img featured_item_fadder\">\r\n                                    <a  href=\"https:\/\/uni.uhk.cz\/lms\/?port=thomas-grundmann-expert-authority-and-thinking-for-oneself-2\">\r\n                                        <img src=\"https:\/\/uni.uhk.cz\/lms\/wp-content\/uploads\/2026\/04\/erwi-bDE6XoSfKEw-unsplash-scaled-1170x1170.jpg\" alt=\"\">\r\n                                    <\/a>\r\n                                <\/div>\r\n                                <a class=\"portfolio_item_title\" href=\"https:\/\/uni.uhk.cz\/lms\/?port=thomas-grundmann-expert-authority-and-thinking-for-oneself-2\"><h4>Thomas Grundmann: Expert Authority and Thinking for Oneself<\/h4><\/a>\r\n                                <div class=\"preview_categ\"><a href=\"https:\/\/uni.uhk.cz\/lms\/?portcat=verejne-prednasky\">Ve\u0159ejn\u00e9 p\u0159edn\u00e1\u0161ky<\/a><\/div>\r\n                            <\/div>\r\n                        <\/div>\r\n                    \r\n                        <div data-category=\"invited-talk \" class=\"invited-talk  element portfolio_item item\">\r\n                            <div class=\"innerpadding\">\r\n                                <div class=\"portfolio_item_img featured_item_fadder\">\r\n                                    <a  href=\"https:\/\/uni.uhk.cz\/lms\/?port=thomas-grundmann-expert-authority-and-thinking-for-oneself&lang=en\">\r\n                                        <img src=\"https:\/\/uni.uhk.cz\/lms\/wp-content\/uploads\/2026\/04\/erwi-bDE6XoSfKEw-unsplash-scaled-1170x1170.jpg\" alt=\"\">\r\n                                    <\/a>\r\n                                <\/div>\r\n                                <a class=\"portfolio_item_title\" href=\"https:\/\/uni.uhk.cz\/lms\/?port=thomas-grundmann-expert-authority-and-thinking-for-oneself&lang=en\"><h4>Thomas Grundmann: Expert Authority and Thinking for Oneself<\/h4><\/a>\r\n                                <div class=\"preview_categ\"><a href=\"https:\/\/uni.uhk.cz\/lms\/?portcat=invited-talk&lang=en\">Invited talk<\/a><\/div>\r\n                            <\/div>\r\n                        <\/div>\r\n                    \r\n                        <div data-category=\"ve\u0159ejn\u00e9-p\u0159edn\u00e1\u0161ky \" class=\"ve\u0159ejn\u00e9-p\u0159edn\u00e1\u0161ky  element portfolio_item item\">\r\n                            <div class=\"innerpadding\">\r\n                                <div class=\"portfolio_item_img featured_item_fadder\">\r\n                                    <a  href=\"https:\/\/uni.uhk.cz\/lms\/?port=peter-nicholas-tuck-the-view-which-has-no-name-2\">\r\n                                        <img src=\"https:\/\/uni.uhk.cz\/lms\/wp-content\/uploads\/2026\/04\/kurt-hanel-E3ayL2_IuuE-unsplash-scaled-1170x1170.jpg\" alt=\"\">\r\n                                    <\/a>\r\n                                <\/div>\r\n                                <a class=\"portfolio_item_title\" href=\"https:\/\/uni.uhk.cz\/lms\/?port=peter-nicholas-tuck-the-view-which-has-no-name-2\"><h4>Peter Nicholas Tuck: The View Which Has No Name<\/h4><\/a>\r\n                                <div class=\"preview_categ\"><a href=\"https:\/\/uni.uhk.cz\/lms\/?portcat=verejne-prednasky\">Ve\u0159ejn\u00e9 p\u0159edn\u00e1\u0161ky<\/a><\/div>\r\n                            <\/div>\r\n                        <\/div>\r\n                    \r\n                        <div data-category=\"invited-talk \" class=\"invited-talk  element portfolio_item item\">\r\n                            <div class=\"innerpadding\">\r\n                                <div class=\"portfolio_item_img featured_item_fadder\">\r\n                                    <a  href=\"https:\/\/uni.uhk.cz\/lms\/?port=peter-nicholas-tuck-the-view-which-has-no-name&lang=en\">\r\n                                        <img src=\"https:\/\/uni.uhk.cz\/lms\/wp-content\/uploads\/2026\/04\/kurt-hanel-E3ayL2_IuuE-unsplash-scaled-1170x1170.jpg\" alt=\"\">\r\n                                    <\/a>\r\n                                <\/div>\r\n                                <a class=\"portfolio_item_title\" href=\"https:\/\/uni.uhk.cz\/lms\/?port=peter-nicholas-tuck-the-view-which-has-no-name&lang=en\"><h4>Peter Nicholas Tuck: The View Which Has No Name<\/h4><\/a>\r\n                                <div class=\"preview_categ\"><a href=\"https:\/\/uni.uhk.cz\/lms\/?portcat=invited-talk&lang=en\">Invited talk<\/a><\/div>\r\n                            <\/div>\r\n                        <\/div>\r\n                    <div class=\"clear\"><\/div><\/div><\/div><ul class=\"pagerblock\"><li><a href='https:\/\/uni.uhk.cz\/lms\/index.php?rest_route=%2Fwp%2Fv2%2Fpages%2F459' class='current'>1<\/a><\/li><li><a href='https:\/\/uni.uhk.cz\/lms\/index.php?rest_route=%2Fwp%2Fv2%2Fpages%2F459&#038;paged=2'>2<\/a><\/li><li><a href='https:\/\/uni.uhk.cz\/lms\/index.php?rest_route=%2Fwp%2Fv2%2Fpages%2F459&#038;paged=3'>3<\/a><\/li><li><a href='https:\/\/uni.uhk.cz\/lms\/index.php?rest_route=%2Fwp%2Fv2%2Fpages%2F459&#038;paged=4'>4<\/a><\/li><li><a href='https:\/\/uni.uhk.cz\/lms\/index.php?rest_route=%2Fwp%2Fv2%2Fpages%2F459&#038;paged=5'>5<\/a><\/li><li><a href='https:\/\/uni.uhk.cz\/lms\/index.php?rest_route=%2Fwp%2Fv2%2Fpages%2F459&#038;paged=6'>6<\/a><\/li><li><a href='https:\/\/uni.uhk.cz\/lms\/index.php?rest_route=%2Fwp%2Fv2%2Fpages%2F459&#038;paged=7'>7<\/a><\/li><li><a href='https:\/\/uni.uhk.cz\/lms\/index.php?rest_route=%2Fwp%2Fv2%2Fpages%2F459&#038;paged=8'>8<\/a><\/li><li><a href='https:\/\/uni.uhk.cz\/lms\/index.php?rest_route=%2Fwp%2Fv2%2Fpages%2F459&#038;paged=9'>9<\/a><\/li><li><a href='https:\/\/uni.uhk.cz\/lms\/index.php?rest_route=%2Fwp%2Fv2%2Fpages%2F459&#038;paged=10'>10<\/a><\/li><li><a href='https:\/\/uni.uhk.cz\/lms\/index.php?rest_route=%2Fwp%2Fv2%2Fpages%2F459&#038;paged=11'>11<\/a><\/li><\/ul><\/div><!-- .module_cont --><\/div>","protected":false},"excerpt":{"rendered":"","protected":false},"author":1,"featured_media":0,"parent":0,"menu_order":0,"comment_status":"closed","ping_status":"closed","template":"","meta":[],"_links":{"self":[{"href":"https:\/\/uni.uhk.cz\/lms\/index.php?rest_route=\/wp\/v2\/pages\/459"}],"collection":[{"href":"https:\/\/uni.uhk.cz\/lms\/index.php?rest_route=\/wp\/v2\/pages"}],"about":[{"href":"https:\/\/uni.uhk.cz\/lms\/index.php?rest_route=\/wp\/v2\/types\/page"}],"author":[{"embeddable":true,"href":"https:\/\/uni.uhk.cz\/lms\/index.php?rest_route=\/wp\/v2\/users\/1"}],"replies":[{"embeddable":true,"href":"https:\/\/uni.uhk.cz\/lms\/index.php?rest_route=%2Fwp%2Fv2%2Fcomments&post=459"}],"version-history":[{"count":1,"href":"https:\/\/uni.uhk.cz\/lms\/index.php?rest_route=\/wp\/v2\/pages\/459\/revisions"}],"predecessor-version":[{"id":460,"href":"https:\/\/uni.uhk.cz\/lms\/index.php?rest_route=\/wp\/v2\/pages\/459\/revisions\/460"}],"wp:attachment":[{"href":"https:\/\/uni.uhk.cz\/lms\/index.php?rest_route=%2Fwp%2Fv2%2Fmedia&parent=459"}],"curies":[{"name":"wp","href":"https:\/\/api.w.org\/{rel}","templated":true}]}}