{"id":451,"date":"2021-11-18T17:53:59","date_gmt":"2021-11-18T16:53:59","guid":{"rendered":"https:\/\/uni.uhk.cz\/lms\/?page_id=451"},"modified":"2023-11-12T21:39:48","modified_gmt":"2023-11-12T20:39:48","slug":"contact","status":"publish","type":"page","link":"https:\/\/uni.uhk.cz\/lms\/?page_id=451&lang=en","title":{"rendered":"Contact"},"content":{"rendered":"<div class='row'><div style='padding-bottom:30px;' class='span12 first-module module_number_1 module_cont  module_title'><div class='bg_title'><h4 style='' class='headInModule'>Contacts<\/h4><\/div><\/div><!-- .module_cont --><\/div><div class='row'><div style='padding-bottom:30px;' class='span8  module_number_2 module_cont  module_google_map'>\r\n                <div class='module_content'>\r\n                    <div class=''>\r\n                        <iframe src=\"https:\/\/www.google.com\/maps\/embed?pb=!1m18!1m12!1m3!1d5106.786086872254!2d15.833717829141877!3d50.20987526777145!2m3!1f0!2f0!3f0!3m2!1i1024!2i768!4f13.1!3m3!1m2!1s0x470dd4d0da4dd2bb%3A0x707af76fc29d249c!2sUniversity%20of%20Hradec%20Kr%C3%A1lov%C3%A9%20%E2%80%93%20building%20E!5e0!3m2!1sen!2scz!4v1637002142255!5m2!1sen!2scz\" width=\"100%\" height=\"450\" style=\"border:0;\" allowfullscreen=\"\" loading=\"lazy\"><\/iframe>\r\n                    <\/div>\r\n                <\/div><\/div><!-- .module_cont --><div style='padding-bottom:30px;' class='span4  module_number_3 module_cont  module_contact_info'><ul class='contact_info_list'><li class='contact_info_item '><div class='contact_info_wrapper'><span class='contact_info_icon' style='background:#;'><i style='color:#c5c5c5' class='icon-home'><\/i><\/span><div class=\"contact_info_text \">n\u00e1m. Svobody 331\/2, 500 02 Hradec Kr\u00e1lov\u00e9<\/div><\/div><\/li><li class='contact_info_item '><div class='contact_info_wrapper'><span class='contact_info_icon' style='background:#;'><i style='color:#c5c5c5' class='icon-user'><\/i><\/span><div class=\"contact_info_text \">Matej Drob\u0148\u00e1k<\/div><\/div><\/li><li class='contact_info_item '><div class='contact_info_wrapper'><span class='contact_info_icon' style='background:#;'><i style='color:#c5c5c5' class='icon-envelope-alt'><\/i><\/span><div class=\"contact_info_text \"><a href=\"mailto: matej.drobnak@uhk.cz 10\">matej.drobnak@uhk.cz<\/a><\/div><\/div><\/li><li class='contact_info_item '><div class='contact_info_wrapper'><span class='contact_info_icon' style='background:#;'><i style='color:#c5c5c5' class='icon-phone'><\/i><\/span><div class=\"contact_info_text \"><a href=\"tel: +420 731 226 786\">+420 731 226 786<\/a><\/div><\/div><\/li><li class='contact_info_item with_bg'><div class='contact_info_wrapper'><span class='contact_info_icon' style='background:#c5c5c5;'><i style='color:#ffffff' class='icon-youtube-play'><\/i><\/span><div class=\"contact_info_text with_bg\"><a href=\"https:\/\/www.youtube.com\/channel\/UCuUqlV4Q0rtVdSAjhinsGig\">YouTube<\/a><\/div><\/div><\/li><li class='contact_info_item with_bg'><div class='contact_info_wrapper'><span class='contact_info_icon' style='background:#c5c5c5;'><i style='color:#ffffff' class='icon-facebook-sign'><\/i><\/span><div class=\"contact_info_text with_bg\"><a href=\"https:\/\/www.facebook.com\/lmsffuhk\">Facebook<\/a><\/div><\/div><\/li><\/ul><\/div><!-- .module_cont --><\/div>","protected":false},"excerpt":{"rendered":"<p>Contacts n\u00e1m. Svobody 331\/2, 500 02 Hradec Kr\u00e1lov\u00e9Matej Drob\u0148\u00e1kmatej.drobnak@uhk.cz+420 731 226 786YouTubeFacebook<\/p>\n","protected":false},"author":1,"featured_media":0,"parent":0,"menu_order":0,"comment_status":"closed","ping_status":"closed","template":"","meta":[],"_links":{"self":[{"href":"https:\/\/uni.uhk.cz\/lms\/index.php?rest_route=\/wp\/v2\/pages\/451"}],"collection":[{"href":"https:\/\/uni.uhk.cz\/lms\/index.php?rest_route=\/wp\/v2\/pages"}],"about":[{"href":"https:\/\/uni.uhk.cz\/lms\/index.php?rest_route=\/wp\/v2\/types\/page"}],"author":[{"embeddable":true,"href":"https:\/\/uni.uhk.cz\/lms\/index.php?rest_route=\/wp\/v2\/users\/1"}],"replies":[{"embeddable":true,"href":"https:\/\/uni.uhk.cz\/lms\/index.php?rest_route=%2Fwp%2Fv2%2Fcomments&post=451"}],"version-history":[{"count":1,"href":"https:\/\/uni.uhk.cz\/lms\/index.php?rest_route=\/wp\/v2\/pages\/451\/revisions"}],"predecessor-version":[{"id":452,"href":"https:\/\/uni.uhk.cz\/lms\/index.php?rest_route=\/wp\/v2\/pages\/451\/revisions\/452"}],"wp:attachment":[{"href":"https:\/\/uni.uhk.cz\/lms\/index.php?rest_route=%2Fwp%2Fv2%2Fmedia&parent=451"}],"curies":[{"name":"wp","href":"https:\/\/api.w.org\/{rel}","templated":true}]}}