{"id":426,"date":"2021-11-18T17:19:29","date_gmt":"2021-11-18T16:19:29","guid":{"rendered":"https:\/\/uni.uhk.cz\/lms\/?page_id=426"},"modified":"2021-11-19T11:59:11","modified_gmt":"2021-11-19T10:59:11","slug":"history","status":"publish","type":"page","link":"https:\/\/uni.uhk.cz\/lms\/?page_id=426&lang=en","title":{"rendered":"History"},"content":{"rendered":"<h3>History<\/h3>\n<h3><img loading=\"lazy\" class=\"obrazek_uprava alignleft wp-image-362 size-full\" src=\"https:\/\/uni.uhk.cz\/lms\/wp-content\/uploads\/2021\/11\/LMS_director_a.jpg\" alt=\"\" width=\"700\" height=\"467\" srcset=\"https:\/\/uni.uhk.cz\/lms\/wp-content\/uploads\/2021\/11\/LMS_director_a.jpg 700w, https:\/\/uni.uhk.cz\/lms\/wp-content\/uploads\/2021\/11\/LMS_director_a-300x200.jpg 300w\" sizes=\"(max-width: 700px) 100vw, 700px\" \/><\/h3>\n<p style=\"text-align: left;\"><span style=\"font-weight: 400;\">The Center was established within the Philosophical Faculty at the University of Hradec Kr\u00e1lov\u00e9 in 2009, thanks to support from a five-year grant from the European Structural Funds (ESF), with another five-year extension. The scientific board of the LMS Center was appointed by the head of the department, and Ond\u0159ej \u0160vec became the first director of the Center. After the departure of Ond\u0159ej \u0160vec, Ladislav Kore\u0148 took over the management of the Center in 2019. From this moment on, the Center has also been generously supported by the Philosophical Faculty. Under the new director, Matej Drob\u0148\u00e1k was appointed as the coordinator of activities, and he took responsibility for planning and organizing the activities of the Center. In 2021, a new scientific board was elected to oversee compliance with the center&#8217;s long-term goals. In more than a decade of its existence, the LMS Center has hosted over 150 speakers, including such figures as Robert Brandom, Huw Price, Michael Tomasello, and Martin Kusch.<\/span><\/p>\n","protected":false},"excerpt":{"rendered":"<p>History The Center was established within the Philosophical Faculty at the University of Hradec Kr\u00e1lov\u00e9 in 2009, thanks to support from a five-year grant from the European Structural Funds (ESF), with another five-year extension. The scientific board of the LMS Center was appointed by the head of the department, and Ond\u0159ej \u0160vec became the first director of the Center. After the departure of Ond\u0159ej \u0160vec, Ladislav Kore\u0148 took over the management of the Center in 2019. From this moment on, the Center has also been generously supported by the Philosophical Faculty. Under the new director, Matej Drob\u0148\u00e1k was appointed as the coordinator of activities, and he took responsibility for planning and organizing the activities of the Center. In 2021, a new scientific board was elected to oversee compliance with the center&#8217;s long-term goals. In more than a decade of its existence, the LMS Center has hosted over 150 speakers, including such figures as Robert Brandom, Huw Price, Michael Tomasello, and Martin Kusch.<\/p>\n","protected":false},"author":1,"featured_media":0,"parent":0,"menu_order":0,"comment_status":"open","ping_status":"closed","template":"","meta":[],"_links":{"self":[{"href":"https:\/\/uni.uhk.cz\/lms\/index.php?rest_route=\/wp\/v2\/pages\/426"}],"collection":[{"href":"https:\/\/uni.uhk.cz\/lms\/index.php?rest_route=\/wp\/v2\/pages"}],"about":[{"href":"https:\/\/uni.uhk.cz\/lms\/index.php?rest_route=\/wp\/v2\/types\/page"}],"author":[{"embeddable":true,"href":"https:\/\/uni.uhk.cz\/lms\/index.php?rest_route=\/wp\/v2\/users\/1"}],"replies":[{"embeddable":true,"href":"https:\/\/uni.uhk.cz\/lms\/index.php?rest_route=%2Fwp%2Fv2%2Fcomments&post=426"}],"version-history":[{"count":3,"href":"https:\/\/uni.uhk.cz\/lms\/index.php?rest_route=\/wp\/v2\/pages\/426\/revisions"}],"predecessor-version":[{"id":485,"href":"https:\/\/uni.uhk.cz\/lms\/index.php?rest_route=\/wp\/v2\/pages\/426\/revisions\/485"}],"wp:attachment":[{"href":"https:\/\/uni.uhk.cz\/lms\/index.php?rest_route=%2Fwp%2Fv2%2Fmedia&parent=426"}],"curies":[{"name":"wp","href":"https:\/\/api.w.org\/{rel}","templated":true}]}}