{"id":361,"date":"2021-11-15T18:07:34","date_gmt":"2021-11-15T17:07:34","guid":{"rendered":"https:\/\/uni.uhk.cz\/lms\/?page_id=361"},"modified":"2021-11-18T16:27:14","modified_gmt":"2021-11-18T15:27:14","slug":"historie","status":"publish","type":"page","link":"https:\/\/uni.uhk.cz\/lms\/?page_id=361","title":{"rendered":"Historie"},"content":{"rendered":"<h3>Historie<\/h3>\n<h3><img loading=\"lazy\" class=\"margin-bottom: 40px; alignleft wp-image-362 size-full\" src=\"https:\/\/uni.uhk.cz\/lms\/wp-content\/uploads\/2021\/11\/LMS_director_a.jpg\" alt=\"\" width=\"700\" height=\"467\" srcset=\"https:\/\/uni.uhk.cz\/lms\/wp-content\/uploads\/2021\/11\/LMS_director_a.jpg 700w, https:\/\/uni.uhk.cz\/lms\/wp-content\/uploads\/2021\/11\/LMS_director_a-300x200.jpg 300w\" sizes=\"(max-width: 700px) 100vw, 700px\" \/><\/h3>\n<p style=\"text-align: left;\"><span style=\"font-weight: 400;\">Centrum vzniklo v r\u00e1mci Filozofick\u00e9 fakulty Univerzity Hradec Kr\u00e1lov\u00e9 v roce 2009 na z\u00e1klad\u011b podpory z p\u011btilet\u00e9ho grantu ze Struktur\u00e1ln\u00edch fond\u016f (ESF) s dal\u0161\u00ed p\u011btiletou udr\u017eitelnost\u00ed. Vedouc\u00edm katedry byla jmenov\u00e1na v\u011bdeck\u00e1 rada LMS centra a prvn\u00edm vedouc\u00edm centra se stal Ond\u0159ej \u0160vec. Po odchodu Ond\u0159eje \u0160vece p\u0159evzal veden\u00ed centra v roce 2019 Ladislav Kore\u0148. Od tohto momentu taky centrum funguje za \u0161t\u011bdr\u00e9 podpory Filozofick\u00e9 fakulty. Pod nov\u00fdm veden\u00edm byl do funkce koordin\u00e1tora aktivit jmenov\u00e1n Matej Drob\u0148\u00e1k, kter\u00fd odpov\u00edd\u00e1 za pl\u00e1nov\u00e1n\u00ed a organizaci aktivit centra. V roku 2021 byla zvolena nov\u00e1 v\u011bdeck\u00e1 rada jej\u00ed\u017e \u00falohou je dohl\u00ed\u017eet na dodr\u017eov\u00e1n\u00ed dlouhodob\u00fdch c\u00edl\u016f centra. Za v\u00edce ne\u017e deset let sv\u00e9 existence LMS centrum hostilo p\u0159es 150 p\u0159edn\u00e1\u0161ej\u00edc\u00edch, v\u010detn\u011b takov\u00fdch jmen jako je Robert Brandom, Huw Price, Michael Tomasello, nebo Martin Kusch.<\/span><\/p>\n<h3>\u00a0<\/h3>\n\n\n<p><\/p>\n","protected":false},"excerpt":{"rendered":"<p>Historie Centrum vzniklo v r\u00e1mci Filozofick\u00e9 fakulty Univerzity Hradec Kr\u00e1lov\u00e9 v roce 2009 na z\u00e1klad\u011b podpory z p\u011btilet\u00e9ho grantu ze Struktur\u00e1ln\u00edch fond\u016f (ESF) s dal\u0161\u00ed p\u011btiletou udr\u017eitelnost\u00ed. Vedouc\u00edm katedry byla jmenov\u00e1na v\u011bdeck\u00e1 rada LMS centra a prvn\u00edm vedouc\u00edm centra se stal Ond\u0159ej \u0160vec. Po odchodu Ond\u0159eje \u0160vece p\u0159evzal veden\u00ed centra v roce 2019 Ladislav Kore\u0148. Od tohto momentu taky centrum funguje za \u0161t\u011bdr\u00e9 podpory Filozofick\u00e9 fakulty. Pod nov\u00fdm veden\u00edm byl do funkce koordin\u00e1tora aktivit jmenov\u00e1n Matej Drob\u0148\u00e1k, kter\u00fd odpov\u00edd\u00e1 za pl\u00e1nov\u00e1n\u00ed a organizaci aktivit centra. V roku 2021 byla zvolena nov\u00e1 v\u011bdeck\u00e1 rada jej\u00ed\u017e \u00falohou je dohl\u00ed\u017eet na dodr\u017eov\u00e1n\u00ed dlouhodob\u00fdch c\u00edl\u016f centra. Za v\u00edce ne\u017e deset let sv\u00e9 existence LMS centrum hostilo p\u0159es 150 p\u0159edn\u00e1\u0161ej\u00edc\u00edch, v\u010detn\u011b takov\u00fdch jmen jako je Robert Brandom, Huw Price, Michael Tomasello, nebo Martin Kusch. \u00a0<\/p>\n","protected":false},"author":1,"featured_media":0,"parent":0,"menu_order":0,"comment_status":"open","ping_status":"closed","template":"","meta":[],"_links":{"self":[{"href":"https:\/\/uni.uhk.cz\/lms\/index.php?rest_route=\/wp\/v2\/pages\/361"}],"collection":[{"href":"https:\/\/uni.uhk.cz\/lms\/index.php?rest_route=\/wp\/v2\/pages"}],"about":[{"href":"https:\/\/uni.uhk.cz\/lms\/index.php?rest_route=\/wp\/v2\/types\/page"}],"author":[{"embeddable":true,"href":"https:\/\/uni.uhk.cz\/lms\/index.php?rest_route=\/wp\/v2\/users\/1"}],"replies":[{"embeddable":true,"href":"https:\/\/uni.uhk.cz\/lms\/index.php?rest_route=%2Fwp%2Fv2%2Fcomments&post=361"}],"version-history":[{"count":7,"href":"https:\/\/uni.uhk.cz\/lms\/index.php?rest_route=\/wp\/v2\/pages\/361\/revisions"}],"predecessor-version":[{"id":406,"href":"https:\/\/uni.uhk.cz\/lms\/index.php?rest_route=\/wp\/v2\/pages\/361\/revisions\/406"}],"wp:attachment":[{"href":"https:\/\/uni.uhk.cz\/lms\/index.php?rest_route=%2Fwp%2Fv2%2Fmedia&parent=361"}],"curies":[{"name":"wp","href":"https:\/\/api.w.org\/{rel}","templated":true}]}}