{"id":74,"date":"2016-12-09T05:52:06","date_gmt":"2016-12-09T05:52:06","guid":{"rendered":"https:\/\/ninetheme.com\/themes\/foevis\/?page_id=2"},"modified":"2023-08-01T17:36:03","modified_gmt":"2023-08-01T17:36:03","slug":"home","status":"publish","type":"page","link":"https:\/\/uni.uhk.cz\/jaros\/?lang=cs","title":{"rendered":"Hlavn\u00ed str\u00e1nka"},"content":{"rendered":"<section class=\"wpb-content-wrapper\"><p>[vc_row][vc_column][vc_empty_space height=&#8220;100px&#8220;]\n\t\t\t<!-- START homeslider 1 REVOLUTION SLIDER 6.6.9 --><p class=\"rs-p-wp-fix\"><\/p>\n\t\t\t<rs-module-wrap id=\"rev_slider_1_1_wrapper\" data-source=\"gallery\" style=\"visibility:hidden;background:transparent;padding:0;margin:0px auto;margin-top:0;margin-bottom:0;\">\n\t\t\t\t<rs-module id=\"rev_slider_1_1\" style=\"\" data-version=\"6.6.9\">\n\t\t\t\t\t<rs-slides style=\"overflow: hidden; position: absolute;\">\n\t\t\t\t\t\t<rs-slide style=\"position: absolute;\" data-key=\"rs-1\" data-title=\"Slide\" data-duration=\"5950\" data-in=\"o:1;x:100%;\" data-out=\"a:false;\">\n\t\t\t\t\t\t\t<img decoding=\"async\" src=\"\/\/uni.uhk.cz\/jaros\/wp-content\/plugins\/revslider\/public\/assets\/assets\/dummy.png\" alt=\"Slide\" title=\"background\" width=\"1798\" height=\"1080\" class=\"rev-slidebg tp-rs-img rs-lazyload\" data-lazyload=\"\/\/uni.uhk.cz\/jaros\/wp-content\/plugins\/revslider\/public\/assets\/assets\/transparent.png\" data-bg=\"c:#ffffff;\" data-no-retina>\n<!--\n\t\t\t\t\t\t\t--><rs-layer\n\t\t\t\t\t\t\t\tid=\"slider-1-slide-1-layer-0\" \n\t\t\t\t\t\t\t\tdata-type=\"text\"\n\t\t\t\t\t\t\t\tdata-color=\"#0c0c0c\"\n\t\t\t\t\t\t\t\tdata-rsp_ch=\"on\"\n\t\t\t\t\t\t\t\tdata-xy=\"xo:145px,135px,42px,21px;yo:101px,83px,74px,48px;\"\n\t\t\t\t\t\t\t\tdata-text=\"w:normal;s:80,66,57,35;l:90,74,64,39;ls:-4,-3,-2,-1;fw:800;\"\n\t\t\t\t\t\t\t\tdata-dim=\"w:954px,743px,702px,444px;minh:0px,none,none,none;\"\n\t\t\t\t\t\t\t\tdata-frame_0=\"x:0,0,0px,0px;y:0,0,0px,0px;\"\n\t\t\t\t\t\t\t\tdata-frame_1=\"x:0,0,0px,0px;y:0,0,0px,0px;st:480;sp:2040;sR:480;\"\n\t\t\t\t\t\t\t\tdata-frame_999=\"o:0;st:w;sR:3430;\"\n\t\t\t\t\t\t\t\tstyle=\"z-index:8;font-family:'Poppins';\"\n\t\t\t\t\t\t\t>Nov\u00e9 kontexty filosofick\u00e9 antropologie \n\t\t\t\t\t\t\t<\/rs-layer><!--\n\n\t\t\t\t\t\t\t--><rs-layer\n\t\t\t\t\t\t\t\tid=\"slider-1-slide-1-layer-1\" \n\t\t\t\t\t\t\t\tclass=\"tp-shape tp-shapewrapper\"\n\t\t\t\t\t\t\t\tdata-type=\"shape\"\n\t\t\t\t\t\t\t\tdata-rsp_ch=\"on\"\n\t\t\t\t\t\t\t\tdata-xy=\"x:c;xo:-886px,-886px,-886px,-1067px;y:b;yo:-490px,-490px,-500px,-610px;\"\n\t\t\t\t\t\t\t\tdata-text=\"a:inherit;\"\n\t\t\t\t\t\t\t\tdata-dim=\"w:6000px;h:4000px;\"\n\t\t\t\t\t\t\t\tdata-basealign=\"slide\"\n\t\t\t\t\t\t\t\tdata-wrpcls=\"img-responsive\"\n\t\t\t\t\t\t\t\tdata-frame_0=\"o:1;oX:100%;oY:100%;oZ:100%;\"\n\t\t\t\t\t\t\t\tdata-frame_1=\"oX:100%;oY:100%;oZ:100%;e:none;sp:0;\"\n\t\t\t\t\t\t\t\tdata-frame_999=\"e:nothing;st:w;sp:0;sR:5950;\"\n\t\t\t\t\t\t\t\tstyle=\"z-index:6;width:100%;height:100%;content:\"\";position:absolute;left:0;top:0;pointer-events:none;background:rgba(0, 0, 0, 0.5);\"\n\t\t\t\t\t\t\t> \n\t\t\t\t\t\t\t<\/rs-layer><!--\n\n\t\t\t\t\t\t\t--><rs-layer\n\t\t\t\t\t\t\t\tid=\"slider-1-slide-1-layer-2\" \n\t\t\t\t\t\t\t\tdata-type=\"text\"\n\t\t\t\t\t\t\t\tdata-color=\"#000000\"\n\t\t\t\t\t\t\t\tdata-rsp_ch=\"on\"\n\t\t\t\t\t\t\t\tdata-xy=\"xo:677px,681px,432px,561px;yo:230px,242px,170px,242px;\"\n\t\t\t\t\t\t\t\tdata-text=\"l:22;a:inherit;\"\n\t\t\t\t\t\t\t\tdata-vbility=\"t,t,f,f\"\n\t\t\t\t\t\t\t\tdata-frame_0=\"sX:0.8;sY:0.8;\"\n\t\t\t\t\t\t\t\tdata-frame_1=\"e:power4.out;st:1070;sp:1500;sR:1070;\"\n\t\t\t\t\t\t\t\tdata-frame_999=\"o:0;st:w;sR:3380;\"\n\t\t\t\t\t\t\t\tstyle=\"z-index:7;font-family:'Open Sans';\"\n\t\t\t\t\t\t\t>doc. Mgr. Filip Jaro\u0161, Ph.D. \n\t\t\t\t\t\t\t<\/rs-layer><!--\n-->\t\t\t\t\t\t<\/rs-slide>\n\t\t\t\t\t<\/rs-slides>\n\t\t\t\t<\/rs-module>\n\t\t\t\t<script>\n\t\t\t\t\tsetREVStartSize({c: 'rev_slider_1_1',rl:[1240,1024,778,480],el:[400,400,300,200],gw:[1240,1024,778,480],gh:[400,400,300,200],type:'standard',justify:'',layout:'fullwidth',mh:\"0\"});if (window.RS_MODULES!==undefined && window.RS_MODULES.modules!==undefined && window.RS_MODULES.modules[\"revslider11\"]!==undefined) {window.RS_MODULES.modules[\"revslider11\"].once = false;window.revapi1 = undefined;if (window.RS_MODULES.checkMinimal!==undefined) window.RS_MODULES.checkMinimal()}\n\t\t\t\t<\/script>\n\t\t\t<\/rs-module-wrap>\n\t\t\t<!-- END REVOLUTION SLIDER -->\n[\/vc_column][\/vc_row][vc_row][vc_column]<!-- About us --><section id=\"about\" class=\"about\"><div class=\"container\"><div class=\"row\"><div class=\"col-md-7 first_big_section\"><img decoding=\"async\" src=\"https:\/\/uni.uhk.cz\/jaros\/wp-content\/uploads\/2023\/05\/3znaky-1.jpg\" alt=\"about\"><\/div><div class=\"col-md-5 second_big_section\"><h2 >O projektu<\/h2><p >Nov\u00e9 kontexty filozofick\u00e9 antropologie: Hled\u00e1n\u00ed antropologick\u00e9 diference mimo dichotomii p\u0159\u00edroda\/kultura<\/p>\n<p>Reframing Philosophical Anthropology: Searching for an Anthropological Difference Beyond the Nature\/Culture Dichotomy<\/p>\n<p>N\u00e1pln\u00ed interdisciplin\u00e1rn\u00edho projektu je nov\u00e1 konceptualizace probl\u00e9mu antropologick\u00e9 diference v kontextu filozofick\u00e9 antropologie. Filozofick\u00e1 antropologie je p\u0159edstavena jako nez\u00e1visl\u00e9 my\u0161lenkov\u00e9 paradigma, kter\u00e9 umo\u017e\u0148uje uva\u017eovat o \u010dlov\u011bku mimo metodologie reduktivn\u00edho naturalismu a soci\u00e1ln\u011b-kulturn\u00edho konstruktivismu. V\u00fdzkum si bere t\u0159i z\u00e1kladn\u00ed c\u00edle: i)<br \/>\nrekonstrukci my\u0161lenek Buytendijka a Plessnera vztahuj\u00edc\u00edch se k probl\u00e9mu antropologick\u00e9 diference; ii) kontextualizaci klasick\u00e9ho rozvrhu filozofick\u00e9 antropologie (distinkce Umwelt\/Welt) se sou\u010dasn\u00fdmi hypot\u00e9zami v r\u00e1mci v\u00fdvojov\u011b-srovn\u00e1vac\u00ed psychologie (Tomasello), evolu\u010dn\u00ed antropologie (Henrich) a kulturn\u00ed primatologie (de Waal); iii) nov\u00e9 stanoven\u00ed antropologick\u00e9 diference na \u00farovni dispozice pro za\u010dlen\u011bn\u00ed do kulturn\u011b-historick\u00e9ho prost\u0159ed\u00ed lidsk\u00e9 society. Jako z\u00e1kladn\u00ed teoretick\u00e1 platforma bude slou\u017eit propojov\u00e1n\u00ed ontogenetick\u00e9ho a fylogenetick\u00e9ho pohledu, kter\u00e9 je sou\u010d\u00e1st\u00ed \u0161ir\u0161\u00edho trendu ve v\u011bd\u00e1ch o \u017eiv\u00e9m (nap\u0159. roz\u0161\u00ed\u0159en\u00e1 evolu\u010dn\u00ed synt\u00e9za, biosemiotika).<\/p><\/div><\/div><\/div><!-- Progress steps --><section id=\"progress_steps\" class=\"progress_steps\"><div class=\"container\"><div class=\"row\"><div class=\"col-md-3 step\"><\/div><\/div><\/div><\/section><\/section>[\/vc_column][\/vc_row]<\/p>\n<\/section>","protected":false},"excerpt":{"rendered":"<p>[vc_row][vc_column][vc_empty_space height=&#8220;100px&#8220;][\/vc_column][\/vc_row][vc_row][vc_column][\/vc_column][\/vc_row]<\/p>\n","protected":false},"author":1,"featured_media":0,"parent":0,"menu_order":0,"comment_status":"open","ping_status":"open","template":"one-page-template.php","meta":{"footnotes":""},"class_list":["post-74","page","type-page","status-publish","hentry"],"_links":{"self":[{"href":"https:\/\/uni.uhk.cz\/jaros\/index.php?rest_route=\/wp\/v2\/pages\/74","targetHints":{"allow":["GET"]}}],"collection":[{"href":"https:\/\/uni.uhk.cz\/jaros\/index.php?rest_route=\/wp\/v2\/pages"}],"about":[{"href":"https:\/\/uni.uhk.cz\/jaros\/index.php?rest_route=\/wp\/v2\/types\/page"}],"author":[{"embeddable":true,"href":"https:\/\/uni.uhk.cz\/jaros\/index.php?rest_route=\/wp\/v2\/users\/1"}],"replies":[{"embeddable":true,"href":"https:\/\/uni.uhk.cz\/jaros\/index.php?rest_route=%2Fwp%2Fv2%2Fcomments&post=74"}],"version-history":[{"count":13,"href":"https:\/\/uni.uhk.cz\/jaros\/index.php?rest_route=\/wp\/v2\/pages\/74\/revisions"}],"predecessor-version":[{"id":361,"href":"https:\/\/uni.uhk.cz\/jaros\/index.php?rest_route=\/wp\/v2\/pages\/74\/revisions\/361"}],"wp:attachment":[{"href":"https:\/\/uni.uhk.cz\/jaros\/index.php?rest_route=%2Fwp%2Fv2%2Fmedia&parent=74"}],"curies":[{"name":"wp","href":"https:\/\/api.w.org\/{rel}","templated":true}]}}