{"id":471,"date":"2023-08-03T15:14:33","date_gmt":"2023-08-03T15:14:33","guid":{"rendered":"https:\/\/uni.uhk.cz\/jaros\/?page_id=471"},"modified":"2026-01-07T15:24:17","modified_gmt":"2026-01-07T15:24:17","slug":"project-outcomes","status":"publish","type":"page","link":"https:\/\/uni.uhk.cz\/jaros\/?page_id=471&lang=en","title":{"rendered":"Project outcomes"},"content":{"rendered":"<section class=\"wpb-content-wrapper\"><p>[vc_row][vc_column][vc_row_inner][vc_column_inner width=&#8220;1\/2&#8243;][vc_empty_space][vc_custom_heading text=&#8220;Conference talks&#8220; google_fonts=&#8220;font_family:Open%20Sans%3A300%2C300italic%2Cregular%2Citalic%2C600%2C600italic%2C700%2C700italic%2C800%2C800italic|font_style:700%20bold%20regular%3A700%3Anormal&#8220;][vc_column_text]JARO\u0160, F.: <b>Portmann, Philosophical Biology and Current Evolutionary Narratives. Philosophical Anthropology and Biology<\/b>, Hradec Kr\u00e1lov\u00e9, 11.9.2024.<span class=\"Apple-converted-space\">\u00a0<\/span><\/p>\n<p>PUDIL, M.: <strong>Deafblindness in the Interpretation of Phenomenologists \u2013 Phenomenology in the Interpretation of Deafblindness. The Many Worlds of Phenomenology: Umwelt \u2013 Mitwelt \u2013 Lebenswelt<\/strong>, Trnava, 4.9.2024.<\/p>\n<p>JARO\u0160, F.: <strong>Animal Cultures and\/or Anthropological Difference?<\/strong> Gatherings in Biosemiotics, Bloemfontein, 18.6.2024.<\/p>\n<p>JARO\u0160, F.: <b>Portmannova filosofick\u00e1 biologie a antropologie<\/b>. \u010ctvrte\u010dn\u00ed semin\u00e1\u0159 Centra teoretick\u00fdch studi\u00ed,\u00a0Praha, 4.4.2024.<\/p>\n<p>JARO\u0160, F.: <strong>Anthropological difference in the light of diverse evolutionary narratives<\/strong>. ISHPSSB, Toronto, 14.7.2023.<\/p>\n<p>KLOUDA, F.: <strong>Smysly jako v\u00fdrazov\u00e9 dimenze byt\u00ed-100 let od Plessnerova projektu \u201eesthesiologie ducha\u201c<\/strong>. Spole\u010dnost pro Estetiku (Czech Society for Aesthetics), Praha, 29.6.2023.<\/p>\n<p>JARO\u0160, F.: <strong>Fenom\u00e9n zv\u00ed\u0159ec\u00edch kultur &#8211; triumf nebo limita naturalismu. \u010clov\u011bk mezi filosofi\u00ed a antropologi\u00ed<\/strong>. Hradec Kr\u00e1lov\u00e9, 1. 6. 2023.<\/p>\n<p>PUDIL, M.: <strong>\u00daskal\u00ed sv\u011btatvorby. Sm\u00ed si \u010dlov\u011bk st\u011b\u017eovat na neosobn\u00ed sv\u011bt? \u010clov\u011bk mezi filosofi\u00ed a antropologi\u00ed<\/strong>. Hradec Kr\u00e1lov\u00e9, 1. 6. 2023.<\/p>\n<p>JARO\u0160, F., BRENTARI, C.: <strong>Organisms as subjects: Jakob von Uexk\u00fcll and Adolf Portmann on the autonomy of living beings and anthropological difference<\/strong>. Bio-Forschungskolloquium. Kassel, 2.5.2023.<\/p>\n<p>JARO\u0160, F.: <strong>Narativy antropologick\u00e9 diference \u2013 nikdy jsme nebyli naturalisty. P\u00e1te\u010dn\u00ed semin\u00e1\u0159 Katedry filosofie a d\u011bjin p\u0159\u00edrodn\u00edch v\u011bd<\/strong>. Praha, 24.2.2023.<\/p>\n<p style=\"font-weight: 400;\">JARO\u0160, F.: <strong>Human animality or Anthropological difference? Bio-Forschungskolloquium.<\/strong> Kassel, 18.11.2025.<\/p>\n<p style=\"font-weight: 400;\">JARO\u0160, F.: <strong>K mo\u017enostem jevov\u00e9 biologie. Lidsk\u00e9, mimolidsk\u00e9, nelidsk\u00e9<\/strong>. \u00dast\u00ed n. Labem, 9.10.2025.<\/p>\n<p style=\"font-weight: 400;\">JARO\u0160, F.: <strong>Ko\u010dky mezi p\u0159irozenost\u00ed a antropoc\u00e9nem.<\/strong>\u00a0Kr\u00e1sa, krajina, p\u0159\u00edroda X., Praha, 30.9.2025.<\/p>\n<p style=\"font-weight: 400;\">JARO\u0160, F.: <strong>Ko\u010dky mezi p\u0159irozenost\u00ed a lidskou kulturou.<\/strong> Letn\u00ed filosofick\u00e1 \u0161kola, Velk\u00e9 Losiny, 29.6.2025.<\/p>\n<p>[\/vc_column_text][\/vc_column_inner][vc_column_inner width=&#8220;1\/2&#8243;][vc_single_image image=&#8220;293&#8243; img_size=&#8220;full&#8220;][\/vc_column_inner][\/vc_row_inner][vc_row_inner][vc_column_inner width=&#8220;1\/2&#8243;][vc_empty_space][vc_custom_heading text=&#8220;Papers&#8220; google_fonts=&#8220;font_family:Open%20Sans%3A300%2C300italic%2Cregular%2Citalic%2C600%2C600italic%2C700%2C700italic%2C800%2C800italic|font_style:700%20bold%20regular%3A700%3Anormal&#8220;][vc_column_text]Jaro\u0161, F. Animal cultures: A triumph or pitfall of naturalism?. <em>Internationales Jahrbuch f\u00fcr philosophische Anthropologie<\/em>,\u00a0<em>12<\/em>(1), 185-206 (2022). <a href=\"https:\/\/doi.org\/10.1515\/jbpa-2022-0011\">https:\/\/doi.org\/10.1515\/jbpa-2022-0011<\/a><\/p>\n<p>Pudil, M. Man in Relation to the World: Umwelt\u2013Welt Transition. <i>Biosemiotics<\/i>\u00a017, 297\u2013317 (2024).<b> <\/b><a href=\"https:\/\/doi.org\/10.1007\/s12304-024-09571-0\"><b>https:\/\/doi.org\/10.1007\/s12304-024-09571-0<\/b><\/a><\/p>\n<p>Tajchmanov\u00e1, J., and M\u00e4ekivi, N. Exploring Domestic Cat Welfare: Gaps, Challenges, and the Role of Zoosemiotics in Feline Well\u2011Being. <em>Sign Systems Studies<\/em> 52, 185\u2013207 (2024). <a href=\"https:\/\/doi.org\/10.12697\/SSS.2024.52.1-2.07\"><strong>https:\/\/doi.org\/10.12697\/SSS.2024.52.1-2.07<\/strong><\/a><\/p>\n<p style=\"font-weight: 400;\">Marko\u0161, A., &amp; \u0160vorcov\u00e1, J. Of bubbles and foams: Umwelt counterpoints in symbiosis. <em>Sign Systems Studies<\/em>, <em>52<\/em>(3-4), 438\u2013456 (2024). <a href=\"https:\/\/doi.org\/10.12697\/SSS.2024.52.3-4.07\">https:\/\/doi.org\/10.12697\/SSS.2024.52.3-4.07<\/a><\/p>\n<p>Klouda, J. Historick\u00e1 esence a t\u011blesn\u00e1 materialita ve fenomenologii sexu\u00e1ln\u00ed diference: Frederik J. J. Buytendijk proti Simone de Beauvoir. <em data-start=\"635\" data-end=\"646\">Filozofia<\/em> 80, 344\u2013358 (2025). <strong><a href=\"https:\/\/doi.org\/10.31577\/filozofia.2025.80.3.6\">https:\/\/doi.org\/10.31577\/filozofia.2025.80.3.6<\/a><\/strong><\/p>\n<p style=\"font-weight: 400;\">Jaro\u0161, F. Agency Within and Beyond Biosemiotics. <em>Biosemiotics<\/em> <strong>18<\/strong>, 397\u2013402 (2025). <a href=\"https:\/\/doi.org\/10.1007\/s12304-025-09620-2\">https:\/\/doi.org\/10.1007\/s12304-025-09620-2<\/a><\/p>\n<p style=\"font-weight: 400;\">Kore\u0148, L. Human Normative Nature. Some Critical Thoughts on Peregrin`s Normative Species. <em>Philosophia<\/em> (2025). <a href=\"https:\/\/doi.org\/10.1007\/s11406-025-00918-6\">https:\/\/doi.org\/10.1007\/s11406-025-00918-6<\/a><\/p>\n<p style=\"font-weight: 400;\">Jan\u00e1k, D. Intuitive Interspecies Communicators Relatively Frequently Give Socially Valid, Nondeducible, and Specific, Even if Unsystematic, Information. <em>Society &amp; Animals <\/em>(2025). <a href=\"https:\/\/doi.org\/10.1163\/15685306-bja10260\">https:\/\/doi.org\/10.1163\/15685306-bja10260<\/a><\/p>\n<p style=\"font-weight: 400;\">K\u00f6chy, K.\u00a0 \u201eMitten in die zentralen Probleme hinein\u201c \u2013 zur strukturellen Bedeutung der ph\u00e4nomenologischen Tierpsychologie f\u00fcr Plessners <em>Stufen des Organischen <\/em><em>Ph\u00e4nomenologische Forschungen 2025, Band 1. doi: 10.28937\/9783787350339_3<\/em><\/p>\n<p style=\"font-weight: 400;\">Hub\u00e1lek, M., &amp; Kowalewski Jahromi, P. Naturalizing the Past(s): Three Rothian Steps Toward a Future Philosophy of History. <em>Journal of the Philosophy of History<\/em>,\u00a0<em>19<\/em>(3), 319-344 (2025).<strong>\u00a0<\/strong><a href=\"https:\/\/doi.org\/10.1163\/18722636-12341568\"><strong>https:\/\/doi.org\/10.1163\/18722636-12341568<\/strong><\/a><\/p>\n<p>Hub\u00e1lek, M. Understanding Naturalism With Quine From Within Science and History. \u00a0<em data-start=\"207\" data-end=\"257\">Journal for the History of Analytical Philosophy,<\/em> 14(3), 1\u201327 (2025). <a class=\"decorated-link cursor-pointer\" target=\"_new\" rel=\"noopener\" data-start=\"280\" data-end=\"320\">https:\/\/doi.org\/10.15173\/jhap.v14i3.5908<\/a>.[\/vc_column_text][\/vc_column_inner][vc_column_inner width=&#8220;1\/2&#8243;][\/vc_column_inner][\/vc_row_inner][\/vc_column][\/vc_row][vc_row][vc_column][vc_empty_space height=&#8220;100px&#8220;][\/vc_column][\/vc_row]<\/p>\n<\/section>","protected":false},"excerpt":{"rendered":"<p>[vc_row][vc_column][vc_row_inner][vc_column_inner width=&#8220;1\/2&#8243;][vc_empty_space][vc_custom_heading text=&#8220;Conference talks&#8220; google_fonts=&#8220;font_family:Open%20Sans%3A300%2C300italic%2Cregular%2Citalic%2C600%2C600italic%2C700%2C700italic%2C800%2C800italic|font_style:700%20bold%20regular%3A700%3Anormal&#8220;][vc_column_text]JARO\u0160, F.: Portmann, Philosophical Biology and Current Evolutionary Narratives. Philosophical Anthropology and Biology, Hradec Kr\u00e1lov\u00e9, 11.9.2024.\u00a0 PUDIL, M.: Deafblindness in the Interpretation of Phenomenologists \u2013 Phenomenology in the Interpretation of Deafblindness. The Many Worlds of Phenomenology: Umwelt \u2013 Mitwelt \u2013 Lebenswelt, Trnava, 4.9.2024. JARO\u0160, F.: Animal Cultures and\/or Anthropological Difference? Gatherings [&hellip;]<\/p>\n","protected":false},"author":1,"featured_media":0,"parent":0,"menu_order":0,"comment_status":"closed","ping_status":"closed","template":"fullwidth-page.php","meta":{"footnotes":""},"class_list":["post-471","page","type-page","status-publish","hentry"],"_links":{"self":[{"href":"https:\/\/uni.uhk.cz\/jaros\/index.php?rest_route=\/wp\/v2\/pages\/471","targetHints":{"allow":["GET"]}}],"collection":[{"href":"https:\/\/uni.uhk.cz\/jaros\/index.php?rest_route=\/wp\/v2\/pages"}],"about":[{"href":"https:\/\/uni.uhk.cz\/jaros\/index.php?rest_route=\/wp\/v2\/types\/page"}],"author":[{"embeddable":true,"href":"https:\/\/uni.uhk.cz\/jaros\/index.php?rest_route=\/wp\/v2\/users\/1"}],"replies":[{"embeddable":true,"href":"https:\/\/uni.uhk.cz\/jaros\/index.php?rest_route=%2Fwp%2Fv2%2Fcomments&post=471"}],"version-history":[{"count":20,"href":"https:\/\/uni.uhk.cz\/jaros\/index.php?rest_route=\/wp\/v2\/pages\/471\/revisions"}],"predecessor-version":[{"id":619,"href":"https:\/\/uni.uhk.cz\/jaros\/index.php?rest_route=\/wp\/v2\/pages\/471\/revisions\/619"}],"wp:attachment":[{"href":"https:\/\/uni.uhk.cz\/jaros\/index.php?rest_route=%2Fwp%2Fv2%2Fmedia&parent=471"}],"curies":[{"name":"wp","href":"https:\/\/api.w.org\/{rel}","templated":true}]}}