{"id":93,"date":"2019-10-19T11:07:19","date_gmt":"2019-10-19T09:07:19","guid":{"rendered":"http:\/\/uni.uhk.cz\/ffreeindex\/?page_id=93"},"modified":"2025-11-18T15:05:00","modified_gmt":"2025-11-18T14:05:00","slug":"ffree-index","status":"publish","type":"page","link":"https:\/\/uni.uhk.cz\/ffreeindex\/?page_id=93","title":{"rendered":"FFree index FF UHK"},"content":{"rendered":"\n<p>FFree index je unik\u00e1tn\u00ed projekt Filozofick\u00e9 fakulty Univerzity Hradec Kr\u00e1lov\u00e9, do n\u011bho\u017e se m\u016f\u017ee zapojit ka\u017ed\u00fd, kdo na n\u00ed chce studovat jeden z&nbsp;<a href=\"https:\/\/www.uhk.cz\/cs\/filozoficka-fakulta\/prijimaci-zkousky\/studijni-programy\/bakalarske\" target=\"_blank\" rel=\"noreferrer noopener\">bakal\u00e1\u0159sk\u00fdch program\u016f<\/a>. <\/p>\n\n\n\n<p><strong>O&nbsp;co jde? <\/strong><\/p>\n\n\n\n<p>Uchaze\u010di se nejd\u0159\u00edve zaregistruj\u00ed a pot\u00e9 sb\u00edraj\u00ed kredity za n\u00e1v\u0161t\u011bvy nejr\u016fzn\u011bj\u0161\u00edch p\u0159edn\u00e1\u0161ek a jin\u00fdch vzd\u011bl\u00e1vac\u00edch akc\u00ed fakulty v pr\u016fb\u011bhu akademick\u00e9ho roku. Po uplynut\u00ed term\u00ednu, do kter\u00e9ho je mo\u017en\u00e9 body sb\u00edrat, se nasb\u00edran\u00e9 kredity p\u0159epo\u010d\u00edtaj\u00ed na body k p\u0159ij\u00edma\u010dk\u00e1m. Maximum, kter\u00e9 mohou uchaze\u010di d\u00edky FFree indexu z\u00edskat, je 10 bod\u016f.<\/p>\n\n\n\n<p><strong>Jak na to?<\/strong><\/p>\n\n\n\n<p>Zaregistrujte se na <a href=\"http:\/\/www.uhk.cz\/ffreeindex\" target=\"_blank\" rel=\"noreferrer noopener\">www.uhk.cz\/ffreeindex<\/a> a sledujte Kalend\u00e1\u0159 akc\u00ed. Na vybranou akci se p\u0159ihlaste \u2013 zarezervujte si m\u00edsto. \u00da\u010dast na p\u0159edn\u00e1\u0161ce, kde se mus\u00edte podepsat do prezen\u010dn\u00ed listiny, n\u00e1sledn\u011b odm\u011bn\u00edme kreditem do va\u0161eho \u201cvysoko\u0161kolsk\u00e9ho\u201d FFree indexu a zisk kredit\u016f ocen\u00edme bodov\u00fdm bonusem p\u0159i p\u0159ij\u00edmac\u00edch zkou\u0161k\u00e1ch! V p\u0159\u00edpad\u011b online p\u0159edn\u00e1\u0161ek je nutn\u00e9 do dvou hodin od ukon\u010den\u00ed p\u0159edn\u00e1\u0161ky zaslat na e-mail <a href=\"mailto:akce.ff@uhk.cz\">akce.ff@uhk.cz<\/a> anotaci v rozsahu <strong>minim\u00e1ln\u011b<\/strong> 200 slov. V anotaci je nutno shrnout obsah p\u0159edn\u00e1\u0161ky. <\/p>\n\n\n\n<p><a href=\"https:\/\/www.uhk.cz\/cs\/filozoficka-fakulta\/ff\/aktualne\/vyhodnoceni-ffree-indexu-pro-uchazece-o-studium\" target=\"_blank\" rel=\"noreferrer noopener\">P<\/a><a href=\"https:\/\/www.uhk.cz\/cs\/filozoficka-fakulta\/ff\/aktualne\/vyhodnoceni-ffree-indexu-2023-2024-pro-uchazece-o-studium\" target=\"_blank\" rel=\"noreferrer noopener\">od\u00edvejte se<\/a>, kolik bod\u016f z\u00edskali uchaze\u010di o studium v minul\u00fdch letech.<\/p>\n\n\n\n<p><strong>Pravidla FFree indexu<\/strong><\/p>\n\n\n\n<p>P\u0159ij\u00edmac\u00ed \u0159\u00edzen\u00ed je hodnoceno body. Maxim\u00e1ln\u00ed po\u010det bod\u016f, kter\u00e9 uchaze\u010d m\u016f\u017ee v&nbsp;r\u00e1mci p\u0159ij\u00edmac\u00edho \u0159\u00edzen\u00ed z\u00edskat, je 100. Z&nbsp;toho maxim\u00e1ln\u011b 90 bod\u016f lze z\u00edskat z&nbsp;p\u0159ij\u00edmac\u00ed zkou\u0161ky, jej\u00ed\u017e podoba je definov\u00e1na pro jednotliv\u00e9 bakal\u00e1\u0159sk\u00e9 studijn\u00ed programy, dal\u0161\u00edch max.10 bod\u016f za participaci na fakultn\u00edch aktivit\u00e1ch v&nbsp;r\u00e1mci FFree indexu.<\/p>\n\n\n\n<p>Body v&nbsp;r\u00e1mci FFree indexu z\u00edsk\u00e1 pouze uchaze\u010d, kter\u00fd se do FFree indexu \u0159\u00e1dn\u011b zaregistruje prost\u0159ednictv\u00edm webov\u00e9ho port\u00e1lu <a href=\"http:\/\/www.uhk.cz\/ffreeindex\">www.uhk.cz\/ffreeindex<\/a>. M\u016f\u017eete se registrovat i p\u0159ed pod\u00e1n\u00edm p\u0159ihl\u00e1\u0161ky na FF UHK. Je ale nutn\u00e9 se registrovat pod e-mailem, kter\u00fd budete n\u00e1sledn\u011b uv\u00e1d\u011bt p\u0159i vypl\u0148ov\u00e1n\u00ed p\u0159ihl\u00e1\u0161ky ke studiu z d\u016fvodu mo\u017en\u00e9 shody jmen a z\u00e1m\u011bny bod\u016f k p\u0159ij\u00edmac\u00edm zkou\u0161k\u00e1m.<\/p>\n\n\n\n<p>Kredity se uchaze\u010di ud\u011bluj\u00ed za \u00fa\u010dast na akc\u00edch v obdob\u00ed, v\u00a0n\u011bm\u017e byl v\u00a0r\u00e1mci FFree indexu 2025\/2026 zaregistrov\u00e1n. Zohledn\u011bny budou kredity z\u00edskan\u00e9 do 4. kv\u011btna 2026.<\/p>\n\n\n\n<p>Po\u010det bod\u016f p\u0159id\u011blen\u00fdch uchaze\u010di pro p\u0159ij\u00edmac\u00ed \u0159\u00edzen\u00ed se bude odv\u00edjet od po\u010dtu z\u00edskan\u00fdch kredit\u016f v&nbsp;r\u00e1mci FFree indexu dle p\u0159evodn\u00ed \u0161k\u00e1ly odvozen\u00e9 od maxim\u00e1ln\u00edho po\u010dtu kredit\u016f.<\/p>\n\n\n\n<p>Uchaze\u010d s&nbsp;maxim\u00e1ln\u00edm po\u010dtem nasb\u00edran\u00fdch kredit\u016f z\u00edsk\u00e1v\u00e1 z&nbsp;FFree indexu 10 bod\u016f. Uchaze\u010d, kter\u00fd z\u00edskal alespo\u0148 jeden kredit, z\u00edsk\u00e1v\u00e1 1 bod. Dal\u0161\u00ed body jsou rozpo\u010d\u00edt\u00e1ny dle rozlo\u017een\u00ed kreditov\u00fdch zisk\u016f uchaze\u010d\u016f.<\/p>\n\n\n\n<p>Informace k&nbsp;FFree indexu jsou k&nbsp;dispozici na webov\u00e9 str\u00e1nce <a href=\"http:\/\/www.uhk.cz\/ffreeindex\">www.uhk.cz\/ffreeindex<\/a>, kde budou v&nbsp;kalend\u00e1\u0159i akc\u00ed pr\u016fb\u011b\u017en\u011b zve\u0159ej\u0148ov\u00e1ny ve\u0161ker\u00e9 aktivity, je\u017e jsou do FFree indexu zahrnuty.<\/p>\n\n\n\n<p>Body za FFree index budou p\u0159ipo\u010dteny pouze uchaze\u010d\u016fm, kte\u0159\u00ed se dostav\u00ed na p\u0159ij\u00edmac\u00ed zkou\u0161ku, a&nbsp;uchaze\u010d\u016fm, kter\u00fdm bude p\u0159ij\u00edmac\u00ed zkou\u0161ka prominuta (je-li tato mo\u017enost u dan\u00e9ho studijn\u00edho programu a uchaze\u010d spln\u00ed podm\u00ednky pro prominut\u00ed).<\/p>\n\n\n\n<p>Uchaze\u010di, kte\u0159\u00ed se na p\u0159ij\u00edmac\u00ed zkou\u0161ku nedostav\u00ed (a nebyla jim prominuta), budou vyhodnoceni jako absentuj\u00edc\u00ed a&nbsp;nez\u00edskaj\u00ed v&nbsp;r\u00e1mci p\u0159ij\u00edmac\u00edho \u0159\u00edzen\u00ed ani body za FFree index.<\/p>\n\n\n\n<p><\/p>\n","protected":false},"excerpt":{"rendered":"<p>FFree index je unik\u00e1tn\u00ed projekt Filozofick\u00e9 fakulty Univerzity Hradec Kr\u00e1lov\u00e9, do n\u011bho\u017e se m\u016f\u017ee zapojit ka\u017ed\u00fd, kdo na n\u00ed chce studovat jeden z&nbsp;bakal\u00e1\u0159sk\u00fdch program\u016f. O&nbsp;co jde? Uchaze\u010di se nejd\u0159\u00edve zaregistruj\u00ed a pot\u00e9 sb\u00edraj\u00ed kredity za n\u00e1v\u0161t\u011bvy nejr\u016fzn\u011bj\u0161\u00edch p\u0159edn\u00e1\u0161ek a jin\u00fdch vzd\u011bl\u00e1vac\u00edch akc\u00ed fakulty v pr\u016fb\u011bhu akademick\u00e9ho roku. Po uplynut\u00ed term\u00ednu,<span class=\"more-link\"><a href=\"https:\/\/uni.uhk.cz\/ffreeindex\/?page_id=93\">v\u00edce<\/a><\/span><\/p>\n","protected":false},"author":1,"featured_media":0,"parent":0,"menu_order":0,"comment_status":"closed","ping_status":"closed","template":"","meta":{"footnotes":""},"class_list":["entry","author-kravcst1","post-93","page","type-page","status-publish"],"yoast_head":"<!-- This site is optimized with the Yoast SEO plugin v26.8 - https:\/\/yoast.com\/product\/yoast-seo-wordpress\/ -->\n<title>FFree index FF UHK<\/title>\n<meta name=\"description\" content=\"FFree index je unik\u00e1tn\u00ed projekt Filozofick\u00e9 fakulty Univerzity Hradec Kr\u00e1lov\u00e9, do n\u011bho\u017e se m\u016f\u017ee zapojit ka\u017ed\u00fd, kdo na n\u00ed chce studovat jeden z\u00a0bakal\u00e1\u0159sk\u00fdch program\u016f.\" \/>\n<meta name=\"robots\" content=\"index, follow, max-snippet:-1, max-image-preview:large, max-video-preview:-1\" \/>\n<link rel=\"canonical\" href=\"https:\/\/uni.uhk.cz\/ffreeindex\/?page_id=93\" \/>\n<meta property=\"og:locale\" content=\"cs_CZ\" \/>\n<meta property=\"og:type\" content=\"article\" \/>\n<meta property=\"og:title\" content=\"FFree index FF UHK\" \/>\n<meta property=\"og:description\" content=\"FFree index je unik\u00e1tn\u00ed projekt Filozofick\u00e9 fakulty Univerzity Hradec Kr\u00e1lov\u00e9, do n\u011bho\u017e se m\u016f\u017ee zapojit ka\u017ed\u00fd, kdo na n\u00ed chce studovat jeden z\u00a0bakal\u00e1\u0159sk\u00fdch program\u016f.\" \/>\n<meta property=\"og:url\" content=\"https:\/\/uni.uhk.cz\/ffreeindex\/?page_id=93\" \/>\n<meta property=\"og:site_name\" content=\"FFree index\" \/>\n<meta property=\"article:modified_time\" content=\"2025-11-18T14:05:00+00:00\" \/>\n<meta name=\"twitter:card\" content=\"summary_large_image\" \/>\n<meta name=\"twitter:label1\" content=\"Odhadovan\u00e1 doba \u010dten\u00ed\" \/>\n\t<meta name=\"twitter:data1\" content=\"3 minuty\" \/>\n<script type=\"application\/ld+json\" class=\"yoast-schema-graph\">{\"@context\":\"https:\/\/schema.org\",\"@graph\":[{\"@type\":\"WebPage\",\"@id\":\"https:\/\/uni.uhk.cz\/ffreeindex\/?page_id=93\",\"url\":\"https:\/\/uni.uhk.cz\/ffreeindex\/?page_id=93\",\"name\":\"FFree index FF UHK\",\"isPartOf\":{\"@id\":\"https:\/\/uni.uhk.cz\/ffreeindex\/#website\"},\"datePublished\":\"2019-10-19T09:07:19+00:00\",\"dateModified\":\"2025-11-18T14:05:00+00:00\",\"description\":\"FFree index je unik\u00e1tn\u00ed projekt Filozofick\u00e9 fakulty Univerzity Hradec Kr\u00e1lov\u00e9, do n\u011bho\u017e se m\u016f\u017ee zapojit ka\u017ed\u00fd, kdo na n\u00ed chce studovat jeden z\u00a0bakal\u00e1\u0159sk\u00fdch program\u016f.\",\"breadcrumb\":{\"@id\":\"https:\/\/uni.uhk.cz\/ffreeindex\/?page_id=93#breadcrumb\"},\"inLanguage\":\"cs\",\"potentialAction\":[{\"@type\":\"ReadAction\",\"target\":[\"https:\/\/uni.uhk.cz\/ffreeindex\/?page_id=93\"]}]},{\"@type\":\"BreadcrumbList\",\"@id\":\"https:\/\/uni.uhk.cz\/ffreeindex\/?page_id=93#breadcrumb\",\"itemListElement\":[{\"@type\":\"ListItem\",\"position\":1,\"name\":\"Dom\u016f\",\"item\":\"https:\/\/uni.uhk.cz\/ffreeindex\/\"},{\"@type\":\"ListItem\",\"position\":2,\"name\":\"FFree index FF UHK\"}]},{\"@type\":\"WebSite\",\"@id\":\"https:\/\/uni.uhk.cz\/ffreeindex\/#website\",\"url\":\"https:\/\/uni.uhk.cz\/ffreeindex\/\",\"name\":\"FFree index\",\"description\":\"\",\"publisher\":{\"@id\":\"https:\/\/uni.uhk.cz\/ffreeindex\/#organization\"},\"potentialAction\":[{\"@type\":\"SearchAction\",\"target\":{\"@type\":\"EntryPoint\",\"urlTemplate\":\"https:\/\/uni.uhk.cz\/ffreeindex\/?s={search_term_string}\"},\"query-input\":{\"@type\":\"PropertyValueSpecification\",\"valueRequired\":true,\"valueName\":\"search_term_string\"}}],\"inLanguage\":\"cs\"},{\"@type\":\"Organization\",\"@id\":\"https:\/\/uni.uhk.cz\/ffreeindex\/#organization\",\"name\":\"Filozofick\u00e1 fakulta UHK\",\"url\":\"https:\/\/uni.uhk.cz\/ffreeindex\/\",\"logo\":{\"@type\":\"ImageObject\",\"inLanguage\":\"cs\",\"@id\":\"https:\/\/uni.uhk.cz\/ffreeindex\/#\/schema\/logo\/image\/\",\"url\":\"https:\/\/uni.uhk.cz\/ffreeindex\/wp-content\/uploads\/2021\/08\/logo_online.png\",\"contentUrl\":\"https:\/\/uni.uhk.cz\/ffreeindex\/wp-content\/uploads\/2021\/08\/logo_online.png\",\"width\":2589,\"height\":156,\"caption\":\"Filozofick\u00e1 fakulta UHK\"},\"image\":{\"@id\":\"https:\/\/uni.uhk.cz\/ffreeindex\/#\/schema\/logo\/image\/\"}}]}<\/script>\n<!-- \/ Yoast SEO plugin. -->","yoast_head_json":{"title":"FFree index FF UHK","description":"FFree index je unik\u00e1tn\u00ed projekt Filozofick\u00e9 fakulty Univerzity Hradec Kr\u00e1lov\u00e9, do n\u011bho\u017e se m\u016f\u017ee zapojit ka\u017ed\u00fd, kdo na n\u00ed chce studovat jeden z\u00a0bakal\u00e1\u0159sk\u00fdch program\u016f.","robots":{"index":"index","follow":"follow","max-snippet":"max-snippet:-1","max-image-preview":"max-image-preview:large","max-video-preview":"max-video-preview:-1"},"canonical":"https:\/\/uni.uhk.cz\/ffreeindex\/?page_id=93","og_locale":"cs_CZ","og_type":"article","og_title":"FFree index FF UHK","og_description":"FFree index je unik\u00e1tn\u00ed projekt Filozofick\u00e9 fakulty Univerzity Hradec Kr\u00e1lov\u00e9, do n\u011bho\u017e se m\u016f\u017ee zapojit ka\u017ed\u00fd, kdo na n\u00ed chce studovat jeden z\u00a0bakal\u00e1\u0159sk\u00fdch program\u016f.","og_url":"https:\/\/uni.uhk.cz\/ffreeindex\/?page_id=93","og_site_name":"FFree index","article_modified_time":"2025-11-18T14:05:00+00:00","twitter_card":"summary_large_image","twitter_misc":{"Odhadovan\u00e1 doba \u010dten\u00ed":"3 minuty"},"schema":{"@context":"https:\/\/schema.org","@graph":[{"@type":"WebPage","@id":"https:\/\/uni.uhk.cz\/ffreeindex\/?page_id=93","url":"https:\/\/uni.uhk.cz\/ffreeindex\/?page_id=93","name":"FFree index FF UHK","isPartOf":{"@id":"https:\/\/uni.uhk.cz\/ffreeindex\/#website"},"datePublished":"2019-10-19T09:07:19+00:00","dateModified":"2025-11-18T14:05:00+00:00","description":"FFree index je unik\u00e1tn\u00ed projekt Filozofick\u00e9 fakulty Univerzity Hradec Kr\u00e1lov\u00e9, do n\u011bho\u017e se m\u016f\u017ee zapojit ka\u017ed\u00fd, kdo na n\u00ed chce studovat jeden z\u00a0bakal\u00e1\u0159sk\u00fdch program\u016f.","breadcrumb":{"@id":"https:\/\/uni.uhk.cz\/ffreeindex\/?page_id=93#breadcrumb"},"inLanguage":"cs","potentialAction":[{"@type":"ReadAction","target":["https:\/\/uni.uhk.cz\/ffreeindex\/?page_id=93"]}]},{"@type":"BreadcrumbList","@id":"https:\/\/uni.uhk.cz\/ffreeindex\/?page_id=93#breadcrumb","itemListElement":[{"@type":"ListItem","position":1,"name":"Dom\u016f","item":"https:\/\/uni.uhk.cz\/ffreeindex\/"},{"@type":"ListItem","position":2,"name":"FFree index FF UHK"}]},{"@type":"WebSite","@id":"https:\/\/uni.uhk.cz\/ffreeindex\/#website","url":"https:\/\/uni.uhk.cz\/ffreeindex\/","name":"FFree index","description":"","publisher":{"@id":"https:\/\/uni.uhk.cz\/ffreeindex\/#organization"},"potentialAction":[{"@type":"SearchAction","target":{"@type":"EntryPoint","urlTemplate":"https:\/\/uni.uhk.cz\/ffreeindex\/?s={search_term_string}"},"query-input":{"@type":"PropertyValueSpecification","valueRequired":true,"valueName":"search_term_string"}}],"inLanguage":"cs"},{"@type":"Organization","@id":"https:\/\/uni.uhk.cz\/ffreeindex\/#organization","name":"Filozofick\u00e1 fakulta UHK","url":"https:\/\/uni.uhk.cz\/ffreeindex\/","logo":{"@type":"ImageObject","inLanguage":"cs","@id":"https:\/\/uni.uhk.cz\/ffreeindex\/#\/schema\/logo\/image\/","url":"https:\/\/uni.uhk.cz\/ffreeindex\/wp-content\/uploads\/2021\/08\/logo_online.png","contentUrl":"https:\/\/uni.uhk.cz\/ffreeindex\/wp-content\/uploads\/2021\/08\/logo_online.png","width":2589,"height":156,"caption":"Filozofick\u00e1 fakulta UHK"},"image":{"@id":"https:\/\/uni.uhk.cz\/ffreeindex\/#\/schema\/logo\/image\/"}}]}},"_links":{"self":[{"href":"https:\/\/uni.uhk.cz\/ffreeindex\/index.php?rest_route=\/wp\/v2\/pages\/93","targetHints":{"allow":["GET"]}}],"collection":[{"href":"https:\/\/uni.uhk.cz\/ffreeindex\/index.php?rest_route=\/wp\/v2\/pages"}],"about":[{"href":"https:\/\/uni.uhk.cz\/ffreeindex\/index.php?rest_route=\/wp\/v2\/types\/page"}],"author":[{"embeddable":true,"href":"https:\/\/uni.uhk.cz\/ffreeindex\/index.php?rest_route=\/wp\/v2\/users\/1"}],"replies":[{"embeddable":true,"href":"https:\/\/uni.uhk.cz\/ffreeindex\/index.php?rest_route=%2Fwp%2Fv2%2Fcomments&post=93"}],"version-history":[{"count":5,"href":"https:\/\/uni.uhk.cz\/ffreeindex\/index.php?rest_route=\/wp\/v2\/pages\/93\/revisions"}],"predecessor-version":[{"id":1389,"href":"https:\/\/uni.uhk.cz\/ffreeindex\/index.php?rest_route=\/wp\/v2\/pages\/93\/revisions\/1389"}],"wp:attachment":[{"href":"https:\/\/uni.uhk.cz\/ffreeindex\/index.php?rest_route=%2Fwp%2Fv2%2Fmedia&parent=93"}],"curies":[{"name":"wp","href":"https:\/\/api.w.org\/{rel}","templated":true}]}}