{"id":206,"date":"2019-10-31T10:30:49","date_gmt":"2019-10-31T09:30:49","guid":{"rendered":"http:\/\/uni.uhk.cz\/ffreeindex\/?page_id=206"},"modified":"2023-11-27T13:24:26","modified_gmt":"2023-11-27T12:24:26","slug":"kontakty","status":"publish","type":"page","link":"https:\/\/uni.uhk.cz\/ffreeindex\/?page_id=206","title":{"rendered":"Kontakty"},"content":{"rendered":"\n<p>Karol\u00edna \u010c\u00ed\u017ekov\u00e1<br>Odd\u011blen\u00ed zahrani\u010dn\u00edch a vn\u011bj\u0161\u00edch vztah\u016f<br>FF UHK<br>t \/ +420 493 332 002<br>m \/ +420 735 702 312<br>e \/ karolina.cizkova@uhk.cz<\/p>\n\n\n\n<ul class=\"wp-block-list\"><li>Studijn\u00ed odd\u011blen\u00ed:  +493 331 220-22 <\/li><\/ul>\n\n\n\n<iframe src=\"https:\/\/www.google.com\/maps\/embed?pb=!1m18!1m12!1m3!1d1276.6886064158862!2d15.827329113491828!3d50.21017112500999!2m3!1f0!2f0!3f0!3m2!1i1024!2i768!4f13.1!3m3!1m2!1s0x470c2b2e29c4abcd%3A0x110cfbec35c7b1cc!2sUniverzita%20Hradec%20Kr%C3%A1lov%C3%A9%20%E2%80%93%20budova%20B!5e0!3m2!1scs!2scz!4v1658229954558!5m2!1scs!2scz\" width=\"600\" height=\"450\" style=\"border:0;\" allowfullscreen=\"\" loading=\"lazy\" referrerpolicy=\"no-referrer-when-downgrade\"><\/iframe>\n","protected":false},"excerpt":{"rendered":"<p>Karol\u00edna \u010c\u00ed\u017ekov\u00e1Odd\u011blen\u00ed zahrani\u010dn\u00edch a vn\u011bj\u0161\u00edch vztah\u016fFF UHKt \/ +420 493 332 002m \/ +420 735 702 312e \/ karolina.cizkova@uhk.cz Studijn\u00ed odd\u011blen\u00ed: +493 331 220-22<span class=\"more-link\"><a href=\"https:\/\/uni.uhk.cz\/ffreeindex\/?page_id=206\">v\u00edce<\/a><\/span><\/p>\n","protected":false},"author":1,"featured_media":0,"parent":0,"menu_order":0,"comment_status":"closed","ping_status":"closed","template":"","meta":{"footnotes":""},"class_list":["entry","author-kravcst1","post-206","page","type-page","status-publish"],"yoast_head":"<!-- This site is optimized with the Yoast SEO plugin v26.8 - https:\/\/yoast.com\/product\/yoast-seo-wordpress\/ -->\n<title>Kontakty - FFree index<\/title>\n<meta name=\"description\" content=\"Ofici\u00e1ln\u00ed str\u00e1nka FFree indexu - unik\u00e1tn\u00edho projektu Filozofick\u00e9 fakulty Univerzity Hradec Kr\u00e1lov\u00e9\" \/>\n<meta name=\"robots\" content=\"noindex, follow\" \/>\n<meta property=\"og:locale\" content=\"cs_CZ\" \/>\n<meta property=\"og:type\" content=\"article\" \/>\n<meta property=\"og:title\" content=\"Kontakty - FFree index\" \/>\n<meta property=\"og:description\" content=\"Ofici\u00e1ln\u00ed str\u00e1nka FFree indexu - unik\u00e1tn\u00edho projektu Filozofick\u00e9 fakulty Univerzity Hradec Kr\u00e1lov\u00e9\" \/>\n<meta property=\"og:url\" content=\"https:\/\/uni.uhk.cz\/ffreeindex\/?page_id=206\" \/>\n<meta property=\"og:site_name\" content=\"FFree index\" \/>\n<meta property=\"article:modified_time\" content=\"2023-11-27T12:24:26+00:00\" \/>\n<meta name=\"twitter:card\" content=\"summary_large_image\" \/>\n<meta name=\"twitter:label1\" content=\"Odhadovan\u00e1 doba \u010dten\u00ed\" \/>\n\t<meta name=\"twitter:data1\" content=\"1 minuta\" \/>\n<script type=\"application\/ld+json\" class=\"yoast-schema-graph\">{\"@context\":\"https:\/\/schema.org\",\"@graph\":[{\"@type\":\"WebPage\",\"@id\":\"https:\/\/uni.uhk.cz\/ffreeindex\/?page_id=206\",\"url\":\"https:\/\/uni.uhk.cz\/ffreeindex\/?page_id=206\",\"name\":\"Kontakty - FFree index\",\"isPartOf\":{\"@id\":\"https:\/\/uni.uhk.cz\/ffreeindex\/#website\"},\"datePublished\":\"2019-10-31T09:30:49+00:00\",\"dateModified\":\"2023-11-27T12:24:26+00:00\",\"description\":\"Ofici\u00e1ln\u00ed str\u00e1nka FFree indexu - unik\u00e1tn\u00edho projektu Filozofick\u00e9 fakulty Univerzity Hradec Kr\u00e1lov\u00e9\",\"breadcrumb\":{\"@id\":\"https:\/\/uni.uhk.cz\/ffreeindex\/?page_id=206#breadcrumb\"},\"inLanguage\":\"cs\",\"potentialAction\":[{\"@type\":\"ReadAction\",\"target\":[\"https:\/\/uni.uhk.cz\/ffreeindex\/?page_id=206\"]}]},{\"@type\":\"BreadcrumbList\",\"@id\":\"https:\/\/uni.uhk.cz\/ffreeindex\/?page_id=206#breadcrumb\",\"itemListElement\":[{\"@type\":\"ListItem\",\"position\":1,\"name\":\"Dom\u016f\",\"item\":\"https:\/\/uni.uhk.cz\/ffreeindex\/\"},{\"@type\":\"ListItem\",\"position\":2,\"name\":\"Kontakty\"}]},{\"@type\":\"WebSite\",\"@id\":\"https:\/\/uni.uhk.cz\/ffreeindex\/#website\",\"url\":\"https:\/\/uni.uhk.cz\/ffreeindex\/\",\"name\":\"FFree index\",\"description\":\"\",\"publisher\":{\"@id\":\"https:\/\/uni.uhk.cz\/ffreeindex\/#organization\"},\"potentialAction\":[{\"@type\":\"SearchAction\",\"target\":{\"@type\":\"EntryPoint\",\"urlTemplate\":\"https:\/\/uni.uhk.cz\/ffreeindex\/?s={search_term_string}\"},\"query-input\":{\"@type\":\"PropertyValueSpecification\",\"valueRequired\":true,\"valueName\":\"search_term_string\"}}],\"inLanguage\":\"cs\"},{\"@type\":\"Organization\",\"@id\":\"https:\/\/uni.uhk.cz\/ffreeindex\/#organization\",\"name\":\"Filozofick\u00e1 fakulta UHK\",\"url\":\"https:\/\/uni.uhk.cz\/ffreeindex\/\",\"logo\":{\"@type\":\"ImageObject\",\"inLanguage\":\"cs\",\"@id\":\"https:\/\/uni.uhk.cz\/ffreeindex\/#\/schema\/logo\/image\/\",\"url\":\"https:\/\/uni.uhk.cz\/ffreeindex\/wp-content\/uploads\/2021\/08\/logo_online.png\",\"contentUrl\":\"https:\/\/uni.uhk.cz\/ffreeindex\/wp-content\/uploads\/2021\/08\/logo_online.png\",\"width\":2589,\"height\":156,\"caption\":\"Filozofick\u00e1 fakulta UHK\"},\"image\":{\"@id\":\"https:\/\/uni.uhk.cz\/ffreeindex\/#\/schema\/logo\/image\/\"}}]}<\/script>\n<!-- \/ Yoast SEO plugin. -->","yoast_head_json":{"title":"Kontakty - FFree index","description":"Ofici\u00e1ln\u00ed str\u00e1nka FFree indexu - unik\u00e1tn\u00edho projektu Filozofick\u00e9 fakulty Univerzity Hradec Kr\u00e1lov\u00e9","robots":{"index":"noindex","follow":"follow"},"og_locale":"cs_CZ","og_type":"article","og_title":"Kontakty - FFree index","og_description":"Ofici\u00e1ln\u00ed str\u00e1nka FFree indexu - unik\u00e1tn\u00edho projektu Filozofick\u00e9 fakulty Univerzity Hradec Kr\u00e1lov\u00e9","og_url":"https:\/\/uni.uhk.cz\/ffreeindex\/?page_id=206","og_site_name":"FFree index","article_modified_time":"2023-11-27T12:24:26+00:00","twitter_card":"summary_large_image","twitter_misc":{"Odhadovan\u00e1 doba \u010dten\u00ed":"1 minuta"},"schema":{"@context":"https:\/\/schema.org","@graph":[{"@type":"WebPage","@id":"https:\/\/uni.uhk.cz\/ffreeindex\/?page_id=206","url":"https:\/\/uni.uhk.cz\/ffreeindex\/?page_id=206","name":"Kontakty - FFree index","isPartOf":{"@id":"https:\/\/uni.uhk.cz\/ffreeindex\/#website"},"datePublished":"2019-10-31T09:30:49+00:00","dateModified":"2023-11-27T12:24:26+00:00","description":"Ofici\u00e1ln\u00ed str\u00e1nka FFree indexu - unik\u00e1tn\u00edho projektu Filozofick\u00e9 fakulty Univerzity Hradec Kr\u00e1lov\u00e9","breadcrumb":{"@id":"https:\/\/uni.uhk.cz\/ffreeindex\/?page_id=206#breadcrumb"},"inLanguage":"cs","potentialAction":[{"@type":"ReadAction","target":["https:\/\/uni.uhk.cz\/ffreeindex\/?page_id=206"]}]},{"@type":"BreadcrumbList","@id":"https:\/\/uni.uhk.cz\/ffreeindex\/?page_id=206#breadcrumb","itemListElement":[{"@type":"ListItem","position":1,"name":"Dom\u016f","item":"https:\/\/uni.uhk.cz\/ffreeindex\/"},{"@type":"ListItem","position":2,"name":"Kontakty"}]},{"@type":"WebSite","@id":"https:\/\/uni.uhk.cz\/ffreeindex\/#website","url":"https:\/\/uni.uhk.cz\/ffreeindex\/","name":"FFree index","description":"","publisher":{"@id":"https:\/\/uni.uhk.cz\/ffreeindex\/#organization"},"potentialAction":[{"@type":"SearchAction","target":{"@type":"EntryPoint","urlTemplate":"https:\/\/uni.uhk.cz\/ffreeindex\/?s={search_term_string}"},"query-input":{"@type":"PropertyValueSpecification","valueRequired":true,"valueName":"search_term_string"}}],"inLanguage":"cs"},{"@type":"Organization","@id":"https:\/\/uni.uhk.cz\/ffreeindex\/#organization","name":"Filozofick\u00e1 fakulta UHK","url":"https:\/\/uni.uhk.cz\/ffreeindex\/","logo":{"@type":"ImageObject","inLanguage":"cs","@id":"https:\/\/uni.uhk.cz\/ffreeindex\/#\/schema\/logo\/image\/","url":"https:\/\/uni.uhk.cz\/ffreeindex\/wp-content\/uploads\/2021\/08\/logo_online.png","contentUrl":"https:\/\/uni.uhk.cz\/ffreeindex\/wp-content\/uploads\/2021\/08\/logo_online.png","width":2589,"height":156,"caption":"Filozofick\u00e1 fakulta UHK"},"image":{"@id":"https:\/\/uni.uhk.cz\/ffreeindex\/#\/schema\/logo\/image\/"}}]}},"_links":{"self":[{"href":"https:\/\/uni.uhk.cz\/ffreeindex\/index.php?rest_route=\/wp\/v2\/pages\/206","targetHints":{"allow":["GET"]}}],"collection":[{"href":"https:\/\/uni.uhk.cz\/ffreeindex\/index.php?rest_route=\/wp\/v2\/pages"}],"about":[{"href":"https:\/\/uni.uhk.cz\/ffreeindex\/index.php?rest_route=\/wp\/v2\/types\/page"}],"author":[{"embeddable":true,"href":"https:\/\/uni.uhk.cz\/ffreeindex\/index.php?rest_route=\/wp\/v2\/users\/1"}],"replies":[{"embeddable":true,"href":"https:\/\/uni.uhk.cz\/ffreeindex\/index.php?rest_route=%2Fwp%2Fv2%2Fcomments&post=206"}],"version-history":[{"count":5,"href":"https:\/\/uni.uhk.cz\/ffreeindex\/index.php?rest_route=\/wp\/v2\/pages\/206\/revisions"}],"predecessor-version":[{"id":1036,"href":"https:\/\/uni.uhk.cz\/ffreeindex\/index.php?rest_route=\/wp\/v2\/pages\/206\/revisions\/1036"}],"wp:attachment":[{"href":"https:\/\/uni.uhk.cz\/ffreeindex\/index.php?rest_route=%2Fwp%2Fv2%2Fmedia&parent=206"}],"curies":[{"name":"wp","href":"https:\/\/api.w.org\/{rel}","templated":true}]}}