{"id":2,"date":"2019-08-19T19:38:56","date_gmt":"2019-08-19T17:38:56","guid":{"rendered":"http:\/\/uni.uhk.cz\/ffreeindex\/?page_id=2"},"modified":"2021-08-15T14:25:21","modified_gmt":"2021-08-15T12:25:21","slug":"ffree-index-2","status":"publish","type":"page","link":"https:\/\/uni.uhk.cz\/ffreeindex\/","title":{"rendered":"FF port\u00e1l"},"content":{"rendered":"\n<p><\/p>\n\n\n","protected":false},"excerpt":{"rendered":"<p><span class=\"more-link\"><a href=\"https:\/\/uni.uhk.cz\/ffreeindex\/\">v\u00edce<\/a><\/span><\/p>\n","protected":false},"author":1,"featured_media":0,"parent":0,"menu_order":0,"comment_status":"closed","ping_status":"open","template":"","meta":{"footnotes":""},"class_list":["entry","author-kravcst1","post-2","page","type-page","status-publish"],"yoast_head":"<!-- This site is optimized with the Yoast SEO plugin v26.8 - https:\/\/yoast.com\/product\/yoast-seo-wordpress\/ -->\n<title>FFree index<\/title>\n<meta name=\"description\" content=\"FFree index je unik\u00e1tn\u00ed projekt Filozofick\u00e9 fakulty Univerzity Hradec Kr\u00e1lov\u00e9, do kter\u00e9ho se m\u016f\u017ee zapojit ka\u017ed\u00fd, kdo na n\u00ed chce studovat jeden z bakal\u00e1\u0159sk\u00fdch obor\u016f.\" \/>\n<meta name=\"robots\" content=\"index, follow, max-snippet:-1, max-image-preview:large, max-video-preview:-1\" \/>\n<link rel=\"canonical\" href=\"https:\/\/uni.uhk.cz\/ffreeindex\/\" \/>\n<meta property=\"og:locale\" content=\"cs_CZ\" \/>\n<meta property=\"og:type\" content=\"article\" \/>\n<meta property=\"og:title\" content=\"FFree index\" \/>\n<meta property=\"og:description\" content=\"FFree index je unik\u00e1tn\u00ed projekt Filozofick\u00e9 fakulty Univerzity Hradec Kr\u00e1lov\u00e9, do kter\u00e9ho se m\u016f\u017ee zapojit ka\u017ed\u00fd, kdo na n\u00ed chce studovat jeden z bakal\u00e1\u0159sk\u00fdch obor\u016f.\" \/>\n<meta property=\"og:url\" content=\"https:\/\/uni.uhk.cz\/ffreeindex\/\" \/>\n<meta property=\"og:site_name\" content=\"FFree index\" \/>\n<meta property=\"article:modified_time\" content=\"2021-08-15T12:25:21+00:00\" \/>\n<meta name=\"twitter:card\" content=\"summary_large_image\" \/>\n<meta name=\"twitter:label1\" content=\"Odhadovan\u00e1 doba \u010dten\u00ed\" \/>\n\t<meta name=\"twitter:data1\" content=\"1 minuta\" \/>\n<script type=\"application\/ld+json\" class=\"yoast-schema-graph\">{\"@context\":\"https:\/\/schema.org\",\"@graph\":[{\"@type\":\"WebPage\",\"@id\":\"https:\/\/uni.uhk.cz\/ffreeindex\/\",\"url\":\"https:\/\/uni.uhk.cz\/ffreeindex\/\",\"name\":\"FFree index\",\"isPartOf\":{\"@id\":\"https:\/\/uni.uhk.cz\/ffreeindex\/#website\"},\"datePublished\":\"2019-08-19T17:38:56+00:00\",\"dateModified\":\"2021-08-15T12:25:21+00:00\",\"description\":\"FFree index je unik\u00e1tn\u00ed projekt Filozofick\u00e9 fakulty Univerzity Hradec Kr\u00e1lov\u00e9, do kter\u00e9ho se m\u016f\u017ee zapojit ka\u017ed\u00fd, kdo na n\u00ed chce studovat jeden z bakal\u00e1\u0159sk\u00fdch obor\u016f.\",\"breadcrumb\":{\"@id\":\"https:\/\/uni.uhk.cz\/ffreeindex\/#breadcrumb\"},\"inLanguage\":\"cs\",\"potentialAction\":[{\"@type\":\"ReadAction\",\"target\":[\"https:\/\/uni.uhk.cz\/ffreeindex\/\"]}]},{\"@type\":\"BreadcrumbList\",\"@id\":\"https:\/\/uni.uhk.cz\/ffreeindex\/#breadcrumb\",\"itemListElement\":[{\"@type\":\"ListItem\",\"position\":1,\"name\":\"Dom\u016f\",\"item\":\"https:\/\/uni.uhk.cz\/ffreeindex\/\"},{\"@type\":\"ListItem\",\"position\":2,\"name\":\"FF port\u00e1l\"}]},{\"@type\":\"WebSite\",\"@id\":\"https:\/\/uni.uhk.cz\/ffreeindex\/#website\",\"url\":\"https:\/\/uni.uhk.cz\/ffreeindex\/\",\"name\":\"FFree index\",\"description\":\"\",\"publisher\":{\"@id\":\"https:\/\/uni.uhk.cz\/ffreeindex\/#organization\"},\"potentialAction\":[{\"@type\":\"SearchAction\",\"target\":{\"@type\":\"EntryPoint\",\"urlTemplate\":\"https:\/\/uni.uhk.cz\/ffreeindex\/?s={search_term_string}\"},\"query-input\":{\"@type\":\"PropertyValueSpecification\",\"valueRequired\":true,\"valueName\":\"search_term_string\"}}],\"inLanguage\":\"cs\"},{\"@type\":\"Organization\",\"@id\":\"https:\/\/uni.uhk.cz\/ffreeindex\/#organization\",\"name\":\"Filozofick\u00e1 fakulta UHK\",\"url\":\"https:\/\/uni.uhk.cz\/ffreeindex\/\",\"logo\":{\"@type\":\"ImageObject\",\"inLanguage\":\"cs\",\"@id\":\"https:\/\/uni.uhk.cz\/ffreeindex\/#\/schema\/logo\/image\/\",\"url\":\"https:\/\/uni.uhk.cz\/ffreeindex\/wp-content\/uploads\/2021\/08\/logo_online.png\",\"contentUrl\":\"https:\/\/uni.uhk.cz\/ffreeindex\/wp-content\/uploads\/2021\/08\/logo_online.png\",\"width\":2589,\"height\":156,\"caption\":\"Filozofick\u00e1 fakulta UHK\"},\"image\":{\"@id\":\"https:\/\/uni.uhk.cz\/ffreeindex\/#\/schema\/logo\/image\/\"}}]}<\/script>\n<!-- \/ Yoast SEO plugin. -->","yoast_head_json":{"title":"FFree index","description":"FFree index je unik\u00e1tn\u00ed projekt Filozofick\u00e9 fakulty Univerzity Hradec Kr\u00e1lov\u00e9, do kter\u00e9ho se m\u016f\u017ee zapojit ka\u017ed\u00fd, kdo na n\u00ed chce studovat jeden z bakal\u00e1\u0159sk\u00fdch obor\u016f.","robots":{"index":"index","follow":"follow","max-snippet":"max-snippet:-1","max-image-preview":"max-image-preview:large","max-video-preview":"max-video-preview:-1"},"canonical":"https:\/\/uni.uhk.cz\/ffreeindex\/","og_locale":"cs_CZ","og_type":"article","og_title":"FFree index","og_description":"FFree index je unik\u00e1tn\u00ed projekt Filozofick\u00e9 fakulty Univerzity Hradec Kr\u00e1lov\u00e9, do kter\u00e9ho se m\u016f\u017ee zapojit ka\u017ed\u00fd, kdo na n\u00ed chce studovat jeden z bakal\u00e1\u0159sk\u00fdch obor\u016f.","og_url":"https:\/\/uni.uhk.cz\/ffreeindex\/","og_site_name":"FFree index","article_modified_time":"2021-08-15T12:25:21+00:00","twitter_card":"summary_large_image","twitter_misc":{"Odhadovan\u00e1 doba \u010dten\u00ed":"1 minuta"},"schema":{"@context":"https:\/\/schema.org","@graph":[{"@type":"WebPage","@id":"https:\/\/uni.uhk.cz\/ffreeindex\/","url":"https:\/\/uni.uhk.cz\/ffreeindex\/","name":"FFree index","isPartOf":{"@id":"https:\/\/uni.uhk.cz\/ffreeindex\/#website"},"datePublished":"2019-08-19T17:38:56+00:00","dateModified":"2021-08-15T12:25:21+00:00","description":"FFree index je unik\u00e1tn\u00ed projekt Filozofick\u00e9 fakulty Univerzity Hradec Kr\u00e1lov\u00e9, do kter\u00e9ho se m\u016f\u017ee zapojit ka\u017ed\u00fd, kdo na n\u00ed chce studovat jeden z bakal\u00e1\u0159sk\u00fdch obor\u016f.","breadcrumb":{"@id":"https:\/\/uni.uhk.cz\/ffreeindex\/#breadcrumb"},"inLanguage":"cs","potentialAction":[{"@type":"ReadAction","target":["https:\/\/uni.uhk.cz\/ffreeindex\/"]}]},{"@type":"BreadcrumbList","@id":"https:\/\/uni.uhk.cz\/ffreeindex\/#breadcrumb","itemListElement":[{"@type":"ListItem","position":1,"name":"Dom\u016f","item":"https:\/\/uni.uhk.cz\/ffreeindex\/"},{"@type":"ListItem","position":2,"name":"FF port\u00e1l"}]},{"@type":"WebSite","@id":"https:\/\/uni.uhk.cz\/ffreeindex\/#website","url":"https:\/\/uni.uhk.cz\/ffreeindex\/","name":"FFree index","description":"","publisher":{"@id":"https:\/\/uni.uhk.cz\/ffreeindex\/#organization"},"potentialAction":[{"@type":"SearchAction","target":{"@type":"EntryPoint","urlTemplate":"https:\/\/uni.uhk.cz\/ffreeindex\/?s={search_term_string}"},"query-input":{"@type":"PropertyValueSpecification","valueRequired":true,"valueName":"search_term_string"}}],"inLanguage":"cs"},{"@type":"Organization","@id":"https:\/\/uni.uhk.cz\/ffreeindex\/#organization","name":"Filozofick\u00e1 fakulta UHK","url":"https:\/\/uni.uhk.cz\/ffreeindex\/","logo":{"@type":"ImageObject","inLanguage":"cs","@id":"https:\/\/uni.uhk.cz\/ffreeindex\/#\/schema\/logo\/image\/","url":"https:\/\/uni.uhk.cz\/ffreeindex\/wp-content\/uploads\/2021\/08\/logo_online.png","contentUrl":"https:\/\/uni.uhk.cz\/ffreeindex\/wp-content\/uploads\/2021\/08\/logo_online.png","width":2589,"height":156,"caption":"Filozofick\u00e1 fakulta UHK"},"image":{"@id":"https:\/\/uni.uhk.cz\/ffreeindex\/#\/schema\/logo\/image\/"}}]}},"_links":{"self":[{"href":"https:\/\/uni.uhk.cz\/ffreeindex\/index.php?rest_route=\/wp\/v2\/pages\/2","targetHints":{"allow":["GET"]}}],"collection":[{"href":"https:\/\/uni.uhk.cz\/ffreeindex\/index.php?rest_route=\/wp\/v2\/pages"}],"about":[{"href":"https:\/\/uni.uhk.cz\/ffreeindex\/index.php?rest_route=\/wp\/v2\/types\/page"}],"author":[{"embeddable":true,"href":"https:\/\/uni.uhk.cz\/ffreeindex\/index.php?rest_route=\/wp\/v2\/users\/1"}],"replies":[{"embeddable":true,"href":"https:\/\/uni.uhk.cz\/ffreeindex\/index.php?rest_route=%2Fwp%2Fv2%2Fcomments&post=2"}],"version-history":[{"count":2,"href":"https:\/\/uni.uhk.cz\/ffreeindex\/index.php?rest_route=\/wp\/v2\/pages\/2\/revisions"}],"predecessor-version":[{"id":108,"href":"https:\/\/uni.uhk.cz\/ffreeindex\/index.php?rest_route=\/wp\/v2\/pages\/2\/revisions\/108"}],"wp:attachment":[{"href":"https:\/\/uni.uhk.cz\/ffreeindex\/index.php?rest_route=%2Fwp%2Fv2%2Fmedia&parent=2"}],"curies":[{"name":"wp","href":"https:\/\/api.w.org\/{rel}","templated":true}]}}