{"id":137,"date":"2019-10-19T16:48:50","date_gmt":"2019-10-19T14:48:50","guid":{"rendered":"http:\/\/uni.uhk.cz\/ffreeindex\/?page_id=137"},"modified":"2021-08-15T13:45:14","modified_gmt":"2021-08-15T11:45:14","slug":"registrace","status":"publish","type":"page","link":"https:\/\/uni.uhk.cz\/ffreeindex\/?page_id=137","title":{"rendered":"Registrace"},"content":{"rendered":"\n<p><strong>\n\n<div class=\"pmagic\">   \n    <!-----Form Starts----->\n    <div class=\"pg-group-box-wrap pg-group-reg-form pg-group-form-field-icon pm-dbfl\">\n        <form class=\"pmagic-form pm-dbfl\"\n              method=\"post\"\n              action=\"\"\n              id=\"pm_regform_1\"\n              name=\"pm_regform_1\"\n              onsubmit=\"return profile_magic_frontend_validation(this)\"\n              enctype=\"multipart\/form-data\">\n\n            <input type=\"hidden\" name=\"pm_registration_nonce\" value=\"18872e40e4\" \/>\n            <fieldset id=\"fieldset_1\"><legend>Osobn\u00ed informace<\/legend><div class=\"pmrow\">        \n        <div class=\"pm-col\">\n            <div class=\"pm-field-lable\">\n                <span class=\"pm-form-field-icon\"><\/span>\n                <label for=\"user_login\">U\u017eivatelsk\u00e9 jm\u00e9no<sup class=\"pm_estric\">*<\/sup><\/label>\n            <\/div>\n            <div class=\"pm-field-input pm_user_name pm_required\">\n                <input title=\"\" type=\"text\" class=\"\" maxlength=\"\" value=\"\" id=\"user_login\" name=\"user_login\" placeholder=\"\" onkeyup=\"pm_frontend_check_username()\" onblur=\"pm_frontend_check_username()\">\n                <div class=\"errortext\" style=\"display:none;\"><\/div>\n                <div class=\"usernameerror\" style=\"display:none;\"><\/div>\n            <\/div>\n        <\/div>\n\n        <\/div><div class=\"pmrow\">        \n        <div class=\"pm-col\">\n            <div class=\"pm-field-lable\">\n                  <span class=\"pm-form-field-icon\"><\/span>\n                <label for=\"first_name\">Jm\u00e9no<sup class=\"pm_estric\">*<\/sup><\/label>\n            <\/div>\n            <div class=\"pm-field-input pm_required\">\n                <input title=\"\" type=\"text\" class=\"\" maxlength=\"\" value=\"\" id=\"first_name\" name=\"first_name\" placeholder=\"jm\u00e9no\">\n                <div class=\"errortext\" style=\"display:none;\"><\/div>\n            <\/div>\n        <\/div>\n\n        <\/div><div class=\"pmrow\">        \n        <div class=\"pm-col\">\n            <div class=\"pm-field-lable\">\n                  <span class=\"pm-form-field-icon\"><\/span>\n                <label for=\"last_name\">P\u0159\u00edjmen\u00ed<sup class=\"pm_estric\">*<\/sup><\/label>\n            <\/div>\n            <div class=\"pm-field-input pm_required\">\n                <input title=\"\" type=\"text\" class=\"\" maxlength=\"\" value=\"\" id=\"last_name\" name=\"last_name\" placeholder=\"p\u0159\u00edjmen\u00ed\">\n                <div class=\"errortext\" style=\"display:none;\"><\/div>\n            <\/div>\n        <\/div>\n\n        <\/div><div class=\"pmrow\">        \n        <div class=\"pm-col\">\n            <div class=\"pm-field-lable\">\n                  <span class=\"pm-form-field-icon\"><\/span>\n                <label for=\"description\">Studijn\u00ed program<\/label>\n            <\/div>\n            <div class=\"pm-field-input \">\n                                 <textarea title=\"\" class=\"\" maxlength=\"\" cols=\"\" rows=\"\" id=\"description\" name=\"description\" placeholder=\"Napi\u0161te n\u00e1zev studijn\u00edho programu, o kter\u00fd m\u00e1te z\u00e1jem, pokud v\u00edte.\"><\/textarea>\n                                <div class=\"errortext\" style=\"display:none;\"><\/div>\n            <\/div>\n        <\/div>\n        <\/div><div class=\"pmrow\">        \n        <div class=\"pm-col\">\n            <div class=\"pm-field-lable\">\n                  <span class=\"pm-form-field-icon\"><\/span>\n                <label for=\"user_email\">Email<sup class=\"pm_estric\">*<\/sup><\/label>\n            <\/div>\n            <div class=\"pm-field-input pm_email pm_user_email pm_required\">\n                                        <input title=\"\" type=\"email\" class=\"\"  value=\"\" id=\"user_email\" name=\"user_email\" placeholder=\"\" onkeyup=\"pm_frontend_check_useremail('')\" onblur=\"pm_frontend_check_useremail('')\" >\n                                        <div class=\"errortext\" style=\"display:none;\"><\/div>\n                <div class=\"useremailerror\" style=\"display:none;\"><\/div>\n            <\/div>\n        <\/div>\n\n        <\/div><div class=\"pmrow\">        \n        <div class=\"pm-col\">\n            <div class=\"pm-field-lable\">\n                <span class=\"pm-form-field-icon\"><\/span>\n                <label for=\"user_pass\">Heslo<sup class=\"pm_estric\">*<\/sup><\/label>\n            <\/div>\n            <div class=\"pm-field-input pm_user_pass pm_required\">\n                <input title=\"\" type=\"password\" class=\"\" maxlength=\"\" value=\"\" id=\"user_pass\" name=\"user_pass\" placeholder=\"\">\n                <div class=\"errortext\" style=\"display:none;\"><\/div>\n            <\/div>\n        <\/div>\n\n        <\/div><div class=\"pmrow\">        \n        <div class=\"pm-col\">\n            <div class=\"pm-field-lable\">\n                <span class=\"pm-form-field-icon\"><\/span>\n                <label for=\"confirm_pass\">Potvr\u010fte heslo<sup class=\"pm_estric\">*<\/sup><\/label>\n            <\/div>\n            <div class=\"pm-field-input pm_confirm_pass pm_required\">\n                <input title=\"\" type=\"password\" class=\"\" maxlength=\"\" value=\"\" id=\"confirm_pass\" name=\"confirm_pass\" placeholder=\"\">\n                <div class=\"errortext\" style=\"display:none;\"><\/div>\n            <\/div>\n        <\/div>\n        <\/div><div class=\"pmrow\">        \n\n        <div class=\"pm-col\">\n            <div class=\"pm-field-lable\">\n                 <span class=\"pm-form-field-icon\"><\/span>\n                <label for=\"pm_field_10\">Odesl\u00e1n\u00edm souhlas\u00edte se zpracov\u00e1n\u00edm osobn\u00edch \u00fadaj\u016f.<sup class=\"pm_estric\">*<\/sup><\/label>\n            <\/div>\n            <div class=\"pm-field-input pm_checkboxrequired\">\n                <div class=\"pmradio\">\n                    <div class=\"pm-radio-option\"><input type=\"checkbox\" title=\"\" class=\"\" id=\"pm_field_10\" name=\"pm_field_10\" value=\"yes\"  \/>\n                        Odesl\u00e1n\u00edm souhlas\u00edte se zpracov\u00e1n\u00edm osobn\u00edch \u00fadaj\u016f.                    <\/div>\n                <\/div>\n                                <textarea disabled rows=\"4\" class=\"termandcondition\">V p\u0159\u00edpad\u011b, \u017ee ud\u011bl\u00edte souhlas se zpracov\u00e1n\u00edm osobn\u00edch \u00fadaj\u016f, budeme o V\u00e1s zpracov\u00e1vat osobn\u00ed \u00fadaje uveden\u00e9 v tomto registra\u010dn\u00edm formul\u00e1\u0159i, informace o stavu kredit\u016f zalo\u017een\u00e9m na Va\u0161\u00ed doch\u00e1zce na akc\u00edch FF UHK a p\u0159\u00edpadn\u011b t\u00e9\u017e informace o Va\u0161ich rezervac\u00edch. \u00da\u010delem zpracov\u00e1n\u00ed osobn\u00edch \u00fadaj\u016f spr\u00e1vcem osobn\u00edch \u00fadaj\u016f \u2013 Univerzitou Hradec Kr\u00e1lov\u00e9, Rokitansk\u00e9ho 62\/26, 500 03 Hradec Kr\u00e1lov\u00e9, I\u010c: 62690094, Filozofickou fakultou (FF UHK) \u2013 je umo\u017enit V\u00e1m, p\u0159\u00edpadn\u00fdm uchaze\u010d\u016fm o studium v r\u00e1mci bakal\u00e1\u0159sk\u00fdch studijn\u00edch program\u016f na FF UHK, z\u00edskat bonifikaci k p\u0159ij\u00edmac\u00edm zkou\u0161k\u00e1m, poskytnout snadn\u00fd a rychl\u00fd p\u0159ehled o z\u00edskan\u00fdch kreditech a nab\u00eddnout V\u00e1m informace o konan\u00fdch akc\u00edch, v r\u00e1mci kter\u00fdch m\u016f\u017eete tyto kredity z\u00edskat.<\/textarea>\n                                <div class=\"errortext\" style=\"display:none;\"><\/div>\n            <\/div>\n        <\/div>\n        <\/div>        <div class=\"pmrow\">\n        <div class=\"pm-col\">\n\t\t\t<div class=\"pmfield\"> <\/div>\n\t\t\t  <div class=\"pminput pm_recaptcha\">\n\t\t\t\t<div class=\"g-recaptcha\" data-sitekey=\"6Lc1QF4UAAAAAFmuKzSspAMA3_HWMfJnt8b87kVi\"><\/div>\n\t\t\t\t<div class=\"errortext\" style=\"display:none;\"><\/div>\n\t\t\t  <\/div>\n\t\t\t<\/div>\n            <\/div>\n        <div class=\"all_errors\" style=\"display:none;\"><\/div><\/fieldset>\n            <div class=\"buttonarea pm-full-width-container\">\n                <div class=\"all_errors\" style=\"display:none;\"><\/div>\n\n                     \n\n                \n                <input type=\"submit\"\n                       value=\"Odeslat\"\n                       name=\"reg_form_submit\">\n            <\/div>\n        <\/form>\n    <\/div>\n<\/div>\n<\/strong><\/p>\n","protected":false},"excerpt":{"rendered":"<p><span class=\"more-link\"><a href=\"https:\/\/uni.uhk.cz\/ffreeindex\/?page_id=137\">v\u00edce<\/a><\/span><\/p>\n","protected":false},"author":1,"featured_media":0,"parent":0,"menu_order":0,"comment_status":"closed","ping_status":"closed","template":"","meta":{"footnotes":""},"class_list":["entry","author-kravcst1","post-137","page","type-page","status-publish"],"yoast_head":"<!-- This site is optimized with the Yoast SEO plugin v26.8 - https:\/\/yoast.com\/product\/yoast-seo-wordpress\/ -->\n<title>Registrace - FFree index<\/title>\n<meta name=\"description\" content=\"Ofici\u00e1ln\u00ed str\u00e1nka FFree indexu - unik\u00e1tn\u00edho projektu Filozofick\u00e9 fakulty Univerzity Hradec Kr\u00e1lov\u00e9\" \/>\n<meta name=\"robots\" content=\"noindex, follow\" \/>\n<meta property=\"og:locale\" content=\"cs_CZ\" \/>\n<meta property=\"og:type\" content=\"article\" \/>\n<meta property=\"og:title\" content=\"Registrace - FFree index\" \/>\n<meta property=\"og:description\" content=\"Ofici\u00e1ln\u00ed str\u00e1nka FFree indexu - unik\u00e1tn\u00edho projektu Filozofick\u00e9 fakulty Univerzity Hradec Kr\u00e1lov\u00e9\" \/>\n<meta property=\"og:url\" content=\"https:\/\/uni.uhk.cz\/ffreeindex\/?page_id=137\" \/>\n<meta property=\"og:site_name\" content=\"FFree index\" \/>\n<meta property=\"article:modified_time\" content=\"2021-08-15T11:45:14+00:00\" \/>\n<meta name=\"twitter:card\" content=\"summary_large_image\" \/>\n<meta name=\"twitter:label1\" content=\"Odhadovan\u00e1 doba \u010dten\u00ed\" \/>\n\t<meta name=\"twitter:data1\" content=\"1 minuta\" \/>\n<script type=\"application\/ld+json\" class=\"yoast-schema-graph\">{\"@context\":\"https:\/\/schema.org\",\"@graph\":[{\"@type\":\"WebPage\",\"@id\":\"https:\/\/uni.uhk.cz\/ffreeindex\/?page_id=137\",\"url\":\"https:\/\/uni.uhk.cz\/ffreeindex\/?page_id=137\",\"name\":\"Registrace - FFree index\",\"isPartOf\":{\"@id\":\"https:\/\/uni.uhk.cz\/ffreeindex\/#website\"},\"datePublished\":\"2019-10-19T14:48:50+00:00\",\"dateModified\":\"2021-08-15T11:45:14+00:00\",\"description\":\"Ofici\u00e1ln\u00ed str\u00e1nka FFree indexu - unik\u00e1tn\u00edho projektu Filozofick\u00e9 fakulty Univerzity Hradec Kr\u00e1lov\u00e9\",\"breadcrumb\":{\"@id\":\"https:\/\/uni.uhk.cz\/ffreeindex\/?page_id=137#breadcrumb\"},\"inLanguage\":\"cs\",\"potentialAction\":[{\"@type\":\"ReadAction\",\"target\":[\"https:\/\/uni.uhk.cz\/ffreeindex\/?page_id=137\"]}]},{\"@type\":\"BreadcrumbList\",\"@id\":\"https:\/\/uni.uhk.cz\/ffreeindex\/?page_id=137#breadcrumb\",\"itemListElement\":[{\"@type\":\"ListItem\",\"position\":1,\"name\":\"Dom\u016f\",\"item\":\"https:\/\/uni.uhk.cz\/ffreeindex\/\"},{\"@type\":\"ListItem\",\"position\":2,\"name\":\"Registrace\"}]},{\"@type\":\"WebSite\",\"@id\":\"https:\/\/uni.uhk.cz\/ffreeindex\/#website\",\"url\":\"https:\/\/uni.uhk.cz\/ffreeindex\/\",\"name\":\"FFree index\",\"description\":\"\",\"publisher\":{\"@id\":\"https:\/\/uni.uhk.cz\/ffreeindex\/#organization\"},\"potentialAction\":[{\"@type\":\"SearchAction\",\"target\":{\"@type\":\"EntryPoint\",\"urlTemplate\":\"https:\/\/uni.uhk.cz\/ffreeindex\/?s={search_term_string}\"},\"query-input\":{\"@type\":\"PropertyValueSpecification\",\"valueRequired\":true,\"valueName\":\"search_term_string\"}}],\"inLanguage\":\"cs\"},{\"@type\":\"Organization\",\"@id\":\"https:\/\/uni.uhk.cz\/ffreeindex\/#organization\",\"name\":\"Filozofick\u00e1 fakulta UHK\",\"url\":\"https:\/\/uni.uhk.cz\/ffreeindex\/\",\"logo\":{\"@type\":\"ImageObject\",\"inLanguage\":\"cs\",\"@id\":\"https:\/\/uni.uhk.cz\/ffreeindex\/#\/schema\/logo\/image\/\",\"url\":\"https:\/\/uni.uhk.cz\/ffreeindex\/wp-content\/uploads\/2021\/08\/logo_online.png\",\"contentUrl\":\"https:\/\/uni.uhk.cz\/ffreeindex\/wp-content\/uploads\/2021\/08\/logo_online.png\",\"width\":2589,\"height\":156,\"caption\":\"Filozofick\u00e1 fakulta UHK\"},\"image\":{\"@id\":\"https:\/\/uni.uhk.cz\/ffreeindex\/#\/schema\/logo\/image\/\"}}]}<\/script>\n<!-- \/ Yoast SEO plugin. -->","yoast_head_json":{"title":"Registrace - FFree index","description":"Ofici\u00e1ln\u00ed str\u00e1nka FFree indexu - unik\u00e1tn\u00edho projektu Filozofick\u00e9 fakulty Univerzity Hradec Kr\u00e1lov\u00e9","robots":{"index":"noindex","follow":"follow"},"og_locale":"cs_CZ","og_type":"article","og_title":"Registrace - FFree index","og_description":"Ofici\u00e1ln\u00ed str\u00e1nka FFree indexu - unik\u00e1tn\u00edho projektu Filozofick\u00e9 fakulty Univerzity Hradec Kr\u00e1lov\u00e9","og_url":"https:\/\/uni.uhk.cz\/ffreeindex\/?page_id=137","og_site_name":"FFree index","article_modified_time":"2021-08-15T11:45:14+00:00","twitter_card":"summary_large_image","twitter_misc":{"Odhadovan\u00e1 doba \u010dten\u00ed":"1 minuta"},"schema":{"@context":"https:\/\/schema.org","@graph":[{"@type":"WebPage","@id":"https:\/\/uni.uhk.cz\/ffreeindex\/?page_id=137","url":"https:\/\/uni.uhk.cz\/ffreeindex\/?page_id=137","name":"Registrace - FFree index","isPartOf":{"@id":"https:\/\/uni.uhk.cz\/ffreeindex\/#website"},"datePublished":"2019-10-19T14:48:50+00:00","dateModified":"2021-08-15T11:45:14+00:00","description":"Ofici\u00e1ln\u00ed str\u00e1nka FFree indexu - unik\u00e1tn\u00edho projektu Filozofick\u00e9 fakulty Univerzity Hradec Kr\u00e1lov\u00e9","breadcrumb":{"@id":"https:\/\/uni.uhk.cz\/ffreeindex\/?page_id=137#breadcrumb"},"inLanguage":"cs","potentialAction":[{"@type":"ReadAction","target":["https:\/\/uni.uhk.cz\/ffreeindex\/?page_id=137"]}]},{"@type":"BreadcrumbList","@id":"https:\/\/uni.uhk.cz\/ffreeindex\/?page_id=137#breadcrumb","itemListElement":[{"@type":"ListItem","position":1,"name":"Dom\u016f","item":"https:\/\/uni.uhk.cz\/ffreeindex\/"},{"@type":"ListItem","position":2,"name":"Registrace"}]},{"@type":"WebSite","@id":"https:\/\/uni.uhk.cz\/ffreeindex\/#website","url":"https:\/\/uni.uhk.cz\/ffreeindex\/","name":"FFree index","description":"","publisher":{"@id":"https:\/\/uni.uhk.cz\/ffreeindex\/#organization"},"potentialAction":[{"@type":"SearchAction","target":{"@type":"EntryPoint","urlTemplate":"https:\/\/uni.uhk.cz\/ffreeindex\/?s={search_term_string}"},"query-input":{"@type":"PropertyValueSpecification","valueRequired":true,"valueName":"search_term_string"}}],"inLanguage":"cs"},{"@type":"Organization","@id":"https:\/\/uni.uhk.cz\/ffreeindex\/#organization","name":"Filozofick\u00e1 fakulta UHK","url":"https:\/\/uni.uhk.cz\/ffreeindex\/","logo":{"@type":"ImageObject","inLanguage":"cs","@id":"https:\/\/uni.uhk.cz\/ffreeindex\/#\/schema\/logo\/image\/","url":"https:\/\/uni.uhk.cz\/ffreeindex\/wp-content\/uploads\/2021\/08\/logo_online.png","contentUrl":"https:\/\/uni.uhk.cz\/ffreeindex\/wp-content\/uploads\/2021\/08\/logo_online.png","width":2589,"height":156,"caption":"Filozofick\u00e1 fakulta UHK"},"image":{"@id":"https:\/\/uni.uhk.cz\/ffreeindex\/#\/schema\/logo\/image\/"}}]}},"_links":{"self":[{"href":"https:\/\/uni.uhk.cz\/ffreeindex\/index.php?rest_route=\/wp\/v2\/pages\/137","targetHints":{"allow":["GET"]}}],"collection":[{"href":"https:\/\/uni.uhk.cz\/ffreeindex\/index.php?rest_route=\/wp\/v2\/pages"}],"about":[{"href":"https:\/\/uni.uhk.cz\/ffreeindex\/index.php?rest_route=\/wp\/v2\/types\/page"}],"author":[{"embeddable":true,"href":"https:\/\/uni.uhk.cz\/ffreeindex\/index.php?rest_route=\/wp\/v2\/users\/1"}],"replies":[{"embeddable":true,"href":"https:\/\/uni.uhk.cz\/ffreeindex\/index.php?rest_route=%2Fwp%2Fv2%2Fcomments&post=137"}],"version-history":[{"count":3,"href":"https:\/\/uni.uhk.cz\/ffreeindex\/index.php?rest_route=\/wp\/v2\/pages\/137\/revisions"}],"predecessor-version":[{"id":631,"href":"https:\/\/uni.uhk.cz\/ffreeindex\/index.php?rest_route=\/wp\/v2\/pages\/137\/revisions\/631"}],"wp:attachment":[{"href":"https:\/\/uni.uhk.cz\/ffreeindex\/index.php?rest_route=%2Fwp%2Fv2%2Fmedia&parent=137"}],"curies":[{"name":"wp","href":"https:\/\/api.w.org\/{rel}","templated":true}]}}