{"id":1151,"date":"2024-07-30T09:24:48","date_gmt":"2024-07-30T07:24:48","guid":{"rendered":"https:\/\/uni.uhk.cz\/ffreeindex\/?page_id=1151"},"modified":"2024-11-22T11:58:56","modified_gmt":"2024-11-22T10:58:56","slug":"faq-casto-se-ptate","status":"publish","type":"page","link":"https:\/\/uni.uhk.cz\/ffreeindex\/?page_id=1151","title":{"rendered":"FAQ &#8211; \u010casto se pt\u00e1te"},"content":{"rendered":"\n<p><strong>1.<\/strong> <strong>Co je FFree index a jak funguje?<\/strong><\/p>\n\n\n\n<p>Program ur\u010den\u00fd pro uchaze\u010dky a uchaze\u010de o studium na FF UHK v <a href=\"https:\/\/www.uhk.cz\/cs\/filozoficka-fakulta\/prijimaci-zkousky\/studijni-programy\/bakalarske\">bakal\u00e1\u0159sk\u00fdch studijn\u00edch programech<\/a>. Uchaze\u010di se nejd\u0159\u00edve zaregistruj\u00ed a pot\u00e9 sb\u00edraj\u00ed kredity za n\u00e1v\u0161t\u011bvy nejr\u016fzn\u011bj\u0161\u00edch p\u0159edn\u00e1\u0161ek a jin\u00fdch vzd\u011bl\u00e1vac\u00edch akc\u00ed fakulty. Po uplynut\u00ed term\u00ednu, do kter\u00e9ho je mo\u017en\u00e9 body sb\u00edrat, se nasb\u00edran\u00e9 kredity p\u0159epo\u010d\u00edtaj\u00ed na body k p\u0159ij\u00edma\u010dk\u00e1m.<\/p>\n\n\n\n<hr class=\"wp-block-separator has-alpha-channel-opacity is-style-wide\"\/>\n\n\n\n<p><strong>2.<\/strong> <strong>V jak\u00e9m obdob\u00ed prob\u00edh\u00e1 FFree index?<\/strong>&nbsp;<\/p>\n\n\n\n<p>Prob\u00edh\u00e1 v\u011bt\u0161inou v pr\u016fb\u011bhu listopadu a\u017e kv\u011btna.<\/p>\n\n\n\n<hr class=\"wp-block-separator has-alpha-channel-opacity is-style-wide\"\/>\n\n\n\n<p><strong>3. Kdy se zaregistrovat?<\/strong>&nbsp;<\/p>\n\n\n\n<p>M\u016f\u017eete se registrovat i p\u0159ed pod\u00e1n\u00edm p\u0159ihl\u00e1\u0161ky na FF UHK. Je ale nutn\u00e9 se registrovat pod&nbsp;<br>e-mailem, kter\u00fd budete n\u00e1sledn\u011b uv\u00e1d\u011bt p\u0159i vypl\u0148ov\u00e1n\u00ed p\u0159ihl\u00e1\u0161ky ke studiu z d\u016fvodu mo\u017en\u00e9 shody jmen a z\u00e1m\u011bny bod\u016f k p\u0159ij\u00edmac\u00edm zkou\u0161k\u00e1m. Body v r\u00e1mci FFree indexu z\u00edsk\u00e1 pouze uchaze\u010d, kter\u00fd se do FFree indexu \u0159\u00e1dn\u011b zaregistruje prost\u0159ednictv\u00edm webov\u00e9ho port\u00e1lu.<\/p>\n\n\n\n<div class=\"wp-block-buttons is-layout-flex wp-block-buttons-is-layout-flex\">\n<div class=\"wp-block-button\"><a class=\"wp-block-button__link has-text-align-center wp-element-button\" href=\"https:\/\/uni.uhk.cz\/ffreeindex\/?page_id=137\"><strong><mark style=\"background-color:rgba(0, 0, 0, 0)\" class=\"has-inline-color has-white-color\">Chci se zaregistrovat<\/mark><\/strong><\/a><\/div>\n<\/div>\n\n\n\n<hr class=\"wp-block-separator has-alpha-channel-opacity is-style-wide\"\/>\n\n\n\n<p><strong>4.<\/strong> <strong>Jak se p\u0159epo\u010d\u00edt\u00e1vaj\u00ed kredity na body k p\u0159ij\u00edmac\u00edm zkou\u0161k\u00e1m?<\/strong>&nbsp;<\/p>\n\n\n\n<p>Po\u010det kredit\u016f ve FFree indexu \u2260 po\u010det bod\u016f k p\u0159ij\u00edmac\u00ed zkou\u0161ce<\/p>\n\n\n\n<p>Po\u010det bod\u016f p\u0159id\u011blen\u00fdch uchaze\u010di k p\u0159ij\u00edmac\u00ed zkou\u0161ce  se bude odv\u00edjet od po\u010dtu z\u00edskan\u00fdch kredit\u016f v r\u00e1mci FFree indexu dle p\u0159evodn\u00ed \u0161k\u00e1ly. Ta je odvozen\u00e1 od maxim\u00e1ln\u00edho po\u010dtu kredit\u016f.\u00a0<\/p>\n\n\n\n<p>Maximum bod\u016f k p\u0159ij\u00edmac\u00ed zkou\u0161ce, kter\u00e9 m\u016f\u017eete d\u00edky FFree indexu z\u00edskat, je 10 bod\u016f. Uchaze\u010d s maxim\u00e1ln\u00edm po\u010dtem nasb\u00edran\u00fdch kredit\u016f z\u00edsk\u00e1v\u00e1 z FFree indexu 10 bod\u016f. Uchaze\u010d, kter\u00fd z\u00edskal alespo\u0148 jeden kredit, z\u00edsk\u00e1v\u00e1 1 bod. Dal\u0161\u00ed body jsou rozpo\u010d\u00edt\u00e1ny dle rozlo\u017een\u00ed kreditov\u00fdch zisk\u016f uchaze\u010d\u016f.&nbsp;<\/p>\n\n\n\n<p><a href=\"https:\/\/www.uhk.cz\/cs\/filozoficka-fakulta\/ff\/aktualne\/vyhodnoceni-ffree-indexu-pro-uchazece-o-studium\" target=\"_blank\" rel=\"noreferrer noopener\">P<\/a><a href=\"https:\/\/www.uhk.cz\/cs\/filozoficka-fakulta\/ff\/aktualne\/vyhodnoceni-ffree-indexu-2023-2024-pro-uchazece-o-studium\" target=\"_blank\" rel=\"noreferrer noopener\">od\u00edvejte se<\/a>, kolik bod\u016f z\u00edskali uchaze\u010di o studium v minul\u00fdch letech.&nbsp;<\/p>\n\n\n\n<hr class=\"wp-block-separator has-alpha-channel-opacity is-style-wide\"\/>\n\n\n\n<p><strong>5. Kdy a kde se dozv\u00edm, \u017ee bude akce v r\u00e1mci FFree indexu?<\/strong>&nbsp;<\/p>\n\n\n\n<p>O akc\u00edch d\u00e1v\u00e1me v\u011bd\u011bt nejpozd\u011bji t\u00fdden p\u0159edem. Nadch\u00e1zej\u00edc\u00ed akce se objev\u00ed v <a href=\"https:\/\/uni.uhk.cz\/ffreeindex\/?page_id=22\">kalend\u00e1\u0159i akc\u00ed<\/a> na webov\u00fdch str\u00e1nk\u00e1ch a t\u00e9\u017e zaregistrovan\u00fdm uchaze\u010d\u016fm p\u0159ijde e-mail s informacemi.&nbsp;<\/p>\n\n\n\n<hr class=\"wp-block-separator has-alpha-channel-opacity is-style-wide\"\/>\n\n\n\n<p><strong>6. Jsem zaregistrovan\u00e1\/\u00fd do FFree indexu, co d\u00e1l?<\/strong><\/p>\n\n\n\n<p>Jakmile budete zn\u00e1t term\u00edn dal\u0161\u00ed p\u0159edn\u00e1\u0161ky, na kterou budete moci p\u0159ij\u00edt, zarezervujte si na ni m\u00edsto. Mo\u017enost rezervace naleznete v\u017edy v doln\u00ed \u010d\u00e1sti popisu akce (viz n\u00ed\u017ee). Rezervace bude potvrzena a\u017e po \u00fa\u010dasti na p\u0159edn\u00e1\u0161ce a Va\u0161em podpisu na prezen\u010dn\u00ed listin\u011b. Pokud jste si rezervaci ud\u011blali, ale nebyla potvrzena, nic se ned\u011bje \u2013 sta\u010d\u00ed p\u0159ij\u00edt.<\/p>\n\n\n\n<figure class=\"wp-block-image size-large is-resized\"><img loading=\"lazy\" decoding=\"async\" width=\"1024\" height=\"551\" src=\"https:\/\/uni.uhk.cz\/ffreeindex\/wp-content\/uploads\/2024\/11\/Rezervace-FFree-index-1024x551.png\" alt=\"\" class=\"wp-image-1263\" style=\"width:572px;height:auto\" srcset=\"https:\/\/uni.uhk.cz\/ffreeindex\/wp-content\/uploads\/2024\/11\/Rezervace-FFree-index-1024x551.png 1024w, https:\/\/uni.uhk.cz\/ffreeindex\/wp-content\/uploads\/2024\/11\/Rezervace-FFree-index-300x161.png 300w, https:\/\/uni.uhk.cz\/ffreeindex\/wp-content\/uploads\/2024\/11\/Rezervace-FFree-index-768x413.png 768w, https:\/\/uni.uhk.cz\/ffreeindex\/wp-content\/uploads\/2024\/11\/Rezervace-FFree-index-465x250.png 465w, https:\/\/uni.uhk.cz\/ffreeindex\/wp-content\/uploads\/2024\/11\/Rezervace-FFree-index-695x374.png 695w, https:\/\/uni.uhk.cz\/ffreeindex\/wp-content\/uploads\/2024\/11\/Rezervace-FFree-index.png 1033w\" sizes=\"auto, (max-width: 1024px) 100vw, 1024px\" \/><\/figure>\n\n\n\n<hr class=\"wp-block-separator has-alpha-channel-opacity is-style-wide\"\/>\n\n\n\n<p><strong>7.<\/strong> <strong>Jak \u010dasto jsou akce?<\/strong>&nbsp;<\/p>\n\n\n\n<p>Akce jsou zpravidla jednou t\u00fddn\u011b. M\u016f\u017ee se st\u00e1t, \u017ee v jeden t\u00fdden budou i dv\u011b p\u0159edn\u00e1\u0161ky. Z\u00e1le\u017e\u00ed zpravidla na \u010dasov\u00fdch mo\u017enostech p\u0159edn\u00e1\u0161ej\u00edc\u00edho.&nbsp;<\/p>\n\n\n\n<hr class=\"wp-block-separator has-alpha-channel-opacity is-style-wide\"\/>\n\n\n\n<p><strong>8.<\/strong> <strong>Jsou p\u0159edn\u00e1\u0161ky online?<\/strong>&nbsp;<\/p>\n\n\n\n<p>Sna\u017e\u00edme se poskytnout v\u011bt\u0161inu p\u0159edn\u00e1\u0161ek i online. Nen\u00ed to v\u0161ak pravidlem. N\u011bkter\u00e9 p\u0159edn\u00e1\u0161ky, zejm\u00e9na workshopy a v\u00edce prakticky zam\u011b\u0159en\u00e9 akce, jsou poskytov\u00e1ny pouze prezen\u010dn\u011b.&nbsp;<\/p>\n\n\n\n<p>V p\u0159\u00edpad\u011b online p\u0159edn\u00e1\u0161ek je nutn\u00e9 do dvou hodin od ukon\u010den\u00ed p\u0159edn\u00e1\u0161ky zaslat na &nbsp;<br>e-mail <a href=\"mailto:akce.ff@uhk.cz\" target=\"_blank\" rel=\"noreferrer noopener\">akce.ff@uhk.cz<\/a> anotaci v rozsahu minim\u00e1ln\u011b 200 slov. V anotaci je nutno shrnout obsah p\u0159edn\u00e1\u0161ky.&nbsp;<\/p>\n\n\n\n<hr class=\"wp-block-separator has-alpha-channel-opacity is-style-wide\"\/>\n\n\n\n<p><strong>9.<\/strong> <strong>Kdy mi budou p\u0159ips\u00e1ny kredity?<\/strong>&nbsp;<\/p>\n\n\n\n<p>Kredity budou p\u0159ips\u00e1ny nejd\u00e9le do t\u00fddne od kon\u00e1n\u00ed akce. V p\u0159\u00edpad\u011b neshod \u010di nezaps\u00e1n\u00ed kredit\u016f n\u00e1s pros\u00edm kontaktujte na e-mail <a href=\"mailto:akce.ff@uhk.cz\" target=\"_blank\" rel=\"noreferrer noopener\">akce.ff@uhk.cz.<\/a>&nbsp;<\/p>\n","protected":false},"excerpt":{"rendered":"<p>1. Co je FFree index a jak funguje? Program ur\u010den\u00fd pro uchaze\u010dky a uchaze\u010de o studium na FF UHK v bakal\u00e1\u0159sk\u00fdch studijn\u00edch programech. Uchaze\u010di se nejd\u0159\u00edve zaregistruj\u00ed a pot\u00e9 sb\u00edraj\u00ed kredity za n\u00e1v\u0161t\u011bvy nejr\u016fzn\u011bj\u0161\u00edch p\u0159edn\u00e1\u0161ek a jin\u00fdch vzd\u011bl\u00e1vac\u00edch akc\u00ed fakulty. Po uplynut\u00ed term\u00ednu, do kter\u00e9ho je mo\u017en\u00e9 body sb\u00edrat, se<span class=\"more-link\"><a href=\"https:\/\/uni.uhk.cz\/ffreeindex\/?page_id=1151\">v\u00edce<\/a><\/span><\/p>\n","protected":false},"author":1149,"featured_media":0,"parent":0,"menu_order":0,"comment_status":"closed","ping_status":"closed","template":"","meta":{"footnotes":""},"class_list":["entry","author-karolinacizkova","post-1151","page","type-page","status-publish"],"yoast_head":"<!-- This site is optimized with the Yoast SEO plugin v26.8 - https:\/\/yoast.com\/product\/yoast-seo-wordpress\/ -->\n<title>FAQ - \u010casto se pt\u00e1te - FFree index<\/title>\n<meta name=\"description\" content=\"Nej\u010dast\u011bji kladen\u00e9 ot\u00e1zky k FFree indexu. Unik\u00e1tn\u00edho projektu Filozofick\u00e9 fakulty Univerzity Hradec Kr\u00e1lov\u00e9.\" \/>\n<meta name=\"robots\" content=\"index, follow, max-snippet:-1, max-image-preview:large, max-video-preview:-1\" \/>\n<link rel=\"canonical\" href=\"https:\/\/uni.uhk.cz\/ffreeindex\/?page_id=1151\" \/>\n<meta property=\"og:locale\" content=\"cs_CZ\" \/>\n<meta property=\"og:type\" content=\"article\" \/>\n<meta property=\"og:title\" content=\"FAQ - \u010casto se pt\u00e1te - FFree index\" \/>\n<meta property=\"og:description\" content=\"Nej\u010dast\u011bji kladen\u00e9 ot\u00e1zky k FFree indexu. Unik\u00e1tn\u00edho projektu Filozofick\u00e9 fakulty Univerzity Hradec Kr\u00e1lov\u00e9.\" \/>\n<meta property=\"og:url\" content=\"https:\/\/uni.uhk.cz\/ffreeindex\/?page_id=1151\" \/>\n<meta property=\"og:site_name\" content=\"FFree index\" \/>\n<meta property=\"article:modified_time\" content=\"2024-11-22T10:58:56+00:00\" \/>\n<meta property=\"og:image\" content=\"https:\/\/uni.uhk.cz\/ffreeindex\/wp-content\/uploads\/2024\/11\/Rezervace-FFree-index.png\" \/>\n\t<meta property=\"og:image:width\" content=\"1033\" \/>\n\t<meta property=\"og:image:height\" content=\"556\" \/>\n\t<meta property=\"og:image:type\" content=\"image\/png\" \/>\n<meta name=\"twitter:card\" content=\"summary_large_image\" \/>\n<meta name=\"twitter:label1\" content=\"Odhadovan\u00e1 doba \u010dten\u00ed\" \/>\n\t<meta name=\"twitter:data1\" content=\"3 minuty\" \/>\n<script type=\"application\/ld+json\" class=\"yoast-schema-graph\">{\"@context\":\"https:\/\/schema.org\",\"@graph\":[{\"@type\":\"WebPage\",\"@id\":\"https:\/\/uni.uhk.cz\/ffreeindex\/?page_id=1151\",\"url\":\"https:\/\/uni.uhk.cz\/ffreeindex\/?page_id=1151\",\"name\":\"FAQ - \u010casto se pt\u00e1te - FFree index\",\"isPartOf\":{\"@id\":\"https:\/\/uni.uhk.cz\/ffreeindex\/#website\"},\"primaryImageOfPage\":{\"@id\":\"https:\/\/uni.uhk.cz\/ffreeindex\/?page_id=1151#primaryimage\"},\"image\":{\"@id\":\"https:\/\/uni.uhk.cz\/ffreeindex\/?page_id=1151#primaryimage\"},\"thumbnailUrl\":\"https:\/\/uni.uhk.cz\/ffreeindex\/wp-content\/uploads\/2024\/11\/Rezervace-FFree-index-1024x551.png\",\"datePublished\":\"2024-07-30T07:24:48+00:00\",\"dateModified\":\"2024-11-22T10:58:56+00:00\",\"description\":\"Nej\u010dast\u011bji kladen\u00e9 ot\u00e1zky k FFree indexu. Unik\u00e1tn\u00edho projektu Filozofick\u00e9 fakulty Univerzity Hradec Kr\u00e1lov\u00e9.\",\"breadcrumb\":{\"@id\":\"https:\/\/uni.uhk.cz\/ffreeindex\/?page_id=1151#breadcrumb\"},\"inLanguage\":\"cs\",\"potentialAction\":[{\"@type\":\"ReadAction\",\"target\":[\"https:\/\/uni.uhk.cz\/ffreeindex\/?page_id=1151\"]}]},{\"@type\":\"ImageObject\",\"inLanguage\":\"cs\",\"@id\":\"https:\/\/uni.uhk.cz\/ffreeindex\/?page_id=1151#primaryimage\",\"url\":\"https:\/\/uni.uhk.cz\/ffreeindex\/wp-content\/uploads\/2024\/11\/Rezervace-FFree-index.png\",\"contentUrl\":\"https:\/\/uni.uhk.cz\/ffreeindex\/wp-content\/uploads\/2024\/11\/Rezervace-FFree-index.png\",\"width\":1033,\"height\":556},{\"@type\":\"BreadcrumbList\",\"@id\":\"https:\/\/uni.uhk.cz\/ffreeindex\/?page_id=1151#breadcrumb\",\"itemListElement\":[{\"@type\":\"ListItem\",\"position\":1,\"name\":\"Dom\u016f\",\"item\":\"https:\/\/uni.uhk.cz\/ffreeindex\/\"},{\"@type\":\"ListItem\",\"position\":2,\"name\":\"FAQ &#8211; \u010casto se pt\u00e1te\"}]},{\"@type\":\"WebSite\",\"@id\":\"https:\/\/uni.uhk.cz\/ffreeindex\/#website\",\"url\":\"https:\/\/uni.uhk.cz\/ffreeindex\/\",\"name\":\"FFree index\",\"description\":\"\",\"publisher\":{\"@id\":\"https:\/\/uni.uhk.cz\/ffreeindex\/#organization\"},\"potentialAction\":[{\"@type\":\"SearchAction\",\"target\":{\"@type\":\"EntryPoint\",\"urlTemplate\":\"https:\/\/uni.uhk.cz\/ffreeindex\/?s={search_term_string}\"},\"query-input\":{\"@type\":\"PropertyValueSpecification\",\"valueRequired\":true,\"valueName\":\"search_term_string\"}}],\"inLanguage\":\"cs\"},{\"@type\":\"Organization\",\"@id\":\"https:\/\/uni.uhk.cz\/ffreeindex\/#organization\",\"name\":\"Filozofick\u00e1 fakulta UHK\",\"url\":\"https:\/\/uni.uhk.cz\/ffreeindex\/\",\"logo\":{\"@type\":\"ImageObject\",\"inLanguage\":\"cs\",\"@id\":\"https:\/\/uni.uhk.cz\/ffreeindex\/#\/schema\/logo\/image\/\",\"url\":\"https:\/\/uni.uhk.cz\/ffreeindex\/wp-content\/uploads\/2021\/08\/logo_online.png\",\"contentUrl\":\"https:\/\/uni.uhk.cz\/ffreeindex\/wp-content\/uploads\/2021\/08\/logo_online.png\",\"width\":2589,\"height\":156,\"caption\":\"Filozofick\u00e1 fakulta UHK\"},\"image\":{\"@id\":\"https:\/\/uni.uhk.cz\/ffreeindex\/#\/schema\/logo\/image\/\"}}]}<\/script>\n<!-- \/ Yoast SEO plugin. -->","yoast_head_json":{"title":"FAQ - \u010casto se pt\u00e1te - FFree index","description":"Nej\u010dast\u011bji kladen\u00e9 ot\u00e1zky k FFree indexu. Unik\u00e1tn\u00edho projektu Filozofick\u00e9 fakulty Univerzity Hradec Kr\u00e1lov\u00e9.","robots":{"index":"index","follow":"follow","max-snippet":"max-snippet:-1","max-image-preview":"max-image-preview:large","max-video-preview":"max-video-preview:-1"},"canonical":"https:\/\/uni.uhk.cz\/ffreeindex\/?page_id=1151","og_locale":"cs_CZ","og_type":"article","og_title":"FAQ - \u010casto se pt\u00e1te - FFree index","og_description":"Nej\u010dast\u011bji kladen\u00e9 ot\u00e1zky k FFree indexu. Unik\u00e1tn\u00edho projektu Filozofick\u00e9 fakulty Univerzity Hradec Kr\u00e1lov\u00e9.","og_url":"https:\/\/uni.uhk.cz\/ffreeindex\/?page_id=1151","og_site_name":"FFree index","article_modified_time":"2024-11-22T10:58:56+00:00","og_image":[{"width":1033,"height":556,"url":"https:\/\/uni.uhk.cz\/ffreeindex\/wp-content\/uploads\/2024\/11\/Rezervace-FFree-index.png","type":"image\/png"}],"twitter_card":"summary_large_image","twitter_misc":{"Odhadovan\u00e1 doba \u010dten\u00ed":"3 minuty"},"schema":{"@context":"https:\/\/schema.org","@graph":[{"@type":"WebPage","@id":"https:\/\/uni.uhk.cz\/ffreeindex\/?page_id=1151","url":"https:\/\/uni.uhk.cz\/ffreeindex\/?page_id=1151","name":"FAQ - \u010casto se pt\u00e1te - FFree index","isPartOf":{"@id":"https:\/\/uni.uhk.cz\/ffreeindex\/#website"},"primaryImageOfPage":{"@id":"https:\/\/uni.uhk.cz\/ffreeindex\/?page_id=1151#primaryimage"},"image":{"@id":"https:\/\/uni.uhk.cz\/ffreeindex\/?page_id=1151#primaryimage"},"thumbnailUrl":"https:\/\/uni.uhk.cz\/ffreeindex\/wp-content\/uploads\/2024\/11\/Rezervace-FFree-index-1024x551.png","datePublished":"2024-07-30T07:24:48+00:00","dateModified":"2024-11-22T10:58:56+00:00","description":"Nej\u010dast\u011bji kladen\u00e9 ot\u00e1zky k FFree indexu. Unik\u00e1tn\u00edho projektu Filozofick\u00e9 fakulty Univerzity Hradec Kr\u00e1lov\u00e9.","breadcrumb":{"@id":"https:\/\/uni.uhk.cz\/ffreeindex\/?page_id=1151#breadcrumb"},"inLanguage":"cs","potentialAction":[{"@type":"ReadAction","target":["https:\/\/uni.uhk.cz\/ffreeindex\/?page_id=1151"]}]},{"@type":"ImageObject","inLanguage":"cs","@id":"https:\/\/uni.uhk.cz\/ffreeindex\/?page_id=1151#primaryimage","url":"https:\/\/uni.uhk.cz\/ffreeindex\/wp-content\/uploads\/2024\/11\/Rezervace-FFree-index.png","contentUrl":"https:\/\/uni.uhk.cz\/ffreeindex\/wp-content\/uploads\/2024\/11\/Rezervace-FFree-index.png","width":1033,"height":556},{"@type":"BreadcrumbList","@id":"https:\/\/uni.uhk.cz\/ffreeindex\/?page_id=1151#breadcrumb","itemListElement":[{"@type":"ListItem","position":1,"name":"Dom\u016f","item":"https:\/\/uni.uhk.cz\/ffreeindex\/"},{"@type":"ListItem","position":2,"name":"FAQ &#8211; \u010casto se pt\u00e1te"}]},{"@type":"WebSite","@id":"https:\/\/uni.uhk.cz\/ffreeindex\/#website","url":"https:\/\/uni.uhk.cz\/ffreeindex\/","name":"FFree index","description":"","publisher":{"@id":"https:\/\/uni.uhk.cz\/ffreeindex\/#organization"},"potentialAction":[{"@type":"SearchAction","target":{"@type":"EntryPoint","urlTemplate":"https:\/\/uni.uhk.cz\/ffreeindex\/?s={search_term_string}"},"query-input":{"@type":"PropertyValueSpecification","valueRequired":true,"valueName":"search_term_string"}}],"inLanguage":"cs"},{"@type":"Organization","@id":"https:\/\/uni.uhk.cz\/ffreeindex\/#organization","name":"Filozofick\u00e1 fakulta UHK","url":"https:\/\/uni.uhk.cz\/ffreeindex\/","logo":{"@type":"ImageObject","inLanguage":"cs","@id":"https:\/\/uni.uhk.cz\/ffreeindex\/#\/schema\/logo\/image\/","url":"https:\/\/uni.uhk.cz\/ffreeindex\/wp-content\/uploads\/2021\/08\/logo_online.png","contentUrl":"https:\/\/uni.uhk.cz\/ffreeindex\/wp-content\/uploads\/2021\/08\/logo_online.png","width":2589,"height":156,"caption":"Filozofick\u00e1 fakulta UHK"},"image":{"@id":"https:\/\/uni.uhk.cz\/ffreeindex\/#\/schema\/logo\/image\/"}}]}},"_links":{"self":[{"href":"https:\/\/uni.uhk.cz\/ffreeindex\/index.php?rest_route=\/wp\/v2\/pages\/1151","targetHints":{"allow":["GET"]}}],"collection":[{"href":"https:\/\/uni.uhk.cz\/ffreeindex\/index.php?rest_route=\/wp\/v2\/pages"}],"about":[{"href":"https:\/\/uni.uhk.cz\/ffreeindex\/index.php?rest_route=\/wp\/v2\/types\/page"}],"author":[{"embeddable":true,"href":"https:\/\/uni.uhk.cz\/ffreeindex\/index.php?rest_route=\/wp\/v2\/users\/1149"}],"replies":[{"embeddable":true,"href":"https:\/\/uni.uhk.cz\/ffreeindex\/index.php?rest_route=%2Fwp%2Fv2%2Fcomments&post=1151"}],"version-history":[{"count":5,"href":"https:\/\/uni.uhk.cz\/ffreeindex\/index.php?rest_route=\/wp\/v2\/pages\/1151\/revisions"}],"predecessor-version":[{"id":1279,"href":"https:\/\/uni.uhk.cz\/ffreeindex\/index.php?rest_route=\/wp\/v2\/pages\/1151\/revisions\/1279"}],"wp:attachment":[{"href":"https:\/\/uni.uhk.cz\/ffreeindex\/index.php?rest_route=%2Fwp%2Fv2%2Fmedia&parent=1151"}],"curies":[{"name":"wp","href":"https:\/\/api.w.org\/{rel}","templated":true}]}}