{"id":30847,"date":"2025-02-19T12:46:58","date_gmt":"2025-02-19T10:46:58","guid":{"rendered":"https:\/\/uni.uhk.cz\/archeologie\/?page_id=30847"},"modified":"2025-09-17T14:12:14","modified_gmt":"2025-09-17T12:12:14","slug":"archaeology-of-conflicts","status":"publish","type":"page","link":"https:\/\/uni.uhk.cz\/archeologie\/?page_id=30847&lang=en","title":{"rendered":"Archaeology of Conflicts 2025"},"content":{"rendered":"<img loading=\"lazy\" decoding=\"async\" class=\"alignnone wp-image-30848\" src=\"https:\/\/uni.uhk.cz\/archeologie\/wp-content\/uploads\/2025\/02\/AK2025-1.jpg\" alt=\"\" width=\"564\" height=\"280\" srcset=\"https:\/\/uni.uhk.cz\/archeologie\/wp-content\/uploads\/2025\/02\/AK2025-1.jpg 534w, https:\/\/uni.uhk.cz\/archeologie\/wp-content\/uploads\/2025\/02\/AK2025-1-300x149.jpg 300w, https:\/\/uni.uhk.cz\/archeologie\/wp-content\/uploads\/2025\/02\/AK2025-1-81x40.jpg 81w\" sizes=\"auto, (max-width: 564px) 100vw, 564px\" \/>\r\n\r\nDear colleagues,\r\n\r\nwe would like to invite you to the 4th edition of the Conference on Archaeology of Conflicts. The topics are not only the battlefields and places of clashes, but also the problems of fortification architecture, material culture associated with conflicts, the impact of conflicts on the landscape, research of military-related production facilities, military camp research, graves connected with conflicts, etc. Chronological delimitation is broad, since prehistory until the end of the Second World War. Although the conference focuses primarily on archeological research, contributions from related disciplines are also welcome.\r\n\r\n<strong>Conference date<\/strong>: 23th-25th September 2025\r\n\r\n<a href=\"https:\/\/uni.uhk.cz\/archeologie\/wp-content\/uploads\/2025\/09\/AOC__2025_PROGRAM.pdf\" target=\"_blank\" rel=\"noopener\"><strong>Program<\/strong><\/a>\r\n\r\n<a href=\"https:\/\/uni.uhk.cz\/archeologie\/wp-content\/uploads\/2025\/09\/AOC_abstract_book_2025_FINAL.pdf\" target=\"_blank\" rel=\"noopener\"><strong>Abstract book<\/strong><\/a>\r\n\r\n<strong>Conference venue:<\/strong> Museum of Eastern Bohemia, Eli\u0161\u010dino n\u00e1b\u0159e\u017e\u00ed 465\/7, 500 03 Hradec Kr\u00e1lov\u00e9, Czech republic (50.2116117N, 15.8287739E).\r\n\r\n<strong>Deadline for abstract submission<\/strong>: 31th May 2025\r\n\r\n<strong>Organizer<\/strong>: \u00a0\u00a0\u00a0\u00a0\u00a0University of Hradec Kr\u00e1lov\u00e9, Department of Archaeology (uni.uhk.cz\/archeologie),\u00a0Museum of eastern Bohemia in Hradec Kr\u00e1lov\u00e9 (muzeumhk.cz)\r\n\r\n<strong>Contact address:<\/strong> archeologie.konfliktu@uhk.cz\r\n\r\n<strong>Registration fee: <\/strong>1000 CZK \/ 40 EUR (payment informations will be sent by email confirmation of your registration), students free.\u00a0If you require proof of payment of the registration fee, an advance invoice will be issued based on the billing information filled in the registration form.\u00a0If you do not need proof of payment, please make payment to account\u00a0<b>IBAN: CZ65 0800 0000 0000 0273 3582, VS 0376000125<\/b>.\r\n\r\n<strong>Form of presentation:<\/strong> oral presentation (max. 20 min) or a poster. We prefer English in oral presentations, but it is possible to present in Czech, Slovak, Polish and German too. In any case, texts on powerpoint presentations and on posters please in English only.\r\n\r\n<strong>Register online at: <\/strong><a href=\"https:\/\/1url.cz\/G19mC?fbclid=IwZXh0bgNhZW0CMTAAAR0wbyJYq59XkD3Xg88CCbfLNQUaOWwO30zvo16YzyFDE_vGjCUlZkOyenY_aem_pDt64PJUyogTCJ5f_E6dtw\">https:\/\/1url.cz\/G19mC<\/a>\r\n\r\n<img loading=\"lazy\" decoding=\"async\" class=\"alignnone wp-image-30851\" src=\"https:\/\/uni.uhk.cz\/archeologie\/wp-content\/uploads\/2025\/02\/venue-places-1.jpg\" alt=\"\" width=\"722\" height=\"471\" srcset=\"https:\/\/uni.uhk.cz\/archeologie\/wp-content\/uploads\/2025\/02\/venue-places-1.jpg 1384w, https:\/\/uni.uhk.cz\/archeologie\/wp-content\/uploads\/2025\/02\/venue-places-1-300x196.jpg 300w, https:\/\/uni.uhk.cz\/archeologie\/wp-content\/uploads\/2025\/02\/venue-places-1-1024x668.jpg 1024w, https:\/\/uni.uhk.cz\/archeologie\/wp-content\/uploads\/2025\/02\/venue-places-1-768x501.jpg 768w, https:\/\/uni.uhk.cz\/archeologie\/wp-content\/uploads\/2025\/02\/venue-places-1-81x53.jpg 81w, https:\/\/uni.uhk.cz\/archeologie\/wp-content\/uploads\/2025\/02\/venue-places-1-600x391.jpg 600w\" sizes=\"auto, (max-width: 722px) 100vw, 722px\" \/>\r\n\r\n<strong>Conference places: Museum of Eastern Bohemia, Eli\u0161\u010dino n\u00e1b\u0159e\u017e\u00ed 465\/7, 500 03 Hradec Kr\u00e1lov\u00e9<\/strong>\r\n\r\n<strong>(50.2116117N, 15.8287739E). <\/strong>\r\n\r\n<strong>Free parking is available at UHK Building A (50.2025883N, 15.8311269E).<\/strong>\r\n\r\n<strong>Accommodation options in Hradec Kr\u00e1lov\u00e9 can be found at the following address:<\/strong>\r\n\r\n<a href=\"https:\/\/www.hotel.cz\/hradec-kralove\/\">https:\/\/www.hotel.cz\/hradec-kralove\/<\/a>\r\n\r\n<a href=\"https:\/\/www.booking.com\">https:\/\/www.booking.com<\/a>\r\n\r\n<img loading=\"lazy\" decoding=\"async\" class=\"alignnone wp-image-30850\" src=\"https:\/\/uni.uhk.cz\/archeologie\/wp-content\/uploads\/2025\/02\/MVC-1.jpg\" alt=\"\" width=\"249\" height=\"110\" srcset=\"https:\/\/uni.uhk.cz\/archeologie\/wp-content\/uploads\/2025\/02\/MVC-1.jpg 643w, https:\/\/uni.uhk.cz\/archeologie\/wp-content\/uploads\/2025\/02\/MVC-1-300x133.jpg 300w, https:\/\/uni.uhk.cz\/archeologie\/wp-content\/uploads\/2025\/02\/MVC-1-81x36.jpg 81w, https:\/\/uni.uhk.cz\/archeologie\/wp-content\/uploads\/2025\/02\/MVC-1-600x266.jpg 600w\" sizes=\"auto, (max-width: 249px) 100vw, 249px\" \/><img loading=\"lazy\" decoding=\"async\" class=\"wp-image-30849 alignleft\" src=\"https:\/\/uni.uhk.cz\/archeologie\/wp-content\/uploads\/2025\/02\/FF-UHK-1.jpg\" alt=\"\" width=\"217\" height=\"109\" srcset=\"https:\/\/uni.uhk.cz\/archeologie\/wp-content\/uploads\/2025\/02\/FF-UHK-1.jpg 905w, https:\/\/uni.uhk.cz\/archeologie\/wp-content\/uploads\/2025\/02\/FF-UHK-1-300x150.jpg 300w, https:\/\/uni.uhk.cz\/archeologie\/wp-content\/uploads\/2025\/02\/FF-UHK-1-768x385.jpg 768w, https:\/\/uni.uhk.cz\/archeologie\/wp-content\/uploads\/2025\/02\/FF-UHK-1-81x41.jpg 81w, https:\/\/uni.uhk.cz\/archeologie\/wp-content\/uploads\/2025\/02\/FF-UHK-1-600x301.jpg 600w\" sizes=\"auto, (max-width: 217px) 100vw, 217px\" \/>","protected":false},"excerpt":{"rendered":"<p>Dear colleagues, we would like to invite you to the 4th edition of the Conference on Archaeology of Conflicts. The topics are not only the battlefields and places of clashes, but also the problems of fortification architecture, material culture associated with conflicts, the impact of conflicts on the landscape, research of military-related production facilities, military [&hellip;]<\/p>\n","protected":false},"author":3,"featured_media":30848,"parent":0,"menu_order":0,"comment_status":"closed","ping_status":"closed","template":"","meta":{"_exactmetrics_skip_tracking":false,"_exactmetrics_sitenote_active":false,"_exactmetrics_sitenote_note":"","_exactmetrics_sitenote_category":0,"footnotes":""},"class_list":["post-30847","page","type-page","status-publish","has-post-thumbnail","hentry"],"yoast_head":"<!-- This site is optimized with the Yoast SEO plugin v27.2 - https:\/\/yoast.com\/product\/yoast-seo-wordpress\/ -->\n<title>Archaeology of Conflicts 2025 - Katedra archeologie<\/title>\n<meta name=\"robots\" content=\"index, follow, max-snippet:-1, max-image-preview:large, max-video-preview:-1\" \/>\n<link rel=\"canonical\" href=\"https:\/\/uni.uhk.cz\/archeologie\/?page_id=30847&lang=en\" \/>\n<meta property=\"og:locale\" content=\"cs_CZ\" \/>\n<meta property=\"og:type\" content=\"article\" \/>\n<meta property=\"og:title\" content=\"Archaeology of Conflicts 2025 - Katedra archeologie\" \/>\n<meta property=\"og:description\" content=\"Dear colleagues, we would like to invite you to the 4th edition of the Conference on Archaeology of Conflicts. The topics are not only the battlefields and places of clashes, but also the problems of fortification architecture, material culture associated with conflicts, the impact of conflicts on the landscape, research of military-related production facilities, military [&hellip;]\" \/>\n<meta property=\"og:url\" content=\"https:\/\/uni.uhk.cz\/archeologie\/?page_id=30847&amp;lang=en\" \/>\n<meta property=\"og:site_name\" content=\"Katedra archeologie\" \/>\n<meta property=\"article:modified_time\" content=\"2025-09-17T12:12:14+00:00\" \/>\n<meta property=\"og:image\" content=\"https:\/\/uni.uhk.cz\/archeologie\/wp-content\/uploads\/2025\/02\/AK2025-1.jpg\" \/>\n\t<meta property=\"og:image:width\" content=\"534\" \/>\n\t<meta property=\"og:image:height\" content=\"265\" \/>\n\t<meta property=\"og:image:type\" content=\"image\/jpeg\" \/>\n<meta name=\"twitter:card\" content=\"summary_large_image\" \/>\n<meta name=\"twitter:label1\" content=\"Odhadovan\u00e1 doba \u010dten\u00ed\" \/>\n\t<meta name=\"twitter:data1\" content=\"3 minuty\" \/>\n<script type=\"application\/ld+json\" class=\"yoast-schema-graph\">{\"@context\":\"https:\/\/schema.org\",\"@graph\":[{\"@type\":\"WebPage\",\"@id\":\"https:\/\/uni.uhk.cz\/archeologie\/?page_id=30847&lang=en\",\"url\":\"https:\/\/uni.uhk.cz\/archeologie\/?page_id=30847&lang=en\",\"name\":\"Archaeology of Conflicts 2025 - Katedra archeologie\",\"isPartOf\":{\"@id\":\"https:\/\/uni.uhk.cz\/archeologie\/#website\"},\"primaryImageOfPage\":{\"@id\":\"https:\/\/uni.uhk.cz\/archeologie\/?page_id=30847&lang=en#primaryimage\"},\"image\":{\"@id\":\"https:\/\/uni.uhk.cz\/archeologie\/?page_id=30847&lang=en#primaryimage\"},\"thumbnailUrl\":\"https:\/\/uni.uhk.cz\/archeologie\/wp-content\/uploads\/2025\/02\/AK2025-1.jpg\",\"datePublished\":\"2025-02-19T10:46:58+00:00\",\"dateModified\":\"2025-09-17T12:12:14+00:00\",\"breadcrumb\":{\"@id\":\"https:\/\/uni.uhk.cz\/archeologie\/?page_id=30847&lang=en#breadcrumb\"},\"inLanguage\":\"cs\",\"potentialAction\":[{\"@type\":\"ReadAction\",\"target\":[\"https:\/\/uni.uhk.cz\/archeologie\/?page_id=30847&lang=en\"]}]},{\"@type\":\"ImageObject\",\"inLanguage\":\"cs\",\"@id\":\"https:\/\/uni.uhk.cz\/archeologie\/?page_id=30847&lang=en#primaryimage\",\"url\":\"https:\/\/uni.uhk.cz\/archeologie\/wp-content\/uploads\/2025\/02\/AK2025-1.jpg\",\"contentUrl\":\"https:\/\/uni.uhk.cz\/archeologie\/wp-content\/uploads\/2025\/02\/AK2025-1.jpg\",\"width\":534,\"height\":265},{\"@type\":\"BreadcrumbList\",\"@id\":\"https:\/\/uni.uhk.cz\/archeologie\/?page_id=30847&lang=en#breadcrumb\",\"itemListElement\":[{\"@type\":\"ListItem\",\"position\":1,\"name\":\"Dom\u016f\",\"item\":\"https:\/\/uni.uhk.cz\/archeologie\/\"},{\"@type\":\"ListItem\",\"position\":2,\"name\":\"Archaeology of Conflicts 2025\"}]},{\"@type\":\"WebSite\",\"@id\":\"https:\/\/uni.uhk.cz\/archeologie\/#website\",\"url\":\"https:\/\/uni.uhk.cz\/archeologie\/\",\"name\":\"Katedra archeologie FF UHK\",\"description\":\"\",\"potentialAction\":[{\"@type\":\"SearchAction\",\"target\":{\"@type\":\"EntryPoint\",\"urlTemplate\":\"https:\/\/uni.uhk.cz\/archeologie\/?s={search_term_string}\"},\"query-input\":{\"@type\":\"PropertyValueSpecification\",\"valueRequired\":true,\"valueName\":\"search_term_string\"}}],\"inLanguage\":\"cs\"}]}<\/script>\n<!-- \/ Yoast SEO plugin. -->","yoast_head_json":{"title":"Archaeology of Conflicts 2025 - Katedra archeologie","robots":{"index":"index","follow":"follow","max-snippet":"max-snippet:-1","max-image-preview":"max-image-preview:large","max-video-preview":"max-video-preview:-1"},"canonical":"https:\/\/uni.uhk.cz\/archeologie\/?page_id=30847&lang=en","og_locale":"cs_CZ","og_type":"article","og_title":"Archaeology of Conflicts 2025 - Katedra archeologie","og_description":"Dear colleagues, we would like to invite you to the 4th edition of the Conference on Archaeology of Conflicts. The topics are not only the battlefields and places of clashes, but also the problems of fortification architecture, material culture associated with conflicts, the impact of conflicts on the landscape, research of military-related production facilities, military [&hellip;]","og_url":"https:\/\/uni.uhk.cz\/archeologie\/?page_id=30847&lang=en","og_site_name":"Katedra archeologie","article_modified_time":"2025-09-17T12:12:14+00:00","og_image":[{"width":534,"height":265,"url":"https:\/\/uni.uhk.cz\/archeologie\/wp-content\/uploads\/2025\/02\/AK2025-1.jpg","type":"image\/jpeg"}],"twitter_card":"summary_large_image","twitter_misc":{"Odhadovan\u00e1 doba \u010dten\u00ed":"3 minuty"},"schema":{"@context":"https:\/\/schema.org","@graph":[{"@type":"WebPage","@id":"https:\/\/uni.uhk.cz\/archeologie\/?page_id=30847&lang=en","url":"https:\/\/uni.uhk.cz\/archeologie\/?page_id=30847&lang=en","name":"Archaeology of Conflicts 2025 - Katedra archeologie","isPartOf":{"@id":"https:\/\/uni.uhk.cz\/archeologie\/#website"},"primaryImageOfPage":{"@id":"https:\/\/uni.uhk.cz\/archeologie\/?page_id=30847&lang=en#primaryimage"},"image":{"@id":"https:\/\/uni.uhk.cz\/archeologie\/?page_id=30847&lang=en#primaryimage"},"thumbnailUrl":"https:\/\/uni.uhk.cz\/archeologie\/wp-content\/uploads\/2025\/02\/AK2025-1.jpg","datePublished":"2025-02-19T10:46:58+00:00","dateModified":"2025-09-17T12:12:14+00:00","breadcrumb":{"@id":"https:\/\/uni.uhk.cz\/archeologie\/?page_id=30847&lang=en#breadcrumb"},"inLanguage":"cs","potentialAction":[{"@type":"ReadAction","target":["https:\/\/uni.uhk.cz\/archeologie\/?page_id=30847&lang=en"]}]},{"@type":"ImageObject","inLanguage":"cs","@id":"https:\/\/uni.uhk.cz\/archeologie\/?page_id=30847&lang=en#primaryimage","url":"https:\/\/uni.uhk.cz\/archeologie\/wp-content\/uploads\/2025\/02\/AK2025-1.jpg","contentUrl":"https:\/\/uni.uhk.cz\/archeologie\/wp-content\/uploads\/2025\/02\/AK2025-1.jpg","width":534,"height":265},{"@type":"BreadcrumbList","@id":"https:\/\/uni.uhk.cz\/archeologie\/?page_id=30847&lang=en#breadcrumb","itemListElement":[{"@type":"ListItem","position":1,"name":"Dom\u016f","item":"https:\/\/uni.uhk.cz\/archeologie\/"},{"@type":"ListItem","position":2,"name":"Archaeology of Conflicts 2025"}]},{"@type":"WebSite","@id":"https:\/\/uni.uhk.cz\/archeologie\/#website","url":"https:\/\/uni.uhk.cz\/archeologie\/","name":"Katedra archeologie FF UHK","description":"","potentialAction":[{"@type":"SearchAction","target":{"@type":"EntryPoint","urlTemplate":"https:\/\/uni.uhk.cz\/archeologie\/?s={search_term_string}"},"query-input":{"@type":"PropertyValueSpecification","valueRequired":true,"valueName":"search_term_string"}}],"inLanguage":"cs"}]}},"jetpack_sharing_enabled":true,"_links":{"self":[{"href":"https:\/\/uni.uhk.cz\/archeologie\/index.php?rest_route=\/wp\/v2\/pages\/30847","targetHints":{"allow":["GET"]}}],"collection":[{"href":"https:\/\/uni.uhk.cz\/archeologie\/index.php?rest_route=\/wp\/v2\/pages"}],"about":[{"href":"https:\/\/uni.uhk.cz\/archeologie\/index.php?rest_route=\/wp\/v2\/types\/page"}],"author":[{"embeddable":true,"href":"https:\/\/uni.uhk.cz\/archeologie\/index.php?rest_route=\/wp\/v2\/users\/3"}],"replies":[{"embeddable":true,"href":"https:\/\/uni.uhk.cz\/archeologie\/index.php?rest_route=%2Fwp%2Fv2%2Fcomments&post=30847"}],"version-history":[{"count":5,"href":"https:\/\/uni.uhk.cz\/archeologie\/index.php?rest_route=\/wp\/v2\/pages\/30847\/revisions"}],"predecessor-version":[{"id":31220,"href":"https:\/\/uni.uhk.cz\/archeologie\/index.php?rest_route=\/wp\/v2\/pages\/30847\/revisions\/31220"}],"wp:featuredmedia":[{"embeddable":true,"href":"https:\/\/uni.uhk.cz\/archeologie\/index.php?rest_route=\/wp\/v2\/media\/30848"}],"wp:attachment":[{"href":"https:\/\/uni.uhk.cz\/archeologie\/index.php?rest_route=%2Fwp%2Fv2%2Fmedia&parent=30847"}],"curies":[{"name":"wp","href":"https:\/\/api.w.org\/{rel}","templated":true}]}}