{"id":30699,"date":"2024-12-06T15:25:31","date_gmt":"2024-12-06T13:25:31","guid":{"rendered":"https:\/\/uni.uhk.cz\/archeologie\/?page_id=30699"},"modified":"2026-01-13T20:20:20","modified_gmt":"2026-01-13T18:20:20","slug":"pocitacova-podpora-v-archeologii-2025-umela-inteligence-a-strojove-uceni-v-archeologii","status":"publish","type":"page","link":"https:\/\/uni.uhk.cz\/archeologie\/?page_id=30699","title":{"rendered":"Po\u010d\u00edta\u010dov\u00e1 podpora v archeologii 2025: Um\u011bl\u00e1 inteligence a strojov\u00e9 u\u010den\u00ed v archeologii"},"content":{"rendered":"<section class=\"no-padding\"><div class=\"container\"><div class=\"row\"><div class=\"wpb_column hcode-column-container no-padding vc_col-sm-12 col-xs-mobile-fullwidth\" data-front-class=\"no-padding col-xs-mobile-fullwidth\"><div class=\"vc-column-innner-wrapper\"><p><strong><img loading=\"lazy\" decoding=\"async\" class=\"alignnone size-full wp-image-30733\" src=\"https:\/\/uni.uhk.cz\/archeologie\/wp-content\/uploads\/2024\/12\/PPA25_web-scaled.jpg\" alt=\"\" width=\"2560\" height=\"640\" srcset=\"https:\/\/uni.uhk.cz\/archeologie\/wp-content\/uploads\/2024\/12\/PPA25_web-scaled.jpg 2560w, https:\/\/uni.uhk.cz\/archeologie\/wp-content\/uploads\/2024\/12\/PPA25_web-300x75.jpg 300w, https:\/\/uni.uhk.cz\/archeologie\/wp-content\/uploads\/2024\/12\/PPA25_web-1024x256.jpg 1024w, https:\/\/uni.uhk.cz\/archeologie\/wp-content\/uploads\/2024\/12\/PPA25_web-768x192.jpg 768w, https:\/\/uni.uhk.cz\/archeologie\/wp-content\/uploads\/2024\/12\/PPA25_web-1536x384.jpg 1536w, https:\/\/uni.uhk.cz\/archeologie\/wp-content\/uploads\/2024\/12\/PPA25_web-2048x512.jpg 2048w, https:\/\/uni.uhk.cz\/archeologie\/wp-content\/uploads\/2024\/12\/PPA25_web-81x20.jpg 81w, https:\/\/uni.uhk.cz\/archeologie\/wp-content\/uploads\/2024\/12\/PPA25_web-600x150.jpg 600w\" sizes=\"auto, (max-width: 2560px) 100vw, 2560px\" \/><\/strong><\/p>\n<p><strong>24. ro\u010dn\u00edk konference Po\u010d\u00edta\u010dov\u00e1 podpora v archeologii<\/strong> se bude konat ve dnech <strong>26.\u00a0 \u2013 28. kv\u011btna 2025<\/strong> v\u00a0malebn\u00e9m prost\u0159ed\u00ed <strong><a href=\"https:\/\/www.dumhostu.cz\/\" target=\"_blank\" rel=\"noopener\">Broumovsk\u00e9ho kl\u00e1\u0161tera<\/a>.<\/strong><\/p>\n<p>Jako ji\u017e tradi\u010dn\u011b bude konference zam\u011b\u0159ena a u\u017eit\u00ed digit\u00e1ln\u00edch metod a modern\u00edch technologi\u00ed v archeologii.\u00a0Hlavn\u00edm t\u00e9matem konference je <strong>um\u011bl\u00e1 inteligence a strojov\u00e9 u\u010den\u00ed v\u00a0archeologii<\/strong>. Uv\u00edt\u00e1me proto p\u0159\u00edsp\u011bvky, kter\u00e9 se v\u011bnuj\u00ed vyu\u017eit\u00ed relativn\u011b nov\u00fdch mo\u017enost\u00ed, kter\u00e9 n\u00e1m tyto bou\u0159liv\u011b se rozv\u00edjej\u00edc\u00ed metody nab\u00edzej\u00ed. Pochopiteln\u011b p\u0159iv\u00edt\u00e1me p\u0159\u00edsp\u011bvky i z\u00a0jin\u00fdch tradi\u010dn\u00edch tematick\u00fdch okruh\u016f.<\/p>\n<\/div><\/div><\/div><\/div><\/section><section class=\"padding-one\"><div class=\"container\"><div class=\"row\"><div class=\"wpb_column hcode-column-container padding-right-four vc_col-sm-12 col-xs-mobile-fullwidth\" data-front-class=\"padding-right-four col-xs-mobile-fullwidth\"><div class=\"vc-column-innner-wrapper\"><div class=\"panel-group accordion-style3\" id=\"1733492498\" ><div class=\"panel panel-default\"><div class=\"panel-heading \"><a data-toggle=\"collapse\" data-parent=\"#1733492498\" href=\"#accordian-panel-1\"><h4 class=\"panel-title\" ><i class=\"fas fa-book extra-small-icon vertical-align-middle\"><\/i> Program konference<span class=\"pull-right\"><i class=\"fas fa-angle-down\"><\/i><\/span><\/h4><\/a><\/div><div id=\"accordian-panel-1\" class=\"panel-collapse collapse \"><div class=\"panel-body\"><p><a href=\"https:\/\/uni.uhk.cz\/archeologie\/wp-content\/uploads\/2026\/01\/PPA_program_update2026lr-scaled.png\">Kompletn\u00ed program<\/a><\/p>\n<p><a href=\"https:\/\/uni.uhk.cz\/archeologie\/wp-content\/uploads\/2025\/05\/PPA_brozura_abstract_book_WEB.pdf\">Abstract book<\/a><\/p>\n<\/div><\/div><\/div><div class=\"panel panel-default\"><div class=\"panel-heading \"><a data-toggle=\"collapse\" data-parent=\"#1733492498\" href=\"#accordian-panel-2\"><h4 class=\"panel-title\" ><i class=\"fab fa-houzz extra-small-icon vertical-align-middle\"><\/i> M\u00edsto kon\u00e1n\u00ed<span class=\"pull-right\"><i class=\"fas fa-angle-down\"><\/i><\/span><\/h4><\/a><\/div><div id=\"accordian-panel-2\" class=\"panel-collapse collapse \"><div class=\"panel-body\"><div class=\"col-md-2 col-sm-2 col-xs-6 no-padding xs-margin-bottom-five\"><img loading=\"lazy\" decoding=\"async\" width=\"1370\" height=\"1370\" src=\"https:\/\/uni.uhk.cz\/archeologie\/wp-content\/uploads\/2024\/12\/PPA25_kruh-1.png\" class=\"white-round-border no-border spa-packages-img\" alt=\"\" srcset=\"https:\/\/uni.uhk.cz\/archeologie\/wp-content\/uploads\/2024\/12\/PPA25_kruh-1.png 1370w, https:\/\/uni.uhk.cz\/archeologie\/wp-content\/uploads\/2024\/12\/PPA25_kruh-1-300x300.png 300w, https:\/\/uni.uhk.cz\/archeologie\/wp-content\/uploads\/2024\/12\/PPA25_kruh-1-1024x1024.png 1024w, https:\/\/uni.uhk.cz\/archeologie\/wp-content\/uploads\/2024\/12\/PPA25_kruh-1-150x150.png 150w, https:\/\/uni.uhk.cz\/archeologie\/wp-content\/uploads\/2024\/12\/PPA25_kruh-1-768x768.png 768w, https:\/\/uni.uhk.cz\/archeologie\/wp-content\/uploads\/2024\/12\/PPA25_kruh-1-81x81.png 81w, https:\/\/uni.uhk.cz\/archeologie\/wp-content\/uploads\/2024\/12\/PPA25_kruh-1-600x600.png 600w, https:\/\/uni.uhk.cz\/archeologie\/wp-content\/uploads\/2024\/12\/PPA25_kruh-1-100x100.png 100w\" sizes=\"auto, (max-width: 1370px) 100vw, 1370px\" \/><\/div><div class=\"col-md-9 col-sm-9 col-xs-12 sm-pull-right col-md-offset-1 no-padding\"><p>Konference se bude odehr\u00e1vat v are\u00e1lu Broumovsk\u00e9ho kl\u00e1\u0161tera. Broumovsk\u00fd kl\u00e1\u0161ter \u0159\u00e1du svat\u00e9ho Benedikta byl zalo\u017een ve 14. stolet\u00ed. Budovy po\u010d\u00e1tkem 18. stolet\u00ed v barokn\u00edm slohu p\u0159estav\u011bli Kry\u0161tof Dientzenhofer a jeho syn Kili\u00e1n Ign\u00e1c. Konference se bude odehr\u00e1vat v\u00a0prostor\u00e1ch tzv. Opatsk\u00fdch s\u00e1l\u016f.<\/p>\n<p><a href=\"https:\/\/www.google.com\/maps\/place\/Kl%C3%A1%C5%A1ter+Broumov\/@50.5813006,16.3335701,15.54z\/data=!4m6!3m5!1s0x470e431636046ef3:0xed1bf13b9101775a!8m2!3d50.5866287!4d16.3336243!16s%2Fg%2F1229c0qq?authuser=0&amp;entry=ttu&amp;g_ep=EgoyMDI0MTExOS4yIKXMDSoASAFQAw%3D%3D\">MAPA<\/a><\/p>\n<\/div><\/div><\/div><\/div><div class=\"panel panel-default\"><div class=\"panel-heading \"><a data-toggle=\"collapse\" data-parent=\"#1733492498\" href=\"#accordian-panel-3\"><h4 class=\"panel-title\" ><i class=\"fas fa-bath extra-small-icon vertical-align-middle\"><\/i> Ubytov\u00e1n\u00ed<span class=\"pull-right\"><i class=\"fas fa-angle-down\"><\/i><\/span><\/h4><\/a><\/div><div id=\"accordian-panel-3\" class=\"panel-collapse collapse \"><div class=\"panel-body\"><div class=\"col-md-2 col-sm-2 col-xs-6 no-padding xs-margin-bottom-five\"><img loading=\"lazy\" decoding=\"async\" width=\"1370\" height=\"1370\" src=\"https:\/\/uni.uhk.cz\/archeologie\/wp-content\/uploads\/2024\/12\/PPA25_kruh-2.png\" class=\"white-round-border no-border spa-packages-img\" alt=\"\" srcset=\"https:\/\/uni.uhk.cz\/archeologie\/wp-content\/uploads\/2024\/12\/PPA25_kruh-2.png 1370w, https:\/\/uni.uhk.cz\/archeologie\/wp-content\/uploads\/2024\/12\/PPA25_kruh-2-300x300.png 300w, https:\/\/uni.uhk.cz\/archeologie\/wp-content\/uploads\/2024\/12\/PPA25_kruh-2-1024x1024.png 1024w, https:\/\/uni.uhk.cz\/archeologie\/wp-content\/uploads\/2024\/12\/PPA25_kruh-2-150x150.png 150w, https:\/\/uni.uhk.cz\/archeologie\/wp-content\/uploads\/2024\/12\/PPA25_kruh-2-768x768.png 768w, https:\/\/uni.uhk.cz\/archeologie\/wp-content\/uploads\/2024\/12\/PPA25_kruh-2-81x81.png 81w, https:\/\/uni.uhk.cz\/archeologie\/wp-content\/uploads\/2024\/12\/PPA25_kruh-2-600x600.png 600w, https:\/\/uni.uhk.cz\/archeologie\/wp-content\/uploads\/2024\/12\/PPA25_kruh-2-100x100.png 100w\" sizes=\"auto, (max-width: 1370px) 100vw, 1370px\" \/><\/div><div class=\"col-md-9 col-sm-9 col-xs-12 sm-pull-right col-md-offset-1 no-padding\"><p>Ubytov\u00e1n\u00ed je mo\u017en\u00e9 p\u0159\u00edmo v are\u00e1lu kl\u00e1\u0161tera nebo v\u00a0Hotelu Veba v\u00a0Broumov\u011b. V p\u0159\u00edpad\u011b napln\u011bn\u00ed rezervovan\u00fdch kapacit je mo\u017en\u00e9 vyu\u017e\u00edt i ubytov\u00e1n\u00ed i dal\u0161\u00edch ubytovac\u00edch za\u0159\u00edzen\u00edch ve m\u011bst\u011b.<\/p>\n<p>Ubytov\u00e1n\u00ed v <strong><a href=\"https:\/\/www.dumhostu.cz\/pokoje\" target=\"_blank\" rel=\"noopener\">Broumovsk\u00e9m kl\u00e1\u0161te\u0159e<\/a><\/strong><\/p>\n<p>Ubytov\u00e1n\u00ed v <a href=\"https:\/\/www.hotelveba.cz\/\" target=\"_blank\" rel=\"noopener\"><strong>Hotelu Veba<\/strong><\/a><\/p>\n<p>Rezervaci ubytov\u00e1n\u00ed prov\u00e1d\u011bjte v\u00fdhradn\u011b prost\u0159ednictv\u00edm registra\u010dn\u00edho formul\u00e1\u0159e, nebo n\u00e1s kontaktuje na telefonn\u00edm \u010d\u00edsle +420 705 772 197 (Mgr. Jan Fi\u0161er).<\/p>\n<p>Pro omezen\u00fd po\u010det student\u016f (24), kte\u0159\u00ed se budou konference \u00fa\u010dastnit s\u00a0p\u0159\u00edsp\u011bvky hrad\u00ed ubytov\u00e1n\u00ed ve spole\u010dn\u00e9m pokoji organiz\u00e1to\u0159i. Plat\u00ed pravidlo: \u201eKdo d\u0159\u00edv p\u0159ijde, ten d\u0159\u00edv mele!\u201c.<\/p>\n<p>\u00dahrady za ubytov\u00e1n\u00ed budou \u0159e\u0161eny na m\u00edst\u011b p\u0159\u00edmo s provozovatelem. V cen\u011b ubytov\u00e1n\u00ed jsou zahrnuty sn\u00eddan\u011b.<\/p>\n<\/div><\/div><\/div><\/div><div class=\"panel panel-default\"><div class=\"panel-heading \"><a data-toggle=\"collapse\" data-parent=\"#1733492498\" href=\"#accordian-panel-4\"><h4 class=\"panel-title\" ><i class=\"fas fa-pepper-hot extra-small-icon vertical-align-middle\"><\/i> Stravov\u00e1n\u00ed<span class=\"pull-right\"><i class=\"fas fa-angle-down\"><\/i><\/span><\/h4><\/a><\/div><div id=\"accordian-panel-4\" class=\"panel-collapse collapse \"><div class=\"panel-body\"><div class=\"col-md-2 col-sm-2 col-xs-6 no-padding xs-margin-bottom-five\"><img loading=\"lazy\" decoding=\"async\" width=\"1370\" height=\"1370\" src=\"https:\/\/uni.uhk.cz\/archeologie\/wp-content\/uploads\/2024\/12\/PPA25_kruh-3.png\" class=\"white-round-border no-border spa-packages-img\" alt=\"\" srcset=\"https:\/\/uni.uhk.cz\/archeologie\/wp-content\/uploads\/2024\/12\/PPA25_kruh-3.png 1370w, https:\/\/uni.uhk.cz\/archeologie\/wp-content\/uploads\/2024\/12\/PPA25_kruh-3-300x300.png 300w, https:\/\/uni.uhk.cz\/archeologie\/wp-content\/uploads\/2024\/12\/PPA25_kruh-3-1024x1024.png 1024w, https:\/\/uni.uhk.cz\/archeologie\/wp-content\/uploads\/2024\/12\/PPA25_kruh-3-150x150.png 150w, https:\/\/uni.uhk.cz\/archeologie\/wp-content\/uploads\/2024\/12\/PPA25_kruh-3-768x768.png 768w, https:\/\/uni.uhk.cz\/archeologie\/wp-content\/uploads\/2024\/12\/PPA25_kruh-3-81x81.png 81w, https:\/\/uni.uhk.cz\/archeologie\/wp-content\/uploads\/2024\/12\/PPA25_kruh-3-600x600.png 600w, https:\/\/uni.uhk.cz\/archeologie\/wp-content\/uploads\/2024\/12\/PPA25_kruh-3-100x100.png 100w\" sizes=\"auto, (max-width: 1370px) 100vw, 1370px\" \/><\/div><div class=\"col-md-9 col-sm-9 col-xs-12 sm-pull-right col-md-offset-1 no-padding\"><p>Stravov\u00e1n\u00ed v pr\u016fb\u011bhu konference je zaji\u0161t\u011bno v <a href=\"https:\/\/www.dumhostu.cz\/restaurace\" target=\"_blank\" rel=\"noopener\"><strong>Restaurace U T\u0159\u00ed r\u016f\u017e\u00ed<\/strong><\/a>, kter\u00e1 se nach\u00e1z\u00ed v kl\u00e1\u0161tern\u00edm are\u00e1lu.<\/p>\n<p>Ob\u011bdy a ve\u010de\u0159e si \u00fa\u010dastn\u00edci hrad\u00ed sami. Sn\u00eddan\u011b jsou v\u00a0cen\u011b ubytov\u00e1n\u00ed. V\u00a0registra\u010dn\u00edm formul\u00e1\u0159i si pros\u00edm vyberte z nab\u00edzen\u00fdch mo\u017enost\u00ed ob\u011bd\u016f a ve\u010de\u0159\u00ed.<\/p>\n<p>Z registra\u010dn\u00edho poplatku je hrazeno ob\u010derstven\u00ed p\u0159i pauz\u00e1ch a \u00fatern\u00ed raut. Ostatn\u00ed konzumaci j\u00eddla a pit\u00ed si \u00fa\u010dastn\u00edci hrad\u00ed samostatn\u011b.<\/p>\n<\/div><\/div><\/div><\/div><div class=\"panel panel-default\"><div class=\"panel-heading \"><a data-toggle=\"collapse\" data-parent=\"#1733492498\" href=\"#accordian-panel-5\"><h4 class=\"panel-title\" ><i class=\"fas fa-robot extra-small-icon vertical-align-middle\"><\/i> Registrace<span class=\"pull-right\"><i class=\"fas fa-angle-down\"><\/i><\/span><\/h4><\/a><\/div><div id=\"accordian-panel-5\" class=\"panel-collapse collapse \"><div class=\"panel-body\"><div class=\"col-md-2 col-sm-2 col-xs-6 no-padding xs-margin-bottom-five\"><img loading=\"lazy\" decoding=\"async\" width=\"1370\" height=\"1370\" src=\"https:\/\/uni.uhk.cz\/archeologie\/wp-content\/uploads\/2024\/12\/PPA25_kruh-4.png\" class=\"white-round-border no-border spa-packages-img\" alt=\"\" srcset=\"https:\/\/uni.uhk.cz\/archeologie\/wp-content\/uploads\/2024\/12\/PPA25_kruh-4.png 1370w, https:\/\/uni.uhk.cz\/archeologie\/wp-content\/uploads\/2024\/12\/PPA25_kruh-4-300x300.png 300w, https:\/\/uni.uhk.cz\/archeologie\/wp-content\/uploads\/2024\/12\/PPA25_kruh-4-1024x1024.png 1024w, https:\/\/uni.uhk.cz\/archeologie\/wp-content\/uploads\/2024\/12\/PPA25_kruh-4-150x150.png 150w, https:\/\/uni.uhk.cz\/archeologie\/wp-content\/uploads\/2024\/12\/PPA25_kruh-4-768x768.png 768w, https:\/\/uni.uhk.cz\/archeologie\/wp-content\/uploads\/2024\/12\/PPA25_kruh-4-81x81.png 81w, https:\/\/uni.uhk.cz\/archeologie\/wp-content\/uploads\/2024\/12\/PPA25_kruh-4-600x600.png 600w, https:\/\/uni.uhk.cz\/archeologie\/wp-content\/uploads\/2024\/12\/PPA25_kruh-4-100x100.png 100w\" sizes=\"auto, (max-width: 1370px) 100vw, 1370px\" \/><\/div><div class=\"col-md-9 col-sm-9 col-xs-12 sm-pull-right col-md-offset-1 no-padding\"><p>Term\u00edn pro p\u0159ihl\u00e1\u0161en\u00ed p\u0159\u00edsp\u011bvk\u016f a rezervaci ubytov\u00e1n\u00ed na konferenci vypr\u0161el 22. 4. 2025.<\/p>\n<p>Abstrakty p\u0159ihl\u00e1\u0161en\u00fdch p\u0159\u00edsp\u011bvk\u016f pros\u00edm za\u0161lete do <strong>30. 4. 2025<\/strong> na email <a href=\"mailto:ppa2025@uhk.cz\">ppa2025@uhk.cz<\/a><\/p>\n<p>Registra\u010dn\u00ed poplatek \u010din\u00ed 1500 Kc\u030c. Sn\u00ed\u017een\u00fd registra\u010dn\u00ed poplatek pro studenty \u010din\u00ed 700 Kc\u030c. Student\u016fm s p\u0159\u00edsp\u011bvkem bude registra\u010dn\u00ed poplatek odpu\u0161t\u011bn. Poplatek krom\u011b organiza\u010dn\u00edch n\u00e1kladu\u030a pokr\u00fdv\u00e1 drobn\u00e9 ob\u010derstven\u00ed v pr\u016fb\u011bhu konference a raut.<\/p>\n<p>P\u0159i platb\u011b registra\u010dn\u00edho poplatku postupujte dle instrukc\u00ed n\u00ed\u017ee. \u00dahrada je mo\u017en\u00e1 nejpozd\u011bji <strong>do 22. 4. 2025<\/strong>. V\u00fdjimky (nap\u0159. placen\u00ed na m\u00edst\u011b) je nutno dojednat s po\u0159adateli p\u0159edem.<br \/>\nPokud budete po\u017eadovat doklad platb\u011b registra\u010dn\u00edho poplatku, bude v\u00e1m na z\u00e1klad\u011b faktura\u010dn\u00edch \u00fadaj\u016f vypln\u011bn\u00fdch v\u00a0registra\u010dn\u00edm formul\u00e1\u0159i vystavena z\u00e1lohov\u00e1 faktura.<br \/>\nPokud doklad o platb\u011b nepot\u0159ebujete, platbu prove\u010fte na \u00fa\u010det <strong>\u010d.<\/strong><strong>\u202f27 33<\/strong><strong>\u202f582\/0800, VS 0376000125<\/strong>.<\/p>\n<\/div><\/div><\/div><\/div><\/div><\/div><\/div><\/div><\/div><\/section>","protected":false},"excerpt":{"rendered":"<p>24. ro\u010dn\u00edk konference Po\u010d\u00edta\u010dov\u00e1 podpora v archeologii se bude konat ve dnech 26.\u00a0 \u2013 28. kv\u011btna 2025 v\u00a0malebn\u00e9m prost\u0159ed\u00ed Broumovsk\u00e9ho kl\u00e1\u0161tera. Jako ji\u017e tradi\u010dn\u011b bude konference zam\u011b\u0159ena a u\u017eit\u00ed digit\u00e1ln\u00edch metod a modern\u00edch technologi\u00ed v archeologii.\u00a0Hlavn\u00edm t\u00e9matem konference je um\u011bl\u00e1 inteligence a strojov\u00e9 u\u010den\u00ed v\u00a0archeologii. Uv\u00edt\u00e1me proto p\u0159\u00edsp\u011bvky, kter\u00e9 se v\u011bnuj\u00ed vyu\u017eit\u00ed relativn\u011b nov\u00fdch mo\u017enost\u00ed, [&hellip;]<\/p>\n","protected":false},"author":3,"featured_media":30701,"parent":0,"menu_order":0,"comment_status":"closed","ping_status":"closed","template":"","meta":{"_exactmetrics_skip_tracking":false,"_exactmetrics_sitenote_active":false,"_exactmetrics_sitenote_note":"","_exactmetrics_sitenote_category":0,"footnotes":""},"class_list":["post-30699","page","type-page","status-publish","has-post-thumbnail","hentry"],"yoast_head":"<!-- This site is optimized with the Yoast SEO plugin v27.2 - https:\/\/yoast.com\/product\/yoast-seo-wordpress\/ -->\n<title>Po\u010d\u00edta\u010dov\u00e1 podpora v archeologii 2025: Um\u011bl\u00e1 inteligence a strojov\u00e9 u\u010den\u00ed v archeologii - Katedra archeologie<\/title>\n<meta name=\"robots\" content=\"index, follow, max-snippet:-1, max-image-preview:large, max-video-preview:-1\" \/>\n<link rel=\"canonical\" href=\"https:\/\/uni.uhk.cz\/archeologie\/?page_id=30699\" \/>\n<meta property=\"og:locale\" content=\"cs_CZ\" \/>\n<meta property=\"og:type\" content=\"article\" \/>\n<meta property=\"og:title\" content=\"Po\u010d\u00edta\u010dov\u00e1 podpora v archeologii 2025: Um\u011bl\u00e1 inteligence a strojov\u00e9 u\u010den\u00ed v archeologii - Katedra archeologie\" \/>\n<meta property=\"og:description\" content=\"24. ro\u010dn\u00edk konference Po\u010d\u00edta\u010dov\u00e1 podpora v archeologii se bude konat ve dnech 26.\u00a0 \u2013 28. kv\u011btna 2025 v\u00a0malebn\u00e9m prost\u0159ed\u00ed Broumovsk\u00e9ho kl\u00e1\u0161tera. Jako ji\u017e tradi\u010dn\u011b bude konference zam\u011b\u0159ena a u\u017eit\u00ed digit\u00e1ln\u00edch metod a modern\u00edch technologi\u00ed v archeologii.\u00a0Hlavn\u00edm t\u00e9matem konference je um\u011bl\u00e1 inteligence a strojov\u00e9 u\u010den\u00ed v\u00a0archeologii. Uv\u00edt\u00e1me proto p\u0159\u00edsp\u011bvky, kter\u00e9 se v\u011bnuj\u00ed vyu\u017eit\u00ed relativn\u011b nov\u00fdch mo\u017enost\u00ed, [&hellip;]\" \/>\n<meta property=\"og:url\" content=\"https:\/\/uni.uhk.cz\/archeologie\/?page_id=30699\" \/>\n<meta property=\"og:site_name\" content=\"Katedra archeologie\" \/>\n<meta property=\"article:modified_time\" content=\"2026-01-13T18:20:20+00:00\" \/>\n<meta property=\"og:image\" content=\"https:\/\/uni.uhk.cz\/archeologie\/wp-content\/uploads\/2024\/12\/PPA_web2-scaled-e1733491840570.jpg\" \/>\n\t<meta property=\"og:image:width\" content=\"1920\" \/>\n\t<meta property=\"og:image:height\" content=\"480\" \/>\n\t<meta property=\"og:image:type\" content=\"image\/jpeg\" \/>\n<meta name=\"twitter:card\" content=\"summary_large_image\" \/>\n<meta name=\"twitter:label1\" content=\"Odhadovan\u00e1 doba \u010dten\u00ed\" \/>\n\t<meta name=\"twitter:data1\" content=\"4 minuty\" \/>\n<script type=\"application\/ld+json\" class=\"yoast-schema-graph\">{\"@context\":\"https:\/\/schema.org\",\"@graph\":[{\"@type\":\"WebPage\",\"@id\":\"https:\/\/uni.uhk.cz\/archeologie\/?page_id=30699\",\"url\":\"https:\/\/uni.uhk.cz\/archeologie\/?page_id=30699\",\"name\":\"Po\u010d\u00edta\u010dov\u00e1 podpora v archeologii 2025: Um\u011bl\u00e1 inteligence a strojov\u00e9 u\u010den\u00ed v archeologii - Katedra archeologie\",\"isPartOf\":{\"@id\":\"https:\/\/uni.uhk.cz\/archeologie\/#website\"},\"primaryImageOfPage\":{\"@id\":\"https:\/\/uni.uhk.cz\/archeologie\/?page_id=30699#primaryimage\"},\"image\":{\"@id\":\"https:\/\/uni.uhk.cz\/archeologie\/?page_id=30699#primaryimage\"},\"thumbnailUrl\":\"https:\/\/uni.uhk.cz\/archeologie\/wp-content\/uploads\/2024\/12\/PPA_web2-scaled-e1733491840570.jpg\",\"datePublished\":\"2024-12-06T13:25:31+00:00\",\"dateModified\":\"2026-01-13T18:20:20+00:00\",\"breadcrumb\":{\"@id\":\"https:\/\/uni.uhk.cz\/archeologie\/?page_id=30699#breadcrumb\"},\"inLanguage\":\"cs\",\"potentialAction\":[{\"@type\":\"ReadAction\",\"target\":[\"https:\/\/uni.uhk.cz\/archeologie\/?page_id=30699\"]}]},{\"@type\":\"ImageObject\",\"inLanguage\":\"cs\",\"@id\":\"https:\/\/uni.uhk.cz\/archeologie\/?page_id=30699#primaryimage\",\"url\":\"https:\/\/uni.uhk.cz\/archeologie\/wp-content\/uploads\/2024\/12\/PPA_web2-scaled-e1733491840570.jpg\",\"contentUrl\":\"https:\/\/uni.uhk.cz\/archeologie\/wp-content\/uploads\/2024\/12\/PPA_web2-scaled-e1733491840570.jpg\",\"width\":1920,\"height\":480},{\"@type\":\"BreadcrumbList\",\"@id\":\"https:\/\/uni.uhk.cz\/archeologie\/?page_id=30699#breadcrumb\",\"itemListElement\":[{\"@type\":\"ListItem\",\"position\":1,\"name\":\"Dom\u016f\",\"item\":\"https:\/\/uni.uhk.cz\/archeologie\/\"},{\"@type\":\"ListItem\",\"position\":2,\"name\":\"Po\u010d\u00edta\u010dov\u00e1 podpora v archeologii 2025: Um\u011bl\u00e1 inteligence a strojov\u00e9 u\u010den\u00ed v archeologii\"}]},{\"@type\":\"WebSite\",\"@id\":\"https:\/\/uni.uhk.cz\/archeologie\/#website\",\"url\":\"https:\/\/uni.uhk.cz\/archeologie\/\",\"name\":\"Katedra archeologie FF UHK\",\"description\":\"\",\"potentialAction\":[{\"@type\":\"SearchAction\",\"target\":{\"@type\":\"EntryPoint\",\"urlTemplate\":\"https:\/\/uni.uhk.cz\/archeologie\/?s={search_term_string}\"},\"query-input\":{\"@type\":\"PropertyValueSpecification\",\"valueRequired\":true,\"valueName\":\"search_term_string\"}}],\"inLanguage\":\"cs\"}]}<\/script>\n<!-- \/ Yoast SEO plugin. -->","yoast_head_json":{"title":"Po\u010d\u00edta\u010dov\u00e1 podpora v archeologii 2025: Um\u011bl\u00e1 inteligence a strojov\u00e9 u\u010den\u00ed v archeologii - Katedra archeologie","robots":{"index":"index","follow":"follow","max-snippet":"max-snippet:-1","max-image-preview":"max-image-preview:large","max-video-preview":"max-video-preview:-1"},"canonical":"https:\/\/uni.uhk.cz\/archeologie\/?page_id=30699","og_locale":"cs_CZ","og_type":"article","og_title":"Po\u010d\u00edta\u010dov\u00e1 podpora v archeologii 2025: Um\u011bl\u00e1 inteligence a strojov\u00e9 u\u010den\u00ed v archeologii - Katedra archeologie","og_description":"24. ro\u010dn\u00edk konference Po\u010d\u00edta\u010dov\u00e1 podpora v archeologii se bude konat ve dnech 26.\u00a0 \u2013 28. kv\u011btna 2025 v\u00a0malebn\u00e9m prost\u0159ed\u00ed Broumovsk\u00e9ho kl\u00e1\u0161tera. Jako ji\u017e tradi\u010dn\u011b bude konference zam\u011b\u0159ena a u\u017eit\u00ed digit\u00e1ln\u00edch metod a modern\u00edch technologi\u00ed v archeologii.\u00a0Hlavn\u00edm t\u00e9matem konference je um\u011bl\u00e1 inteligence a strojov\u00e9 u\u010den\u00ed v\u00a0archeologii. Uv\u00edt\u00e1me proto p\u0159\u00edsp\u011bvky, kter\u00e9 se v\u011bnuj\u00ed vyu\u017eit\u00ed relativn\u011b nov\u00fdch mo\u017enost\u00ed, [&hellip;]","og_url":"https:\/\/uni.uhk.cz\/archeologie\/?page_id=30699","og_site_name":"Katedra archeologie","article_modified_time":"2026-01-13T18:20:20+00:00","og_image":[{"width":1920,"height":480,"url":"https:\/\/uni.uhk.cz\/archeologie\/wp-content\/uploads\/2024\/12\/PPA_web2-scaled-e1733491840570.jpg","type":"image\/jpeg"}],"twitter_card":"summary_large_image","twitter_misc":{"Odhadovan\u00e1 doba \u010dten\u00ed":"4 minuty"},"schema":{"@context":"https:\/\/schema.org","@graph":[{"@type":"WebPage","@id":"https:\/\/uni.uhk.cz\/archeologie\/?page_id=30699","url":"https:\/\/uni.uhk.cz\/archeologie\/?page_id=30699","name":"Po\u010d\u00edta\u010dov\u00e1 podpora v archeologii 2025: Um\u011bl\u00e1 inteligence a strojov\u00e9 u\u010den\u00ed v archeologii - Katedra archeologie","isPartOf":{"@id":"https:\/\/uni.uhk.cz\/archeologie\/#website"},"primaryImageOfPage":{"@id":"https:\/\/uni.uhk.cz\/archeologie\/?page_id=30699#primaryimage"},"image":{"@id":"https:\/\/uni.uhk.cz\/archeologie\/?page_id=30699#primaryimage"},"thumbnailUrl":"https:\/\/uni.uhk.cz\/archeologie\/wp-content\/uploads\/2024\/12\/PPA_web2-scaled-e1733491840570.jpg","datePublished":"2024-12-06T13:25:31+00:00","dateModified":"2026-01-13T18:20:20+00:00","breadcrumb":{"@id":"https:\/\/uni.uhk.cz\/archeologie\/?page_id=30699#breadcrumb"},"inLanguage":"cs","potentialAction":[{"@type":"ReadAction","target":["https:\/\/uni.uhk.cz\/archeologie\/?page_id=30699"]}]},{"@type":"ImageObject","inLanguage":"cs","@id":"https:\/\/uni.uhk.cz\/archeologie\/?page_id=30699#primaryimage","url":"https:\/\/uni.uhk.cz\/archeologie\/wp-content\/uploads\/2024\/12\/PPA_web2-scaled-e1733491840570.jpg","contentUrl":"https:\/\/uni.uhk.cz\/archeologie\/wp-content\/uploads\/2024\/12\/PPA_web2-scaled-e1733491840570.jpg","width":1920,"height":480},{"@type":"BreadcrumbList","@id":"https:\/\/uni.uhk.cz\/archeologie\/?page_id=30699#breadcrumb","itemListElement":[{"@type":"ListItem","position":1,"name":"Dom\u016f","item":"https:\/\/uni.uhk.cz\/archeologie\/"},{"@type":"ListItem","position":2,"name":"Po\u010d\u00edta\u010dov\u00e1 podpora v archeologii 2025: Um\u011bl\u00e1 inteligence a strojov\u00e9 u\u010den\u00ed v archeologii"}]},{"@type":"WebSite","@id":"https:\/\/uni.uhk.cz\/archeologie\/#website","url":"https:\/\/uni.uhk.cz\/archeologie\/","name":"Katedra archeologie FF UHK","description":"","potentialAction":[{"@type":"SearchAction","target":{"@type":"EntryPoint","urlTemplate":"https:\/\/uni.uhk.cz\/archeologie\/?s={search_term_string}"},"query-input":{"@type":"PropertyValueSpecification","valueRequired":true,"valueName":"search_term_string"}}],"inLanguage":"cs"}]}},"jetpack_sharing_enabled":true,"_links":{"self":[{"href":"https:\/\/uni.uhk.cz\/archeologie\/index.php?rest_route=\/wp\/v2\/pages\/30699","targetHints":{"allow":["GET"]}}],"collection":[{"href":"https:\/\/uni.uhk.cz\/archeologie\/index.php?rest_route=\/wp\/v2\/pages"}],"about":[{"href":"https:\/\/uni.uhk.cz\/archeologie\/index.php?rest_route=\/wp\/v2\/types\/page"}],"author":[{"embeddable":true,"href":"https:\/\/uni.uhk.cz\/archeologie\/index.php?rest_route=\/wp\/v2\/users\/3"}],"replies":[{"embeddable":true,"href":"https:\/\/uni.uhk.cz\/archeologie\/index.php?rest_route=%2Fwp%2Fv2%2Fcomments&post=30699"}],"version-history":[{"count":5,"href":"https:\/\/uni.uhk.cz\/archeologie\/index.php?rest_route=\/wp\/v2\/pages\/30699\/revisions"}],"predecessor-version":[{"id":31287,"href":"https:\/\/uni.uhk.cz\/archeologie\/index.php?rest_route=\/wp\/v2\/pages\/30699\/revisions\/31287"}],"wp:featuredmedia":[{"embeddable":true,"href":"https:\/\/uni.uhk.cz\/archeologie\/index.php?rest_route=\/wp\/v2\/media\/30701"}],"wp:attachment":[{"href":"https:\/\/uni.uhk.cz\/archeologie\/index.php?rest_route=%2Fwp%2Fv2%2Fmedia&parent=30699"}],"curies":[{"name":"wp","href":"https:\/\/api.w.org\/{rel}","templated":true}]}}