{"id":30284,"date":"2024-04-04T21:09:10","date_gmt":"2024-04-04T19:09:10","guid":{"rendered":"https:\/\/uni.uhk.cz\/archeologie\/?page_id=30284"},"modified":"2024-04-05T14:50:29","modified_gmt":"2024-04-05T12:50:29","slug":"mapovy-portal","status":"publish","type":"page","link":"https:\/\/uni.uhk.cz\/archeologie\/?page_id=30284","title":{"rendered":"Mapov\u00fd port\u00e1l"},"content":{"rendered":"<section class=\"padding-one-tb\"><div class=\"container\"><div class=\"row\"><div class=\"wpb_column hcode-column-container vc_col-sm-12 col-xs-mobile-fullwidth\" data-front-class=\"col-xs-mobile-fullwidth\"><div class=\"vc-column-innner-wrapper\"><p>Mapov\u00fd port\u00e1l p\u0159in\u00e1\u0161\u00ed v\u00fdstupy z na\u0161ich v\u00fdzkumn\u00fdch projekt\u016f nebo z\u00e1chrann\u00fdch archeologick\u00fdch v\u00fdzkum\u016f v podob\u011b online mapov\u00fdch aplikac\u00ed. Najdete zde jak prezentace v\u00fdsledk\u016f v\u00fdzkum\u016f v podob\u011b tzv. p\u0159\u00edb\u011bhov\u00fdch map, tak interaktivn\u00ed publikace pramenn\u00e9 z\u00e1kladny archeologick\u00fdch v\u00fdzk\u016fm\u016f.<\/p>\n<\/div><\/div><\/div><\/div><\/section><section class=\"padding-one-tb\"><div class=\"container\"><div class=\"row\"><div class=\"wpb_column hcode-column-container vc_col-sm-12 col-xs-mobile-fullwidth\" data-front-class=\"col-xs-mobile-fullwidth\"><div class=\"vc-column-innner-wrapper\"><div  class=\"work-2col gutter work-with-title \"><div class=\"col-md-12  grid-gallery overflow-hidden  content-section\"><div class=\"tab-content portfolio-infinite-scroll-pagination\"><ul class=\"grid masonry-items masonry-portfolio-grid   hcode-portfolio-1\" data-portfolio=\"\" data-uniqueid=\"hcode-portfolio-1\"><li class=\"portfolio-filter-263 \"><figure><div class=\"gallery-img\"><a href=\"https:\/\/storymaps.arcgis.com\/stories\/b5d71570c00e4050a066e3cfbbabc570\" class=\"\" target=\"_self\"><img loading=\"lazy\" decoding=\"async\" width=\"1920\" height=\"1201\" src=\"https:\/\/uni.uhk.cz\/archeologie\/wp-content\/uploads\/2024\/04\/Jaromer-1-scaled.jpg\" class=\"hcode-portfolio-img wp-post-image\" alt=\"\" srcset=\"https:\/\/uni.uhk.cz\/archeologie\/wp-content\/uploads\/2024\/04\/Jaromer-1-scaled.jpg 1920w, https:\/\/uni.uhk.cz\/archeologie\/wp-content\/uploads\/2024\/04\/Jaromer-1-300x188.jpg 300w, https:\/\/uni.uhk.cz\/archeologie\/wp-content\/uploads\/2024\/04\/Jaromer-1-1024x640.jpg 1024w, https:\/\/uni.uhk.cz\/archeologie\/wp-content\/uploads\/2024\/04\/Jaromer-1-768x480.jpg 768w, https:\/\/uni.uhk.cz\/archeologie\/wp-content\/uploads\/2024\/04\/Jaromer-1-1536x961.jpg 1536w, https:\/\/uni.uhk.cz\/archeologie\/wp-content\/uploads\/2024\/04\/Jaromer-1-133x83.jpg 133w, https:\/\/uni.uhk.cz\/archeologie\/wp-content\/uploads\/2024\/04\/Jaromer-1-374x234.jpg 374w, https:\/\/uni.uhk.cz\/archeologie\/wp-content\/uploads\/2024\/04\/Jaromer-1-81x51.jpg 81w, https:\/\/uni.uhk.cz\/archeologie\/wp-content\/uploads\/2024\/04\/Jaromer-1-600x375.jpg 600w\" sizes=\"auto, (max-width: 1920px) 100vw, 1920px\" \/><\/a><\/div><figcaption><h3 class=\"\"><a href=\"https:\/\/storymaps.arcgis.com\/stories\/b5d71570c00e4050a066e3cfbbabc570\" class=\"\" target=\"_self\">Obchvat Jarom\u011b\u0159e<\/a><\/h3><p class=\"\">z\u00e1chrann\u00fd archeologick\u00fd v\u00fdzkum<\/p><\/figcaption><\/figure><\/li><li class=\"portfolio-filter-263 \"><figure><div class=\"gallery-img\"><a href=\"https:\/\/storymaps.arcgis.com\/stories\/0dcef73bd4be4249a96fb4e9681c5291\" class=\"\" target=\"_self\"><img loading=\"lazy\" decoding=\"async\" width=\"1920\" height=\"1201\" src=\"https:\/\/uni.uhk.cz\/archeologie\/wp-content\/uploads\/2024\/04\/doidleby-scaled.jpg\" class=\"hcode-portfolio-img wp-post-image\" alt=\"\" srcset=\"https:\/\/uni.uhk.cz\/archeologie\/wp-content\/uploads\/2024\/04\/doidleby-scaled.jpg 1920w, https:\/\/uni.uhk.cz\/archeologie\/wp-content\/uploads\/2024\/04\/doidleby-300x188.jpg 300w, https:\/\/uni.uhk.cz\/archeologie\/wp-content\/uploads\/2024\/04\/doidleby-1024x640.jpg 1024w, https:\/\/uni.uhk.cz\/archeologie\/wp-content\/uploads\/2024\/04\/doidleby-768x480.jpg 768w, https:\/\/uni.uhk.cz\/archeologie\/wp-content\/uploads\/2024\/04\/doidleby-1536x961.jpg 1536w, https:\/\/uni.uhk.cz\/archeologie\/wp-content\/uploads\/2024\/04\/doidleby-133x83.jpg 133w, https:\/\/uni.uhk.cz\/archeologie\/wp-content\/uploads\/2024\/04\/doidleby-374x234.jpg 374w, https:\/\/uni.uhk.cz\/archeologie\/wp-content\/uploads\/2024\/04\/doidleby-81x51.jpg 81w, https:\/\/uni.uhk.cz\/archeologie\/wp-content\/uploads\/2024\/04\/doidleby-600x375.jpg 600w\" sizes=\"auto, (max-width: 1920px) 100vw, 1920px\" \/><\/a><\/div><figcaption><h3 class=\"\"><a href=\"https:\/\/storymaps.arcgis.com\/stories\/0dcef73bd4be4249a96fb4e9681c5291\" class=\"\" target=\"_self\">Obchvat Doudleb nad Orlic\u00ed<\/a><\/h3><p class=\"\">z\u00e1chrann\u00fd archeologick\u00fd v\u00fdzkum<\/p><\/figcaption><\/figure><\/li><li class=\"portfolio-filter-263 \"><figure><div class=\"gallery-img\"><a href=\"https:\/\/storymaps.arcgis.com\/stories\/9987fe90d3e541e685660359d24f090f\" class=\"\" target=\"_self\"><img loading=\"lazy\" decoding=\"async\" width=\"1920\" height=\"1202\" src=\"https:\/\/uni.uhk.cz\/archeologie\/wp-content\/uploads\/2024\/04\/krajinou-stredovekych-fortifikaci-4-scaled.jpg\" class=\"hcode-portfolio-img wp-post-image\" alt=\"\" srcset=\"https:\/\/uni.uhk.cz\/archeologie\/wp-content\/uploads\/2024\/04\/krajinou-stredovekych-fortifikaci-4-scaled.jpg 1920w, https:\/\/uni.uhk.cz\/archeologie\/wp-content\/uploads\/2024\/04\/krajinou-stredovekych-fortifikaci-4-300x188.jpg 300w, https:\/\/uni.uhk.cz\/archeologie\/wp-content\/uploads\/2024\/04\/krajinou-stredovekych-fortifikaci-4-1024x641.jpg 1024w, https:\/\/uni.uhk.cz\/archeologie\/wp-content\/uploads\/2024\/04\/krajinou-stredovekych-fortifikaci-4-768x481.jpg 768w, https:\/\/uni.uhk.cz\/archeologie\/wp-content\/uploads\/2024\/04\/krajinou-stredovekych-fortifikaci-4-1536x961.jpg 1536w, https:\/\/uni.uhk.cz\/archeologie\/wp-content\/uploads\/2024\/04\/krajinou-stredovekych-fortifikaci-4-133x83.jpg 133w, https:\/\/uni.uhk.cz\/archeologie\/wp-content\/uploads\/2024\/04\/krajinou-stredovekych-fortifikaci-4-374x234.jpg 374w, https:\/\/uni.uhk.cz\/archeologie\/wp-content\/uploads\/2024\/04\/krajinou-stredovekych-fortifikaci-4-81x51.jpg 81w, https:\/\/uni.uhk.cz\/archeologie\/wp-content\/uploads\/2024\/04\/krajinou-stredovekych-fortifikaci-4-600x375.jpg 600w\" sizes=\"auto, (max-width: 1920px) 100vw, 1920px\" \/><\/a><\/div><figcaption><h3 class=\"\"><a href=\"https:\/\/storymaps.arcgis.com\/stories\/9987fe90d3e541e685660359d24f090f\" class=\"\" target=\"_self\">Krajinou st\u0159edov\u011bk\u00fdch fortifikac\u00ed v\u00fdchodn\u00edch \u010cech<\/a><\/h3><\/figcaption><\/figure><\/li><li class=\"portfolio-filter-263 \"><figure><div class=\"gallery-img\"><a href=\"https:\/\/ffuhk.maps.arcgis.com\/apps\/webappviewer\/index.html?id=8a82de003b52456a86b0b0bc33504088\" class=\"\" target=\"_self\"><img loading=\"lazy\" decoding=\"async\" width=\"1401\" height=\"876\" src=\"https:\/\/uni.uhk.cz\/archeologie\/wp-content\/uploads\/2021\/01\/Mohelnice-e1611905033455.jpg\" class=\"hcode-portfolio-img wp-post-image\" alt=\"\" srcset=\"https:\/\/uni.uhk.cz\/archeologie\/wp-content\/uploads\/2021\/01\/Mohelnice-e1611905033455.jpg 1401w, https:\/\/uni.uhk.cz\/archeologie\/wp-content\/uploads\/2021\/01\/Mohelnice-e1611905033455-600x375.jpg 600w, https:\/\/uni.uhk.cz\/archeologie\/wp-content\/uploads\/2021\/01\/Mohelnice-e1611905033455-300x188.jpg 300w, https:\/\/uni.uhk.cz\/archeologie\/wp-content\/uploads\/2021\/01\/Mohelnice-e1611905033455-1024x640.jpg 1024w, https:\/\/uni.uhk.cz\/archeologie\/wp-content\/uploads\/2021\/01\/Mohelnice-e1611905033455-768x480.jpg 768w, https:\/\/uni.uhk.cz\/archeologie\/wp-content\/uploads\/2021\/01\/Mohelnice-e1611905033455-133x83.jpg 133w, https:\/\/uni.uhk.cz\/archeologie\/wp-content\/uploads\/2021\/01\/Mohelnice-e1611905033455-374x234.jpg 374w, https:\/\/uni.uhk.cz\/archeologie\/wp-content\/uploads\/2021\/01\/Mohelnice-e1611905033455-81x51.jpg 81w\" sizes=\"auto, (max-width: 1401px) 100vw, 1401px\" \/><\/a><\/div><figcaption><h3 class=\"\"><a href=\"https:\/\/ffuhk.maps.arcgis.com\/apps\/webappviewer\/index.html?id=8a82de003b52456a86b0b0bc33504088\" class=\"\" target=\"_self\">Mohelnice<\/a><\/h3><p class=\"\">online publikace archeologick\u00e9ho v\u00fdzkumu<\/p><\/figcaption><\/figure><\/li><li class=\"portfolio-filter-263 \"><figure><div class=\"gallery-img\"><a href=\"https:\/\/ffuhk.maps.arcgis.com\/apps\/MapTour\/index.html?appid=79e3bce239d54a63bcc14727e3500896\" class=\"\" target=\"_blank\"><img loading=\"lazy\" decoding=\"async\" width=\"1920\" height=\"1200\" src=\"https:\/\/uni.uhk.cz\/archeologie\/wp-content\/uploads\/2018\/04\/D11-e1525636827492.jpg\" class=\"hcode-portfolio-img wp-post-image\" alt=\"\" srcset=\"https:\/\/uni.uhk.cz\/archeologie\/wp-content\/uploads\/2018\/04\/D11-e1525636827492.jpg 1920w, https:\/\/uni.uhk.cz\/archeologie\/wp-content\/uploads\/2018\/04\/D11-e1525636827492-600x375.jpg 600w, https:\/\/uni.uhk.cz\/archeologie\/wp-content\/uploads\/2018\/04\/D11-e1525636827492-300x188.jpg 300w, https:\/\/uni.uhk.cz\/archeologie\/wp-content\/uploads\/2018\/04\/D11-e1525636827492-768x480.jpg 768w, https:\/\/uni.uhk.cz\/archeologie\/wp-content\/uploads\/2018\/04\/D11-e1525636827492-1024x640.jpg 1024w, https:\/\/uni.uhk.cz\/archeologie\/wp-content\/uploads\/2018\/04\/D11-e1525636827492-133x83.jpg 133w, https:\/\/uni.uhk.cz\/archeologie\/wp-content\/uploads\/2018\/04\/D11-e1525636827492-374x234.jpg 374w, https:\/\/uni.uhk.cz\/archeologie\/wp-content\/uploads\/2018\/04\/D11-e1525636827492-81x51.jpg 81w\" sizes=\"auto, (max-width: 1920px) 100vw, 1920px\" \/><\/a><\/div><figcaption><h3 class=\"\"><a href=\"https:\/\/ffuhk.maps.arcgis.com\/apps\/MapTour\/index.html?appid=79e3bce239d54a63bcc14727e3500896\" class=\"\" target=\"_blank\">D\u00e1lnice D11 mezi Hradcem Kr\u00e1lov\u00e9 a Jarom\u011b\u0159\u00ed<\/a><\/h3><p class=\"\">Z\u00e1chrann\u00fd archeologick\u00fd v\u00fdzkum<\/p><\/figcaption><\/figure><\/li><\/ul><\/div><\/div><\/div><\/div><\/div><\/div><\/div><\/section>","protected":false},"excerpt":{"rendered":"","protected":false},"author":3,"featured_media":0,"parent":0,"menu_order":0,"comment_status":"closed","ping_status":"closed","template":"","meta":{"_exactmetrics_skip_tracking":false,"_exactmetrics_sitenote_active":false,"_exactmetrics_sitenote_note":"","_exactmetrics_sitenote_category":0,"footnotes":""},"class_list":["post-30284","page","type-page","status-publish","hentry"],"yoast_head":"<!-- This site is optimized with the Yoast SEO plugin v27.5 - https:\/\/yoast.com\/product\/yoast-seo-wordpress\/ -->\n<title>Mapov\u00fd port\u00e1l - Katedra archeologie<\/title>\n<meta name=\"robots\" content=\"index, follow, max-snippet:-1, max-image-preview:large, max-video-preview:-1\" \/>\n<link rel=\"canonical\" href=\"https:\/\/uni.uhk.cz\/archeologie\/?page_id=30284\" \/>\n<meta property=\"og:locale\" content=\"cs_CZ\" \/>\n<meta property=\"og:type\" content=\"article\" \/>\n<meta property=\"og:title\" content=\"Mapov\u00fd port\u00e1l - Katedra archeologie\" \/>\n<meta property=\"og:url\" content=\"https:\/\/uni.uhk.cz\/archeologie\/?page_id=30284\" \/>\n<meta property=\"og:site_name\" content=\"Katedra archeologie\" \/>\n<meta property=\"article:modified_time\" content=\"2024-04-05T12:50:29+00:00\" \/>\n<meta name=\"twitter:card\" content=\"summary_large_image\" \/>\n<meta name=\"twitter:label1\" content=\"Odhadovan\u00e1 doba \u010dten\u00ed\" \/>\n\t<meta name=\"twitter:data1\" content=\"1 minuta\" \/>\n<script type=\"application\/ld+json\" class=\"yoast-schema-graph\">{\"@context\":\"https:\\\/\\\/schema.org\",\"@graph\":[{\"@type\":\"WebPage\",\"@id\":\"https:\\\/\\\/uni.uhk.cz\\\/archeologie\\\/?page_id=30284\",\"url\":\"https:\\\/\\\/uni.uhk.cz\\\/archeologie\\\/?page_id=30284\",\"name\":\"Mapov\u00fd port\u00e1l - Katedra archeologie\",\"isPartOf\":{\"@id\":\"https:\\\/\\\/uni.uhk.cz\\\/archeologie\\\/#website\"},\"datePublished\":\"2024-04-04T19:09:10+00:00\",\"dateModified\":\"2024-04-05T12:50:29+00:00\",\"breadcrumb\":{\"@id\":\"https:\\\/\\\/uni.uhk.cz\\\/archeologie\\\/?page_id=30284#breadcrumb\"},\"inLanguage\":\"cs\",\"potentialAction\":[{\"@type\":\"ReadAction\",\"target\":[\"https:\\\/\\\/uni.uhk.cz\\\/archeologie\\\/?page_id=30284\"]}]},{\"@type\":\"BreadcrumbList\",\"@id\":\"https:\\\/\\\/uni.uhk.cz\\\/archeologie\\\/?page_id=30284#breadcrumb\",\"itemListElement\":[{\"@type\":\"ListItem\",\"position\":1,\"name\":\"Dom\u016f\",\"item\":\"https:\\\/\\\/uni.uhk.cz\\\/archeologie\\\/\"},{\"@type\":\"ListItem\",\"position\":2,\"name\":\"Mapov\u00fd port\u00e1l\"}]},{\"@type\":\"WebSite\",\"@id\":\"https:\\\/\\\/uni.uhk.cz\\\/archeologie\\\/#website\",\"url\":\"https:\\\/\\\/uni.uhk.cz\\\/archeologie\\\/\",\"name\":\"Katedra archeologie FF UHK\",\"description\":\"\",\"potentialAction\":[{\"@type\":\"SearchAction\",\"target\":{\"@type\":\"EntryPoint\",\"urlTemplate\":\"https:\\\/\\\/uni.uhk.cz\\\/archeologie\\\/?s={search_term_string}\"},\"query-input\":{\"@type\":\"PropertyValueSpecification\",\"valueRequired\":true,\"valueName\":\"search_term_string\"}}],\"inLanguage\":\"cs\"}]}<\/script>\n<!-- \/ Yoast SEO plugin. -->","yoast_head_json":{"title":"Mapov\u00fd port\u00e1l - Katedra archeologie","robots":{"index":"index","follow":"follow","max-snippet":"max-snippet:-1","max-image-preview":"max-image-preview:large","max-video-preview":"max-video-preview:-1"},"canonical":"https:\/\/uni.uhk.cz\/archeologie\/?page_id=30284","og_locale":"cs_CZ","og_type":"article","og_title":"Mapov\u00fd port\u00e1l - Katedra archeologie","og_url":"https:\/\/uni.uhk.cz\/archeologie\/?page_id=30284","og_site_name":"Katedra archeologie","article_modified_time":"2024-04-05T12:50:29+00:00","twitter_card":"summary_large_image","twitter_misc":{"Odhadovan\u00e1 doba \u010dten\u00ed":"1 minuta"},"schema":{"@context":"https:\/\/schema.org","@graph":[{"@type":"WebPage","@id":"https:\/\/uni.uhk.cz\/archeologie\/?page_id=30284","url":"https:\/\/uni.uhk.cz\/archeologie\/?page_id=30284","name":"Mapov\u00fd port\u00e1l - Katedra archeologie","isPartOf":{"@id":"https:\/\/uni.uhk.cz\/archeologie\/#website"},"datePublished":"2024-04-04T19:09:10+00:00","dateModified":"2024-04-05T12:50:29+00:00","breadcrumb":{"@id":"https:\/\/uni.uhk.cz\/archeologie\/?page_id=30284#breadcrumb"},"inLanguage":"cs","potentialAction":[{"@type":"ReadAction","target":["https:\/\/uni.uhk.cz\/archeologie\/?page_id=30284"]}]},{"@type":"BreadcrumbList","@id":"https:\/\/uni.uhk.cz\/archeologie\/?page_id=30284#breadcrumb","itemListElement":[{"@type":"ListItem","position":1,"name":"Dom\u016f","item":"https:\/\/uni.uhk.cz\/archeologie\/"},{"@type":"ListItem","position":2,"name":"Mapov\u00fd port\u00e1l"}]},{"@type":"WebSite","@id":"https:\/\/uni.uhk.cz\/archeologie\/#website","url":"https:\/\/uni.uhk.cz\/archeologie\/","name":"Katedra archeologie FF UHK","description":"","potentialAction":[{"@type":"SearchAction","target":{"@type":"EntryPoint","urlTemplate":"https:\/\/uni.uhk.cz\/archeologie\/?s={search_term_string}"},"query-input":{"@type":"PropertyValueSpecification","valueRequired":true,"valueName":"search_term_string"}}],"inLanguage":"cs"}]}},"jetpack_sharing_enabled":true,"_links":{"self":[{"href":"https:\/\/uni.uhk.cz\/archeologie\/index.php?rest_route=\/wp\/v2\/pages\/30284","targetHints":{"allow":["GET"]}}],"collection":[{"href":"https:\/\/uni.uhk.cz\/archeologie\/index.php?rest_route=\/wp\/v2\/pages"}],"about":[{"href":"https:\/\/uni.uhk.cz\/archeologie\/index.php?rest_route=\/wp\/v2\/types\/page"}],"author":[{"embeddable":true,"href":"https:\/\/uni.uhk.cz\/archeologie\/index.php?rest_route=\/wp\/v2\/users\/3"}],"replies":[{"embeddable":true,"href":"https:\/\/uni.uhk.cz\/archeologie\/index.php?rest_route=%2Fwp%2Fv2%2Fcomments&post=30284"}],"version-history":[{"count":5,"href":"https:\/\/uni.uhk.cz\/archeologie\/index.php?rest_route=\/wp\/v2\/pages\/30284\/revisions"}],"predecessor-version":[{"id":30320,"href":"https:\/\/uni.uhk.cz\/archeologie\/index.php?rest_route=\/wp\/v2\/pages\/30284\/revisions\/30320"}],"wp:attachment":[{"href":"https:\/\/uni.uhk.cz\/archeologie\/index.php?rest_route=%2Fwp%2Fv2%2Fmedia&parent=30284"}],"curies":[{"name":"wp","href":"https:\/\/api.w.org\/{rel}","templated":true}]}}