{"id":29374,"date":"2020-02-03T14:10:46","date_gmt":"2020-02-03T12:10:46","guid":{"rendered":"https:\/\/uni.uhk.cz\/archeologie\/?page_id=29374"},"modified":"2023-03-26T21:55:21","modified_gmt":"2023-03-26T19:55:21","slug":"traineeships-2","status":"publish","type":"page","link":"https:\/\/uni.uhk.cz\/archeologie\/?page_id=29374&lang=en","title":{"rendered":"Lithic workshop"},"content":{"rendered":"<img loading=\"lazy\" decoding=\"async\" class=\"alignnone wp-image-29412 size-full\" src=\"https:\/\/uni.uhk.cz\/archeologie\/wp-content\/uploads\/2023\/03\/intro-1-scaled-e1679860505651.jpg\" alt=\"\" width=\"2560\" height=\"1567\" srcset=\"https:\/\/uni.uhk.cz\/archeologie\/wp-content\/uploads\/2023\/03\/intro-1-scaled-e1679860505651.jpg 2560w, https:\/\/uni.uhk.cz\/archeologie\/wp-content\/uploads\/2023\/03\/intro-1-scaled-e1679860505651-300x184.jpg 300w, https:\/\/uni.uhk.cz\/archeologie\/wp-content\/uploads\/2023\/03\/intro-1-scaled-e1679860505651-1024x627.jpg 1024w, https:\/\/uni.uhk.cz\/archeologie\/wp-content\/uploads\/2023\/03\/intro-1-scaled-e1679860505651-768x470.jpg 768w, https:\/\/uni.uhk.cz\/archeologie\/wp-content\/uploads\/2023\/03\/intro-1-scaled-e1679860505651-1536x940.jpg 1536w, https:\/\/uni.uhk.cz\/archeologie\/wp-content\/uploads\/2023\/03\/intro-1-scaled-e1679860505651-2048x1254.jpg 2048w, https:\/\/uni.uhk.cz\/archeologie\/wp-content\/uploads\/2023\/03\/intro-1-scaled-e1679860505651-81x50.jpg 81w, https:\/\/uni.uhk.cz\/archeologie\/wp-content\/uploads\/2023\/03\/intro-1-scaled-e1679860505651-600x367.jpg 600w\" sizes=\"auto, (max-width: 2560px) 100vw, 2560px\" \/>The lithic workshop <strong>Traditional and modern approaches to the study of Palaeolithic and Mesolithic stone tools<\/strong> which will be held at the Department of Archaeology, Philosophical Faculty, the University of Hradec Kr\u00e1lov\u00e9, Czech Republic aims to introduce and deepen the knowledge of the Palaeolithic and Mesolithic stone tools. The students will gain theoretical background on the industries in Lower, Middle and Late Palaeolithic and Mesolithic with the focus on Levant and Central Europe. The practical part will consist of introducing case studies, flint knapping sessions, acquisition and processing of 3D scans, excursion, and more. We would like to invite international students of archaeology to participate in this workshop on the platform of Erasmus+ Blended Intensive Programmes (BIPs). We aim to create a group of 15-20 international students. The workshop will be preceded by an online part consisting of the theoretical background.\r\n<h3>Basic information<\/h3>\r\n<ul>\r\n \t<li>Organizer: Department of Archaeology, Philosophical Faculty, University of Hradec Kr\u00e1lov\u00e9 (CZ HRADEC01), Czech Republic<\/li>\r\n \t<li>Short physical group mobility (6 days) in combination with preceding virtual components<\/li>\r\n \t<li>Physical mobility: <strong>24<sup>th<\/sup>-29<sup>th<\/sup> July 2023<\/strong><\/li>\r\n \t<li>Nomination and application deadline: 5<sup>th<\/sup> May 2023<\/li>\r\n \t<li>3 ECTS<\/li>\r\n \t<li>For students of archaeology (BA, MA) with communication level of English<\/li>\r\n \t<li>Each participant should get a mobility grant from her\/his sending institution: individual support is \u20ac70 per day<\/li>\r\n \t<li>Accommodation offered in the dormitories of the University of Hradec Kr\u00e1lov\u00e9<\/li>\r\n \t<li>More info to be found at <a href=\"http:\/\/www.uhk.cz\/BIP\">uhk.cz\/BIP<\/a><\/li>\r\n<\/ul>\r\n<h3>Shortly about the workshop<\/h3>\r\nThe online part will be organized for 2 days and preceding the workshop. The students will be provided with a theoretical background consisting of presentations on Lower and Middle Palaeolithic in Africa and Levant, Upper Palaeolithic in Europe, Epipalaeolithic in Levant, and Mesolithic in Europe. The second part will be devoted to methodological approaches such as replicative studies and experiment in archaeology or 3D morphometrics.\r\n\r\nThe workshop will consist of presenting various approaches by presenting case studies, flint knapping sessions led by experienced knapper, acquisition and processing of 3D scans, drawing and photo taking session, using X-ray fluorescence spectrometer.\r\n<h3>Accommodation<\/h3>\r\nBasic accommodation will be provided in the <a href=\"https:\/\/www.uhk.cz\/en\/university-of-hradec-kralove\/about\/central-departments\/university-halls-of-residence\">dormitories<\/a> of the University of Hradec Kr\u00e1lov\u00e9. Dormitories provide double- or triple-bedded rooms, separate bathroom and kitchen. Kitchens are equipped with a cooker, refrigerator with built-in freezer.\r\n<h3>Hradec Kr\u00e1lov\u00e9<\/h3>\r\nStudents can profit from spending a week in Hradec Kr\u00e1lov\u00e9 which boost of unique historical city centre as well as modern early 20th century architecture. Moreover, the city is full of various restaurants, caf\u00e9s and shops.\r\n<h3>Contacts<\/h3>\r\nMgr. Mark\u00e9ta Ro\u0161kotov\u00e1, (<a href=\"mailto:marketa.roskotova@uhk.cz\">marketa.roskotova@uhk.cz<\/a>)\r\nMgr. Anna-Marie Marko (<a href=\"mailto:annamarie.marko@uhk.cz\">annamarie.marko@uhk.cz<\/a>)\r\nMgr. Richard Th\u00e9r, Ph.D. (<a href=\"mailto:richard.ther@uhk.cz\">richard.ther@uhk.cz<\/a>)\r\n\r\n<style>#jtg-35178 .item { background-color:#000000; }#jtg-35178 .item:hover img { opacity: 0.5; }#jtg-35178 .item .jtg-social a { color: #ffffff }#jtg-35178 .item .caption { background-color: #ffffff;  }#jtg-35178 .item .figc { color: #ffffff;}#jtg-35178 .item .figc .description {font-size: 14px; }#jtg-35178 .item .figc h2.jtg-title {  font-size: 16px; color: #ffffff; }#jtg-35178 .item { transform: scale(1) translate(0px,0px) rotate(0deg); }#jtg-35178 .items { width:100%; height:800px; }#jtg-35178 .items .figc p.description { color:#ffffff; }<\/style><input type='hidden' id='filterClick' value='F'><a name='35'> <\/a><div class='modula' id='jtg-35178'><div class='items'><div class=\"item notitle  effect-pufrobo\"><a data-sub-html='' title='' data-lightbox=\"gallery\" rel='jtg-35178'  class='tile-inner modula-lightbox' href='https:\/\/uni.uhk.cz\/archeologie\/wp-content\/uploads\/2023\/03\/Computational-Archaeology-Laboratory-3.jpg'><\/a><img data-valign='middle' alt='' data-halign='center' class='pic' data-class='pic' src='https:\/\/uni.uhk.cz\/archeologie\/wp-content\/uploads\/2023\/03\/Computational-Archaeology-Laboratory-3-500x500.jpg'  \/><div class=\"figc\"><div class=\"figc-inner\"><p class=\"description\"><\/p><\/div><\/div><\/div><div class=\"item notitle  effect-pufrobo\"><a data-sub-html='' title='' data-lightbox=\"gallery\" rel='jtg-35178'  class='tile-inner modula-lightbox' href='https:\/\/uni.uhk.cz\/archeologie\/wp-content\/uploads\/2023\/03\/Computational-Archaeology-Laboratory-2-scaled.jpg'><\/a><img data-valign='middle' alt='' data-halign='center' class='pic' data-class='pic' src='https:\/\/uni.uhk.cz\/archeologie\/wp-content\/uploads\/2023\/03\/Computational-Archaeology-Laboratory-2-scaled-500x500.jpg'  \/><div class=\"figc\"><div class=\"figc-inner\"><p class=\"description\"><\/p><\/div><\/div><\/div><div class=\"item notitle  effect-pufrobo\"><a data-sub-html='Photo: Petr Z\u00edtka' title='Photo: Petr Z\u00edtka' data-lightbox=\"gallery\" rel='jtg-35178'  class='tile-inner modula-lightbox' href='https:\/\/uni.uhk.cz\/archeologie\/wp-content\/uploads\/2023\/03\/Petr-Zitka-4-scaled.jpg'><\/a><img data-valign='middle' alt='' data-halign='center' class='pic' data-class='pic' src='https:\/\/uni.uhk.cz\/archeologie\/wp-content\/uploads\/2023\/03\/Petr-Zitka-4-scaled-500x500.jpg'  \/><div class=\"figc\"><div class=\"figc-inner\"><p class=\"description\">Photo: Petr Z\u00edtka<\/p><\/div><\/div><\/div><div class=\"item notitle  effect-pufrobo\"><a data-sub-html='Photo: Petr Z\u00edtka' title='Photo: Petr Z\u00edtka' data-lightbox=\"gallery\" rel='jtg-35178'  class='tile-inner modula-lightbox' href='https:\/\/uni.uhk.cz\/archeologie\/wp-content\/uploads\/2023\/03\/Petr-Zitka-3-scaled.jpg'><\/a><img data-valign='middle' alt='' data-halign='center' class='pic' data-class='pic' src='https:\/\/uni.uhk.cz\/archeologie\/wp-content\/uploads\/2023\/03\/Petr-Zitka-3-scaled-500x500.jpg'  \/><div class=\"figc\"><div class=\"figc-inner\"><p class=\"description\">Photo: Petr Z\u00edtka<\/p><\/div><\/div><\/div><div class=\"item notitle  effect-pufrobo\"><a data-sub-html='Photo: Petr Z\u00edtka' title='Photo: Petr Z\u00edtka' data-lightbox=\"gallery\" rel='jtg-35178'  class='tile-inner modula-lightbox' href='https:\/\/uni.uhk.cz\/archeologie\/wp-content\/uploads\/2023\/03\/Petr-Zitka-2-scaled.jpg'><\/a><img data-valign='middle' alt='' data-halign='center' class='pic' data-class='pic' src='https:\/\/uni.uhk.cz\/archeologie\/wp-content\/uploads\/2023\/03\/Petr-Zitka-2-scaled-500x500.jpg'  \/><div class=\"figc\"><div class=\"figc-inner\"><p class=\"description\">Photo: Petr Z\u00edtka<\/p><\/div><\/div><\/div><div class=\"item notitle  effect-pufrobo\"><a data-sub-html='Photo: Petr Z\u00edtka' title='Photo: Petr Z\u00edtka' data-lightbox=\"gallery\" rel='jtg-35178'  class='tile-inner modula-lightbox' href='https:\/\/uni.uhk.cz\/archeologie\/wp-content\/uploads\/2023\/03\/Petr-Zitka-1-scaled.jpg'><\/a><img data-valign='middle' alt='' data-halign='center' class='pic' data-class='pic' src='https:\/\/uni.uhk.cz\/archeologie\/wp-content\/uploads\/2023\/03\/Petr-Zitka-1-scaled-500x500.jpg'  \/><div class=\"figc\"><div class=\"figc-inner\"><p class=\"description\">Photo: Petr Z\u00edtka<\/p><\/div><\/div><\/div><div class=\"item notitle  effect-pufrobo\"><a data-sub-html='' title='' data-lightbox=\"gallery\" rel='jtg-35178'  class='tile-inner modula-lightbox' href='https:\/\/uni.uhk.cz\/archeologie\/wp-content\/uploads\/2023\/03\/Computational-Archaeology-Laboratory-1.jpg'><\/a><img data-valign='middle' alt='' data-halign='center' class='pic' data-class='pic' src='https:\/\/uni.uhk.cz\/archeologie\/wp-content\/uploads\/2023\/03\/Computational-Archaeology-Laboratory-1-500x500.jpg'  \/><div class=\"figc\"><div class=\"figc-inner\"><p class=\"description\"><\/p><\/div><\/div><\/div><div class=\"item notitle  effect-pufrobo\"><a data-sub-html='' title='' data-lightbox=\"gallery\" rel='jtg-35178'  class='tile-inner modula-lightbox' href='https:\/\/uni.uhk.cz\/archeologie\/wp-content\/uploads\/2023\/03\/AM-12-scaled.jpg'><\/a><img data-valign='middle' alt='' data-halign='center' class='pic' data-class='pic' src='https:\/\/uni.uhk.cz\/archeologie\/wp-content\/uploads\/2023\/03\/AM-12-scaled-500x500.jpg'  \/><div class=\"figc\"><div class=\"figc-inner\"><p class=\"description\"><\/p><\/div><\/div><\/div><div class=\"item notitle  effect-pufrobo\"><a data-sub-html='' title='' data-lightbox=\"gallery\" rel='jtg-35178'  class='tile-inner modula-lightbox' href='https:\/\/uni.uhk.cz\/archeologie\/wp-content\/uploads\/2023\/03\/AM-11-scaled.jpg'><\/a><img data-valign='middle' alt='' data-halign='center' class='pic' data-class='pic' src='https:\/\/uni.uhk.cz\/archeologie\/wp-content\/uploads\/2023\/03\/AM-11-scaled-500x500.jpg'  \/><div class=\"figc\"><div class=\"figc-inner\"><p class=\"description\"><\/p><\/div><\/div><\/div><div class=\"item notitle  effect-pufrobo\"><a data-sub-html='' title='' data-lightbox=\"gallery\" rel='jtg-35178'  class='tile-inner modula-lightbox' href='https:\/\/uni.uhk.cz\/archeologie\/wp-content\/uploads\/2023\/03\/AM-10.jpg'><\/a><img data-valign='middle' alt='' data-halign='center' class='pic' data-class='pic' src='https:\/\/uni.uhk.cz\/archeologie\/wp-content\/uploads\/2023\/03\/AM-10-500x500.jpg'  \/><div class=\"figc\"><div class=\"figc-inner\"><p class=\"description\"><\/p><\/div><\/div><\/div><div class=\"item notitle  effect-pufrobo\"><a data-sub-html='' title='' data-lightbox=\"gallery\" rel='jtg-35178'  class='tile-inner modula-lightbox' href='https:\/\/uni.uhk.cz\/archeologie\/wp-content\/uploads\/2023\/03\/AM-9.jpg'><\/a><img data-valign='middle' alt='' data-halign='center' class='pic' data-class='pic' src='https:\/\/uni.uhk.cz\/archeologie\/wp-content\/uploads\/2023\/03\/AM-9-500x500.jpg'  \/><div class=\"figc\"><div class=\"figc-inner\"><p class=\"description\"><\/p><\/div><\/div><\/div><div class=\"item notitle  effect-pufrobo\"><a data-sub-html='' title='' data-lightbox=\"gallery\" rel='jtg-35178'  class='tile-inner modula-lightbox' href='https:\/\/uni.uhk.cz\/archeologie\/wp-content\/uploads\/2023\/03\/AM-8.jpg'><\/a><img data-valign='middle' alt='' data-halign='center' class='pic' data-class='pic' src='https:\/\/uni.uhk.cz\/archeologie\/wp-content\/uploads\/2023\/03\/AM-8-500x500.jpg'  \/><div class=\"figc\"><div class=\"figc-inner\"><p class=\"description\"><\/p><\/div><\/div><\/div><div class=\"item notitle  effect-pufrobo\"><a data-sub-html='' title='' data-lightbox=\"gallery\" rel='jtg-35178'  class='tile-inner modula-lightbox' href='https:\/\/uni.uhk.cz\/archeologie\/wp-content\/uploads\/2023\/03\/AM-7.jpg'><\/a><img data-valign='middle' alt='' data-halign='center' class='pic' data-class='pic' src='https:\/\/uni.uhk.cz\/archeologie\/wp-content\/uploads\/2023\/03\/AM-7-500x500.jpg'  \/><div class=\"figc\"><div class=\"figc-inner\"><p class=\"description\"><\/p><\/div><\/div><\/div><div class=\"item notitle  effect-pufrobo\"><a data-sub-html='dav' title='dav' data-lightbox=\"gallery\" rel='jtg-35178'  class='tile-inner modula-lightbox' href='https:\/\/uni.uhk.cz\/archeologie\/wp-content\/uploads\/2023\/03\/AM-5-scaled.jpg'><\/a><img data-valign='middle' alt='' data-halign='center' class='pic' data-class='pic' src='https:\/\/uni.uhk.cz\/archeologie\/wp-content\/uploads\/2023\/03\/AM-5-scaled-500x500.jpg'  \/><div class=\"figc\"><div class=\"figc-inner\"><p class=\"description\">dav<\/p><\/div><\/div><\/div><div class=\"item notitle  effect-pufrobo\"><a data-sub-html='' title='' data-lightbox=\"gallery\" rel='jtg-35178'  class='tile-inner modula-lightbox' href='https:\/\/uni.uhk.cz\/archeologie\/wp-content\/uploads\/2023\/03\/AM-4.jpg'><\/a><img data-valign='middle' alt='' data-halign='center' class='pic' data-class='pic' src='https:\/\/uni.uhk.cz\/archeologie\/wp-content\/uploads\/2023\/03\/AM-4-500x500.jpg'  \/><div class=\"figc\"><div class=\"figc-inner\"><p class=\"description\"><\/p><\/div><\/div><\/div><div class=\"item notitle  effect-pufrobo\"><a data-sub-html='' title='' data-lightbox=\"gallery\" rel='jtg-35178'  class='tile-inner modula-lightbox' href='https:\/\/uni.uhk.cz\/archeologie\/wp-content\/uploads\/2023\/03\/AM-3.jpeg'><\/a><img data-valign='middle' alt='' data-halign='center' class='pic' data-class='pic' src='https:\/\/uni.uhk.cz\/archeologie\/wp-content\/uploads\/2023\/03\/AM-3-500x500.jpeg'  \/><div class=\"figc\"><div class=\"figc-inner\"><p class=\"description\"><\/p><\/div><\/div><\/div><div class=\"item notitle  effect-pufrobo\"><a data-sub-html='' title='' data-lightbox=\"gallery\" rel='jtg-35178'  class='tile-inner modula-lightbox' href='https:\/\/uni.uhk.cz\/archeologie\/wp-content\/uploads\/2023\/03\/AM-2.jpeg'><\/a><img data-valign='middle' alt='' data-halign='center' class='pic' data-class='pic' src='https:\/\/uni.uhk.cz\/archeologie\/wp-content\/uploads\/2023\/03\/AM-2-500x500.jpeg'  \/><div class=\"figc\"><div class=\"figc-inner\"><p class=\"description\"><\/p><\/div><\/div><\/div><div class=\"item notitle  effect-pufrobo\"><a data-sub-html='' title='' data-lightbox=\"gallery\" rel='jtg-35178'  class='tile-inner modula-lightbox' href='https:\/\/uni.uhk.cz\/archeologie\/wp-content\/uploads\/2023\/03\/AM-1.jpeg'><\/a><img data-valign='middle' alt='' data-halign='center' class='pic' data-class='pic' src='https:\/\/uni.uhk.cz\/archeologie\/wp-content\/uploads\/2023\/03\/AM-1-500x500.jpeg'  \/><div class=\"figc\"><div class=\"figc-inner\"><p class=\"description\"><\/p><\/div><\/div><\/div><\/div><\/div><script type='text\/javascript'>jQuery('#jtg-35178').modulaGallery({margin: 10,enableTwitter: true,enableFacebook: true,enablePinterest: true,enableGplus: true,randomFactor: 0.5,});jQuery(function () {});<\/script>","protected":false},"excerpt":{"rendered":"<p>The lithic workshop Traditional and modern approaches to the study of Palaeolithic and Mesolithic stone tools which will be held at the Department of Archaeology, Philosophical Faculty, the University of Hradec Kr\u00e1lov\u00e9, Czech Republic aims to introduce and deepen the knowledge of the Palaeolithic and Mesolithic stone tools. The students will gain theoretical background on [&hellip;]<\/p>\n","protected":false},"author":3,"featured_media":29412,"parent":0,"menu_order":0,"comment_status":"closed","ping_status":"closed","template":"","meta":{"_exactmetrics_skip_tracking":false,"_exactmetrics_sitenote_active":false,"_exactmetrics_sitenote_note":"","_exactmetrics_sitenote_category":0,"footnotes":""},"class_list":["post-29374","page","type-page","status-publish","has-post-thumbnail","hentry"],"yoast_head":"<!-- This site is optimized with the Yoast SEO plugin v27.5 - https:\/\/yoast.com\/product\/yoast-seo-wordpress\/ -->\n<title>Lithic workshop - Katedra archeologie<\/title>\n<meta name=\"robots\" content=\"index, follow, max-snippet:-1, max-image-preview:large, max-video-preview:-1\" \/>\n<link rel=\"canonical\" href=\"https:\/\/uni.uhk.cz\/archeologie\/?page_id=29374&lang=en\" \/>\n<meta property=\"og:locale\" content=\"cs_CZ\" \/>\n<meta property=\"og:type\" content=\"article\" \/>\n<meta property=\"og:title\" content=\"Lithic workshop - Katedra archeologie\" \/>\n<meta property=\"og:description\" content=\"The lithic workshop Traditional and modern approaches to the study of Palaeolithic and Mesolithic stone tools which will be held at the Department of Archaeology, Philosophical Faculty, the University of Hradec Kr\u00e1lov\u00e9, Czech Republic aims to introduce and deepen the knowledge of the Palaeolithic and Mesolithic stone tools. The students will gain theoretical background on [&hellip;]\" \/>\n<meta property=\"og:url\" content=\"https:\/\/uni.uhk.cz\/archeologie\/?page_id=29374&amp;lang=en\" \/>\n<meta property=\"og:site_name\" content=\"Katedra archeologie\" \/>\n<meta property=\"article:modified_time\" content=\"2023-03-26T19:55:21+00:00\" \/>\n<meta property=\"og:image\" content=\"https:\/\/uni.uhk.cz\/archeologie\/wp-content\/uploads\/2023\/03\/intro-1-scaled-e1679860505651.jpg\" \/>\n\t<meta property=\"og:image:width\" content=\"2560\" \/>\n\t<meta property=\"og:image:height\" content=\"1567\" \/>\n\t<meta property=\"og:image:type\" content=\"image\/jpeg\" \/>\n<meta name=\"twitter:card\" content=\"summary_large_image\" \/>\n<meta name=\"twitter:label1\" content=\"Odhadovan\u00e1 doba \u010dten\u00ed\" \/>\n\t<meta name=\"twitter:data1\" content=\"3 minuty\" \/>\n<script type=\"application\/ld+json\" class=\"yoast-schema-graph\">{\"@context\":\"https:\\\/\\\/schema.org\",\"@graph\":[{\"@type\":\"WebPage\",\"@id\":\"https:\\\/\\\/uni.uhk.cz\\\/archeologie\\\/?page_id=29374&lang=en\",\"url\":\"https:\\\/\\\/uni.uhk.cz\\\/archeologie\\\/?page_id=29374&lang=en\",\"name\":\"Lithic workshop - Katedra archeologie\",\"isPartOf\":{\"@id\":\"https:\\\/\\\/uni.uhk.cz\\\/archeologie\\\/#website\"},\"primaryImageOfPage\":{\"@id\":\"https:\\\/\\\/uni.uhk.cz\\\/archeologie\\\/?page_id=29374&lang=en#primaryimage\"},\"image\":{\"@id\":\"https:\\\/\\\/uni.uhk.cz\\\/archeologie\\\/?page_id=29374&lang=en#primaryimage\"},\"thumbnailUrl\":\"https:\\\/\\\/uni.uhk.cz\\\/archeologie\\\/wp-content\\\/uploads\\\/2023\\\/03\\\/intro-1-scaled-e1679860505651.jpg\",\"datePublished\":\"2020-02-03T12:10:46+00:00\",\"dateModified\":\"2023-03-26T19:55:21+00:00\",\"breadcrumb\":{\"@id\":\"https:\\\/\\\/uni.uhk.cz\\\/archeologie\\\/?page_id=29374&lang=en#breadcrumb\"},\"inLanguage\":\"cs\",\"potentialAction\":[{\"@type\":\"ReadAction\",\"target\":[\"https:\\\/\\\/uni.uhk.cz\\\/archeologie\\\/?page_id=29374&lang=en\"]}]},{\"@type\":\"ImageObject\",\"inLanguage\":\"cs\",\"@id\":\"https:\\\/\\\/uni.uhk.cz\\\/archeologie\\\/?page_id=29374&lang=en#primaryimage\",\"url\":\"https:\\\/\\\/uni.uhk.cz\\\/archeologie\\\/wp-content\\\/uploads\\\/2023\\\/03\\\/intro-1-scaled-e1679860505651.jpg\",\"contentUrl\":\"https:\\\/\\\/uni.uhk.cz\\\/archeologie\\\/wp-content\\\/uploads\\\/2023\\\/03\\\/intro-1-scaled-e1679860505651.jpg\",\"width\":2560,\"height\":1567},{\"@type\":\"BreadcrumbList\",\"@id\":\"https:\\\/\\\/uni.uhk.cz\\\/archeologie\\\/?page_id=29374&lang=en#breadcrumb\",\"itemListElement\":[{\"@type\":\"ListItem\",\"position\":1,\"name\":\"Dom\u016f\",\"item\":\"https:\\\/\\\/uni.uhk.cz\\\/archeologie\\\/\"},{\"@type\":\"ListItem\",\"position\":2,\"name\":\"Lithic workshop\"}]},{\"@type\":\"WebSite\",\"@id\":\"https:\\\/\\\/uni.uhk.cz\\\/archeologie\\\/#website\",\"url\":\"https:\\\/\\\/uni.uhk.cz\\\/archeologie\\\/\",\"name\":\"Katedra archeologie FF UHK\",\"description\":\"\",\"potentialAction\":[{\"@type\":\"SearchAction\",\"target\":{\"@type\":\"EntryPoint\",\"urlTemplate\":\"https:\\\/\\\/uni.uhk.cz\\\/archeologie\\\/?s={search_term_string}\"},\"query-input\":{\"@type\":\"PropertyValueSpecification\",\"valueRequired\":true,\"valueName\":\"search_term_string\"}}],\"inLanguage\":\"cs\"}]}<\/script>\n<!-- \/ Yoast SEO plugin. -->","yoast_head_json":{"title":"Lithic workshop - Katedra archeologie","robots":{"index":"index","follow":"follow","max-snippet":"max-snippet:-1","max-image-preview":"max-image-preview:large","max-video-preview":"max-video-preview:-1"},"canonical":"https:\/\/uni.uhk.cz\/archeologie\/?page_id=29374&lang=en","og_locale":"cs_CZ","og_type":"article","og_title":"Lithic workshop - Katedra archeologie","og_description":"The lithic workshop Traditional and modern approaches to the study of Palaeolithic and Mesolithic stone tools which will be held at the Department of Archaeology, Philosophical Faculty, the University of Hradec Kr\u00e1lov\u00e9, Czech Republic aims to introduce and deepen the knowledge of the Palaeolithic and Mesolithic stone tools. The students will gain theoretical background on [&hellip;]","og_url":"https:\/\/uni.uhk.cz\/archeologie\/?page_id=29374&lang=en","og_site_name":"Katedra archeologie","article_modified_time":"2023-03-26T19:55:21+00:00","og_image":[{"width":2560,"height":1567,"url":"https:\/\/uni.uhk.cz\/archeologie\/wp-content\/uploads\/2023\/03\/intro-1-scaled-e1679860505651.jpg","type":"image\/jpeg"}],"twitter_card":"summary_large_image","twitter_misc":{"Odhadovan\u00e1 doba \u010dten\u00ed":"3 minuty"},"schema":{"@context":"https:\/\/schema.org","@graph":[{"@type":"WebPage","@id":"https:\/\/uni.uhk.cz\/archeologie\/?page_id=29374&lang=en","url":"https:\/\/uni.uhk.cz\/archeologie\/?page_id=29374&lang=en","name":"Lithic workshop - Katedra archeologie","isPartOf":{"@id":"https:\/\/uni.uhk.cz\/archeologie\/#website"},"primaryImageOfPage":{"@id":"https:\/\/uni.uhk.cz\/archeologie\/?page_id=29374&lang=en#primaryimage"},"image":{"@id":"https:\/\/uni.uhk.cz\/archeologie\/?page_id=29374&lang=en#primaryimage"},"thumbnailUrl":"https:\/\/uni.uhk.cz\/archeologie\/wp-content\/uploads\/2023\/03\/intro-1-scaled-e1679860505651.jpg","datePublished":"2020-02-03T12:10:46+00:00","dateModified":"2023-03-26T19:55:21+00:00","breadcrumb":{"@id":"https:\/\/uni.uhk.cz\/archeologie\/?page_id=29374&lang=en#breadcrumb"},"inLanguage":"cs","potentialAction":[{"@type":"ReadAction","target":["https:\/\/uni.uhk.cz\/archeologie\/?page_id=29374&lang=en"]}]},{"@type":"ImageObject","inLanguage":"cs","@id":"https:\/\/uni.uhk.cz\/archeologie\/?page_id=29374&lang=en#primaryimage","url":"https:\/\/uni.uhk.cz\/archeologie\/wp-content\/uploads\/2023\/03\/intro-1-scaled-e1679860505651.jpg","contentUrl":"https:\/\/uni.uhk.cz\/archeologie\/wp-content\/uploads\/2023\/03\/intro-1-scaled-e1679860505651.jpg","width":2560,"height":1567},{"@type":"BreadcrumbList","@id":"https:\/\/uni.uhk.cz\/archeologie\/?page_id=29374&lang=en#breadcrumb","itemListElement":[{"@type":"ListItem","position":1,"name":"Dom\u016f","item":"https:\/\/uni.uhk.cz\/archeologie\/"},{"@type":"ListItem","position":2,"name":"Lithic workshop"}]},{"@type":"WebSite","@id":"https:\/\/uni.uhk.cz\/archeologie\/#website","url":"https:\/\/uni.uhk.cz\/archeologie\/","name":"Katedra archeologie FF UHK","description":"","potentialAction":[{"@type":"SearchAction","target":{"@type":"EntryPoint","urlTemplate":"https:\/\/uni.uhk.cz\/archeologie\/?s={search_term_string}"},"query-input":{"@type":"PropertyValueSpecification","valueRequired":true,"valueName":"search_term_string"}}],"inLanguage":"cs"}]}},"jetpack_sharing_enabled":true,"_links":{"self":[{"href":"https:\/\/uni.uhk.cz\/archeologie\/index.php?rest_route=\/wp\/v2\/pages\/29374","targetHints":{"allow":["GET"]}}],"collection":[{"href":"https:\/\/uni.uhk.cz\/archeologie\/index.php?rest_route=\/wp\/v2\/pages"}],"about":[{"href":"https:\/\/uni.uhk.cz\/archeologie\/index.php?rest_route=\/wp\/v2\/types\/page"}],"author":[{"embeddable":true,"href":"https:\/\/uni.uhk.cz\/archeologie\/index.php?rest_route=\/wp\/v2\/users\/3"}],"replies":[{"embeddable":true,"href":"https:\/\/uni.uhk.cz\/archeologie\/index.php?rest_route=%2Fwp%2Fv2%2Fcomments&post=29374"}],"version-history":[{"count":5,"href":"https:\/\/uni.uhk.cz\/archeologie\/index.php?rest_route=\/wp\/v2\/pages\/29374\/revisions"}],"predecessor-version":[{"id":29414,"href":"https:\/\/uni.uhk.cz\/archeologie\/index.php?rest_route=\/wp\/v2\/pages\/29374\/revisions\/29414"}],"wp:featuredmedia":[{"embeddable":true,"href":"https:\/\/uni.uhk.cz\/archeologie\/index.php?rest_route=\/wp\/v2\/media\/29412"}],"wp:attachment":[{"href":"https:\/\/uni.uhk.cz\/archeologie\/index.php?rest_route=%2Fwp%2Fv2%2Fmedia&parent=29374"}],"curies":[{"name":"wp","href":"https:\/\/api.w.org\/{rel}","templated":true}]}}