{"id":25882,"date":"2020-02-03T14:10:46","date_gmt":"2020-02-03T12:10:46","guid":{"rendered":"https:\/\/uni.uhk.cz\/archeologie\/?page_id=25882"},"modified":"2023-03-24T10:58:26","modified_gmt":"2023-03-24T08:58:26","slug":"traineeships","status":"publish","type":"page","link":"https:\/\/uni.uhk.cz\/archeologie\/?page_id=25882&lang=en","title":{"rendered":"Traineeships"},"content":{"rendered":"<strong><img loading=\"lazy\" decoding=\"async\" class=\"wp-image-25883 aligncenter\" src=\"https:\/\/uni.uhk.cz\/archeologie\/wp-content\/uploads\/2020\/02\/team-ii.-20191129-130358-e1580731814825.jpg\" alt=\"\" width=\"908\" height=\"460\" srcset=\"https:\/\/uni.uhk.cz\/archeologie\/wp-content\/uploads\/2020\/02\/team-ii.-20191129-130358-e1580731814825.jpg 1024w, https:\/\/uni.uhk.cz\/archeologie\/wp-content\/uploads\/2020\/02\/team-ii.-20191129-130358-e1580731814825-600x304.jpg 600w, https:\/\/uni.uhk.cz\/archeologie\/wp-content\/uploads\/2020\/02\/team-ii.-20191129-130358-e1580731814825-300x152.jpg 300w, https:\/\/uni.uhk.cz\/archeologie\/wp-content\/uploads\/2020\/02\/team-ii.-20191129-130358-e1580731814825-768x389.jpg 768w, https:\/\/uni.uhk.cz\/archeologie\/wp-content\/uploads\/2020\/02\/team-ii.-20191129-130358-e1580731814825-81x41.jpg 81w\" sizes=\"auto, (max-width: 908px) 100vw, 908px\" \/><\/strong>\r\n\r\nThe Department of Archaeology offers Erasmus student mobilities for traineeship. The traineeships are available for <strong>Archaeology students (BA, MA, Ph.D.)<\/strong> This opportunity is open for students enrolled at a university holding an <strong>Erasmus+<\/strong> Charter for Higher Education. The traineeship must relate to the student's degree programme and to their personal development needs and, wherever possible, they must be integrated in student's study programme.\r\n\r\nList of countries:\r\n<ul>\r\n \t<li>EU Member States: EU Member States: Belgium, Bulgaria, Croatia, Denmark, Estonia, Finland, France, Ireland, Italy, Cyprus, Lithuania, Latvia, Luxembourg, Hungary, Malta, Germany, Netherlands, Poland, Portugal, Austria, Romania, Greece, Slovakia, Slovenia, Spain, Sweden<\/li>\r\n \t<li>EEA countries: Iceland, Liechtenstein, Norway<\/li>\r\n \t<li>Candidate countries: Turkey, Northern Macedonia, Serbia<\/li>\r\n<\/ul>\r\nWE ACCEPT ONLY ARCHEAOLOGY STUDENTS VIA THE ERASMUS PROGRAMME.\r\n<h4><strong>Details<\/strong><\/h4>\r\n<ul>\r\n \t<li>Erasmus code of University of Hradec Kr\u00e1lov\u00e9: CZ HRADEC01\r\nPlanned duration of the traineeship period:\u00a0<strong>15th May - 31st August 2023, duration of mobility at least 2 months<\/strong><\/li>\r\n \t<li>Number of hours per week: 40<\/li>\r\n \t<li>Salary:\u00a0150 CZK per hour after the first month of the placement (only working day - work depends of weather conditions)<\/li>\r\n<\/ul>\r\n<h3><strong>Activities<\/strong><\/h3>\r\n<p class=\"text-justify\">The main activity will be the participation in the rescue excavation in advance of construction of the highway from Hradec Kr\u00e1lov\u00e9 to Ji\u010d\u00edn(D35 highway) or in the\u00a0 rescue excavation of D11 highway from Trutnov to Kr\u00e1lovec (CZE\/PL state border). D35 excavation will take place on\u00a07,5\u00a0km long corridor Sadov\u00e1 \u2013 Ploti\u0161t\u011b and run for one year. We expect various archaeological situations spanning from Neolithic settlements to Early Iron age settlement. D11 excavation will take place on\u00a010 km long corridor bypassing Trutnov. \u00a0This area is traditionally transit corridor from Elbe lowlands to The Giant Mountains and beyond. In this specific area we expect settlement patterns of paleolithic\/mesolithic settlement. The excavation offers a\u00a0wide range of archaeological features and is acquainted with the Czech methodology used on such a\u00a0type of excavation. All the archaeological sites are within the territory of Eastern Bohemia.<\/p>\r\nRescue excavation work is subject to a\u00a0contractual setting and working hours may exceed 8 hours per day. Please note the need for proper work clothes for different weather conditions\r\n<h3>\u00a0<strong>Knowledge, Skills and Competence to be Acquired<\/strong><\/h3>\r\n<ul>\r\n \t<li>You will acquire insights into an archaeological fieldwork and basic skills connected with an archaeological excavation<\/li>\r\n \t<li>You will acquire understanding of how to work in an international team<\/li>\r\n \t<li>You will improve\u00a0communication, language, and social skills<\/li>\r\n \t<li><\/li>\r\n<\/ul>\r\n<h3><strong>Application<\/strong><\/h3>\r\n1. Please read all the information on this webpage\r\n2. Fill in the\u00a0<a title=\"Link opens in a new window\" href=\"https:\/\/www.uhk.cz\/cs\/exchangeStudentApplicationForm_SMT2223Martina\/exchangeStudentApplicationFormSMT\" target=\"_blank\" rel=\"noopener\">online application\u00a0<\/a>\u00a0<strong>till 15th April 2023\u00a0<\/strong>(you will add the following attachments: CV, Transcript of records, photo and ID)\r\n3. Your application will be considered taking into account your field of study, experience, language skills (online interview)\r\n4. An invitation letter will be sent to you + we can book your place at University Halls of Residence.\r\n<h3><strong>After Confirmation of your Admission<\/strong><\/h3>\r\n1. Fill in the plan of your traineeship\r\n2. The plan of traineeship must be confirmed by you, your home university and the University of Hradec Kr\u00e1lov\u00e9\r\n3. Pre-arrival preparation - insurance\r\n4. Your arrival must be at least 1 day before the beginning of your traineeship\r\n5. Visit the International Office\r\n6. Start your work\r\n\r\nPlease feel free to contact\u00a0<a title=\"Link opens in a new window\" href=\"mailto:martina.eliasova@uhk.cz\" target=\"_blank\" rel=\"noopener noreferrer\">martina.eliasova@uhk.cz<\/a>\u00a0\u00a0if you have any queries about the offer and\/or the traineeships.","protected":false},"excerpt":{"rendered":"<p>The Department of Archaeology offers Erasmus student mobilities for traineeship. The traineeships are available for Archaeology students (BA, MA, Ph.D.) This opportunity is open for students enrolled at a university holding an Erasmus+ Charter for Higher Education. The traineeship must relate to the student&#8217;s degree programme and to their personal development needs and, wherever possible, [&hellip;]<\/p>\n","protected":false},"author":3,"featured_media":0,"parent":0,"menu_order":0,"comment_status":"closed","ping_status":"closed","template":"","meta":{"_exactmetrics_skip_tracking":false,"_exactmetrics_sitenote_active":false,"_exactmetrics_sitenote_note":"","_exactmetrics_sitenote_category":0,"footnotes":""},"class_list":["post-25882","page","type-page","status-publish","hentry"],"yoast_head":"<!-- This site is optimized with the Yoast SEO plugin v27.5 - https:\/\/yoast.com\/product\/yoast-seo-wordpress\/ -->\n<title>Traineeships - Katedra archeologie<\/title>\n<meta name=\"robots\" content=\"index, follow, max-snippet:-1, max-image-preview:large, max-video-preview:-1\" \/>\n<link rel=\"canonical\" href=\"https:\/\/uni.uhk.cz\/archeologie\/?page_id=25882&lang=en\" \/>\n<meta property=\"og:locale\" content=\"cs_CZ\" \/>\n<meta property=\"og:type\" content=\"article\" \/>\n<meta property=\"og:title\" content=\"Traineeships - Katedra archeologie\" \/>\n<meta property=\"og:description\" content=\"The Department of Archaeology offers Erasmus student mobilities for traineeship. The traineeships are available for Archaeology students (BA, MA, Ph.D.) This opportunity is open for students enrolled at a university holding an Erasmus+ Charter for Higher Education. The traineeship must relate to the student&#039;s degree programme and to their personal development needs and, wherever possible, [&hellip;]\" \/>\n<meta property=\"og:url\" content=\"https:\/\/uni.uhk.cz\/archeologie\/?page_id=25882&amp;lang=en\" \/>\n<meta property=\"og:site_name\" content=\"Katedra archeologie\" \/>\n<meta property=\"article:modified_time\" content=\"2023-03-24T08:58:26+00:00\" \/>\n<meta property=\"og:image\" content=\"https:\/\/uni.uhk.cz\/archeologie\/wp-content\/uploads\/2020\/02\/team-ii.-20191129-130358-e1580731814825.jpg\" \/>\n<meta name=\"twitter:card\" content=\"summary_large_image\" \/>\n<meta name=\"twitter:label1\" content=\"Odhadovan\u00e1 doba \u010dten\u00ed\" \/>\n\t<meta name=\"twitter:data1\" content=\"4 minuty\" \/>\n<script type=\"application\/ld+json\" class=\"yoast-schema-graph\">{\"@context\":\"https:\\\/\\\/schema.org\",\"@graph\":[{\"@type\":\"WebPage\",\"@id\":\"https:\\\/\\\/uni.uhk.cz\\\/archeologie\\\/?page_id=25882&lang=en\",\"url\":\"https:\\\/\\\/uni.uhk.cz\\\/archeologie\\\/?page_id=25882&lang=en\",\"name\":\"Traineeships - Katedra archeologie\",\"isPartOf\":{\"@id\":\"https:\\\/\\\/uni.uhk.cz\\\/archeologie\\\/#website\"},\"primaryImageOfPage\":{\"@id\":\"https:\\\/\\\/uni.uhk.cz\\\/archeologie\\\/?page_id=25882&lang=en#primaryimage\"},\"image\":{\"@id\":\"https:\\\/\\\/uni.uhk.cz\\\/archeologie\\\/?page_id=25882&lang=en#primaryimage\"},\"thumbnailUrl\":\"https:\\\/\\\/uni.uhk.cz\\\/archeologie\\\/wp-content\\\/uploads\\\/2020\\\/02\\\/team-ii.-20191129-130358-e1580731814825.jpg\",\"datePublished\":\"2020-02-03T12:10:46+00:00\",\"dateModified\":\"2023-03-24T08:58:26+00:00\",\"breadcrumb\":{\"@id\":\"https:\\\/\\\/uni.uhk.cz\\\/archeologie\\\/?page_id=25882&lang=en#breadcrumb\"},\"inLanguage\":\"cs\",\"potentialAction\":[{\"@type\":\"ReadAction\",\"target\":[\"https:\\\/\\\/uni.uhk.cz\\\/archeologie\\\/?page_id=25882&lang=en\"]}]},{\"@type\":\"ImageObject\",\"inLanguage\":\"cs\",\"@id\":\"https:\\\/\\\/uni.uhk.cz\\\/archeologie\\\/?page_id=25882&lang=en#primaryimage\",\"url\":\"https:\\\/\\\/uni.uhk.cz\\\/archeologie\\\/wp-content\\\/uploads\\\/2020\\\/02\\\/team-ii.-20191129-130358-e1580731814825.jpg\",\"contentUrl\":\"https:\\\/\\\/uni.uhk.cz\\\/archeologie\\\/wp-content\\\/uploads\\\/2020\\\/02\\\/team-ii.-20191129-130358-e1580731814825.jpg\",\"width\":1024,\"height\":519},{\"@type\":\"BreadcrumbList\",\"@id\":\"https:\\\/\\\/uni.uhk.cz\\\/archeologie\\\/?page_id=25882&lang=en#breadcrumb\",\"itemListElement\":[{\"@type\":\"ListItem\",\"position\":1,\"name\":\"Dom\u016f\",\"item\":\"https:\\\/\\\/uni.uhk.cz\\\/archeologie\\\/\"},{\"@type\":\"ListItem\",\"position\":2,\"name\":\"Traineeships\"}]},{\"@type\":\"WebSite\",\"@id\":\"https:\\\/\\\/uni.uhk.cz\\\/archeologie\\\/#website\",\"url\":\"https:\\\/\\\/uni.uhk.cz\\\/archeologie\\\/\",\"name\":\"Katedra archeologie FF UHK\",\"description\":\"\",\"potentialAction\":[{\"@type\":\"SearchAction\",\"target\":{\"@type\":\"EntryPoint\",\"urlTemplate\":\"https:\\\/\\\/uni.uhk.cz\\\/archeologie\\\/?s={search_term_string}\"},\"query-input\":{\"@type\":\"PropertyValueSpecification\",\"valueRequired\":true,\"valueName\":\"search_term_string\"}}],\"inLanguage\":\"cs\"}]}<\/script>\n<!-- \/ Yoast SEO plugin. -->","yoast_head_json":{"title":"Traineeships - Katedra archeologie","robots":{"index":"index","follow":"follow","max-snippet":"max-snippet:-1","max-image-preview":"max-image-preview:large","max-video-preview":"max-video-preview:-1"},"canonical":"https:\/\/uni.uhk.cz\/archeologie\/?page_id=25882&lang=en","og_locale":"cs_CZ","og_type":"article","og_title":"Traineeships - Katedra archeologie","og_description":"The Department of Archaeology offers Erasmus student mobilities for traineeship. The traineeships are available for Archaeology students (BA, MA, Ph.D.) This opportunity is open for students enrolled at a university holding an Erasmus+ Charter for Higher Education. The traineeship must relate to the student's degree programme and to their personal development needs and, wherever possible, [&hellip;]","og_url":"https:\/\/uni.uhk.cz\/archeologie\/?page_id=25882&lang=en","og_site_name":"Katedra archeologie","article_modified_time":"2023-03-24T08:58:26+00:00","og_image":[{"url":"https:\/\/uni.uhk.cz\/archeologie\/wp-content\/uploads\/2020\/02\/team-ii.-20191129-130358-e1580731814825.jpg","type":"","width":"","height":""}],"twitter_card":"summary_large_image","twitter_misc":{"Odhadovan\u00e1 doba \u010dten\u00ed":"4 minuty"},"schema":{"@context":"https:\/\/schema.org","@graph":[{"@type":"WebPage","@id":"https:\/\/uni.uhk.cz\/archeologie\/?page_id=25882&lang=en","url":"https:\/\/uni.uhk.cz\/archeologie\/?page_id=25882&lang=en","name":"Traineeships - Katedra archeologie","isPartOf":{"@id":"https:\/\/uni.uhk.cz\/archeologie\/#website"},"primaryImageOfPage":{"@id":"https:\/\/uni.uhk.cz\/archeologie\/?page_id=25882&lang=en#primaryimage"},"image":{"@id":"https:\/\/uni.uhk.cz\/archeologie\/?page_id=25882&lang=en#primaryimage"},"thumbnailUrl":"https:\/\/uni.uhk.cz\/archeologie\/wp-content\/uploads\/2020\/02\/team-ii.-20191129-130358-e1580731814825.jpg","datePublished":"2020-02-03T12:10:46+00:00","dateModified":"2023-03-24T08:58:26+00:00","breadcrumb":{"@id":"https:\/\/uni.uhk.cz\/archeologie\/?page_id=25882&lang=en#breadcrumb"},"inLanguage":"cs","potentialAction":[{"@type":"ReadAction","target":["https:\/\/uni.uhk.cz\/archeologie\/?page_id=25882&lang=en"]}]},{"@type":"ImageObject","inLanguage":"cs","@id":"https:\/\/uni.uhk.cz\/archeologie\/?page_id=25882&lang=en#primaryimage","url":"https:\/\/uni.uhk.cz\/archeologie\/wp-content\/uploads\/2020\/02\/team-ii.-20191129-130358-e1580731814825.jpg","contentUrl":"https:\/\/uni.uhk.cz\/archeologie\/wp-content\/uploads\/2020\/02\/team-ii.-20191129-130358-e1580731814825.jpg","width":1024,"height":519},{"@type":"BreadcrumbList","@id":"https:\/\/uni.uhk.cz\/archeologie\/?page_id=25882&lang=en#breadcrumb","itemListElement":[{"@type":"ListItem","position":1,"name":"Dom\u016f","item":"https:\/\/uni.uhk.cz\/archeologie\/"},{"@type":"ListItem","position":2,"name":"Traineeships"}]},{"@type":"WebSite","@id":"https:\/\/uni.uhk.cz\/archeologie\/#website","url":"https:\/\/uni.uhk.cz\/archeologie\/","name":"Katedra archeologie FF UHK","description":"","potentialAction":[{"@type":"SearchAction","target":{"@type":"EntryPoint","urlTemplate":"https:\/\/uni.uhk.cz\/archeologie\/?s={search_term_string}"},"query-input":{"@type":"PropertyValueSpecification","valueRequired":true,"valueName":"search_term_string"}}],"inLanguage":"cs"}]}},"jetpack_sharing_enabled":true,"_links":{"self":[{"href":"https:\/\/uni.uhk.cz\/archeologie\/index.php?rest_route=\/wp\/v2\/pages\/25882","targetHints":{"allow":["GET"]}}],"collection":[{"href":"https:\/\/uni.uhk.cz\/archeologie\/index.php?rest_route=\/wp\/v2\/pages"}],"about":[{"href":"https:\/\/uni.uhk.cz\/archeologie\/index.php?rest_route=\/wp\/v2\/types\/page"}],"author":[{"embeddable":true,"href":"https:\/\/uni.uhk.cz\/archeologie\/index.php?rest_route=\/wp\/v2\/users\/3"}],"replies":[{"embeddable":true,"href":"https:\/\/uni.uhk.cz\/archeologie\/index.php?rest_route=%2Fwp%2Fv2%2Fcomments&post=25882"}],"version-history":[{"count":5,"href":"https:\/\/uni.uhk.cz\/archeologie\/index.php?rest_route=\/wp\/v2\/pages\/25882\/revisions"}],"predecessor-version":[{"id":29376,"href":"https:\/\/uni.uhk.cz\/archeologie\/index.php?rest_route=\/wp\/v2\/pages\/25882\/revisions\/29376"}],"wp:attachment":[{"href":"https:\/\/uni.uhk.cz\/archeologie\/index.php?rest_route=%2Fwp%2Fv2%2Fmedia&parent=25882"}],"curies":[{"name":"wp","href":"https:\/\/api.w.org\/{rel}","templated":true}]}}