{"id":25872,"date":"2020-02-03T11:44:45","date_gmt":"2020-02-03T09:44:45","guid":{"rendered":"https:\/\/uni.uhk.cz\/archeologie\/?page_id=25872"},"modified":"2022-01-17T12:28:42","modified_gmt":"2022-01-17T10:28:42","slug":"battle-fields-and-armed-conflicts-of-the-15th-19th-century-in-historical-memory-and-reality","status":"publish","type":"page","link":"https:\/\/uni.uhk.cz\/archeologie\/?page_id=25872&lang=en","title":{"rendered":"Battle fields and armed conflicts of the 15th \u2013 19th Century in historical memory and reality"},"content":{"rendered":"<span lang=\"en\"><img loading=\"lazy\" decoding=\"async\" class=\"alignnone size-full wp-image-28159\" src=\"https:\/\/uni.uhk.cz\/archeologie\/wp-content\/uploads\/2020\/02\/WAC9-3.jpg\" alt=\"\" width=\"1528\" height=\"500\" srcset=\"https:\/\/uni.uhk.cz\/archeologie\/wp-content\/uploads\/2020\/02\/WAC9-3.jpg 1528w, https:\/\/uni.uhk.cz\/archeologie\/wp-content\/uploads\/2020\/02\/WAC9-3-600x196.jpg 600w, https:\/\/uni.uhk.cz\/archeologie\/wp-content\/uploads\/2020\/02\/WAC9-3-300x98.jpg 300w, https:\/\/uni.uhk.cz\/archeologie\/wp-content\/uploads\/2020\/02\/WAC9-3-1024x335.jpg 1024w, https:\/\/uni.uhk.cz\/archeologie\/wp-content\/uploads\/2020\/02\/WAC9-3-768x251.jpg 768w, https:\/\/uni.uhk.cz\/archeologie\/wp-content\/uploads\/2020\/02\/WAC9-3-81x27.jpg 81w\" sizes=\"auto, (max-width: 1528px) 100vw, 1528px\" \/>The\u00a0Department of Archeology FF UHK is co-organizer of the session \u201c<\/span><b>Battle fields and armed conflicts of the 15th \u2013 19th Century in historical memory and reality<\/b><span lang=\"en\">\u201d as part of the World Archaeological Congress 2020.<\/span>\r\n\r\n<span lang=\"en\">Main topic is about comparison of historical, iconographic and cartographic sources dealing with war conflicts with the testimony of archaeological sources, because they can fundamentally supplement the information we have about these events. The section is also open to topics dealing with the methodology of research on battlefields and other areas related to war conflicts. Papers can be submitted until April 21, 2020. More at\u00a0<a href=\"https:\/\/www.wac-9.org\/sessions\/\" target=\"_blank\" rel=\"noopener noreferrer\" data-auth=\"NotApplicable\" data-linkindex=\"2\">https:\/\/www.wac-9.org\/sessions\/<\/a><\/span>\r\n\r\n<span lang=\"en\">The congress moved from 2020 will take place in a hybrid form, where participation will be possible both physically and online.<\/span><span lang=\"en\">\u00a0<\/span><span lang=\"en\">Important dates here:<\/span><span lang=\"en\">\u00a0<\/span><a href=\"https:\/\/www.wac-9.org\/\" target=\"_blank\" rel=\"noopener noreferrer\" data-auth=\"NotApplicable\" data-linkindex=\"3\">https:\/\/www.wac-9.org\/<\/a>","protected":false},"excerpt":{"rendered":"<p>The\u00a0Department of Archeology FF UHK is co-organizer of the session \u201cBattle fields and armed conflicts of the 15th \u2013 19th Century in historical memory and reality\u201d as part of the World Archaeological Congress 2020. Main topic is about comparison of historical, iconographic and cartographic sources dealing with war conflicts with the testimony of archaeological sources, [&hellip;]<\/p>\n","protected":false},"author":3,"featured_media":25873,"parent":0,"menu_order":0,"comment_status":"closed","ping_status":"closed","template":"","meta":{"_exactmetrics_skip_tracking":false,"_exactmetrics_sitenote_active":false,"_exactmetrics_sitenote_note":"","_exactmetrics_sitenote_category":0,"footnotes":""},"class_list":["post-25872","page","type-page","status-publish","has-post-thumbnail","hentry"],"yoast_head":"<!-- This site is optimized with the Yoast SEO plugin v27.5 - https:\/\/yoast.com\/product\/yoast-seo-wordpress\/ -->\n<title>Battle fields and armed conflicts of the 15th \u2013 19th Century in historical memory and reality - Katedra archeologie<\/title>\n<meta name=\"robots\" content=\"index, follow, max-snippet:-1, max-image-preview:large, max-video-preview:-1\" \/>\n<link rel=\"canonical\" href=\"https:\/\/uni.uhk.cz\/archeologie\/?page_id=25872&lang=en\" \/>\n<meta property=\"og:locale\" content=\"cs_CZ\" \/>\n<meta property=\"og:type\" content=\"article\" \/>\n<meta property=\"og:title\" content=\"Battle fields and armed conflicts of the 15th \u2013 19th Century in historical memory and reality - Katedra archeologie\" \/>\n<meta property=\"og:description\" content=\"The\u00a0Department of Archeology FF UHK is co-organizer of the session \u201cBattle fields and armed conflicts of the 15th \u2013 19th Century in historical memory and reality\u201d as part of the World Archaeological Congress 2020. Main topic is about comparison of historical, iconographic and cartographic sources dealing with war conflicts with the testimony of archaeological sources, [&hellip;]\" \/>\n<meta property=\"og:url\" content=\"https:\/\/uni.uhk.cz\/archeologie\/?page_id=25872&amp;lang=en\" \/>\n<meta property=\"og:site_name\" content=\"Katedra archeologie\" \/>\n<meta property=\"article:modified_time\" content=\"2022-01-17T10:28:42+00:00\" \/>\n<meta property=\"og:image\" content=\"https:\/\/uni.uhk.cz\/archeologie\/wp-content\/uploads\/2020\/02\/72990989_423552111921796_1141111292199233681_n-e1580723067560.jpg\" \/>\n\t<meta property=\"og:image:width\" content=\"640\" \/>\n\t<meta property=\"og:image:height\" content=\"400\" \/>\n\t<meta property=\"og:image:type\" content=\"image\/jpeg\" \/>\n<meta name=\"twitter:card\" content=\"summary_large_image\" \/>\n<meta name=\"twitter:label1\" content=\"Odhadovan\u00e1 doba \u010dten\u00ed\" \/>\n\t<meta name=\"twitter:data1\" content=\"1 minuta\" \/>\n<script type=\"application\/ld+json\" class=\"yoast-schema-graph\">{\"@context\":\"https:\\\/\\\/schema.org\",\"@graph\":[{\"@type\":\"WebPage\",\"@id\":\"https:\\\/\\\/uni.uhk.cz\\\/archeologie\\\/?page_id=25872&lang=en\",\"url\":\"https:\\\/\\\/uni.uhk.cz\\\/archeologie\\\/?page_id=25872&lang=en\",\"name\":\"Battle fields and armed conflicts of the 15th \u2013 19th Century in historical memory and reality - Katedra archeologie\",\"isPartOf\":{\"@id\":\"https:\\\/\\\/uni.uhk.cz\\\/archeologie\\\/#website\"},\"primaryImageOfPage\":{\"@id\":\"https:\\\/\\\/uni.uhk.cz\\\/archeologie\\\/?page_id=25872&lang=en#primaryimage\"},\"image\":{\"@id\":\"https:\\\/\\\/uni.uhk.cz\\\/archeologie\\\/?page_id=25872&lang=en#primaryimage\"},\"thumbnailUrl\":\"https:\\\/\\\/uni.uhk.cz\\\/archeologie\\\/wp-content\\\/uploads\\\/2020\\\/02\\\/72990989_423552111921796_1141111292199233681_n-e1580723067560.jpg\",\"datePublished\":\"2020-02-03T09:44:45+00:00\",\"dateModified\":\"2022-01-17T10:28:42+00:00\",\"breadcrumb\":{\"@id\":\"https:\\\/\\\/uni.uhk.cz\\\/archeologie\\\/?page_id=25872&lang=en#breadcrumb\"},\"inLanguage\":\"cs\",\"potentialAction\":[{\"@type\":\"ReadAction\",\"target\":[\"https:\\\/\\\/uni.uhk.cz\\\/archeologie\\\/?page_id=25872&lang=en\"]}]},{\"@type\":\"ImageObject\",\"inLanguage\":\"cs\",\"@id\":\"https:\\\/\\\/uni.uhk.cz\\\/archeologie\\\/?page_id=25872&lang=en#primaryimage\",\"url\":\"https:\\\/\\\/uni.uhk.cz\\\/archeologie\\\/wp-content\\\/uploads\\\/2020\\\/02\\\/72990989_423552111921796_1141111292199233681_n-e1580723067560.jpg\",\"contentUrl\":\"https:\\\/\\\/uni.uhk.cz\\\/archeologie\\\/wp-content\\\/uploads\\\/2020\\\/02\\\/72990989_423552111921796_1141111292199233681_n-e1580723067560.jpg\",\"width\":640,\"height\":400},{\"@type\":\"BreadcrumbList\",\"@id\":\"https:\\\/\\\/uni.uhk.cz\\\/archeologie\\\/?page_id=25872&lang=en#breadcrumb\",\"itemListElement\":[{\"@type\":\"ListItem\",\"position\":1,\"name\":\"Dom\u016f\",\"item\":\"https:\\\/\\\/uni.uhk.cz\\\/archeologie\\\/\"},{\"@type\":\"ListItem\",\"position\":2,\"name\":\"Battle fields and armed conflicts of the 15th \u2013 19th Century in historical memory and reality\"}]},{\"@type\":\"WebSite\",\"@id\":\"https:\\\/\\\/uni.uhk.cz\\\/archeologie\\\/#website\",\"url\":\"https:\\\/\\\/uni.uhk.cz\\\/archeologie\\\/\",\"name\":\"Katedra archeologie FF UHK\",\"description\":\"\",\"potentialAction\":[{\"@type\":\"SearchAction\",\"target\":{\"@type\":\"EntryPoint\",\"urlTemplate\":\"https:\\\/\\\/uni.uhk.cz\\\/archeologie\\\/?s={search_term_string}\"},\"query-input\":{\"@type\":\"PropertyValueSpecification\",\"valueRequired\":true,\"valueName\":\"search_term_string\"}}],\"inLanguage\":\"cs\"}]}<\/script>\n<!-- \/ Yoast SEO plugin. -->","yoast_head_json":{"title":"Battle fields and armed conflicts of the 15th \u2013 19th Century in historical memory and reality - Katedra archeologie","robots":{"index":"index","follow":"follow","max-snippet":"max-snippet:-1","max-image-preview":"max-image-preview:large","max-video-preview":"max-video-preview:-1"},"canonical":"https:\/\/uni.uhk.cz\/archeologie\/?page_id=25872&lang=en","og_locale":"cs_CZ","og_type":"article","og_title":"Battle fields and armed conflicts of the 15th \u2013 19th Century in historical memory and reality - Katedra archeologie","og_description":"The\u00a0Department of Archeology FF UHK is co-organizer of the session \u201cBattle fields and armed conflicts of the 15th \u2013 19th Century in historical memory and reality\u201d as part of the World Archaeological Congress 2020. Main topic is about comparison of historical, iconographic and cartographic sources dealing with war conflicts with the testimony of archaeological sources, [&hellip;]","og_url":"https:\/\/uni.uhk.cz\/archeologie\/?page_id=25872&lang=en","og_site_name":"Katedra archeologie","article_modified_time":"2022-01-17T10:28:42+00:00","og_image":[{"width":640,"height":400,"url":"https:\/\/uni.uhk.cz\/archeologie\/wp-content\/uploads\/2020\/02\/72990989_423552111921796_1141111292199233681_n-e1580723067560.jpg","type":"image\/jpeg"}],"twitter_card":"summary_large_image","twitter_misc":{"Odhadovan\u00e1 doba \u010dten\u00ed":"1 minuta"},"schema":{"@context":"https:\/\/schema.org","@graph":[{"@type":"WebPage","@id":"https:\/\/uni.uhk.cz\/archeologie\/?page_id=25872&lang=en","url":"https:\/\/uni.uhk.cz\/archeologie\/?page_id=25872&lang=en","name":"Battle fields and armed conflicts of the 15th \u2013 19th Century in historical memory and reality - Katedra archeologie","isPartOf":{"@id":"https:\/\/uni.uhk.cz\/archeologie\/#website"},"primaryImageOfPage":{"@id":"https:\/\/uni.uhk.cz\/archeologie\/?page_id=25872&lang=en#primaryimage"},"image":{"@id":"https:\/\/uni.uhk.cz\/archeologie\/?page_id=25872&lang=en#primaryimage"},"thumbnailUrl":"https:\/\/uni.uhk.cz\/archeologie\/wp-content\/uploads\/2020\/02\/72990989_423552111921796_1141111292199233681_n-e1580723067560.jpg","datePublished":"2020-02-03T09:44:45+00:00","dateModified":"2022-01-17T10:28:42+00:00","breadcrumb":{"@id":"https:\/\/uni.uhk.cz\/archeologie\/?page_id=25872&lang=en#breadcrumb"},"inLanguage":"cs","potentialAction":[{"@type":"ReadAction","target":["https:\/\/uni.uhk.cz\/archeologie\/?page_id=25872&lang=en"]}]},{"@type":"ImageObject","inLanguage":"cs","@id":"https:\/\/uni.uhk.cz\/archeologie\/?page_id=25872&lang=en#primaryimage","url":"https:\/\/uni.uhk.cz\/archeologie\/wp-content\/uploads\/2020\/02\/72990989_423552111921796_1141111292199233681_n-e1580723067560.jpg","contentUrl":"https:\/\/uni.uhk.cz\/archeologie\/wp-content\/uploads\/2020\/02\/72990989_423552111921796_1141111292199233681_n-e1580723067560.jpg","width":640,"height":400},{"@type":"BreadcrumbList","@id":"https:\/\/uni.uhk.cz\/archeologie\/?page_id=25872&lang=en#breadcrumb","itemListElement":[{"@type":"ListItem","position":1,"name":"Dom\u016f","item":"https:\/\/uni.uhk.cz\/archeologie\/"},{"@type":"ListItem","position":2,"name":"Battle fields and armed conflicts of the 15th \u2013 19th Century in historical memory and reality"}]},{"@type":"WebSite","@id":"https:\/\/uni.uhk.cz\/archeologie\/#website","url":"https:\/\/uni.uhk.cz\/archeologie\/","name":"Katedra archeologie FF UHK","description":"","potentialAction":[{"@type":"SearchAction","target":{"@type":"EntryPoint","urlTemplate":"https:\/\/uni.uhk.cz\/archeologie\/?s={search_term_string}"},"query-input":{"@type":"PropertyValueSpecification","valueRequired":true,"valueName":"search_term_string"}}],"inLanguage":"cs"}]}},"jetpack_sharing_enabled":true,"_links":{"self":[{"href":"https:\/\/uni.uhk.cz\/archeologie\/index.php?rest_route=\/wp\/v2\/pages\/25872","targetHints":{"allow":["GET"]}}],"collection":[{"href":"https:\/\/uni.uhk.cz\/archeologie\/index.php?rest_route=\/wp\/v2\/pages"}],"about":[{"href":"https:\/\/uni.uhk.cz\/archeologie\/index.php?rest_route=\/wp\/v2\/types\/page"}],"author":[{"embeddable":true,"href":"https:\/\/uni.uhk.cz\/archeologie\/index.php?rest_route=\/wp\/v2\/users\/3"}],"replies":[{"embeddable":true,"href":"https:\/\/uni.uhk.cz\/archeologie\/index.php?rest_route=%2Fwp%2Fv2%2Fcomments&post=25872"}],"version-history":[{"count":5,"href":"https:\/\/uni.uhk.cz\/archeologie\/index.php?rest_route=\/wp\/v2\/pages\/25872\/revisions"}],"predecessor-version":[{"id":28160,"href":"https:\/\/uni.uhk.cz\/archeologie\/index.php?rest_route=\/wp\/v2\/pages\/25872\/revisions\/28160"}],"wp:featuredmedia":[{"embeddable":true,"href":"https:\/\/uni.uhk.cz\/archeologie\/index.php?rest_route=\/wp\/v2\/media\/25873"}],"wp:attachment":[{"href":"https:\/\/uni.uhk.cz\/archeologie\/index.php?rest_route=%2Fwp%2Fv2%2Fmedia&parent=25872"}],"curies":[{"name":"wp","href":"https:\/\/api.w.org\/{rel}","templated":true}]}}