{"id":22426,"date":"2018-04-19T13:01:55","date_gmt":"2018-04-19T11:01:55","guid":{"rendered":"https:\/\/uni.uhk.cz\/archeologie\/?page_id=22426"},"modified":"2025-11-21T11:14:27","modified_gmt":"2025-11-21T09:14:27","slug":"kontakty-2","status":"publish","type":"page","link":"https:\/\/uni.uhk.cz\/archeologie\/?page_id=22426&lang=en","title":{"rendered":"Contacts"},"content":{"rendered":"<section class=\"padding-two-tb\"><div class=\"container\"><div class=\"row\"><div class=\"wpb_column hcode-column-container padding-two-tb vc_col-sm-12 col-xs-mobile-fullwidth\" data-front-class=\"padding-two-tb col-xs-mobile-fullwidth\" data-background=#ffffff style=\" background:#ffffff;\"><div class=\"vc-column-innner-wrapper\"><div class=\"padding-one-bottom\"><h3>Department of Archaeology, Philosophical Faculty, University of Hradec Kr\u00e1lov\u00e9<\/h3>\n<\/div><div class=\"hcode-inner-row padding-two-tb\" style=\"background-color:#ffffff;\"><div class=\"wpb_column hcode-column-container no-padding vc_col-sm-3 col-xs-mobile-fullwidth\" data-front-class=\"no-padding col-xs-mobile-fullwidth\"><div class=\"vc-column-innner-wrapper\"><h4>Where to find us<\/h4>\n<p>Building B University of Hradec Kralove<br \/>\nn\u00e1m. Svobody 331<br \/>\n500 03 Hradec Kr\u00e1lov\u00e9 3<\/p>\n<\/div><\/div><div class=\"wpb_column hcode-column-container padding-left-two vc_col-sm-3 col-xs-mobile-fullwidth\" data-front-class=\"padding-left-two col-xs-mobile-fullwidth\"><div class=\"vc-column-innner-wrapper\"><h4>Postal address<\/h4>\n<p>Rokitansk\u00e9ho 62<br \/>\n500 03 Hradec Kr\u00e1lov\u00e9<\/p>\n<p>Czech Republic<\/p>\n<\/div><\/div><div class=\"wpb_column hcode-column-container vc_col-sm-3 col-xs-mobile-fullwidth\" data-front-class=\"col-xs-mobile-fullwidth\"><div class=\"vc-column-innner-wrapper\"><h4>Secretariat<\/h4>\n<p><strong>a:<\/strong> Building B, room 20260<br \/>\n<strong>e: magdalena.fiserova@uhk<\/strong><br \/>\n<strong>t:<\/strong> +420 705 772 195<\/p>\n<\/div><\/div><div class=\"wpb_column hcode-column-container vc_col-sm-3 col-xs-mobile-fullwidth\" data-front-class=\"col-xs-mobile-fullwidth\"><div class=\"vc-column-innner-wrapper\"><\/div><\/div><\/div>[vc_gmaps link=\"#E-8_JTNDaWZyYW1lJTIwc3JjJTNEJTIyaHR0cHMlM0ElMkYlMkZ3d3cuZ29vZ2xlLmNvbSUyRm1hcHMlMkZlbWJlZCUzRnBiJTNEJTIxMW0xOCUyMTFtMTIlMjExbTMlMjExZDI1NTMuMzQyOTExMzI3OTI1JTIxMmQxNS44NDc3MzkyMTU5NjYzNzglMjEzZDUwLjIxMDgxMjE3OTQ0MzExJTIxMm0zJTIxMWYwJTIxMmYwJTIxM2YwJTIxM20yJTIxMWkxMDI0JTIxMmk3NjglMjE0ZjEzLjElMjEzbTMlMjExbTIlMjExczB4NDcwZGQ0ZDBkYTRkZDJiYiUyNTNBMHg3MDdhZjc2ZmMyOWQyNDljJTIxMnNVbml2ZXJ6aXRhJTI1MjBIcmFkZWMlMjUyMEtyJTI1QzMlMjVBMWxvdiUyNUMzJTI1QTklMjUyMCUyNUUyJTI1ODAlMjU5MyUyNTIwYnVkb3ZhJTI1MjBFJTIxNWUwJTIxM20yJTIxMXNjcyUyMTJzY3olMjE0djE2MDAzMzUyNDg3NTYlMjE1bTIlMjExc2NzJTIxMnNjeiUyMiUyMHdpZHRoJTNEJTIyMTIwMCUyMiUyMGhlaWdodCUzRCUyMjYwMCUyMiUyMGZyYW1lYm9yZGVyJTNEJTIyMCUyMiUyMHN0eWxlJTNEJTIyYm9yZGVyJTNBMCUzQiUyMiUyMGFsbG93ZnVsbHNjcmVlbiUzRCUyMiUyMiUyMGFyaWEtaGlkZGVuJTNEJTIyZmFsc2UlMjIlMjB0YWJpbmRleCUzRCUyMjAlMjIlM0UlM0MlMkZpZnJhbWUlM0U=\"]<\/div><\/div><\/div><\/div><\/section>","protected":false},"excerpt":{"rendered":"<p>Department of Archaeology, Philosophical Faculty, University of Hradec Kr\u00e1lov\u00e9 Where to find us Building B University of Hradec Kralove n\u00e1m. Svobody 331 500 03 Hradec Kr\u00e1lov\u00e9 3 Postal address Rokitansk\u00e9ho 62 500 03 Hradec Kr\u00e1lov\u00e9 Czech Republic Secretariat a: Building B, room 20260 e: magdalena.fiserova@uhk t: +420 705 772 195 [vc_gmaps link=&#8220;#E-8_JTNDaWZyYW1lJTIwc3JjJTNEJTIyaHR0cHMlM0ElMkYlMkZ3d3cuZ29vZ2xlLmNvbSUyRm1hcHMlMkZlbWJlZCUzRnBiJTNEJTIxMW0xOCUyMTFtMTIlMjExbTMlMjExZDI1NTMuMzQyOTExMzI3OTI1JTIxMmQxNS44NDc3MzkyMTU5NjYzNzglMjEzZDUwLjIxMDgxMjE3OTQ0MzExJTIxMm0zJTIxMWYwJTIxMmYwJTIxM2YwJTIxM20yJTIxMWkxMDI0JTIxMmk3NjglMjE0ZjEzLjElMjEzbTMlMjExbTIlMjExczB4NDcwZGQ0ZDBkYTRkZDJiYiUyNTNBMHg3MDdhZjc2ZmMyOWQyNDljJTIxMnNVbml2ZXJ6aXRhJTI1MjBIcmFkZWMlMjUyMEtyJTI1QzMlMjVBMWxvdiUyNUMzJTI1QTklMjUyMCUyNUUyJTI1ODAlMjU5MyUyNTIwYnVkb3ZhJTI1MjBFJTIxNWUwJTIxM20yJTIxMXNjcyUyMTJzY3olMjE0djE2MDAzMzUyNDg3NTYlMjE1bTIlMjExc2NzJTIxMnNjeiUyMiUyMHdpZHRoJTNEJTIyMTIwMCUyMiUyMGhlaWdodCUzRCUyMjYwMCUyMiUyMGZyYW1lYm9yZGVyJTNEJTIyMCUyMiUyMHN0eWxlJTNEJTIyYm9yZGVyJTNBMCUzQiUyMiUyMGFsbG93ZnVsbHNjcmVlbiUzRCUyMiUyMiUyMGFyaWEtaGlkZGVuJTNEJTIyZmFsc2UlMjIlMjB0YWJpbmRleCUzRCUyMjAlMjIlM0UlM0MlMkZpZnJhbWUlM0U=&#8220;]<\/p>\n","protected":false},"author":2,"featured_media":0,"parent":0,"menu_order":0,"comment_status":"closed","ping_status":"closed","template":"","meta":{"_exactmetrics_skip_tracking":false,"_exactmetrics_sitenote_active":false,"_exactmetrics_sitenote_note":"","_exactmetrics_sitenote_category":0,"footnotes":""},"class_list":["post-22426","page","type-page","status-publish","hentry"],"yoast_head":"<!-- This site is optimized with the Yoast SEO plugin v27.5 - https:\/\/yoast.com\/product\/yoast-seo-wordpress\/ -->\n<title>Contacts - Katedra archeologie<\/title>\n<meta name=\"robots\" content=\"index, follow, max-snippet:-1, max-image-preview:large, max-video-preview:-1\" \/>\n<link rel=\"canonical\" href=\"https:\/\/uni.uhk.cz\/archeologie\/?page_id=22426&lang=en\" \/>\n<meta property=\"og:locale\" content=\"cs_CZ\" \/>\n<meta property=\"og:type\" content=\"article\" \/>\n<meta property=\"og:title\" content=\"Contacts - Katedra archeologie\" \/>\n<meta property=\"og:description\" content=\"Department of Archaeology, Philosophical Faculty, University of Hradec Kr\u00e1lov\u00e9 Where to find us Building B University of Hradec Kralove n\u00e1m. Svobody 331 500 03 Hradec Kr\u00e1lov\u00e9 3 Postal address Rokitansk\u00e9ho 62 500 03 Hradec Kr\u00e1lov\u00e9 Czech Republic Secretariat a: Building B, room 20260 e: magdalena.fiserova@uhk t: +420 705 772 195 [vc_gmaps link=&quot;#E-8_JTNDaWZyYW1lJTIwc3JjJTNEJTIyaHR0cHMlM0ElMkYlMkZ3d3cuZ29vZ2xlLmNvbSUyRm1hcHMlMkZlbWJlZCUzRnBiJTNEJTIxMW0xOCUyMTFtMTIlMjExbTMlMjExZDI1NTMuMzQyOTExMzI3OTI1JTIxMmQxNS44NDc3MzkyMTU5NjYzNzglMjEzZDUwLjIxMDgxMjE3OTQ0MzExJTIxMm0zJTIxMWYwJTIxMmYwJTIxM2YwJTIxM20yJTIxMWkxMDI0JTIxMmk3NjglMjE0ZjEzLjElMjEzbTMlMjExbTIlMjExczB4NDcwZGQ0ZDBkYTRkZDJiYiUyNTNBMHg3MDdhZjc2ZmMyOWQyNDljJTIxMnNVbml2ZXJ6aXRhJTI1MjBIcmFkZWMlMjUyMEtyJTI1QzMlMjVBMWxvdiUyNUMzJTI1QTklMjUyMCUyNUUyJTI1ODAlMjU5MyUyNTIwYnVkb3ZhJTI1MjBFJTIxNWUwJTIxM20yJTIxMXNjcyUyMTJzY3olMjE0djE2MDAzMzUyNDg3NTYlMjE1bTIlMjExc2NzJTIxMnNjeiUyMiUyMHdpZHRoJTNEJTIyMTIwMCUyMiUyMGhlaWdodCUzRCUyMjYwMCUyMiUyMGZyYW1lYm9yZGVyJTNEJTIyMCUyMiUyMHN0eWxlJTNEJTIyYm9yZGVyJTNBMCUzQiUyMiUyMGFsbG93ZnVsbHNjcmVlbiUzRCUyMiUyMiUyMGFyaWEtaGlkZGVuJTNEJTIyZmFsc2UlMjIlMjB0YWJpbmRleCUzRCUyMjAlMjIlM0UlM0MlMkZpZnJhbWUlM0U=&quot;]\" \/>\n<meta property=\"og:url\" content=\"https:\/\/uni.uhk.cz\/archeologie\/?page_id=22426&amp;lang=en\" \/>\n<meta property=\"og:site_name\" content=\"Katedra archeologie\" \/>\n<meta property=\"article:modified_time\" content=\"2025-11-21T09:14:27+00:00\" \/>\n<meta name=\"twitter:card\" content=\"summary_large_image\" \/>\n<meta name=\"twitter:label1\" content=\"Odhadovan\u00e1 doba \u010dten\u00ed\" \/>\n\t<meta name=\"twitter:data1\" content=\"1 minuta\" \/>\n<script type=\"application\/ld+json\" class=\"yoast-schema-graph\">{\"@context\":\"https:\\\/\\\/schema.org\",\"@graph\":[{\"@type\":\"WebPage\",\"@id\":\"https:\\\/\\\/uni.uhk.cz\\\/archeologie\\\/?page_id=22426&lang=en\",\"url\":\"https:\\\/\\\/uni.uhk.cz\\\/archeologie\\\/?page_id=22426&lang=en\",\"name\":\"Contacts - Katedra archeologie\",\"isPartOf\":{\"@id\":\"https:\\\/\\\/uni.uhk.cz\\\/archeologie\\\/#website\"},\"datePublished\":\"2018-04-19T11:01:55+00:00\",\"dateModified\":\"2025-11-21T09:14:27+00:00\",\"breadcrumb\":{\"@id\":\"https:\\\/\\\/uni.uhk.cz\\\/archeologie\\\/?page_id=22426&lang=en#breadcrumb\"},\"inLanguage\":\"cs\",\"potentialAction\":[{\"@type\":\"ReadAction\",\"target\":[\"https:\\\/\\\/uni.uhk.cz\\\/archeologie\\\/?page_id=22426&lang=en\"]}]},{\"@type\":\"BreadcrumbList\",\"@id\":\"https:\\\/\\\/uni.uhk.cz\\\/archeologie\\\/?page_id=22426&lang=en#breadcrumb\",\"itemListElement\":[{\"@type\":\"ListItem\",\"position\":1,\"name\":\"Dom\u016f\",\"item\":\"https:\\\/\\\/uni.uhk.cz\\\/archeologie\\\/\"},{\"@type\":\"ListItem\",\"position\":2,\"name\":\"Contacts\"}]},{\"@type\":\"WebSite\",\"@id\":\"https:\\\/\\\/uni.uhk.cz\\\/archeologie\\\/#website\",\"url\":\"https:\\\/\\\/uni.uhk.cz\\\/archeologie\\\/\",\"name\":\"Katedra archeologie FF UHK\",\"description\":\"\",\"potentialAction\":[{\"@type\":\"SearchAction\",\"target\":{\"@type\":\"EntryPoint\",\"urlTemplate\":\"https:\\\/\\\/uni.uhk.cz\\\/archeologie\\\/?s={search_term_string}\"},\"query-input\":{\"@type\":\"PropertyValueSpecification\",\"valueRequired\":true,\"valueName\":\"search_term_string\"}}],\"inLanguage\":\"cs\"}]}<\/script>\n<!-- \/ Yoast SEO plugin. -->","yoast_head_json":{"title":"Contacts - Katedra archeologie","robots":{"index":"index","follow":"follow","max-snippet":"max-snippet:-1","max-image-preview":"max-image-preview:large","max-video-preview":"max-video-preview:-1"},"canonical":"https:\/\/uni.uhk.cz\/archeologie\/?page_id=22426&lang=en","og_locale":"cs_CZ","og_type":"article","og_title":"Contacts - Katedra archeologie","og_description":"Department of Archaeology, Philosophical Faculty, University of Hradec Kr\u00e1lov\u00e9 Where to find us Building B University of Hradec Kralove n\u00e1m. Svobody 331 500 03 Hradec Kr\u00e1lov\u00e9 3 Postal address Rokitansk\u00e9ho 62 500 03 Hradec Kr\u00e1lov\u00e9 Czech Republic Secretariat a: Building B, room 20260 e: magdalena.fiserova@uhk t: +420 705 772 195 [vc_gmaps link=\"#E-8_JTNDaWZyYW1lJTIwc3JjJTNEJTIyaHR0cHMlM0ElMkYlMkZ3d3cuZ29vZ2xlLmNvbSUyRm1hcHMlMkZlbWJlZCUzRnBiJTNEJTIxMW0xOCUyMTFtMTIlMjExbTMlMjExZDI1NTMuMzQyOTExMzI3OTI1JTIxMmQxNS44NDc3MzkyMTU5NjYzNzglMjEzZDUwLjIxMDgxMjE3OTQ0MzExJTIxMm0zJTIxMWYwJTIxMmYwJTIxM2YwJTIxM20yJTIxMWkxMDI0JTIxMmk3NjglMjE0ZjEzLjElMjEzbTMlMjExbTIlMjExczB4NDcwZGQ0ZDBkYTRkZDJiYiUyNTNBMHg3MDdhZjc2ZmMyOWQyNDljJTIxMnNVbml2ZXJ6aXRhJTI1MjBIcmFkZWMlMjUyMEtyJTI1QzMlMjVBMWxvdiUyNUMzJTI1QTklMjUyMCUyNUUyJTI1ODAlMjU5MyUyNTIwYnVkb3ZhJTI1MjBFJTIxNWUwJTIxM20yJTIxMXNjcyUyMTJzY3olMjE0djE2MDAzMzUyNDg3NTYlMjE1bTIlMjExc2NzJTIxMnNjeiUyMiUyMHdpZHRoJTNEJTIyMTIwMCUyMiUyMGhlaWdodCUzRCUyMjYwMCUyMiUyMGZyYW1lYm9yZGVyJTNEJTIyMCUyMiUyMHN0eWxlJTNEJTIyYm9yZGVyJTNBMCUzQiUyMiUyMGFsbG93ZnVsbHNjcmVlbiUzRCUyMiUyMiUyMGFyaWEtaGlkZGVuJTNEJTIyZmFsc2UlMjIlMjB0YWJpbmRleCUzRCUyMjAlMjIlM0UlM0MlMkZpZnJhbWUlM0U=\"]","og_url":"https:\/\/uni.uhk.cz\/archeologie\/?page_id=22426&lang=en","og_site_name":"Katedra archeologie","article_modified_time":"2025-11-21T09:14:27+00:00","twitter_card":"summary_large_image","twitter_misc":{"Odhadovan\u00e1 doba \u010dten\u00ed":"1 minuta"},"schema":{"@context":"https:\/\/schema.org","@graph":[{"@type":"WebPage","@id":"https:\/\/uni.uhk.cz\/archeologie\/?page_id=22426&lang=en","url":"https:\/\/uni.uhk.cz\/archeologie\/?page_id=22426&lang=en","name":"Contacts - Katedra archeologie","isPartOf":{"@id":"https:\/\/uni.uhk.cz\/archeologie\/#website"},"datePublished":"2018-04-19T11:01:55+00:00","dateModified":"2025-11-21T09:14:27+00:00","breadcrumb":{"@id":"https:\/\/uni.uhk.cz\/archeologie\/?page_id=22426&lang=en#breadcrumb"},"inLanguage":"cs","potentialAction":[{"@type":"ReadAction","target":["https:\/\/uni.uhk.cz\/archeologie\/?page_id=22426&lang=en"]}]},{"@type":"BreadcrumbList","@id":"https:\/\/uni.uhk.cz\/archeologie\/?page_id=22426&lang=en#breadcrumb","itemListElement":[{"@type":"ListItem","position":1,"name":"Dom\u016f","item":"https:\/\/uni.uhk.cz\/archeologie\/"},{"@type":"ListItem","position":2,"name":"Contacts"}]},{"@type":"WebSite","@id":"https:\/\/uni.uhk.cz\/archeologie\/#website","url":"https:\/\/uni.uhk.cz\/archeologie\/","name":"Katedra archeologie FF UHK","description":"","potentialAction":[{"@type":"SearchAction","target":{"@type":"EntryPoint","urlTemplate":"https:\/\/uni.uhk.cz\/archeologie\/?s={search_term_string}"},"query-input":{"@type":"PropertyValueSpecification","valueRequired":true,"valueName":"search_term_string"}}],"inLanguage":"cs"}]}},"jetpack_sharing_enabled":true,"_links":{"self":[{"href":"https:\/\/uni.uhk.cz\/archeologie\/index.php?rest_route=\/wp\/v2\/pages\/22426","targetHints":{"allow":["GET"]}}],"collection":[{"href":"https:\/\/uni.uhk.cz\/archeologie\/index.php?rest_route=\/wp\/v2\/pages"}],"about":[{"href":"https:\/\/uni.uhk.cz\/archeologie\/index.php?rest_route=\/wp\/v2\/types\/page"}],"author":[{"embeddable":true,"href":"https:\/\/uni.uhk.cz\/archeologie\/index.php?rest_route=\/wp\/v2\/users\/2"}],"replies":[{"embeddable":true,"href":"https:\/\/uni.uhk.cz\/archeologie\/index.php?rest_route=%2Fwp%2Fv2%2Fcomments&post=22426"}],"version-history":[{"count":5,"href":"https:\/\/uni.uhk.cz\/archeologie\/index.php?rest_route=\/wp\/v2\/pages\/22426\/revisions"}],"predecessor-version":[{"id":31273,"href":"https:\/\/uni.uhk.cz\/archeologie\/index.php?rest_route=\/wp\/v2\/pages\/22426\/revisions\/31273"}],"wp:attachment":[{"href":"https:\/\/uni.uhk.cz\/archeologie\/index.php?rest_route=%2Fwp%2Fv2%2Fmedia&parent=22426"}],"curies":[{"name":"wp","href":"https:\/\/api.w.org\/{rel}","templated":true}]}}