{"id":22369,"date":"2018-04-19T14:27:44","date_gmt":"2018-04-19T12:27:44","guid":{"rendered":"https:\/\/uni.uhk.cz\/archeologie\/?page_id=22369"},"modified":"2023-04-05T16:58:39","modified_gmt":"2023-04-05T14:58:39","slug":"aktivity-2","status":"publish","type":"page","link":"https:\/\/uni.uhk.cz\/archeologie\/?page_id=22369","title":{"rendered":"Zahrani\u010dn\u00ed st\u00e1\u017ee"},"content":{"rendered":"<section><div class=\"container\"><div class=\"row\"><div class=\"wpb_column hcode-column-container vc_col-sm-12 col-xs-mobile-fullwidth\" data-front-class=\"col-xs-mobile-fullwidth\"><div class=\"vc-column-innner-wrapper\"><div class=\"blog-3col product-3\"><div class=\"post-30984 post type-post status-publish format-standard has-post-thumbnail hentry category-zahranicni-staze\"><div class=\"col-md-4 col-sm-6 col-xs-12 blog-listing \" ><div class=\"blog-post\"><div class=\"blog-image\"><a href=\"https:\/\/uni.uhk.cz\/archeologie\/?p=30984\"><img loading=\"lazy\" decoding=\"async\" width=\"1067\" height=\"600\" src=\"https:\/\/uni.uhk.cz\/archeologie\/wp-content\/uploads\/2025\/05\/Provadia.png\" class=\"attachment-full size-full wp-post-image\" alt=\"\" srcset=\"https:\/\/uni.uhk.cz\/archeologie\/wp-content\/uploads\/2025\/05\/Provadia.png 1067w, https:\/\/uni.uhk.cz\/archeologie\/wp-content\/uploads\/2025\/05\/Provadia-300x169.png 300w, https:\/\/uni.uhk.cz\/archeologie\/wp-content\/uploads\/2025\/05\/Provadia-1024x576.png 1024w, https:\/\/uni.uhk.cz\/archeologie\/wp-content\/uploads\/2025\/05\/Provadia-768x432.png 768w, https:\/\/uni.uhk.cz\/archeologie\/wp-content\/uploads\/2025\/05\/Provadia-81x46.png 81w, https:\/\/uni.uhk.cz\/archeologie\/wp-content\/uploads\/2025\/05\/Provadia-600x337.png 600w\" sizes=\"auto, (max-width: 1067px) 100vw, 1067px\" \/><\/a><\/div><div class=\"blog-details hcode-blog-1\"><div class=\"blog-title entry-title\"><a href=\"https:\/\/uni.uhk.cz\/archeologie\/?p=30984\">V\u00fdzkum netolick\u00e9ho a chalkolitick\u00e9ho urb\u00e1rn\u00edho centra s produkc\u00ed soli datovan\u00e9ho 5600 \u2013 4600 p\u0159. n.l. na lokalit\u011b Provadia-Solnitsata (Bulharsko)<\/a><\/div><div class=\"hcode-blog-excerpt blog-short-description entry-content\"><p>Od 1. srpna do 30. z\u00e1\u0159\u00ed 2025 nab\u00edz\u00edme pro 4 studenty jedine\u010dnou p\u0159\u00edle\u017eitost z\u00fa\u010dastnit se v\u00fdzkumu netolick\u00e9ho a chalkolitick\u00e9ho urb\u00e1rn\u00edho centra s\u00a0produkc\u00ed soli datovan\u00e9ho 5600 \u2013 4600 p\u0159. n.l. Kolem roku 5600 p\u0159. n. l. se neoliti\u010dt\u00ed osadn\u00edci usadili v okol\u00ed slan\u00fdch pramen\u016f nedaleko dne\u0161n\u00edho m\u011bsta Provadia. U\u010dinili tak z d\u016fvodu z\u00edsk\u00e1v\u00e1n\u00ed soli. Jedn\u00e1 se...<\/p>\n<\/div><div class=\"hcode-blog-separator separator-line bg-black no-margin-lr\"><\/div><\/div><\/div><\/div><\/div><div class=\"post-29455 post type-post status-publish format-standard has-post-thumbnail hentry category-nabidka category-zahranicni-staze\"><div class=\"col-md-4 col-sm-6 col-xs-12 blog-listing \" ><div class=\"blog-post\"><div class=\"blog-image\"><a href=\"https:\/\/uni.uhk.cz\/archeologie\/?p=29455\"><img loading=\"lazy\" decoding=\"async\" width=\"2560\" height=\"1152\" src=\"https:\/\/uni.uhk.cz\/archeologie\/wp-content\/uploads\/2023\/04\/13.jpg\" class=\"attachment-full size-full wp-post-image\" alt=\"\" srcset=\"https:\/\/uni.uhk.cz\/archeologie\/wp-content\/uploads\/2023\/04\/13.jpg 2560w, https:\/\/uni.uhk.cz\/archeologie\/wp-content\/uploads\/2023\/04\/13-300x135.jpg 300w, https:\/\/uni.uhk.cz\/archeologie\/wp-content\/uploads\/2023\/04\/13-1024x461.jpg 1024w, https:\/\/uni.uhk.cz\/archeologie\/wp-content\/uploads\/2023\/04\/13-768x346.jpg 768w, https:\/\/uni.uhk.cz\/archeologie\/wp-content\/uploads\/2023\/04\/13-1536x691.jpg 1536w, https:\/\/uni.uhk.cz\/archeologie\/wp-content\/uploads\/2023\/04\/13-2048x922.jpg 2048w, https:\/\/uni.uhk.cz\/archeologie\/wp-content\/uploads\/2023\/04\/13-81x36.jpg 81w, https:\/\/uni.uhk.cz\/archeologie\/wp-content\/uploads\/2023\/04\/13-600x270.jpg 600w\" sizes=\"auto, (max-width: 2560px) 100vw, 2560px\" \/><\/a><\/div><div class=\"blog-details hcode-blog-1\"><div class=\"blog-title entry-title\"><a href=\"https:\/\/uni.uhk.cz\/archeologie\/?p=29455\">Na zku\u0161enou do Izraele: v\u00fdzkum paleolitick\u00e9 lokality Gesher Benot Ya\u2019aqov<\/a><\/div><div class=\"hcode-blog-excerpt blog-short-description entry-content\"><p>Mo\u017en\u00e9 vyjet i v roce 2025 - info viz P\u0159ehled ter\u00e9nn\u00edch prax\u00ed na l\u00e9to 2025 Kde: kibbutz Gadot, severn\u00ed Izrael Staropaleolitick\u00e1 lokalita Gesher Benot Ya\u2019aqov (GBY) nach\u00e1zej\u00edc\u00ed se v severn\u00edm Izraeli je datovan\u00e1 na 780 tis\u00edc let. Lokalita poskytla nejstar\u0161\u00ed doklady kontrolovan\u00e9ho ohn\u011b mimo Afriku, tis\u00edce p\u011bstn\u00edch kl\u00edn\u016f a sek\u00e1\u010d\u016f, a mnoho n\u00e1lez\u016f kost\u00ed velk\u00fdch...<\/p>\n<\/div><div class=\"hcode-blog-separator separator-line bg-black no-margin-lr\"><\/div><\/div><\/div><\/div><\/div><div class=\"post-26196 post type-post status-publish format-standard has-post-thumbnail hentry category-zahranicni-staze\"><div class=\"col-md-4 col-sm-6 col-xs-12 blog-listing \" ><div class=\"blog-post\"><div class=\"blog-image\"><a href=\"https:\/\/uni.uhk.cz\/archeologie\/?p=26196\"><img loading=\"lazy\" decoding=\"async\" width=\"1920\" height=\"1281\" src=\"https:\/\/uni.uhk.cz\/archeologie\/wp-content\/uploads\/2019\/02\/navis.jpg\" class=\"attachment-full size-full wp-post-image\" alt=\"\" srcset=\"https:\/\/uni.uhk.cz\/archeologie\/wp-content\/uploads\/2019\/02\/navis.jpg 1920w, https:\/\/uni.uhk.cz\/archeologie\/wp-content\/uploads\/2019\/02\/navis-600x400.jpg 600w, https:\/\/uni.uhk.cz\/archeologie\/wp-content\/uploads\/2019\/02\/navis-300x200.jpg 300w, https:\/\/uni.uhk.cz\/archeologie\/wp-content\/uploads\/2019\/02\/navis-768x512.jpg 768w, https:\/\/uni.uhk.cz\/archeologie\/wp-content\/uploads\/2019\/02\/navis-1024x683.jpg 1024w, https:\/\/uni.uhk.cz\/archeologie\/wp-content\/uploads\/2019\/02\/navis-81x54.jpg 81w\" sizes=\"auto, (max-width: 1920px) 100vw, 1920px\" \/><\/a><\/div><div class=\"blog-details hcode-blog-1\"><div class=\"blog-title entry-title\"><a href=\"https:\/\/uni.uhk.cz\/archeologie\/?p=26196\">Archeologick\u00e1 spole\u010dnost STIK &#8211; Slovinsko<\/a><\/div><div class=\"hcode-blog-excerpt blog-short-description entry-content\"><p>St\u00e1\u017ee prob\u00edhaj\u00ed v r\u00e1mci archeologick\u00e9 spole\u010dnosti skupina STIK. St\u00e1\u017e je mo\u017en\u00e9 realizovat od kv\u011btna do z\u00e1\u0159\u00ed 2025. V\u00a0r\u00e1mci tohoto intervalu je mo\u017en\u00e9 si libovoln\u011b vybrat, av\u0161ak st\u00e1\u017e mus\u00ed b\u00fdt minim\u00e1ln\u011b v\u00a0rozsahu 61 kalend\u00e1\u0159n\u00edch dn\u00ed. Aktivity, kter\u00fdch se budete moci z\u00fa\u010dastnit v r\u00e1mci \u010dinnosti skupiny STIK: Archeologick\u00e9 v\u00fdzkumy \u0159\u00edmsk\u00fdch pam\u00e1tek Skupina STIK se pod\u00edl\u00ed na v\u00fdzkumu...<\/p>\n<\/div><div class=\"hcode-blog-separator separator-line bg-black no-margin-lr\"><\/div><\/div><\/div><\/div><\/div><div class=\"post-28109 post type-post status-publish format-standard has-post-thumbnail hentry category-novinky-z-katedry-archeologie-ff-uhk category-zahranicni-staze\"><div class=\"col-md-4 col-sm-6 col-xs-12 blog-listing \" ><div class=\"blog-post\"><div class=\"blog-image\"><a href=\"https:\/\/uni.uhk.cz\/archeologie\/?p=28109\"><img loading=\"lazy\" decoding=\"async\" width=\"1920\" height=\"1280\" src=\"https:\/\/uni.uhk.cz\/archeologie\/wp-content\/uploads\/2021\/11\/IMG_3985-scaled.jpg\" class=\"attachment-full size-full wp-post-image\" alt=\"\" srcset=\"https:\/\/uni.uhk.cz\/archeologie\/wp-content\/uploads\/2021\/11\/IMG_3985-scaled.jpg 1920w, https:\/\/uni.uhk.cz\/archeologie\/wp-content\/uploads\/2021\/11\/IMG_3985-scaled-600x400.jpg 600w, https:\/\/uni.uhk.cz\/archeologie\/wp-content\/uploads\/2021\/11\/IMG_3985-300x200.jpg 300w, https:\/\/uni.uhk.cz\/archeologie\/wp-content\/uploads\/2021\/11\/IMG_3985-1024x683.jpg 1024w\" sizes=\"auto, (max-width: 1920px) 100vw, 1920px\" \/><\/a><\/div><div class=\"blog-details hcode-blog-1\"><div class=\"blog-title entry-title\"><a href=\"https:\/\/uni.uhk.cz\/archeologie\/?p=28109\">Archeologick\u00e1 expedice Katedry archeologie na Sic\u00edlii<\/a><\/div><div class=\"hcode-blog-excerpt blog-short-description entry-content\"><p>V\u00fdzkum hypoge\u00ed na\u0161\u00ed katedry na lokalit\u011b Scorrione (Modica, Sic\u00edlie) se zam\u011b\u0159uje na vnit\u0159n\u00ed stratigrafii hypoge\u00ed zasazen\u00fdch do v\u00fdchodn\u00ed skaln\u00ed st\u011bny ka\u0148onu \u201eCava della Gisana\u201c a jejich bezprost\u0159edn\u00ed okol\u00ed. Hlavn\u00edm c\u00edlem je roz\u0161\u00ed\u0159it a doplnit d\u016fle\u017eit\u00e1 data o chronologii a variabilit\u011b vyu\u017eit\u00ed hypoge\u00ed. Pozornost je v\u011bnov\u00e1na i jejich prostorov\u00e9 organizaci a jejich morfologii . Do v\u00fdzkumu...<\/p>\n<\/div><div class=\"hcode-blog-separator separator-line bg-black no-margin-lr\"><\/div><\/div><\/div><\/div><\/div><div class=\"post-26224 post type-post status-publish format-standard has-post-thumbnail hentry category-zahranicni-staze\"><div class=\"col-md-4 col-sm-6 col-xs-12 blog-listing \" ><div class=\"blog-post\"><div class=\"blog-image\"><a href=\"https:\/\/uni.uhk.cz\/archeologie\/?p=26224\"><img loading=\"lazy\" decoding=\"async\" width=\"1200\" height=\"527\" src=\"https:\/\/uni.uhk.cz\/archeologie\/wp-content\/uploads\/2020\/02\/vindolanda.jpg\" class=\"attachment-full size-full wp-post-image\" alt=\"\" srcset=\"https:\/\/uni.uhk.cz\/archeologie\/wp-content\/uploads\/2020\/02\/vindolanda.jpg 1200w, https:\/\/uni.uhk.cz\/archeologie\/wp-content\/uploads\/2020\/02\/vindolanda-600x264.jpg 600w, https:\/\/uni.uhk.cz\/archeologie\/wp-content\/uploads\/2020\/02\/vindolanda-300x132.jpg 300w, https:\/\/uni.uhk.cz\/archeologie\/wp-content\/uploads\/2020\/02\/vindolanda-1024x450.jpg 1024w, https:\/\/uni.uhk.cz\/archeologie\/wp-content\/uploads\/2020\/02\/vindolanda-768x337.jpg 768w, https:\/\/uni.uhk.cz\/archeologie\/wp-content\/uploads\/2020\/02\/vindolanda-81x36.jpg 81w\" sizes=\"auto, (max-width: 1200px) 100vw, 1200px\" \/><\/a><\/div><div class=\"blog-details hcode-blog-1\"><div class=\"blog-title entry-title\"><a href=\"https:\/\/uni.uhk.cz\/archeologie\/?p=26224\">\u0158\u00edmsk\u00e1 Vindolanda<\/a><\/div><div class=\"hcode-blog-excerpt blog-short-description entry-content\"><p>Vindolanda le\u017e\u00ed jen na jih od Hadri\u00e1novy zdi. A\u010dkoli byla poprv\u00e9 postavena \u0159\u00edmskou arm\u00e1dou p\u0159ed stavbou Hadri\u00e1novy zdi, stala se d\u016fle\u017eitou pos\u00e1dkovou z\u00e1kladnou a vlastn\u00ed pevnost\u00ed Hadri\u00e1novy zdi. B\u011bhem t\u00e9to doby byla Vindolanda zbo\u0159ena a kompletn\u011b p\u0159estav\u011bna nejm\u00e9n\u011b dev\u011btkr\u00e1t. Ka\u017ed\u00e1 p\u0159estavba zanechala sv\u016fj vlastn\u00ed charakteristick\u00fd otisk v krajin\u011b. Pot\u00e9, co Hadri\u00e1nova ze\u010f a \u0159\u00edmsk\u00e1 okupace...<\/p>\n<\/div><div class=\"hcode-blog-separator separator-line bg-black no-margin-lr\"><\/div><\/div><\/div><\/div><\/div><div class=\"post-26198 post type-post status-publish format-standard has-post-thumbnail hentry category-uncategorized category-zahranicni-staze\"><div class=\"col-md-4 col-sm-6 col-xs-12 blog-listing \" ><div class=\"blog-post\"><div class=\"blog-image\"><a href=\"https:\/\/uni.uhk.cz\/archeologie\/?p=26198\"><img loading=\"lazy\" decoding=\"async\" width=\"800\" height=\"403\" src=\"https:\/\/uni.uhk.cz\/archeologie\/wp-content\/uploads\/2019\/02\/pusty-hrad.jpg\" class=\"attachment-full size-full wp-post-image\" alt=\"\" srcset=\"https:\/\/uni.uhk.cz\/archeologie\/wp-content\/uploads\/2019\/02\/pusty-hrad.jpg 800w, https:\/\/uni.uhk.cz\/archeologie\/wp-content\/uploads\/2019\/02\/pusty-hrad-600x302.jpg 600w, https:\/\/uni.uhk.cz\/archeologie\/wp-content\/uploads\/2019\/02\/pusty-hrad-300x151.jpg 300w, https:\/\/uni.uhk.cz\/archeologie\/wp-content\/uploads\/2019\/02\/pusty-hrad-768x387.jpg 768w, https:\/\/uni.uhk.cz\/archeologie\/wp-content\/uploads\/2019\/02\/pusty-hrad-81x41.jpg 81w\" sizes=\"auto, (max-width: 800px) 100vw, 800px\" \/><\/a><\/div><div class=\"blog-details hcode-blog-1\"><div class=\"blog-title entry-title\"><a href=\"https:\/\/uni.uhk.cz\/archeologie\/?p=26198\">V\u00fdzkum pust\u00e9ho hradu na Slovensku<\/a><\/div><div class=\"hcode-blog-excerpt blog-short-description entry-content\"><p>Osovou aktivitou st\u00e1\u017ee je v\u00fdzkum v lokalit\u011b Pust\u00fd hrad u Zvolena v r\u00e1mci letn\u00ed \u0161koly archeologie. Tato hradn\u00ed lokalita m\u00e1 daleko star\u0161\u00ed ne\u017e st\u0159edov\u011bkou historii. Setk\u00e1me se zde s os\u00eddlen\u00edm z v\u00fdrazn\u00fdm os\u00eddlen\u00edm pozdn\u00ed doby kamenn\u00e9, doby bronzov\u00e9, doby lat\u00e9nsk\u00e9 a ran\u00e9ho st\u0159edov\u011bku. V\u00edce informac\u00ed zde. St\u00e1\u017e prob\u00edh\u00e1 r\u00e1mci v\u00fdzkumu zaji\u0161\u0165ovan\u00e9ho Katedrou archeologie FF UKF...<\/p>\n<\/div><div class=\"hcode-blog-separator separator-line bg-black no-margin-lr\"><\/div><\/div><\/div><\/div><\/div><\/div><\/div><\/div><\/div><\/div><\/section>","protected":false},"excerpt":{"rendered":"<p>Osovou aktivitou st\u00e1\u017ee je v\u00fdzkum v lokalit\u011b Pust\u00fd hrad u Zvolena v r\u00e1mci letn\u00ed \u0161koly archeologie. Tato hradn\u00ed lokalita m\u00e1 daleko star\u0161\u00ed ne\u017e st\u0159edov\u011bkou historii. Setk\u00e1me se zde s os\u00eddlen\u00edm z v\u00fdrazn\u00fdm os\u00eddlen\u00edm pozdn\u00ed doby kamenn\u00e9, doby bronzov\u00e9, doby lat\u00e9nsk\u00e9 a ran\u00e9ho st\u0159edov\u011bku. V\u00edce informac\u00ed zde. St\u00e1\u017e prob\u00edh\u00e1 r\u00e1mci v\u00fdzkumu zaji\u0161\u0165ovan\u00e9ho Katedrou archeologie FF UKF [&hellip;]<\/p>\n","protected":false},"author":2,"featured_media":0,"parent":0,"menu_order":0,"comment_status":"closed","ping_status":"closed","template":"","meta":{"_exactmetrics_skip_tracking":false,"_exactmetrics_sitenote_active":false,"_exactmetrics_sitenote_note":"","_exactmetrics_sitenote_category":0,"footnotes":""},"class_list":["post-22369","page","type-page","status-publish","hentry"],"yoast_head":"<!-- This site is optimized with the Yoast SEO plugin v27.5 - https:\/\/yoast.com\/product\/yoast-seo-wordpress\/ -->\n<title>Zahrani\u010dn\u00ed st\u00e1\u017ee - Katedra archeologie<\/title>\n<meta name=\"robots\" content=\"index, follow, max-snippet:-1, max-image-preview:large, max-video-preview:-1\" \/>\n<link rel=\"canonical\" href=\"https:\/\/uni.uhk.cz\/archeologie\/?page_id=22369\" \/>\n<meta property=\"og:locale\" content=\"cs_CZ\" \/>\n<meta property=\"og:type\" content=\"article\" \/>\n<meta property=\"og:title\" content=\"Zahrani\u010dn\u00ed st\u00e1\u017ee - Katedra archeologie\" \/>\n<meta property=\"og:description\" content=\"Osovou aktivitou st\u00e1\u017ee je v\u00fdzkum v lokalit\u011b Pust\u00fd hrad u Zvolena v r\u00e1mci letn\u00ed \u0161koly archeologie. Tato hradn\u00ed lokalita m\u00e1 daleko star\u0161\u00ed ne\u017e st\u0159edov\u011bkou historii. Setk\u00e1me se zde s os\u00eddlen\u00edm z v\u00fdrazn\u00fdm os\u00eddlen\u00edm pozdn\u00ed doby kamenn\u00e9, doby bronzov\u00e9, doby lat\u00e9nsk\u00e9 a ran\u00e9ho st\u0159edov\u011bku. V\u00edce informac\u00ed zde. St\u00e1\u017e prob\u00edh\u00e1 r\u00e1mci v\u00fdzkumu zaji\u0161\u0165ovan\u00e9ho Katedrou archeologie FF UKF [&hellip;]\" \/>\n<meta property=\"og:url\" content=\"https:\/\/uni.uhk.cz\/archeologie\/?page_id=22369\" \/>\n<meta property=\"og:site_name\" content=\"Katedra archeologie\" \/>\n<meta property=\"article:modified_time\" content=\"2023-04-05T14:58:39+00:00\" \/>\n<meta name=\"twitter:card\" content=\"summary_large_image\" \/>\n<meta name=\"twitter:label1\" content=\"Odhadovan\u00e1 doba \u010dten\u00ed\" \/>\n\t<meta name=\"twitter:data1\" content=\"1 minuta\" \/>\n<script type=\"application\/ld+json\" class=\"yoast-schema-graph\">{\"@context\":\"https:\\\/\\\/schema.org\",\"@graph\":[{\"@type\":\"WebPage\",\"@id\":\"https:\\\/\\\/uni.uhk.cz\\\/archeologie\\\/?page_id=22369\",\"url\":\"https:\\\/\\\/uni.uhk.cz\\\/archeologie\\\/?page_id=22369\",\"name\":\"Zahrani\u010dn\u00ed st\u00e1\u017ee - Katedra archeologie\",\"isPartOf\":{\"@id\":\"https:\\\/\\\/uni.uhk.cz\\\/archeologie\\\/#website\"},\"datePublished\":\"2018-04-19T12:27:44+00:00\",\"dateModified\":\"2023-04-05T14:58:39+00:00\",\"breadcrumb\":{\"@id\":\"https:\\\/\\\/uni.uhk.cz\\\/archeologie\\\/?page_id=22369#breadcrumb\"},\"inLanguage\":\"cs\",\"potentialAction\":[{\"@type\":\"ReadAction\",\"target\":[\"https:\\\/\\\/uni.uhk.cz\\\/archeologie\\\/?page_id=22369\"]}]},{\"@type\":\"BreadcrumbList\",\"@id\":\"https:\\\/\\\/uni.uhk.cz\\\/archeologie\\\/?page_id=22369#breadcrumb\",\"itemListElement\":[{\"@type\":\"ListItem\",\"position\":1,\"name\":\"Dom\u016f\",\"item\":\"https:\\\/\\\/uni.uhk.cz\\\/archeologie\\\/\"},{\"@type\":\"ListItem\",\"position\":2,\"name\":\"Zahrani\u010dn\u00ed st\u00e1\u017ee\"}]},{\"@type\":\"WebSite\",\"@id\":\"https:\\\/\\\/uni.uhk.cz\\\/archeologie\\\/#website\",\"url\":\"https:\\\/\\\/uni.uhk.cz\\\/archeologie\\\/\",\"name\":\"Katedra archeologie FF UHK\",\"description\":\"\",\"potentialAction\":[{\"@type\":\"SearchAction\",\"target\":{\"@type\":\"EntryPoint\",\"urlTemplate\":\"https:\\\/\\\/uni.uhk.cz\\\/archeologie\\\/?s={search_term_string}\"},\"query-input\":{\"@type\":\"PropertyValueSpecification\",\"valueRequired\":true,\"valueName\":\"search_term_string\"}}],\"inLanguage\":\"cs\"}]}<\/script>\n<!-- \/ Yoast SEO plugin. -->","yoast_head_json":{"title":"Zahrani\u010dn\u00ed st\u00e1\u017ee - Katedra archeologie","robots":{"index":"index","follow":"follow","max-snippet":"max-snippet:-1","max-image-preview":"max-image-preview:large","max-video-preview":"max-video-preview:-1"},"canonical":"https:\/\/uni.uhk.cz\/archeologie\/?page_id=22369","og_locale":"cs_CZ","og_type":"article","og_title":"Zahrani\u010dn\u00ed st\u00e1\u017ee - Katedra archeologie","og_description":"Osovou aktivitou st\u00e1\u017ee je v\u00fdzkum v lokalit\u011b Pust\u00fd hrad u Zvolena v r\u00e1mci letn\u00ed \u0161koly archeologie. Tato hradn\u00ed lokalita m\u00e1 daleko star\u0161\u00ed ne\u017e st\u0159edov\u011bkou historii. Setk\u00e1me se zde s os\u00eddlen\u00edm z v\u00fdrazn\u00fdm os\u00eddlen\u00edm pozdn\u00ed doby kamenn\u00e9, doby bronzov\u00e9, doby lat\u00e9nsk\u00e9 a ran\u00e9ho st\u0159edov\u011bku. V\u00edce informac\u00ed zde. St\u00e1\u017e prob\u00edh\u00e1 r\u00e1mci v\u00fdzkumu zaji\u0161\u0165ovan\u00e9ho Katedrou archeologie FF UKF [&hellip;]","og_url":"https:\/\/uni.uhk.cz\/archeologie\/?page_id=22369","og_site_name":"Katedra archeologie","article_modified_time":"2023-04-05T14:58:39+00:00","twitter_card":"summary_large_image","twitter_misc":{"Odhadovan\u00e1 doba \u010dten\u00ed":"1 minuta"},"schema":{"@context":"https:\/\/schema.org","@graph":[{"@type":"WebPage","@id":"https:\/\/uni.uhk.cz\/archeologie\/?page_id=22369","url":"https:\/\/uni.uhk.cz\/archeologie\/?page_id=22369","name":"Zahrani\u010dn\u00ed st\u00e1\u017ee - Katedra archeologie","isPartOf":{"@id":"https:\/\/uni.uhk.cz\/archeologie\/#website"},"datePublished":"2018-04-19T12:27:44+00:00","dateModified":"2023-04-05T14:58:39+00:00","breadcrumb":{"@id":"https:\/\/uni.uhk.cz\/archeologie\/?page_id=22369#breadcrumb"},"inLanguage":"cs","potentialAction":[{"@type":"ReadAction","target":["https:\/\/uni.uhk.cz\/archeologie\/?page_id=22369"]}]},{"@type":"BreadcrumbList","@id":"https:\/\/uni.uhk.cz\/archeologie\/?page_id=22369#breadcrumb","itemListElement":[{"@type":"ListItem","position":1,"name":"Dom\u016f","item":"https:\/\/uni.uhk.cz\/archeologie\/"},{"@type":"ListItem","position":2,"name":"Zahrani\u010dn\u00ed st\u00e1\u017ee"}]},{"@type":"WebSite","@id":"https:\/\/uni.uhk.cz\/archeologie\/#website","url":"https:\/\/uni.uhk.cz\/archeologie\/","name":"Katedra archeologie FF UHK","description":"","potentialAction":[{"@type":"SearchAction","target":{"@type":"EntryPoint","urlTemplate":"https:\/\/uni.uhk.cz\/archeologie\/?s={search_term_string}"},"query-input":{"@type":"PropertyValueSpecification","valueRequired":true,"valueName":"search_term_string"}}],"inLanguage":"cs"}]}},"jetpack_sharing_enabled":true,"_links":{"self":[{"href":"https:\/\/uni.uhk.cz\/archeologie\/index.php?rest_route=\/wp\/v2\/pages\/22369","targetHints":{"allow":["GET"]}}],"collection":[{"href":"https:\/\/uni.uhk.cz\/archeologie\/index.php?rest_route=\/wp\/v2\/pages"}],"about":[{"href":"https:\/\/uni.uhk.cz\/archeologie\/index.php?rest_route=\/wp\/v2\/types\/page"}],"author":[{"embeddable":true,"href":"https:\/\/uni.uhk.cz\/archeologie\/index.php?rest_route=\/wp\/v2\/users\/2"}],"replies":[{"embeddable":true,"href":"https:\/\/uni.uhk.cz\/archeologie\/index.php?rest_route=%2Fwp%2Fv2%2Fcomments&post=22369"}],"version-history":[{"count":5,"href":"https:\/\/uni.uhk.cz\/archeologie\/index.php?rest_route=\/wp\/v2\/pages\/22369\/revisions"}],"predecessor-version":[{"id":29473,"href":"https:\/\/uni.uhk.cz\/archeologie\/index.php?rest_route=\/wp\/v2\/pages\/22369\/revisions\/29473"}],"wp:attachment":[{"href":"https:\/\/uni.uhk.cz\/archeologie\/index.php?rest_route=%2Fwp%2Fv2%2Fmedia&parent=22369"}],"curies":[{"name":"wp","href":"https:\/\/api.w.org\/{rel}","templated":true}]}}