{"id":22274,"date":"2018-05-09T10:59:18","date_gmt":"2018-05-09T08:59:18","guid":{"rendered":"https:\/\/uni.uhk.cz\/archeologie\/?page_id=22274"},"modified":"2018-05-09T10:59:18","modified_gmt":"2018-05-09T08:59:18","slug":"prezentace-archeologie-2","status":"publish","type":"page","link":"https:\/\/uni.uhk.cz\/archeologie\/?page_id=22274","title":{"rendered":"Prezentace archeologie"},"content":{"rendered":"<section class=\"padding-two-tb\"><div class=\"container\"><div class=\"row\"><div class=\"wpb_column hcode-column-container  col-xs-mobile-fullwidth\" data-front-class=\"col-xs-mobile-fullwidth front-column-class\"><div class=\"vc-column-innner-wrapper\"><p>Prezentace archeologie pat\u0159\u00ed k dlouhodob\u011b rozv\u00edjen\u00fdm t\u00e9mat\u016fm \u010dinnosti Katedry archeologie FF UHK. \u0158ada prezenta\u010dn\u00edch aktivit, kter\u00e9 realizoval R. Tich\u00fd, vyvrcholila zalo\u017een\u00edm <strong><span style=\"color: #8cc800;\"><a style=\"color: #8cc800;\" href=\"http:\/\/archeoparkvsestary.cz\/\">Archeoparku prav\u011bku ve V\u0161estarech<\/a><\/span><\/strong>, kter\u00fd je nyn\u00ed hlavn\u00edm prostorem vyu\u017e\u00edvan\u00fdm k osloven\u00ed ve\u0159ejnosti a sd\u00edlen\u00ed na\u0161\u00ed p\u0159edstavy o \u017eivot\u011b v prav\u011bku. Osou prezenta\u010dn\u00edch a v\u00fdukov\u00fdch aktivit Archeoparku jsou v\u00fdukov\u00e9 programy pro \u017e\u00e1ky z\u00e1kladn\u00edch a st\u0159edn\u00edch \u0161kol a pravideln\u00e9 Dny \u017eiv\u00e9 archeologie ur\u010den\u00e9 \u0161irok\u00e9 ve\u0159ejnosti.<\/p>\n<p>Krom\u011b Archeoparku pat\u0159\u00ed k siln\u00fdm prezenta\u010dn\u00edm str\u00e1nk\u00e1m seznamov\u00e1n\u00ed ve\u0159ejnosti s hmotnou kulturou doby lat\u00e9nsk\u00e9 (viz p\u0159ilo\u017een\u00e1 galerie). Disponujeme rozs\u00e1hlou kolekc\u00ed replik nejr\u016fzn\u011bj\u0161\u00edch n\u00e1lez\u016f z\u00a0doby lat\u00e9nsk\u00e9, kter\u00e9 pokr\u00fdvaj\u00ed pln\u00e9 spektrum \u010dinnost\u00ed a pot\u0159eb tehdej\u0161\u00edho \u017eivota. Vyu\u017e\u00edv\u00e1me je nejen p\u0159i v\u00fduce, ale t\u00e9\u017e p\u0159i nejr\u016fzn\u011bj\u0161\u00edch prezentac\u00edch pro ve\u0159ejnost.<\/p>\n<p>V\u00fduka prezentace a vztahu archeologie a ve\u0159ejnosti jak v teoretick\u00e9, tak praktick\u00e9 rovin\u011b, je integr\u00e1ln\u00ed sou\u010d\u00e1st\u00ed v\u00fduky student\u016f archeologie.<\/p>\n<style>#jtg-14595 .item { background-color:#000000; }#jtg-14595 .item:hover img { opacity: 0.5; }#jtg-14595 .item .jtg-social a { color: #ffffff }#jtg-14595 .item .caption { background-color: #ffffff;  }#jtg-14595 .item .figc { color: #ffffff;}#jtg-14595 .item .figc .description {font-size: 14px; }#jtg-14595 .item .figc h2.jtg-title {  font-size: 16px; color: #ffffff; }#jtg-14595 .item { transform: scale(1) translate(0px,0px) rotate(0deg); }#jtg-14595 .items { width:100%; height:800px; }#jtg-14595 .items .figc p.description { color:#ffffff; }<\/style><input type='hidden' id='filterClick' value='F'><a name='14'> <\/a><div class='modula' id='jtg-14595'><div class='items'><div class=\"item notitle  effect-crafty\"><a data-sub-html='' title=''  rel='jtg-14595'  class='tile-inner modula-lightbox' href='https:\/\/uni.uhk.cz\/archeologie\/wp-content\/uploads\/2018\/05\/44.jpg'><\/a><img data-valign='middle' alt='' data-halign='center' class='pic' data-class='pic' src='https:\/\/uni.uhk.cz\/archeologie\/wp-content\/uploads\/2018\/05\/44-500x500.jpg'  \/><div class=\"figc\"><div class=\"figc-inner\"><\/div><\/div><\/div><div class=\"item notitle  effect-crafty\"><a data-sub-html='' title=''  rel='jtg-14595'  class='tile-inner modula-lightbox' href='https:\/\/uni.uhk.cz\/archeologie\/wp-content\/uploads\/2018\/05\/10672100_10202293259847864_4333146869679638205_n.jpg'><\/a><img data-valign='middle' alt='' data-halign='center' class='pic' data-class='pic' src='https:\/\/uni.uhk.cz\/archeologie\/wp-content\/uploads\/2018\/05\/10672100_10202293259847864_4333146869679638205_n-500x500.jpg'  \/><div class=\"figc\"><div class=\"figc-inner\"><\/div><\/div><\/div><div class=\"item notitle  effect-crafty\"><a data-sub-html='' title=''  rel='jtg-14595'  class='tile-inner modula-lightbox' href='https:\/\/uni.uhk.cz\/archeologie\/wp-content\/uploads\/2018\/05\/11027446_10153612268899873_1310811903770635608_n.jpg'><\/a><img data-valign='middle' alt='' data-halign='center' class='pic' data-class='pic' src='https:\/\/uni.uhk.cz\/archeologie\/wp-content\/uploads\/2018\/05\/11027446_10153612268899873_1310811903770635608_n-500x500.jpg'  \/><div class=\"figc\"><div class=\"figc-inner\"><\/div><\/div><\/div><div class=\"item notitle  effect-crafty\"><a data-sub-html='' title=''  rel='jtg-14595'  class='tile-inner modula-lightbox' href='https:\/\/uni.uhk.cz\/archeologie\/wp-content\/uploads\/2018\/05\/11794077_10203652350424279_6947798417235063109_o.jpg'><\/a><img data-valign='middle' alt='' data-halign='center' class='pic' data-class='pic' src='https:\/\/uni.uhk.cz\/archeologie\/wp-content\/uploads\/2018\/05\/11794077_10203652350424279_6947798417235063109_o-500x500.jpg'  \/><div class=\"figc\"><div class=\"figc-inner\"><\/div><\/div><\/div><div class=\"item notitle  effect-crafty\"><a data-sub-html='' title=''  rel='jtg-14595'  class='tile-inner modula-lightbox' href='https:\/\/uni.uhk.cz\/archeologie\/wp-content\/uploads\/2018\/05\/13908915_10154621191799873_4807176709816036866_o.jpg'><\/a><img data-valign='middle' alt='' data-halign='center' class='pic' data-class='pic' src='https:\/\/uni.uhk.cz\/archeologie\/wp-content\/uploads\/2018\/05\/13908915_10154621191799873_4807176709816036866_o-500x500.jpg'  \/><div class=\"figc\"><div class=\"figc-inner\"><\/div><\/div><\/div><div class=\"item notitle  effect-crafty\"><a data-sub-html='' title=''  rel='jtg-14595'  class='tile-inner modula-lightbox' href='https:\/\/uni.uhk.cz\/archeologie\/wp-content\/uploads\/2018\/05\/14468482_10206051028869741_5010652852218531236_o.jpg'><\/a><img data-valign='middle' alt='' data-halign='center' class='pic' data-class='pic' src='https:\/\/uni.uhk.cz\/archeologie\/wp-content\/uploads\/2018\/05\/14468482_10206051028869741_5010652852218531236_o-500x500.jpg'  \/><div class=\"figc\"><div class=\"figc-inner\"><\/div><\/div><\/div><div class=\"item notitle  effect-crafty\"><a data-sub-html='' title=''  rel='jtg-14595'  class='tile-inner modula-lightbox' href='https:\/\/uni.uhk.cz\/archeologie\/wp-content\/uploads\/2018\/05\/17457618_10155324924399873_50941592555776093_n.jpg'><\/a><img data-valign='middle' alt='' data-halign='center' class='pic' data-class='pic' src='https:\/\/uni.uhk.cz\/archeologie\/wp-content\/uploads\/2018\/05\/17457618_10155324924399873_50941592555776093_n-500x500.jpg'  \/><div class=\"figc\"><div class=\"figc-inner\"><\/div><\/div><\/div><div class=\"item notitle  effect-crafty\"><a data-sub-html='' title=''  rel='jtg-14595'  class='tile-inner modula-lightbox' href='https:\/\/uni.uhk.cz\/archeologie\/wp-content\/uploads\/2018\/05\/DSC_1379.jpg'><\/a><img data-valign='middle' alt='' data-halign='center' class='pic' data-class='pic' src='https:\/\/uni.uhk.cz\/archeologie\/wp-content\/uploads\/2018\/05\/DSC_1379-500x500.jpg'  \/><div class=\"figc\"><div class=\"figc-inner\"><\/div><\/div><\/div><div class=\"item notitle  effect-crafty\"><a data-sub-html='' title=''  rel='jtg-14595'  class='tile-inner modula-lightbox' href='https:\/\/uni.uhk.cz\/archeologie\/wp-content\/uploads\/2018\/05\/DSC_5959.jpg'><\/a><img data-valign='middle' alt='' data-halign='center' class='pic' data-class='pic' src='https:\/\/uni.uhk.cz\/archeologie\/wp-content\/uploads\/2018\/05\/DSC_5959-500x500.jpg'  \/><div class=\"figc\"><div class=\"figc-inner\"><\/div><\/div><\/div><div class=\"item notitle  effect-crafty\"><a data-sub-html='' title=''  rel='jtg-14595'  class='tile-inner modula-lightbox' href='https:\/\/uni.uhk.cz\/archeologie\/wp-content\/uploads\/2018\/05\/DSC_5964.jpg'><\/a><img data-valign='middle' alt='' data-halign='center' class='pic' data-class='pic' src='https:\/\/uni.uhk.cz\/archeologie\/wp-content\/uploads\/2018\/05\/DSC_5964-500x500.jpg'  \/><div class=\"figc\"><div class=\"figc-inner\"><\/div><\/div><\/div><div class=\"item notitle  effect-crafty\"><a data-sub-html='' title=''  rel='jtg-14595'  class='tile-inner modula-lightbox' href='https:\/\/uni.uhk.cz\/archeologie\/wp-content\/uploads\/2018\/05\/DSC_5989-e1526651823380-scaled.jpg'><\/a><img data-valign='middle' alt='' data-halign='center' class='pic' data-class='pic' src='https:\/\/uni.uhk.cz\/archeologie\/wp-content\/uploads\/2018\/05\/DSC_5989-500x500.jpg'  \/><div class=\"figc\"><div class=\"figc-inner\"><\/div><\/div><\/div><div class=\"item notitle  effect-crafty\"><a data-sub-html='' title=''  rel='jtg-14595'  class='tile-inner modula-lightbox' href='https:\/\/uni.uhk.cz\/archeologie\/wp-content\/uploads\/2018\/05\/DSC_6441.jpg'><\/a><img data-valign='middle' alt='' data-halign='center' class='pic' data-class='pic' src='https:\/\/uni.uhk.cz\/archeologie\/wp-content\/uploads\/2018\/05\/DSC_6441-500x500.jpg'  \/><div class=\"figc\"><div class=\"figc-inner\"><\/div><\/div><\/div><div class=\"item notitle  effect-crafty\"><a data-sub-html='' title=''  rel='jtg-14595'  class='tile-inner modula-lightbox' href='https:\/\/uni.uhk.cz\/archeologie\/wp-content\/uploads\/2018\/05\/Obr3.jpg'><\/a><img data-valign='middle' alt='' data-halign='center' class='pic' data-class='pic' src='https:\/\/uni.uhk.cz\/archeologie\/wp-content\/uploads\/2018\/05\/Obr3-500x500.jpg'  \/><div class=\"figc\"><div class=\"figc-inner\"><\/div><\/div><\/div><div class=\"item notitle  effect-crafty\"><a data-sub-html='' title=''  rel='jtg-14595'  class='tile-inner modula-lightbox' href='https:\/\/uni.uhk.cz\/archeologie\/wp-content\/uploads\/2018\/05\/Obr4.jpg'><\/a><img data-valign='middle' alt='' data-halign='center' class='pic' data-class='pic' src='https:\/\/uni.uhk.cz\/archeologie\/wp-content\/uploads\/2018\/05\/Obr4-500x500.jpg'  \/><div class=\"figc\"><div class=\"figc-inner\"><\/div><\/div><\/div><div class=\"item notitle  effect-crafty\"><a data-sub-html='' title=''  rel='jtg-14595'  class='tile-inner modula-lightbox' href='https:\/\/uni.uhk.cz\/archeologie\/wp-content\/uploads\/2018\/05\/Zamek1.jpg'><\/a><img data-valign='middle' alt='' data-halign='center' class='pic' data-class='pic' src='https:\/\/uni.uhk.cz\/archeologie\/wp-content\/uploads\/2018\/05\/Zamek1-500x500.jpg'  \/><div class=\"figc\"><div class=\"figc-inner\"><\/div><\/div><\/div><\/div><\/div><script type='text\/javascript'>jQuery('#jtg-14595').modulaGallery({margin: 10,enableTwitter: false,enableFacebook: false,enablePinterest: false,enableGplus: false,randomFactor: 0.5,});jQuery(function () {jQuery('#jtg-14595 .tile a.modula-lightbox').swipebox({});});<\/script>\n<\/div><\/div><\/div><\/div><\/section>","protected":false},"excerpt":{"rendered":"<p>Prezentace archeologie pat\u0159\u00ed k dlouhodob\u011b rozv\u00edjen\u00fdm t\u00e9mat\u016fm \u010dinnosti Katedry archeologie FF UHK. \u0158ada prezenta\u010dn\u00edch aktivit, kter\u00e9 realizoval R. Tich\u00fd, vyvrcholila zalo\u017een\u00edm Archeoparku prav\u011bku ve V\u0161estarech, kter\u00fd je nyn\u00ed hlavn\u00edm prostorem vyu\u017e\u00edvan\u00fdm k osloven\u00ed ve\u0159ejnosti a sd\u00edlen\u00ed na\u0161\u00ed p\u0159edstavy o \u017eivot\u011b v prav\u011bku. Osou prezenta\u010dn\u00edch a v\u00fdukov\u00fdch aktivit Archeoparku jsou v\u00fdukov\u00e9 programy pro \u017e\u00e1ky z\u00e1kladn\u00edch a [&hellip;]<\/p>\n","protected":false},"author":3,"featured_media":0,"parent":0,"menu_order":0,"comment_status":"closed","ping_status":"closed","template":"","meta":{"_exactmetrics_skip_tracking":false,"_exactmetrics_sitenote_active":false,"_exactmetrics_sitenote_note":"","_exactmetrics_sitenote_category":0,"footnotes":""},"class_list":["post-22274","page","type-page","status-publish","hentry"],"yoast_head":"<!-- This site is optimized with the Yoast SEO plugin v27.2 - https:\/\/yoast.com\/product\/yoast-seo-wordpress\/ -->\n<title>Prezentace archeologie - Katedra archeologie<\/title>\n<meta name=\"robots\" content=\"index, follow, max-snippet:-1, max-image-preview:large, max-video-preview:-1\" \/>\n<link rel=\"canonical\" href=\"https:\/\/uni.uhk.cz\/archeologie\/?page_id=22274\" \/>\n<meta property=\"og:locale\" content=\"cs_CZ\" \/>\n<meta property=\"og:type\" content=\"article\" \/>\n<meta property=\"og:title\" content=\"Prezentace archeologie - Katedra archeologie\" \/>\n<meta property=\"og:description\" content=\"Prezentace archeologie pat\u0159\u00ed k dlouhodob\u011b rozv\u00edjen\u00fdm t\u00e9mat\u016fm \u010dinnosti Katedry archeologie FF UHK. \u0158ada prezenta\u010dn\u00edch aktivit, kter\u00e9 realizoval R. Tich\u00fd, vyvrcholila zalo\u017een\u00edm Archeoparku prav\u011bku ve V\u0161estarech, kter\u00fd je nyn\u00ed hlavn\u00edm prostorem vyu\u017e\u00edvan\u00fdm k osloven\u00ed ve\u0159ejnosti a sd\u00edlen\u00ed na\u0161\u00ed p\u0159edstavy o \u017eivot\u011b v prav\u011bku. Osou prezenta\u010dn\u00edch a v\u00fdukov\u00fdch aktivit Archeoparku jsou v\u00fdukov\u00e9 programy pro \u017e\u00e1ky z\u00e1kladn\u00edch a [&hellip;]\" \/>\n<meta property=\"og:url\" content=\"https:\/\/uni.uhk.cz\/archeologie\/?page_id=22274\" \/>\n<meta property=\"og:site_name\" content=\"Katedra archeologie\" \/>\n<meta name=\"twitter:card\" content=\"summary_large_image\" \/>\n<meta name=\"twitter:label1\" content=\"Odhadovan\u00e1 doba \u010dten\u00ed\" \/>\n\t<meta name=\"twitter:data1\" content=\"1 minuta\" \/>\n<script type=\"application\/ld+json\" class=\"yoast-schema-graph\">{\"@context\":\"https:\/\/schema.org\",\"@graph\":[{\"@type\":\"WebPage\",\"@id\":\"https:\/\/uni.uhk.cz\/archeologie\/?page_id=22274\",\"url\":\"https:\/\/uni.uhk.cz\/archeologie\/?page_id=22274\",\"name\":\"Prezentace archeologie - Katedra archeologie\",\"isPartOf\":{\"@id\":\"https:\/\/uni.uhk.cz\/archeologie\/#website\"},\"datePublished\":\"2018-05-09T08:59:18+00:00\",\"breadcrumb\":{\"@id\":\"https:\/\/uni.uhk.cz\/archeologie\/?page_id=22274#breadcrumb\"},\"inLanguage\":\"cs\",\"potentialAction\":[{\"@type\":\"ReadAction\",\"target\":[\"https:\/\/uni.uhk.cz\/archeologie\/?page_id=22274\"]}]},{\"@type\":\"BreadcrumbList\",\"@id\":\"https:\/\/uni.uhk.cz\/archeologie\/?page_id=22274#breadcrumb\",\"itemListElement\":[{\"@type\":\"ListItem\",\"position\":1,\"name\":\"Dom\u016f\",\"item\":\"https:\/\/uni.uhk.cz\/archeologie\/\"},{\"@type\":\"ListItem\",\"position\":2,\"name\":\"Prezentace archeologie\"}]},{\"@type\":\"WebSite\",\"@id\":\"https:\/\/uni.uhk.cz\/archeologie\/#website\",\"url\":\"https:\/\/uni.uhk.cz\/archeologie\/\",\"name\":\"Katedra archeologie FF UHK\",\"description\":\"\",\"potentialAction\":[{\"@type\":\"SearchAction\",\"target\":{\"@type\":\"EntryPoint\",\"urlTemplate\":\"https:\/\/uni.uhk.cz\/archeologie\/?s={search_term_string}\"},\"query-input\":{\"@type\":\"PropertyValueSpecification\",\"valueRequired\":true,\"valueName\":\"search_term_string\"}}],\"inLanguage\":\"cs\"}]}<\/script>\n<!-- \/ Yoast SEO plugin. -->","yoast_head_json":{"title":"Prezentace archeologie - Katedra archeologie","robots":{"index":"index","follow":"follow","max-snippet":"max-snippet:-1","max-image-preview":"max-image-preview:large","max-video-preview":"max-video-preview:-1"},"canonical":"https:\/\/uni.uhk.cz\/archeologie\/?page_id=22274","og_locale":"cs_CZ","og_type":"article","og_title":"Prezentace archeologie - Katedra archeologie","og_description":"Prezentace archeologie pat\u0159\u00ed k dlouhodob\u011b rozv\u00edjen\u00fdm t\u00e9mat\u016fm \u010dinnosti Katedry archeologie FF UHK. \u0158ada prezenta\u010dn\u00edch aktivit, kter\u00e9 realizoval R. Tich\u00fd, vyvrcholila zalo\u017een\u00edm Archeoparku prav\u011bku ve V\u0161estarech, kter\u00fd je nyn\u00ed hlavn\u00edm prostorem vyu\u017e\u00edvan\u00fdm k osloven\u00ed ve\u0159ejnosti a sd\u00edlen\u00ed na\u0161\u00ed p\u0159edstavy o \u017eivot\u011b v prav\u011bku. Osou prezenta\u010dn\u00edch a v\u00fdukov\u00fdch aktivit Archeoparku jsou v\u00fdukov\u00e9 programy pro \u017e\u00e1ky z\u00e1kladn\u00edch a [&hellip;]","og_url":"https:\/\/uni.uhk.cz\/archeologie\/?page_id=22274","og_site_name":"Katedra archeologie","twitter_card":"summary_large_image","twitter_misc":{"Odhadovan\u00e1 doba \u010dten\u00ed":"1 minuta"},"schema":{"@context":"https:\/\/schema.org","@graph":[{"@type":"WebPage","@id":"https:\/\/uni.uhk.cz\/archeologie\/?page_id=22274","url":"https:\/\/uni.uhk.cz\/archeologie\/?page_id=22274","name":"Prezentace archeologie - Katedra archeologie","isPartOf":{"@id":"https:\/\/uni.uhk.cz\/archeologie\/#website"},"datePublished":"2018-05-09T08:59:18+00:00","breadcrumb":{"@id":"https:\/\/uni.uhk.cz\/archeologie\/?page_id=22274#breadcrumb"},"inLanguage":"cs","potentialAction":[{"@type":"ReadAction","target":["https:\/\/uni.uhk.cz\/archeologie\/?page_id=22274"]}]},{"@type":"BreadcrumbList","@id":"https:\/\/uni.uhk.cz\/archeologie\/?page_id=22274#breadcrumb","itemListElement":[{"@type":"ListItem","position":1,"name":"Dom\u016f","item":"https:\/\/uni.uhk.cz\/archeologie\/"},{"@type":"ListItem","position":2,"name":"Prezentace archeologie"}]},{"@type":"WebSite","@id":"https:\/\/uni.uhk.cz\/archeologie\/#website","url":"https:\/\/uni.uhk.cz\/archeologie\/","name":"Katedra archeologie FF UHK","description":"","potentialAction":[{"@type":"SearchAction","target":{"@type":"EntryPoint","urlTemplate":"https:\/\/uni.uhk.cz\/archeologie\/?s={search_term_string}"},"query-input":{"@type":"PropertyValueSpecification","valueRequired":true,"valueName":"search_term_string"}}],"inLanguage":"cs"}]}},"jetpack_sharing_enabled":true,"_links":{"self":[{"href":"https:\/\/uni.uhk.cz\/archeologie\/index.php?rest_route=\/wp\/v2\/pages\/22274","targetHints":{"allow":["GET"]}}],"collection":[{"href":"https:\/\/uni.uhk.cz\/archeologie\/index.php?rest_route=\/wp\/v2\/pages"}],"about":[{"href":"https:\/\/uni.uhk.cz\/archeologie\/index.php?rest_route=\/wp\/v2\/types\/page"}],"author":[{"embeddable":true,"href":"https:\/\/uni.uhk.cz\/archeologie\/index.php?rest_route=\/wp\/v2\/users\/3"}],"replies":[{"embeddable":true,"href":"https:\/\/uni.uhk.cz\/archeologie\/index.php?rest_route=%2Fwp%2Fv2%2Fcomments&post=22274"}],"version-history":[{"count":0,"href":"https:\/\/uni.uhk.cz\/archeologie\/index.php?rest_route=\/wp\/v2\/pages\/22274\/revisions"}],"wp:attachment":[{"href":"https:\/\/uni.uhk.cz\/archeologie\/index.php?rest_route=%2Fwp%2Fv2%2Fmedia&parent=22274"}],"curies":[{"name":"wp","href":"https:\/\/api.w.org\/{rel}","templated":true}]}}