{"id":20646,"date":"2019-02-08T15:19:50","date_gmt":"2019-02-08T13:19:50","guid":{"rendered":"https:\/\/uni.uhk.cz\/archeologie\/?page_id=20646"},"modified":"2025-04-01T14:45:15","modified_gmt":"2025-04-01T12:45:15","slug":"terenni-praxe","status":"publish","type":"page","link":"https:\/\/uni.uhk.cz\/archeologie\/?page_id=20646","title":{"rendered":"P\u0159ehled ter\u00e9nn\u00edch prax\u00ed na l\u00e9to 2025"},"content":{"rendered":"<section><div class=\"container\"><div class=\"row\"><div class=\"wpb_column hcode-column-container vc_col-sm-12 col-xs-mobile-fullwidth\" data-front-class=\"col-xs-mobile-fullwidth\"><div class=\"vc-column-innner-wrapper\"><p>Zapisov\u00e1n\u00ed na praxe prob\u00edh\u00e1 v kancel\u00e1\u0159i <a href=\"https:\/\/www.uhk.cz\/cs\/osoba\/543\/klara-burianova\">Mgr. Kl\u00e1ry Burianov\u00e9 v r\u00e1mci \u00fa\u0159edn\u00edch hodin<\/a>.<\/p>\n<hr \/>\n<h2>Bakal\u00e1\u0159sk\u00e9 studium<\/h2>\n<hr \/>\n<h3>1. ro\u010dn\u00edk, p\u0159edm\u011bty ARCH\/BPRA1 (5 dn\u00ed na v\u00fdzkumu) a BPRA2 (10 dn\u00ed na v\u00fdzkumu)<\/h3>\n<h3>2. ro\u010dn\u00edk, p\u0159edm\u011bty ARCH\/BPRA3 (5 dn\u00ed na v\u00fdzkumu) a BPRA4 (5 dn\u00ed na v\u00fdzkumu)<\/h3>\n<p>&nbsp;<\/p>\n<h4>Krkono\u0161e - Vrchlab\u00ed<\/h4>\n<p>term\u00edn: 30.\u010derven - 4.\u010dervenec (= 1 t\u00fdden)<br \/>\npo\u010det m\u00edst: 5<br \/>\nomezen\u00ed: 3 m\u00edsta vyhrazena pro studuj\u00edc\u00ed z 2. ro\u010dn\u00edku bc studia<br \/>\nvedouc\u00ed: dr. P. Drnovsk\u00fd, dr. P. Hejhal, dr. J. Hor\u00e1k<br \/>\npozn\u00e1mka: z\u00e1pis mo\u017en\u00fd pouze na celou dobu v\u00fdzkumu<\/p>\n<h4>\u010ce\u0161ov - u Kopidlna<\/h4>\n<p>term\u00edn: 16.-27.\u010derven (= 2 t\u00fddny)<br \/>\npo\u010det m\u00edst: 10<br \/>\nomezen\u00ed: 5 m\u00edst vyhrazeno pro studuj\u00edc\u00ed z 2. ro\u010dn\u00edku bc studia<br \/>\nvedouc\u00ed: dr. T. Mangel, dr. P. Hejhal, dr. P. Drnovsk\u00fd<br \/>\npozn\u00e1mka: z\u00e1pis mo\u017en\u00fd pouze na celou dobu v\u00fdzkumu<\/p>\n<h4>Antropologick\u00e1 st\u00e1\u017e CETA<\/h4>\n<p>term\u00edn: dle domluvy s vedouc\u00ed st\u00e1\u017ee<br \/>\npo\u010det m\u00edst: 2<br \/>\nomezen\u00ed: \u017e\u00e1dn\u00e9<br \/>\nvedouc\u00ed: Mgr. M. Hor\u00e1kov\u00e1<\/p>\n<hr \/>\n<h2>Magistersk\u00e9 studium<\/h2>\n<hr \/>\n<h3>1. ro\u010dn\u00edk, p\u0159edm\u011bt ARCH\/MPRAX (10 dn\u00ed na v\u00fdzkumu)<\/h3>\n<p>viz rozpis pro bakal\u00e1\u0159sk\u00e9 studuj\u00edc\u00ed v\u00fd\u0161e<\/p>\n<hr \/>\n<h2>Zahrani\u010dn\u00ed st\u00e1\u017e<\/h2>\n<p>Pro v\u0161echny ro\u010dn\u00edky a formy studia. Je mo\u017en\u00e9 uznat jednu zahrani\u010dn\u00ed st\u00e1\u017e za jakoukoli jednu ter\u00e9nn\u00ed praxi.<\/p>\n<h3>Izrael<\/h3>\n<p>Dvoum\u011bs\u00ed\u010dn\u00ed st\u00e1\u017e je otev\u0159en\u00e1 pro studenty bakal\u00e1\u0159sk\u00e9ho a navazuj\u00edc\u00edcho magistersk\u00e9ho studia. St\u00e1\u017e bude uzn\u00e1na jako jedna z povinn\u00fdch prax\u00ed.<br \/>\nPro doktorandy je mo\u017enost z\u016f\u010dastnit se v\u00fdzkumu pouze na 1 m\u011bs\u00edc.<br \/>\nTerm\u00edn v\u00fdzkumu: 23. 8. - 20. 9. a druh\u00fd m\u011bs\u00edc v laborato\u0159i<br \/>\nKontaktn\u00ed osoba dr. Tom\u00e1\u0161 Mangel a Mgr. Anna-Marie Marko (<a href=\"mailto:marko.annamarie@gmail.com\" target=\"_blank\" rel=\"noopener\">marko.annamarie@gmail.com<\/a>)<br \/>\nBli\u017e\u0161\u00ed informace <a href=\"https:\/\/uni.uhk.cz\/archeologie\/wp-content\/uploads\/2025\/02\/GBY-poster.pdf\" target=\"_blank\" rel=\"noopener\">v tomto dokumentu<\/a><br \/>\nTermin pro pod\u00e1n\u00ed p\u0159ihl\u00e1\u0161ek kontaktn\u00ed osob\u011b: 31. 3.<\/p>\n<h3>Slovinsko<\/h3>\n<ul>\n<li>kv\u011bten-srpen 2024, v r\u00e1mci dan\u00e9ho \u010dasov\u00e9ho obdob\u00ed je mo\u017en\u00e9 si libovoln\u011b vybrat term\u00edn, kter\u00fd v\u0161ak mus\u00ed b\u00fdt minim\u00e1ln\u011b v rozsahu 61 kalend\u00e1\u0159n\u00edch dn\u00ed<\/li>\n<li>st\u00e1\u017e financovan\u00e1 z programu ERASMUS+ (480 EUR\/m\u011bs\u00edc, poch\u00e1z\u00ed-li student ze znev\u00fdhodn\u011bn\u00e9ho socio-ekonomick\u00e9ho prost\u0159ed\u00ed, je mo\u017en\u00e9 nav\u00fd\u0161it sazbu o 200 EUR\/m\u011bs\u00edc)<\/li>\n<li>zodpov\u011bdn\u00e1 osoba: dr. Tom\u00e1\u0161 Mangel<\/li>\n<li>4 m\u00edsta<\/li>\n<li>Po absolvov\u00e1n\u00ed je mo\u017en\u00e9 uznat jako jakoukoliv z ter\u00e9nn\u00edch prax\u00ed:<br \/>\nA) 2X T\u00ddDENN\u00cd PRAXI<br \/>\nB) 1X DVOUT\u00ddDENN\u00cd PRAXI<\/li>\n<\/ul>\n<\/div><\/div><\/div><\/div><\/section>","protected":false},"excerpt":{"rendered":"<p>Zapisov\u00e1n\u00ed na praxe prob\u00edh\u00e1 v kancel\u00e1\u0159i Mgr. Kl\u00e1ry Burianov\u00e9 v r\u00e1mci \u00fa\u0159edn\u00edch hodin. Bakal\u00e1\u0159sk\u00e9 studium 1. ro\u010dn\u00edk, p\u0159edm\u011bty ARCH\/BPRA1 (5 dn\u00ed na v\u00fdzkumu) a BPRA2 (10 dn\u00ed na v\u00fdzkumu) 2. ro\u010dn\u00edk, p\u0159edm\u011bty ARCH\/BPRA3 (5 dn\u00ed na v\u00fdzkumu) a BPRA4 (5 dn\u00ed na v\u00fdzkumu) &nbsp; Krkono\u0161e &#8211; Vrchlab\u00ed term\u00edn: 30.\u010derven &#8211; 4.\u010dervenec (= 1 t\u00fdden) po\u010det [&hellip;]<\/p>\n","protected":false},"author":3,"featured_media":0,"parent":0,"menu_order":0,"comment_status":"closed","ping_status":"closed","template":"","meta":{"_exactmetrics_skip_tracking":false,"_exactmetrics_sitenote_active":false,"_exactmetrics_sitenote_note":"","_exactmetrics_sitenote_category":0,"footnotes":""},"class_list":["post-20646","page","type-page","status-publish","hentry"],"yoast_head":"<!-- This site is optimized with the Yoast SEO plugin v27.5 - https:\/\/yoast.com\/product\/yoast-seo-wordpress\/ -->\n<title>P\u0159ehled ter\u00e9nn\u00edch prax\u00ed na l\u00e9to 2025 - Katedra archeologie<\/title>\n<meta name=\"robots\" content=\"index, follow, max-snippet:-1, max-image-preview:large, max-video-preview:-1\" \/>\n<link rel=\"canonical\" href=\"https:\/\/uni.uhk.cz\/archeologie\/?page_id=20646\" \/>\n<meta property=\"og:locale\" content=\"cs_CZ\" \/>\n<meta property=\"og:type\" content=\"article\" \/>\n<meta property=\"og:title\" content=\"P\u0159ehled ter\u00e9nn\u00edch prax\u00ed na l\u00e9to 2025 - Katedra archeologie\" \/>\n<meta property=\"og:description\" content=\"Zapisov\u00e1n\u00ed na praxe prob\u00edh\u00e1 v kancel\u00e1\u0159i Mgr. Kl\u00e1ry Burianov\u00e9 v r\u00e1mci \u00fa\u0159edn\u00edch hodin. Bakal\u00e1\u0159sk\u00e9 studium 1. ro\u010dn\u00edk, p\u0159edm\u011bty ARCH\/BPRA1 (5 dn\u00ed na v\u00fdzkumu) a BPRA2 (10 dn\u00ed na v\u00fdzkumu) 2. ro\u010dn\u00edk, p\u0159edm\u011bty ARCH\/BPRA3 (5 dn\u00ed na v\u00fdzkumu) a BPRA4 (5 dn\u00ed na v\u00fdzkumu) &nbsp; Krkono\u0161e - Vrchlab\u00ed term\u00edn: 30.\u010derven - 4.\u010dervenec (= 1 t\u00fdden) po\u010det [&hellip;]\" \/>\n<meta property=\"og:url\" content=\"https:\/\/uni.uhk.cz\/archeologie\/?page_id=20646\" \/>\n<meta property=\"og:site_name\" content=\"Katedra archeologie\" \/>\n<meta property=\"article:modified_time\" content=\"2025-04-01T12:45:15+00:00\" \/>\n<meta name=\"twitter:card\" content=\"summary_large_image\" \/>\n<meta name=\"twitter:label1\" content=\"Odhadovan\u00e1 doba \u010dten\u00ed\" \/>\n\t<meta name=\"twitter:data1\" content=\"2 minuty\" \/>\n<script type=\"application\/ld+json\" class=\"yoast-schema-graph\">{\"@context\":\"https:\\\/\\\/schema.org\",\"@graph\":[{\"@type\":\"WebPage\",\"@id\":\"https:\\\/\\\/uni.uhk.cz\\\/archeologie\\\/?page_id=20646\",\"url\":\"https:\\\/\\\/uni.uhk.cz\\\/archeologie\\\/?page_id=20646\",\"name\":\"P\u0159ehled ter\u00e9nn\u00edch prax\u00ed na l\u00e9to 2025 - Katedra archeologie\",\"isPartOf\":{\"@id\":\"https:\\\/\\\/uni.uhk.cz\\\/archeologie\\\/#website\"},\"datePublished\":\"2019-02-08T13:19:50+00:00\",\"dateModified\":\"2025-04-01T12:45:15+00:00\",\"breadcrumb\":{\"@id\":\"https:\\\/\\\/uni.uhk.cz\\\/archeologie\\\/?page_id=20646#breadcrumb\"},\"inLanguage\":\"cs\",\"potentialAction\":[{\"@type\":\"ReadAction\",\"target\":[\"https:\\\/\\\/uni.uhk.cz\\\/archeologie\\\/?page_id=20646\"]}]},{\"@type\":\"BreadcrumbList\",\"@id\":\"https:\\\/\\\/uni.uhk.cz\\\/archeologie\\\/?page_id=20646#breadcrumb\",\"itemListElement\":[{\"@type\":\"ListItem\",\"position\":1,\"name\":\"Dom\u016f\",\"item\":\"https:\\\/\\\/uni.uhk.cz\\\/archeologie\\\/\"},{\"@type\":\"ListItem\",\"position\":2,\"name\":\"P\u0159ehled ter\u00e9nn\u00edch prax\u00ed na l\u00e9to 2025\"}]},{\"@type\":\"WebSite\",\"@id\":\"https:\\\/\\\/uni.uhk.cz\\\/archeologie\\\/#website\",\"url\":\"https:\\\/\\\/uni.uhk.cz\\\/archeologie\\\/\",\"name\":\"Katedra archeologie FF UHK\",\"description\":\"\",\"potentialAction\":[{\"@type\":\"SearchAction\",\"target\":{\"@type\":\"EntryPoint\",\"urlTemplate\":\"https:\\\/\\\/uni.uhk.cz\\\/archeologie\\\/?s={search_term_string}\"},\"query-input\":{\"@type\":\"PropertyValueSpecification\",\"valueRequired\":true,\"valueName\":\"search_term_string\"}}],\"inLanguage\":\"cs\"}]}<\/script>\n<!-- \/ Yoast SEO plugin. -->","yoast_head_json":{"title":"P\u0159ehled ter\u00e9nn\u00edch prax\u00ed na l\u00e9to 2025 - Katedra archeologie","robots":{"index":"index","follow":"follow","max-snippet":"max-snippet:-1","max-image-preview":"max-image-preview:large","max-video-preview":"max-video-preview:-1"},"canonical":"https:\/\/uni.uhk.cz\/archeologie\/?page_id=20646","og_locale":"cs_CZ","og_type":"article","og_title":"P\u0159ehled ter\u00e9nn\u00edch prax\u00ed na l\u00e9to 2025 - Katedra archeologie","og_description":"Zapisov\u00e1n\u00ed na praxe prob\u00edh\u00e1 v kancel\u00e1\u0159i Mgr. Kl\u00e1ry Burianov\u00e9 v r\u00e1mci \u00fa\u0159edn\u00edch hodin. Bakal\u00e1\u0159sk\u00e9 studium 1. ro\u010dn\u00edk, p\u0159edm\u011bty ARCH\/BPRA1 (5 dn\u00ed na v\u00fdzkumu) a BPRA2 (10 dn\u00ed na v\u00fdzkumu) 2. ro\u010dn\u00edk, p\u0159edm\u011bty ARCH\/BPRA3 (5 dn\u00ed na v\u00fdzkumu) a BPRA4 (5 dn\u00ed na v\u00fdzkumu) &nbsp; Krkono\u0161e - Vrchlab\u00ed term\u00edn: 30.\u010derven - 4.\u010dervenec (= 1 t\u00fdden) po\u010det [&hellip;]","og_url":"https:\/\/uni.uhk.cz\/archeologie\/?page_id=20646","og_site_name":"Katedra archeologie","article_modified_time":"2025-04-01T12:45:15+00:00","twitter_card":"summary_large_image","twitter_misc":{"Odhadovan\u00e1 doba \u010dten\u00ed":"2 minuty"},"schema":{"@context":"https:\/\/schema.org","@graph":[{"@type":"WebPage","@id":"https:\/\/uni.uhk.cz\/archeologie\/?page_id=20646","url":"https:\/\/uni.uhk.cz\/archeologie\/?page_id=20646","name":"P\u0159ehled ter\u00e9nn\u00edch prax\u00ed na l\u00e9to 2025 - Katedra archeologie","isPartOf":{"@id":"https:\/\/uni.uhk.cz\/archeologie\/#website"},"datePublished":"2019-02-08T13:19:50+00:00","dateModified":"2025-04-01T12:45:15+00:00","breadcrumb":{"@id":"https:\/\/uni.uhk.cz\/archeologie\/?page_id=20646#breadcrumb"},"inLanguage":"cs","potentialAction":[{"@type":"ReadAction","target":["https:\/\/uni.uhk.cz\/archeologie\/?page_id=20646"]}]},{"@type":"BreadcrumbList","@id":"https:\/\/uni.uhk.cz\/archeologie\/?page_id=20646#breadcrumb","itemListElement":[{"@type":"ListItem","position":1,"name":"Dom\u016f","item":"https:\/\/uni.uhk.cz\/archeologie\/"},{"@type":"ListItem","position":2,"name":"P\u0159ehled ter\u00e9nn\u00edch prax\u00ed na l\u00e9to 2025"}]},{"@type":"WebSite","@id":"https:\/\/uni.uhk.cz\/archeologie\/#website","url":"https:\/\/uni.uhk.cz\/archeologie\/","name":"Katedra archeologie FF UHK","description":"","potentialAction":[{"@type":"SearchAction","target":{"@type":"EntryPoint","urlTemplate":"https:\/\/uni.uhk.cz\/archeologie\/?s={search_term_string}"},"query-input":{"@type":"PropertyValueSpecification","valueRequired":true,"valueName":"search_term_string"}}],"inLanguage":"cs"}]}},"jetpack_sharing_enabled":true,"_links":{"self":[{"href":"https:\/\/uni.uhk.cz\/archeologie\/index.php?rest_route=\/wp\/v2\/pages\/20646","targetHints":{"allow":["GET"]}}],"collection":[{"href":"https:\/\/uni.uhk.cz\/archeologie\/index.php?rest_route=\/wp\/v2\/pages"}],"about":[{"href":"https:\/\/uni.uhk.cz\/archeologie\/index.php?rest_route=\/wp\/v2\/types\/page"}],"author":[{"embeddable":true,"href":"https:\/\/uni.uhk.cz\/archeologie\/index.php?rest_route=\/wp\/v2\/users\/3"}],"replies":[{"embeddable":true,"href":"https:\/\/uni.uhk.cz\/archeologie\/index.php?rest_route=%2Fwp%2Fv2%2Fcomments&post=20646"}],"version-history":[{"count":5,"href":"https:\/\/uni.uhk.cz\/archeologie\/index.php?rest_route=\/wp\/v2\/pages\/20646\/revisions"}],"predecessor-version":[{"id":30936,"href":"https:\/\/uni.uhk.cz\/archeologie\/index.php?rest_route=\/wp\/v2\/pages\/20646\/revisions\/30936"}],"wp:attachment":[{"href":"https:\/\/uni.uhk.cz\/archeologie\/index.php?rest_route=%2Fwp%2Fv2%2Fmedia&parent=20646"}],"curies":[{"name":"wp","href":"https:\/\/api.w.org\/{rel}","templated":true}]}}