{"id":20089,"date":"2018-05-15T15:50:51","date_gmt":"2018-05-15T13:50:51","guid":{"rendered":"https:\/\/uni.uhk.cz\/archeologie\/?page_id=20089"},"modified":"2018-05-15T16:11:45","modified_gmt":"2018-05-15T14:11:45","slug":"studijni-kalendare","status":"publish","type":"page","link":"https:\/\/uni.uhk.cz\/archeologie\/?page_id=20089","title":{"rendered":"Studijn\u00ed kalend\u00e1\u0159"},"content":{"rendered":"<section class=\"padding-two-top\"><div class=\"container\"><div class=\"row\"><div class=\"wpb_column hcode-column-container  col-xs-mobile-fullwidth\" data-front-class=\"col-xs-mobile-fullwidth front-column-class\"><div class=\"vc-column-innner-wrapper\"><p>Ve studijn\u00edm kalend\u00e1\u0159i najdete harmonogram akademick\u00e9ho roku s term\u00edny p\u0159ij\u00edmac\u00edho \u0159\u00edzen\u00ed, odevzd\u00e1n\u00ed z\u00e1v\u011bre\u010dn\u00fdch prac\u00ed, st\u00e1tn\u00edch z\u00e1v\u011bre\u010dn\u00fdch zkou\u0161ek, mimo\u0159\u00e1dn\u00fdch p\u0159edn\u00e1\u0161ek, nepravideln\u00e9 v\u00fduky, prax\u00ed a dal\u0161\u00edch ud\u00e1lost\u00ed vztahuj\u00edch se ke studiu na Kated\u0159e archeologie FF UHK.<\/p>\n<div class=\"simcal-calendar simcal-default-calendar simcal-default-calendar-list simcal-default-calendar-light\" data-calendar-id=\"19998\" data-timezone=\"Europe\/Prague\" data-offset=\"7200\" data-week-start=\"1\" data-calendar-start=\"1778709600\" data-calendar-end=\"1787608741\" data-events-first=\"1776376859\" data-events-last=\"1787608741\"><div class=\"simcal-calendar-list simcal-calendar-list-compact\"><div class=\"simcal-events-list-container\" data-prev=\"1776376859\" data-next=\"1787608741\" data-heading-small=\"Kv\u011b - Srp 2026\" data-heading-large=\"Kv\u011bten - Srpen, 2026\"><div class=\"simcal-weekday-1 simcal-past simcal-day simcal-day-has-events simcal-day-has-1-events simcal-events-calendar-19998 simcal-day-has-events simcal-day-has-2-events simcal-events-calendar-19998\" data-events-count=\"2\">\n\t<ul class=\"simcal-events\">\n\t<li class=\"simcal-event simcal-events-calendar-19998\" style=\"\" itemscope itemtype=\"http:\/\/schema.org\/Event\" data-start=\"1779660059\">\n\t\t<div class=\"simcal-event-details\"><p><span style=\"color: #8cc841\"><strong><span class=\"simcal-event-title\" itemprop=\"name\">SZZ a obhajoba<\/span><\/strong><\/span><\/p>\n<p><strong><span class=\"simcal-event-start simcal-event-start-date\" data-event-start=\"1779660059\" data-event-format=\"F j, Y\" itemprop=\"startDate\" content=\"2026-05-25T00:00:59+02:00\">25 kv\u011btna, 2026<\/span><\/strong><br \/>\n <span class=\"simcal-event-address simcal-event-start-location\" itemprop=\"location\" itemscope itemtype=\"http:\/\/schema.org\/Place\"><meta itemprop=\"name\" content=\"SZZ a obhajoba\" \/><meta itemprop=\"address\" content=\"SZZ a obhajoba\" \/><\/span><\/p>\n<div><div class=\"simcal-event-description\" itemprop=\"description\"><p>Obhajoba BP\/DP a st\u00e1tn\u00ed z\u00e1v\u011bre\u010dn\u00e9 zkou\u0161ky<\/p>\n<\/div><\/div>\n<p>&nbsp;<\/p><\/div>\n\t<\/li>\n\t<li class=\"simcal-event simcal-events-calendar-19998\" style=\"\" itemscope itemtype=\"http:\/\/schema.org\/Event\" data-start=\"1779714000\">\n\t\t<div class=\"simcal-event-details\"><p><span style=\"color: #8cc841\"><strong><span class=\"simcal-event-title\" itemprop=\"name\">P\u0159ij\u00edmac\u00ed zkou\u0161ky Mgr.<\/span><\/strong><\/span><\/p>\n<p><strong><span class=\"simcal-event-start simcal-event-start-date\" data-event-start=\"1779714000\" data-event-format=\"F j, Y\" itemprop=\"startDate\" content=\"2026-05-25T15:00:00+02:00\">25 kv\u011btna, 2026<\/span>&nbsp;&nbsp;<span class=\"simcal-event-start simcal-event-start-time\" data-event-start=\"1779714000\" data-event-format=\"G:i\" itemprop=\"startDate\" content=\"2026-05-25T15:00:00+02:00\">15:00<\/span> - <span class=\"simcal-event-end simcal-event-end-time\" data-event-end=\"1779717600\" data-event-format=\"G:i\" itemprop=\"endDate\" content=\"2026-05-25T16:00:00+02:00\">16:00<\/span><\/strong><br \/>\n <span class=\"simcal-event-address simcal-event-start-location\" itemprop=\"location\" itemscope itemtype=\"http:\/\/schema.org\/Place\"><meta itemprop=\"name\" content=\"P\u0159ij\u00edmac\u00ed zkou\u0161ky Mgr.\" \/><meta itemprop=\"address\" content=\"P\u0159ij\u00edmac\u00ed zkou\u0161ky Mgr.\" \/><\/span><\/p>\n<div><\/div>\n<p>&nbsp;<\/p><\/div>\n\t<\/li>\n<\/ul>\n\n<\/div>\n<div class=\"simcal-weekday-3 simcal-past simcal-day simcal-day-has-events simcal-day-has-1-events simcal-events-calendar-19998\" data-events-count=\"1\">\n\t<ul class=\"simcal-events\">\n\t<li class=\"simcal-event simcal-events-calendar-19998\" style=\"\" itemscope itemtype=\"http:\/\/schema.org\/Event\" data-start=\"1779868800\">\n\t\t<div class=\"simcal-event-details\"><p><span style=\"color: #8cc841\"><strong><span class=\"simcal-event-title\" itemprop=\"name\">P\u0159ij\u00edmac\u00ed zkou\u0161ky Mgr.<\/span><\/strong><\/span><\/p>\n<p><strong><span class=\"simcal-event-start simcal-event-start-date\" data-event-start=\"1779868800\" data-event-format=\"F j, Y\" itemprop=\"startDate\" content=\"2026-05-27T10:00:00+02:00\">27 kv\u011btna, 2026<\/span>&nbsp;&nbsp;<span class=\"simcal-event-start simcal-event-start-time\" data-event-start=\"1779868800\" data-event-format=\"G:i\" itemprop=\"startDate\" content=\"2026-05-27T10:00:00+02:00\">10:00<\/span> - <span class=\"simcal-event-end simcal-event-end-time\" data-event-end=\"1779872400\" data-event-format=\"G:i\" itemprop=\"endDate\" content=\"2026-05-27T11:00:00+02:00\">11:00<\/span><\/strong><br \/>\n <span class=\"simcal-event-address simcal-event-start-location\" itemprop=\"location\" itemscope itemtype=\"http:\/\/schema.org\/Place\"><meta itemprop=\"name\" content=\"P\u0159ij\u00edmac\u00ed zkou\u0161ky Mgr.\" \/><meta itemprop=\"address\" content=\"P\u0159ij\u00edmac\u00ed zkou\u0161ky Mgr.\" \/><\/span><\/p>\n<div><\/div>\n<p>&nbsp;<\/p><\/div>\n\t<\/li>\n<\/ul>\n\n<\/div>\n<div class=\"simcal-weekday-5 simcal-past simcal-day simcal-day-has-events simcal-day-has-1-events simcal-events-calendar-19998\" data-events-count=\"1\">\n\t<ul class=\"simcal-events\">\n\t<li class=\"simcal-event simcal-events-calendar-19998\" style=\"\" itemscope itemtype=\"http:\/\/schema.org\/Event\" data-start=\"1784239259\">\n\t\t<div class=\"simcal-event-details\"><p><span style=\"color: #8cc841\"><strong><span class=\"simcal-event-title\" itemprop=\"name\">Odevzd\u00e1n\u00ed BP\/DP v IS\/Stag<\/span><\/strong><\/span><\/p>\n<p><strong><span class=\"simcal-event-start simcal-event-start-date\" data-event-start=\"1784239259\" data-event-format=\"F j, Y\" itemprop=\"startDate\" content=\"2026-07-17T00:00:59+02:00\">17 \u010dervence, 2026<\/span><\/strong><br \/>\n <span class=\"simcal-event-address simcal-event-start-location\" itemprop=\"location\" itemscope itemtype=\"http:\/\/schema.org\/Place\"><meta itemprop=\"name\" content=\"Odevzd\u00e1n\u00ed BP\/DP v IS\/Stag\" \/><meta itemprop=\"address\" content=\"Odevzd\u00e1n\u00ed BP\/DP v IS\/Stag\" \/><\/span><\/p>\n<div><\/div>\n<p>&nbsp;<\/p><\/div>\n\t<\/li>\n<\/ul>\n\n<\/div>\n<div class=\"simcal-weekday-1 simcal-past simcal-day simcal-day-has-events simcal-day-has-1-events simcal-events-calendar-19998\" data-events-count=\"1\">\n\t<ul class=\"simcal-events\">\n\t<li class=\"simcal-event simcal-events-calendar-19998\" style=\"\" itemscope itemtype=\"http:\/\/schema.org\/Event\" data-start=\"1784498459\">\n\t\t<div class=\"simcal-event-details\"><p><span style=\"color: #8cc841\"><strong><span class=\"simcal-event-title\" itemprop=\"name\">Odevzd\u00e1n\u00ed fyzick\u00e9 BP\/DP<\/span><\/strong><\/span><\/p>\n<p><strong><span class=\"simcal-event-start simcal-event-start-date\" data-event-start=\"1784498459\" data-event-format=\"F j, Y\" itemprop=\"startDate\" content=\"2026-07-20T00:00:59+02:00\">20 \u010dervence, 2026<\/span> - <span class=\"simcal-event-start simcal-event-end-date\" data-event-start=\"1784757541\" data-event-format=\"F j, Y\" itemprop=\"endDate\" content=\"2026-07-22T23:59:01+02:00\">22 \u010dervence, 2026<\/span>&nbsp;&nbsp;<\/strong><br \/>\n <span class=\"simcal-event-address simcal-event-start-location\" itemprop=\"location\" itemscope itemtype=\"http:\/\/schema.org\/Place\"><meta itemprop=\"name\" content=\"Odevzd\u00e1n\u00ed fyzick\u00e9 BP\/DP\" \/><meta itemprop=\"address\" content=\"Odevzd\u00e1n\u00ed fyzick\u00e9 BP\/DP\" \/><\/span><\/p>\n<div><div class=\"simcal-event-description\" itemprop=\"description\"><p>Kone\u010dn\u00fd term\u00edn pro odevzd\u00e1n\u00ed sv\u00e1zan\u00e9ho p\u00edsemn\u00e9ho exempl\u00e1\u0159e Bakal\u00e1\u0159sk\u00e9\/diplomov\u00e9 pr\u00e1ce pro srpnov\u00e9 SZZ<\/p>\n<\/div><\/div>\n<p>&nbsp;<\/p><\/div>\n\t<\/li>\n<\/ul>\n\n<\/div>\n<div class=\"simcal-weekday-1 simcal-past simcal-day simcal-day-has-events simcal-day-has-1-events simcal-events-calendar-19998\" data-events-count=\"1\">\n\t<ul class=\"simcal-events\">\n\t<li class=\"simcal-event simcal-events-calendar-19998\" style=\"\" itemscope itemtype=\"http:\/\/schema.org\/Event\" data-start=\"1787522459\">\n\t\t<div class=\"simcal-event-details\"><p><span style=\"color: #8cc841\"><strong><span class=\"simcal-event-title\" itemprop=\"name\">SZZ a obhajoba<\/span><\/strong><\/span><\/p>\n<p><strong><span class=\"simcal-event-start simcal-event-start-date\" data-event-start=\"1787522459\" data-event-format=\"F j, Y\" itemprop=\"startDate\" content=\"2026-08-24T00:00:59+02:00\">24 srpna, 2026<\/span><\/strong><br \/>\n <span class=\"simcal-event-address simcal-event-start-location\" itemprop=\"location\" itemscope itemtype=\"http:\/\/schema.org\/Place\"><meta itemprop=\"name\" content=\"SZZ a obhajoba\" \/><meta itemprop=\"address\" content=\"SZZ a obhajoba\" \/><\/span><\/p>\n<div><\/div>\n<p>&nbsp;<\/p><\/div>\n\t<\/li>\n<\/ul>\n\n<\/div>\n<\/div><div class=\"simcal-ajax-loader simcal-spinner-top\" style=\"display: none;\"><i class=\"simcal-icon-spinner simcal-icon-spin\"><\/i><\/div><\/div><\/div>\n<\/div><\/div><\/div><\/div><\/section>","protected":false},"excerpt":{"rendered":"<p>Ve studijn\u00edm kalend\u00e1\u0159i najdete harmonogram akademick\u00e9ho roku s term\u00edny p\u0159ij\u00edmac\u00edho \u0159\u00edzen\u00ed, odevzd\u00e1n\u00ed z\u00e1v\u011bre\u010dn\u00fdch prac\u00ed, st\u00e1tn\u00edch z\u00e1v\u011bre\u010dn\u00fdch zkou\u0161ek, mimo\u0159\u00e1dn\u00fdch p\u0159edn\u00e1\u0161ek, nepravideln\u00e9 v\u00fduky, prax\u00ed a dal\u0161\u00edch ud\u00e1lost\u00ed vztahuj\u00edch se ke studiu na Kated\u0159e archeologie FF UHK. SZZ a obhajoba 25 kv\u011btna, 2026 Obhajoba BP\/DP a st\u00e1tn\u00ed z\u00e1v\u011bre\u010dn\u00e9 zkou\u0161ky &nbsp; P\u0159ij\u00edmac\u00ed zkou\u0161ky Mgr. 25 kv\u011btna, 2026&nbsp;&nbsp;15:00 &#8211; 16:00 [&hellip;]<\/p>\n","protected":false},"author":3,"featured_media":0,"parent":0,"menu_order":0,"comment_status":"closed","ping_status":"closed","template":"","meta":{"_exactmetrics_skip_tracking":false,"_exactmetrics_sitenote_active":false,"_exactmetrics_sitenote_note":"","_exactmetrics_sitenote_category":0,"footnotes":""},"class_list":["post-20089","page","type-page","status-publish","hentry"],"yoast_head":"<!-- This site is optimized with the Yoast SEO plugin v27.5 - https:\/\/yoast.com\/product\/yoast-seo-wordpress\/ -->\n<title>Studijn\u00ed kalend\u00e1\u0159 - Katedra archeologie<\/title>\n<meta name=\"robots\" content=\"index, follow, max-snippet:-1, max-image-preview:large, max-video-preview:-1\" \/>\n<link rel=\"canonical\" href=\"https:\/\/uni.uhk.cz\/archeologie\/?page_id=20089\" \/>\n<meta property=\"og:locale\" content=\"cs_CZ\" \/>\n<meta property=\"og:type\" content=\"article\" \/>\n<meta property=\"og:title\" content=\"Studijn\u00ed kalend\u00e1\u0159 - Katedra archeologie\" \/>\n<meta property=\"og:description\" content=\"Ve studijn\u00edm kalend\u00e1\u0159i najdete harmonogram akademick\u00e9ho roku s term\u00edny p\u0159ij\u00edmac\u00edho \u0159\u00edzen\u00ed, odevzd\u00e1n\u00ed z\u00e1v\u011bre\u010dn\u00fdch prac\u00ed, st\u00e1tn\u00edch z\u00e1v\u011bre\u010dn\u00fdch zkou\u0161ek, mimo\u0159\u00e1dn\u00fdch p\u0159edn\u00e1\u0161ek, nepravideln\u00e9 v\u00fduky, prax\u00ed a dal\u0161\u00edch ud\u00e1lost\u00ed vztahuj\u00edch se ke studiu na Kated\u0159e archeologie FF UHK. SZZ a obhajoba 25 kv\u011btna, 2026 Obhajoba BP\/DP a st\u00e1tn\u00ed z\u00e1v\u011bre\u010dn\u00e9 zkou\u0161ky &nbsp; P\u0159ij\u00edmac\u00ed zkou\u0161ky Mgr. 25 kv\u011btna, 2026&nbsp;&nbsp;15:00 - 16:00 [&hellip;]\" \/>\n<meta property=\"og:url\" content=\"https:\/\/uni.uhk.cz\/archeologie\/?page_id=20089\" \/>\n<meta property=\"og:site_name\" content=\"Katedra archeologie\" \/>\n<meta property=\"article:modified_time\" content=\"2018-05-15T14:11:45+00:00\" \/>\n<meta name=\"twitter:card\" content=\"summary_large_image\" \/>\n<script type=\"application\/ld+json\" class=\"yoast-schema-graph\">{\"@context\":\"https:\\\/\\\/schema.org\",\"@graph\":[{\"@type\":\"WebPage\",\"@id\":\"https:\\\/\\\/uni.uhk.cz\\\/archeologie\\\/?page_id=20089\",\"url\":\"https:\\\/\\\/uni.uhk.cz\\\/archeologie\\\/?page_id=20089\",\"name\":\"Studijn\u00ed kalend\u00e1\u0159 - Katedra archeologie\",\"isPartOf\":{\"@id\":\"https:\\\/\\\/uni.uhk.cz\\\/archeologie\\\/#website\"},\"datePublished\":\"2018-05-15T13:50:51+00:00\",\"dateModified\":\"2018-05-15T14:11:45+00:00\",\"breadcrumb\":{\"@id\":\"https:\\\/\\\/uni.uhk.cz\\\/archeologie\\\/?page_id=20089#breadcrumb\"},\"inLanguage\":\"cs\",\"potentialAction\":[{\"@type\":\"ReadAction\",\"target\":[\"https:\\\/\\\/uni.uhk.cz\\\/archeologie\\\/?page_id=20089\"]}]},{\"@type\":\"BreadcrumbList\",\"@id\":\"https:\\\/\\\/uni.uhk.cz\\\/archeologie\\\/?page_id=20089#breadcrumb\",\"itemListElement\":[{\"@type\":\"ListItem\",\"position\":1,\"name\":\"Dom\u016f\",\"item\":\"https:\\\/\\\/uni.uhk.cz\\\/archeologie\\\/\"},{\"@type\":\"ListItem\",\"position\":2,\"name\":\"Studijn\u00ed kalend\u00e1\u0159\"}]},{\"@type\":\"WebSite\",\"@id\":\"https:\\\/\\\/uni.uhk.cz\\\/archeologie\\\/#website\",\"url\":\"https:\\\/\\\/uni.uhk.cz\\\/archeologie\\\/\",\"name\":\"Katedra archeologie FF UHK\",\"description\":\"\",\"potentialAction\":[{\"@type\":\"SearchAction\",\"target\":{\"@type\":\"EntryPoint\",\"urlTemplate\":\"https:\\\/\\\/uni.uhk.cz\\\/archeologie\\\/?s={search_term_string}\"},\"query-input\":{\"@type\":\"PropertyValueSpecification\",\"valueRequired\":true,\"valueName\":\"search_term_string\"}}],\"inLanguage\":\"cs\"}]}<\/script>\n<!-- \/ Yoast SEO plugin. -->","yoast_head_json":{"title":"Studijn\u00ed kalend\u00e1\u0159 - Katedra archeologie","robots":{"index":"index","follow":"follow","max-snippet":"max-snippet:-1","max-image-preview":"max-image-preview:large","max-video-preview":"max-video-preview:-1"},"canonical":"https:\/\/uni.uhk.cz\/archeologie\/?page_id=20089","og_locale":"cs_CZ","og_type":"article","og_title":"Studijn\u00ed kalend\u00e1\u0159 - Katedra archeologie","og_description":"Ve studijn\u00edm kalend\u00e1\u0159i najdete harmonogram akademick\u00e9ho roku s term\u00edny p\u0159ij\u00edmac\u00edho \u0159\u00edzen\u00ed, odevzd\u00e1n\u00ed z\u00e1v\u011bre\u010dn\u00fdch prac\u00ed, st\u00e1tn\u00edch z\u00e1v\u011bre\u010dn\u00fdch zkou\u0161ek, mimo\u0159\u00e1dn\u00fdch p\u0159edn\u00e1\u0161ek, nepravideln\u00e9 v\u00fduky, prax\u00ed a dal\u0161\u00edch ud\u00e1lost\u00ed vztahuj\u00edch se ke studiu na Kated\u0159e archeologie FF UHK. SZZ a obhajoba 25 kv\u011btna, 2026 Obhajoba BP\/DP a st\u00e1tn\u00ed z\u00e1v\u011bre\u010dn\u00e9 zkou\u0161ky &nbsp; P\u0159ij\u00edmac\u00ed zkou\u0161ky Mgr. 25 kv\u011btna, 2026&nbsp;&nbsp;15:00 - 16:00 [&hellip;]","og_url":"https:\/\/uni.uhk.cz\/archeologie\/?page_id=20089","og_site_name":"Katedra archeologie","article_modified_time":"2018-05-15T14:11:45+00:00","twitter_card":"summary_large_image","schema":{"@context":"https:\/\/schema.org","@graph":[{"@type":"WebPage","@id":"https:\/\/uni.uhk.cz\/archeologie\/?page_id=20089","url":"https:\/\/uni.uhk.cz\/archeologie\/?page_id=20089","name":"Studijn\u00ed kalend\u00e1\u0159 - Katedra archeologie","isPartOf":{"@id":"https:\/\/uni.uhk.cz\/archeologie\/#website"},"datePublished":"2018-05-15T13:50:51+00:00","dateModified":"2018-05-15T14:11:45+00:00","breadcrumb":{"@id":"https:\/\/uni.uhk.cz\/archeologie\/?page_id=20089#breadcrumb"},"inLanguage":"cs","potentialAction":[{"@type":"ReadAction","target":["https:\/\/uni.uhk.cz\/archeologie\/?page_id=20089"]}]},{"@type":"BreadcrumbList","@id":"https:\/\/uni.uhk.cz\/archeologie\/?page_id=20089#breadcrumb","itemListElement":[{"@type":"ListItem","position":1,"name":"Dom\u016f","item":"https:\/\/uni.uhk.cz\/archeologie\/"},{"@type":"ListItem","position":2,"name":"Studijn\u00ed kalend\u00e1\u0159"}]},{"@type":"WebSite","@id":"https:\/\/uni.uhk.cz\/archeologie\/#website","url":"https:\/\/uni.uhk.cz\/archeologie\/","name":"Katedra archeologie FF UHK","description":"","potentialAction":[{"@type":"SearchAction","target":{"@type":"EntryPoint","urlTemplate":"https:\/\/uni.uhk.cz\/archeologie\/?s={search_term_string}"},"query-input":{"@type":"PropertyValueSpecification","valueRequired":true,"valueName":"search_term_string"}}],"inLanguage":"cs"}]}},"jetpack_sharing_enabled":true,"_links":{"self":[{"href":"https:\/\/uni.uhk.cz\/archeologie\/index.php?rest_route=\/wp\/v2\/pages\/20089","targetHints":{"allow":["GET"]}}],"collection":[{"href":"https:\/\/uni.uhk.cz\/archeologie\/index.php?rest_route=\/wp\/v2\/pages"}],"about":[{"href":"https:\/\/uni.uhk.cz\/archeologie\/index.php?rest_route=\/wp\/v2\/types\/page"}],"author":[{"embeddable":true,"href":"https:\/\/uni.uhk.cz\/archeologie\/index.php?rest_route=\/wp\/v2\/users\/3"}],"replies":[{"embeddable":true,"href":"https:\/\/uni.uhk.cz\/archeologie\/index.php?rest_route=%2Fwp%2Fv2%2Fcomments&post=20089"}],"version-history":[{"count":4,"href":"https:\/\/uni.uhk.cz\/archeologie\/index.php?rest_route=\/wp\/v2\/pages\/20089\/revisions"}],"predecessor-version":[{"id":20102,"href":"https:\/\/uni.uhk.cz\/archeologie\/index.php?rest_route=\/wp\/v2\/pages\/20089\/revisions\/20102"}],"wp:attachment":[{"href":"https:\/\/uni.uhk.cz\/archeologie\/index.php?rest_route=%2Fwp%2Fv2%2Fmedia&parent=20089"}],"curies":[{"name":"wp","href":"https:\/\/api.w.org\/{rel}","templated":true}]}}