{"id":19802,"date":"2018-05-09T20:28:31","date_gmt":"2018-05-09T18:28:31","guid":{"rendered":"http:\/\/172.25.48.67\/?page_id=19802"},"modified":"2019-08-28T16:19:02","modified_gmt":"2019-08-28T14:19:02","slug":"o-katedre-archeologie-ff-uhk","status":"publish","type":"page","link":"https:\/\/uni.uhk.cz\/archeologie\/?page_id=19802&lang=en","title":{"rendered":"ABOUT THE DEPARTMENT OF ARCHAEOLOGY AT THE FF UHK"},"content":{"rendered":"<section class=\"padding-two-tb\"><div class=\"container\"><div class=\"row\"><div class=\"wpb_column hcode-column-container  col-xs-mobile-fullwidth\" data-front-class=\"col-xs-mobile-fullwidth front-column-class\"><div class=\"vc-column-innner-wrapper\"><p>The history of activities associated with archaeology in the university environment of Hradec Kr\u00e1lov\u00e9 is inseparably connected with the personality of Radom\u00edr Tich\u00fd. In 1993, he became an assistant for Ancient History and Antiquity at the Department of History, Faculty of Education, University of Hradec Kr\u00e1lov\u00e9 (later the Institute of Historical Sciences at the University of Hradec Kr\u00e1lov\u00e9). In 1994, he founded there the First University Centre of Experimental Archaeology and the Society of Experimental Archaeology for study and research purposes. In 1995, the Monoxylon\u00b495 international student expedition was undertaken, which had been prepared for a long time (Baltic Sea 1992, Rozko\u0161 reservoir 1993-94). In 1996, R. Tich\u00fd, together with history students, started to develop the Centre of Experimental Archaeology V\u0161estary, which has served the purpose of education and popularisation of archaeology since then, recently under the name Archeopark V\u0161estary (2013). In 1996, the Institute of Historical Sciences under the leadership of Prof. Vladim\u00edr Wolf started to carry out its own departmental summer archaeological excavations (1996 princely manor of Vysok\u00e9 Chvojno, 1999 small castle of St\u00e1rkov, 2000 wood tar production facilities at Mostek, 2001 fortified manor house of Mlad\u00e9 Buky). In 1998, the Monoxylon II international expedition was undertaken \u2013 sailing on a reconstructed dugout boat from Lake Bracciano \u2013 along the shores of the western Mediterranean. In 2000, R. Tich\u00fd founded the magazine Reconstruction and Experiment in Archaeology. The results of experimental archaeology have been published on its pages (since 2005, under the name \u017div\u00e1 archeologie \u2013 Living Archaeology).<\/p>\n<p><img loading=\"lazy\" decoding=\"async\" class=\" wp-image-20307 aligncenter\" src=\"https:\/\/uni.uhk.cz\/archeologie\/wp-content\/uploads\/2018\/06\/borek-300x181.jpg\" alt=\"\" width=\"972\" height=\"586\" srcset=\"https:\/\/uni.uhk.cz\/archeologie\/wp-content\/uploads\/2018\/06\/borek-300x181.jpg 300w, https:\/\/uni.uhk.cz\/archeologie\/wp-content\/uploads\/2018\/06\/borek-600x361.jpg 600w, https:\/\/uni.uhk.cz\/archeologie\/wp-content\/uploads\/2018\/06\/borek-768x462.jpg 768w, https:\/\/uni.uhk.cz\/archeologie\/wp-content\/uploads\/2018\/06\/borek-81x49.jpg 81w, https:\/\/uni.uhk.cz\/archeologie\/wp-content\/uploads\/2018\/06\/borek.jpg 960w\" sizes=\"auto, (max-width: 972px) 100vw, 972px\" \/><\/p>\n<p>In 2003, R. Tich\u00fd founded and managed the Archaeological Centre at the Faculty of Education, University of Hradec Kr\u00e1lov\u00e9. In 2004, this new institution carried out a rescue excavation of the site of Ob\u011bdovice near Hradec Kr\u00e1lov\u00e9. In 2005-2007 and 2008-2009, there was a rescue excavation at Tun\u011bchody near Chrudim and in 2007-2009, another rescue excavation at Ob\u011bdovice near Hradec Kr\u00e1lov\u00e9. This period was also associated with the first staff reinforcements. From 2003 onwards, Richard Th\u00e9r participated in the evaluation the archaeological excavation at Mohelnice, while Hana Dohn\u00e1lkov\u00e1 and Iva Dohn\u00e1lkov\u00e1 later transferred to the Archaeopark of Prehistory V\u0161estary. Thanks to this, the department became well-known as an institution where ancient technologies were studied with the help of information systems (R. Th\u00e9r).<\/p>\n<p>In 2005, R. Tich\u00fd founded the Department of Practical and Experimental Archaeology at the FHS, University of Hradec Kr\u00e1lov\u00e9 (today the Department of Archaeology at the FF UHK). There he accredited a number of new study programmes (2006 Bc. in Computer support in archaeology, 2007 Bc. in Archaeology, 2008 Mgr. in Archaeology, 2009 PhD in Archaeology). This has enabled further staff reinforcements and the employment of other archaeologists, resulting in the current composition of the Department.<\/p>\n<\/div><\/div><\/div><\/div><\/section>","protected":false},"excerpt":{"rendered":"<p>The history of activities associated with archaeology in the university environment of Hradec Kr\u00e1lov\u00e9 is inseparably connected with the personality of Radom\u00edr Tich\u00fd. In 1993, he became an assistant for Ancient History and Antiquity at the Department of History, Faculty of Education, University of Hradec Kr\u00e1lov\u00e9 (later the Institute of Historical Sciences at the University [&hellip;]<\/p>\n","protected":false},"author":3,"featured_media":20307,"parent":0,"menu_order":0,"comment_status":"closed","ping_status":"closed","template":"","meta":{"_exactmetrics_skip_tracking":false,"_exactmetrics_sitenote_active":false,"_exactmetrics_sitenote_note":"","_exactmetrics_sitenote_category":0,"footnotes":""},"class_list":["post-19802","page","type-page","status-publish","has-post-thumbnail","hentry"],"yoast_head":"<!-- This site is optimized with the Yoast SEO plugin v27.5 - https:\/\/yoast.com\/product\/yoast-seo-wordpress\/ -->\n<title>ABOUT THE DEPARTMENT OF ARCHAEOLOGY AT THE FF UHK - Katedra archeologie<\/title>\n<meta name=\"robots\" content=\"index, follow, max-snippet:-1, max-image-preview:large, max-video-preview:-1\" \/>\n<link rel=\"canonical\" href=\"https:\/\/uni.uhk.cz\/archeologie\/?page_id=19802&lang=en\" \/>\n<meta property=\"og:locale\" content=\"cs_CZ\" \/>\n<meta property=\"og:type\" content=\"article\" \/>\n<meta property=\"og:title\" content=\"ABOUT THE DEPARTMENT OF ARCHAEOLOGY AT THE FF UHK - Katedra archeologie\" \/>\n<meta property=\"og:description\" content=\"The history of activities associated with archaeology in the university environment of Hradec Kr\u00e1lov\u00e9 is inseparably connected with the personality of Radom\u00edr Tich\u00fd. In 1993, he became an assistant for Ancient History and Antiquity at the Department of History, Faculty of Education, University of Hradec Kr\u00e1lov\u00e9 (later the Institute of Historical Sciences at the University [&hellip;]\" \/>\n<meta property=\"og:url\" content=\"https:\/\/uni.uhk.cz\/archeologie\/?page_id=19802&amp;lang=en\" \/>\n<meta property=\"og:site_name\" content=\"Katedra archeologie\" \/>\n<meta property=\"article:modified_time\" content=\"2019-08-28T14:19:02+00:00\" \/>\n<meta property=\"og:image\" content=\"https:\/\/uni.uhk.cz\/archeologie\/wp-content\/uploads\/2018\/06\/borek.jpg\" \/>\n\t<meta property=\"og:image:width\" content=\"960\" \/>\n\t<meta property=\"og:image:height\" content=\"578\" \/>\n\t<meta property=\"og:image:type\" content=\"image\/jpeg\" \/>\n<meta name=\"twitter:card\" content=\"summary_large_image\" \/>\n<meta name=\"twitter:label1\" content=\"Odhadovan\u00e1 doba \u010dten\u00ed\" \/>\n\t<meta name=\"twitter:data1\" content=\"2 minuty\" \/>\n<script type=\"application\/ld+json\" class=\"yoast-schema-graph\">{\"@context\":\"https:\\\/\\\/schema.org\",\"@graph\":[{\"@type\":\"WebPage\",\"@id\":\"https:\\\/\\\/uni.uhk.cz\\\/archeologie\\\/?page_id=19802&lang=en\",\"url\":\"https:\\\/\\\/uni.uhk.cz\\\/archeologie\\\/?page_id=19802&lang=en\",\"name\":\"ABOUT THE DEPARTMENT OF ARCHAEOLOGY AT THE FF UHK - Katedra archeologie\",\"isPartOf\":{\"@id\":\"https:\\\/\\\/uni.uhk.cz\\\/archeologie\\\/#website\"},\"primaryImageOfPage\":{\"@id\":\"https:\\\/\\\/uni.uhk.cz\\\/archeologie\\\/?page_id=19802&lang=en#primaryimage\"},\"image\":{\"@id\":\"https:\\\/\\\/uni.uhk.cz\\\/archeologie\\\/?page_id=19802&lang=en#primaryimage\"},\"thumbnailUrl\":\"https:\\\/\\\/uni.uhk.cz\\\/archeologie\\\/wp-content\\\/uploads\\\/2018\\\/06\\\/borek.jpg\",\"datePublished\":\"2018-05-09T18:28:31+00:00\",\"dateModified\":\"2019-08-28T14:19:02+00:00\",\"breadcrumb\":{\"@id\":\"https:\\\/\\\/uni.uhk.cz\\\/archeologie\\\/?page_id=19802&lang=en#breadcrumb\"},\"inLanguage\":\"cs\",\"potentialAction\":[{\"@type\":\"ReadAction\",\"target\":[\"https:\\\/\\\/uni.uhk.cz\\\/archeologie\\\/?page_id=19802&lang=en\"]}]},{\"@type\":\"ImageObject\",\"inLanguage\":\"cs\",\"@id\":\"https:\\\/\\\/uni.uhk.cz\\\/archeologie\\\/?page_id=19802&lang=en#primaryimage\",\"url\":\"https:\\\/\\\/uni.uhk.cz\\\/archeologie\\\/wp-content\\\/uploads\\\/2018\\\/06\\\/borek.jpg\",\"contentUrl\":\"https:\\\/\\\/uni.uhk.cz\\\/archeologie\\\/wp-content\\\/uploads\\\/2018\\\/06\\\/borek.jpg\",\"width\":960,\"height\":578},{\"@type\":\"BreadcrumbList\",\"@id\":\"https:\\\/\\\/uni.uhk.cz\\\/archeologie\\\/?page_id=19802&lang=en#breadcrumb\",\"itemListElement\":[{\"@type\":\"ListItem\",\"position\":1,\"name\":\"Dom\u016f\",\"item\":\"https:\\\/\\\/uni.uhk.cz\\\/archeologie\\\/\"},{\"@type\":\"ListItem\",\"position\":2,\"name\":\"ABOUT THE DEPARTMENT OF ARCHAEOLOGY AT THE FF UHK\"}]},{\"@type\":\"WebSite\",\"@id\":\"https:\\\/\\\/uni.uhk.cz\\\/archeologie\\\/#website\",\"url\":\"https:\\\/\\\/uni.uhk.cz\\\/archeologie\\\/\",\"name\":\"Katedra archeologie FF UHK\",\"description\":\"\",\"potentialAction\":[{\"@type\":\"SearchAction\",\"target\":{\"@type\":\"EntryPoint\",\"urlTemplate\":\"https:\\\/\\\/uni.uhk.cz\\\/archeologie\\\/?s={search_term_string}\"},\"query-input\":{\"@type\":\"PropertyValueSpecification\",\"valueRequired\":true,\"valueName\":\"search_term_string\"}}],\"inLanguage\":\"cs\"}]}<\/script>\n<!-- \/ Yoast SEO plugin. -->","yoast_head_json":{"title":"ABOUT THE DEPARTMENT OF ARCHAEOLOGY AT THE FF UHK - Katedra archeologie","robots":{"index":"index","follow":"follow","max-snippet":"max-snippet:-1","max-image-preview":"max-image-preview:large","max-video-preview":"max-video-preview:-1"},"canonical":"https:\/\/uni.uhk.cz\/archeologie\/?page_id=19802&lang=en","og_locale":"cs_CZ","og_type":"article","og_title":"ABOUT THE DEPARTMENT OF ARCHAEOLOGY AT THE FF UHK - Katedra archeologie","og_description":"The history of activities associated with archaeology in the university environment of Hradec Kr\u00e1lov\u00e9 is inseparably connected with the personality of Radom\u00edr Tich\u00fd. In 1993, he became an assistant for Ancient History and Antiquity at the Department of History, Faculty of Education, University of Hradec Kr\u00e1lov\u00e9 (later the Institute of Historical Sciences at the University [&hellip;]","og_url":"https:\/\/uni.uhk.cz\/archeologie\/?page_id=19802&lang=en","og_site_name":"Katedra archeologie","article_modified_time":"2019-08-28T14:19:02+00:00","og_image":[{"width":960,"height":578,"url":"https:\/\/uni.uhk.cz\/archeologie\/wp-content\/uploads\/2018\/06\/borek.jpg","type":"image\/jpeg"}],"twitter_card":"summary_large_image","twitter_misc":{"Odhadovan\u00e1 doba \u010dten\u00ed":"2 minuty"},"schema":{"@context":"https:\/\/schema.org","@graph":[{"@type":"WebPage","@id":"https:\/\/uni.uhk.cz\/archeologie\/?page_id=19802&lang=en","url":"https:\/\/uni.uhk.cz\/archeologie\/?page_id=19802&lang=en","name":"ABOUT THE DEPARTMENT OF ARCHAEOLOGY AT THE FF UHK - Katedra archeologie","isPartOf":{"@id":"https:\/\/uni.uhk.cz\/archeologie\/#website"},"primaryImageOfPage":{"@id":"https:\/\/uni.uhk.cz\/archeologie\/?page_id=19802&lang=en#primaryimage"},"image":{"@id":"https:\/\/uni.uhk.cz\/archeologie\/?page_id=19802&lang=en#primaryimage"},"thumbnailUrl":"https:\/\/uni.uhk.cz\/archeologie\/wp-content\/uploads\/2018\/06\/borek.jpg","datePublished":"2018-05-09T18:28:31+00:00","dateModified":"2019-08-28T14:19:02+00:00","breadcrumb":{"@id":"https:\/\/uni.uhk.cz\/archeologie\/?page_id=19802&lang=en#breadcrumb"},"inLanguage":"cs","potentialAction":[{"@type":"ReadAction","target":["https:\/\/uni.uhk.cz\/archeologie\/?page_id=19802&lang=en"]}]},{"@type":"ImageObject","inLanguage":"cs","@id":"https:\/\/uni.uhk.cz\/archeologie\/?page_id=19802&lang=en#primaryimage","url":"https:\/\/uni.uhk.cz\/archeologie\/wp-content\/uploads\/2018\/06\/borek.jpg","contentUrl":"https:\/\/uni.uhk.cz\/archeologie\/wp-content\/uploads\/2018\/06\/borek.jpg","width":960,"height":578},{"@type":"BreadcrumbList","@id":"https:\/\/uni.uhk.cz\/archeologie\/?page_id=19802&lang=en#breadcrumb","itemListElement":[{"@type":"ListItem","position":1,"name":"Dom\u016f","item":"https:\/\/uni.uhk.cz\/archeologie\/"},{"@type":"ListItem","position":2,"name":"ABOUT THE DEPARTMENT OF ARCHAEOLOGY AT THE FF UHK"}]},{"@type":"WebSite","@id":"https:\/\/uni.uhk.cz\/archeologie\/#website","url":"https:\/\/uni.uhk.cz\/archeologie\/","name":"Katedra archeologie FF UHK","description":"","potentialAction":[{"@type":"SearchAction","target":{"@type":"EntryPoint","urlTemplate":"https:\/\/uni.uhk.cz\/archeologie\/?s={search_term_string}"},"query-input":{"@type":"PropertyValueSpecification","valueRequired":true,"valueName":"search_term_string"}}],"inLanguage":"cs"}]}},"jetpack_sharing_enabled":true,"_links":{"self":[{"href":"https:\/\/uni.uhk.cz\/archeologie\/index.php?rest_route=\/wp\/v2\/pages\/19802","targetHints":{"allow":["GET"]}}],"collection":[{"href":"https:\/\/uni.uhk.cz\/archeologie\/index.php?rest_route=\/wp\/v2\/pages"}],"about":[{"href":"https:\/\/uni.uhk.cz\/archeologie\/index.php?rest_route=\/wp\/v2\/types\/page"}],"author":[{"embeddable":true,"href":"https:\/\/uni.uhk.cz\/archeologie\/index.php?rest_route=\/wp\/v2\/users\/3"}],"replies":[{"embeddable":true,"href":"https:\/\/uni.uhk.cz\/archeologie\/index.php?rest_route=%2Fwp%2Fv2%2Fcomments&post=19802"}],"version-history":[{"count":5,"href":"https:\/\/uni.uhk.cz\/archeologie\/index.php?rest_route=\/wp\/v2\/pages\/19802\/revisions"}],"predecessor-version":[{"id":22273,"href":"https:\/\/uni.uhk.cz\/archeologie\/index.php?rest_route=\/wp\/v2\/pages\/19802\/revisions\/22273"}],"wp:featuredmedia":[{"embeddable":true,"href":"https:\/\/uni.uhk.cz\/archeologie\/index.php?rest_route=\/wp\/v2\/media\/20307"}],"wp:attachment":[{"href":"https:\/\/uni.uhk.cz\/archeologie\/index.php?rest_route=%2Fwp%2Fv2%2Fmedia&parent=19802"}],"curies":[{"name":"wp","href":"https:\/\/api.w.org\/{rel}","templated":true}]}}