{"id":19752,"date":"2018-05-09T10:59:18","date_gmt":"2018-05-09T08:59:18","guid":{"rendered":"https:\/\/uni.uhk.cz\/archeologie\/?page_id=19752"},"modified":"2019-08-28T16:22:53","modified_gmt":"2019-08-28T14:22:53","slug":"prezentace-archeologie","status":"publish","type":"page","link":"https:\/\/uni.uhk.cz\/archeologie\/?page_id=19752&lang=en","title":{"rendered":"PRESENTATION OF ARCHAEOLOGY"},"content":{"rendered":"<section class=\"padding-two-tb\"><div class=\"container\"><div class=\"row\"><div class=\"wpb_column hcode-column-container  col-xs-mobile-fullwidth\" data-front-class=\"col-xs-mobile-fullwidth front-column-class\"><div class=\"vc-column-innner-wrapper\"><p>The presentation of archaeology is one of the long-term activities pursued by the Department of Archaeology at the FF UHK. A number of presentation activities which were implemented by R. Tich\u00fd, were crowned by the foundation of the <a href=\"http:\/\/archeoparkvsestary.cz\/\">Archaeopark of Prehistory in V\u0161estary<\/a>, which now serves as the main venue for addressing the public and sharing our ideas about life in prehistory. The axis of the presentational and educational activities at the archaeopark are educational programmes for primary and secondary school students and the regularly held Days of Living Archaeology aiming at the broad public.<\/p>\n<p>Apart from the archaeopark, our strong points also include the presentation of La T\u00e8ne material culture (see the attached photo gallery). We own a large collection of copies of various La T\u00e8ne finds which cover the full spectrum of activities and needs of life in that period. We use them not only in education, but also for various public presentations.<\/p>\n<p>Instruction in presentation and relationships between archaeology and the public, both at the theoretical and practical level, is an integral part of education of archaeology students.<\/p>\n<style>#jtg-14862 .item { background-color:#000000; }#jtg-14862 .item:hover img { opacity: 0.5; }#jtg-14862 .item .jtg-social a { color: #ffffff }#jtg-14862 .item .caption { background-color: #ffffff;  }#jtg-14862 .item .figc { color: #ffffff;}#jtg-14862 .item .figc .description {font-size: 14px; }#jtg-14862 .item .figc h2.jtg-title {  font-size: 16px; color: #ffffff; }#jtg-14862 .item { transform: scale(1) translate(0px,0px) rotate(0deg); }#jtg-14862 .items { width:100%; height:800px; }#jtg-14862 .items .figc p.description { color:#ffffff; }<\/style><input type='hidden' id='filterClick' value='F'><a name='14'> <\/a><div class='modula' id='jtg-14862'><div class='items'><div class=\"item notitle  effect-crafty\"><a data-sub-html='' title=''  rel='jtg-14862'  class='tile-inner modula-lightbox' href='https:\/\/uni.uhk.cz\/archeologie\/wp-content\/uploads\/2018\/05\/44.jpg'><\/a><img data-valign='middle' alt='' data-halign='center' class='pic' data-class='pic' src='https:\/\/uni.uhk.cz\/archeologie\/wp-content\/uploads\/2018\/05\/44-500x500.jpg'  \/><div class=\"figc\"><div class=\"figc-inner\"><\/div><\/div><\/div><div class=\"item notitle  effect-crafty\"><a data-sub-html='' title=''  rel='jtg-14862'  class='tile-inner modula-lightbox' href='https:\/\/uni.uhk.cz\/archeologie\/wp-content\/uploads\/2018\/05\/10672100_10202293259847864_4333146869679638205_n.jpg'><\/a><img data-valign='middle' alt='' data-halign='center' class='pic' data-class='pic' src='https:\/\/uni.uhk.cz\/archeologie\/wp-content\/uploads\/2018\/05\/10672100_10202293259847864_4333146869679638205_n-500x500.jpg'  \/><div class=\"figc\"><div class=\"figc-inner\"><\/div><\/div><\/div><div class=\"item notitle  effect-crafty\"><a data-sub-html='' title=''  rel='jtg-14862'  class='tile-inner modula-lightbox' href='https:\/\/uni.uhk.cz\/archeologie\/wp-content\/uploads\/2018\/05\/11027446_10153612268899873_1310811903770635608_n.jpg'><\/a><img data-valign='middle' alt='' data-halign='center' class='pic' data-class='pic' src='https:\/\/uni.uhk.cz\/archeologie\/wp-content\/uploads\/2018\/05\/11027446_10153612268899873_1310811903770635608_n-500x500.jpg'  \/><div class=\"figc\"><div class=\"figc-inner\"><\/div><\/div><\/div><div class=\"item notitle  effect-crafty\"><a data-sub-html='' title=''  rel='jtg-14862'  class='tile-inner modula-lightbox' href='https:\/\/uni.uhk.cz\/archeologie\/wp-content\/uploads\/2018\/05\/11794077_10203652350424279_6947798417235063109_o.jpg'><\/a><img data-valign='middle' alt='' data-halign='center' class='pic' data-class='pic' src='https:\/\/uni.uhk.cz\/archeologie\/wp-content\/uploads\/2018\/05\/11794077_10203652350424279_6947798417235063109_o-500x500.jpg'  \/><div class=\"figc\"><div class=\"figc-inner\"><\/div><\/div><\/div><div class=\"item notitle  effect-crafty\"><a data-sub-html='' title=''  rel='jtg-14862'  class='tile-inner modula-lightbox' href='https:\/\/uni.uhk.cz\/archeologie\/wp-content\/uploads\/2018\/05\/13908915_10154621191799873_4807176709816036866_o.jpg'><\/a><img data-valign='middle' alt='' data-halign='center' class='pic' data-class='pic' src='https:\/\/uni.uhk.cz\/archeologie\/wp-content\/uploads\/2018\/05\/13908915_10154621191799873_4807176709816036866_o-500x500.jpg'  \/><div class=\"figc\"><div class=\"figc-inner\"><\/div><\/div><\/div><div class=\"item notitle  effect-crafty\"><a data-sub-html='' title=''  rel='jtg-14862'  class='tile-inner modula-lightbox' href='https:\/\/uni.uhk.cz\/archeologie\/wp-content\/uploads\/2018\/05\/14468482_10206051028869741_5010652852218531236_o.jpg'><\/a><img data-valign='middle' alt='' data-halign='center' class='pic' data-class='pic' src='https:\/\/uni.uhk.cz\/archeologie\/wp-content\/uploads\/2018\/05\/14468482_10206051028869741_5010652852218531236_o-500x500.jpg'  \/><div class=\"figc\"><div class=\"figc-inner\"><\/div><\/div><\/div><div class=\"item notitle  effect-crafty\"><a data-sub-html='' title=''  rel='jtg-14862'  class='tile-inner modula-lightbox' href='https:\/\/uni.uhk.cz\/archeologie\/wp-content\/uploads\/2018\/05\/17457618_10155324924399873_50941592555776093_n.jpg'><\/a><img data-valign='middle' alt='' data-halign='center' class='pic' data-class='pic' src='https:\/\/uni.uhk.cz\/archeologie\/wp-content\/uploads\/2018\/05\/17457618_10155324924399873_50941592555776093_n-500x500.jpg'  \/><div class=\"figc\"><div class=\"figc-inner\"><\/div><\/div><\/div><div class=\"item notitle  effect-crafty\"><a data-sub-html='' title=''  rel='jtg-14862'  class='tile-inner modula-lightbox' href='https:\/\/uni.uhk.cz\/archeologie\/wp-content\/uploads\/2018\/05\/DSC_1379.jpg'><\/a><img data-valign='middle' alt='' data-halign='center' class='pic' data-class='pic' src='https:\/\/uni.uhk.cz\/archeologie\/wp-content\/uploads\/2018\/05\/DSC_1379-500x500.jpg'  \/><div class=\"figc\"><div class=\"figc-inner\"><\/div><\/div><\/div><div class=\"item notitle  effect-crafty\"><a data-sub-html='' title=''  rel='jtg-14862'  class='tile-inner modula-lightbox' href='https:\/\/uni.uhk.cz\/archeologie\/wp-content\/uploads\/2018\/05\/DSC_5959.jpg'><\/a><img data-valign='middle' alt='' data-halign='center' class='pic' data-class='pic' src='https:\/\/uni.uhk.cz\/archeologie\/wp-content\/uploads\/2018\/05\/DSC_5959-500x500.jpg'  \/><div class=\"figc\"><div class=\"figc-inner\"><\/div><\/div><\/div><div class=\"item notitle  effect-crafty\"><a data-sub-html='' title=''  rel='jtg-14862'  class='tile-inner modula-lightbox' href='https:\/\/uni.uhk.cz\/archeologie\/wp-content\/uploads\/2018\/05\/DSC_5964.jpg'><\/a><img data-valign='middle' alt='' data-halign='center' class='pic' data-class='pic' src='https:\/\/uni.uhk.cz\/archeologie\/wp-content\/uploads\/2018\/05\/DSC_5964-500x500.jpg'  \/><div class=\"figc\"><div class=\"figc-inner\"><\/div><\/div><\/div><div class=\"item notitle  effect-crafty\"><a data-sub-html='' title=''  rel='jtg-14862'  class='tile-inner modula-lightbox' href='https:\/\/uni.uhk.cz\/archeologie\/wp-content\/uploads\/2018\/05\/DSC_5989-e1526651823380-scaled.jpg'><\/a><img data-valign='middle' alt='' data-halign='center' class='pic' data-class='pic' src='https:\/\/uni.uhk.cz\/archeologie\/wp-content\/uploads\/2018\/05\/DSC_5989-500x500.jpg'  \/><div class=\"figc\"><div class=\"figc-inner\"><\/div><\/div><\/div><div class=\"item notitle  effect-crafty\"><a data-sub-html='' title=''  rel='jtg-14862'  class='tile-inner modula-lightbox' href='https:\/\/uni.uhk.cz\/archeologie\/wp-content\/uploads\/2018\/05\/DSC_6441.jpg'><\/a><img data-valign='middle' alt='' data-halign='center' class='pic' data-class='pic' src='https:\/\/uni.uhk.cz\/archeologie\/wp-content\/uploads\/2018\/05\/DSC_6441-500x500.jpg'  \/><div class=\"figc\"><div class=\"figc-inner\"><\/div><\/div><\/div><div class=\"item notitle  effect-crafty\"><a data-sub-html='' title=''  rel='jtg-14862'  class='tile-inner modula-lightbox' href='https:\/\/uni.uhk.cz\/archeologie\/wp-content\/uploads\/2018\/05\/Obr3.jpg'><\/a><img data-valign='middle' alt='' data-halign='center' class='pic' data-class='pic' src='https:\/\/uni.uhk.cz\/archeologie\/wp-content\/uploads\/2018\/05\/Obr3-500x500.jpg'  \/><div class=\"figc\"><div class=\"figc-inner\"><\/div><\/div><\/div><div class=\"item notitle  effect-crafty\"><a data-sub-html='' title=''  rel='jtg-14862'  class='tile-inner modula-lightbox' href='https:\/\/uni.uhk.cz\/archeologie\/wp-content\/uploads\/2018\/05\/Obr4.jpg'><\/a><img data-valign='middle' alt='' data-halign='center' class='pic' data-class='pic' src='https:\/\/uni.uhk.cz\/archeologie\/wp-content\/uploads\/2018\/05\/Obr4-500x500.jpg'  \/><div class=\"figc\"><div class=\"figc-inner\"><\/div><\/div><\/div><div class=\"item notitle  effect-crafty\"><a data-sub-html='' title=''  rel='jtg-14862'  class='tile-inner modula-lightbox' href='https:\/\/uni.uhk.cz\/archeologie\/wp-content\/uploads\/2018\/05\/Zamek1.jpg'><\/a><img data-valign='middle' alt='' data-halign='center' class='pic' data-class='pic' src='https:\/\/uni.uhk.cz\/archeologie\/wp-content\/uploads\/2018\/05\/Zamek1-500x500.jpg'  \/><div class=\"figc\"><div class=\"figc-inner\"><\/div><\/div><\/div><\/div><\/div><script type='text\/javascript'>jQuery('#jtg-14862').modulaGallery({margin: 10,enableTwitter: false,enableFacebook: false,enablePinterest: false,enableGplus: false,randomFactor: 0.5,});jQuery(function () {jQuery('#jtg-14862 .tile a.modula-lightbox').swipebox({});});<\/script>\n<\/div><\/div><\/div><\/div><\/section>","protected":false},"excerpt":{"rendered":"<p>The presentation of archaeology is one of the long-term activities pursued by the Department of Archaeology at the FF UHK. A number of presentation activities which were implemented by R. Tich\u00fd, were crowned by the foundation of the Archaeopark of Prehistory in V\u0161estary, which now serves as the main venue for addressing the public and [&hellip;]<\/p>\n","protected":false},"author":3,"featured_media":0,"parent":0,"menu_order":0,"comment_status":"closed","ping_status":"closed","template":"","meta":{"_exactmetrics_skip_tracking":false,"_exactmetrics_sitenote_active":false,"_exactmetrics_sitenote_note":"","_exactmetrics_sitenote_category":0,"footnotes":""},"class_list":["post-19752","page","type-page","status-publish","hentry"],"yoast_head":"<!-- This site is optimized with the Yoast SEO plugin v27.2 - https:\/\/yoast.com\/product\/yoast-seo-wordpress\/ -->\n<title>PRESENTATION OF ARCHAEOLOGY - Katedra archeologie<\/title>\n<meta name=\"robots\" content=\"index, follow, max-snippet:-1, max-image-preview:large, max-video-preview:-1\" \/>\n<link rel=\"canonical\" href=\"https:\/\/uni.uhk.cz\/archeologie\/?page_id=19752&lang=en\" \/>\n<meta property=\"og:locale\" content=\"cs_CZ\" \/>\n<meta property=\"og:type\" content=\"article\" \/>\n<meta property=\"og:title\" content=\"PRESENTATION OF ARCHAEOLOGY - Katedra archeologie\" \/>\n<meta property=\"og:description\" content=\"The presentation of archaeology is one of the long-term activities pursued by the Department of Archaeology at the FF UHK. A number of presentation activities which were implemented by R. Tich\u00fd, were crowned by the foundation of the Archaeopark of Prehistory in V\u0161estary, which now serves as the main venue for addressing the public and [&hellip;]\" \/>\n<meta property=\"og:url\" content=\"https:\/\/uni.uhk.cz\/archeologie\/?page_id=19752&amp;lang=en\" \/>\n<meta property=\"og:site_name\" content=\"Katedra archeologie\" \/>\n<meta property=\"article:modified_time\" content=\"2019-08-28T14:22:53+00:00\" \/>\n<meta name=\"twitter:card\" content=\"summary_large_image\" \/>\n<meta name=\"twitter:label1\" content=\"Odhadovan\u00e1 doba \u010dten\u00ed\" \/>\n\t<meta name=\"twitter:data1\" content=\"1 minuta\" \/>\n<script type=\"application\/ld+json\" class=\"yoast-schema-graph\">{\"@context\":\"https:\/\/schema.org\",\"@graph\":[{\"@type\":\"WebPage\",\"@id\":\"https:\/\/uni.uhk.cz\/archeologie\/?page_id=19752&lang=en\",\"url\":\"https:\/\/uni.uhk.cz\/archeologie\/?page_id=19752&lang=en\",\"name\":\"PRESENTATION OF ARCHAEOLOGY - Katedra archeologie\",\"isPartOf\":{\"@id\":\"https:\/\/uni.uhk.cz\/archeologie\/#website\"},\"datePublished\":\"2018-05-09T08:59:18+00:00\",\"dateModified\":\"2019-08-28T14:22:53+00:00\",\"breadcrumb\":{\"@id\":\"https:\/\/uni.uhk.cz\/archeologie\/?page_id=19752&lang=en#breadcrumb\"},\"inLanguage\":\"cs\",\"potentialAction\":[{\"@type\":\"ReadAction\",\"target\":[\"https:\/\/uni.uhk.cz\/archeologie\/?page_id=19752&lang=en\"]}]},{\"@type\":\"BreadcrumbList\",\"@id\":\"https:\/\/uni.uhk.cz\/archeologie\/?page_id=19752&lang=en#breadcrumb\",\"itemListElement\":[{\"@type\":\"ListItem\",\"position\":1,\"name\":\"Dom\u016f\",\"item\":\"https:\/\/uni.uhk.cz\/archeologie\/\"},{\"@type\":\"ListItem\",\"position\":2,\"name\":\"PRESENTATION OF ARCHAEOLOGY\"}]},{\"@type\":\"WebSite\",\"@id\":\"https:\/\/uni.uhk.cz\/archeologie\/#website\",\"url\":\"https:\/\/uni.uhk.cz\/archeologie\/\",\"name\":\"Katedra archeologie FF UHK\",\"description\":\"\",\"potentialAction\":[{\"@type\":\"SearchAction\",\"target\":{\"@type\":\"EntryPoint\",\"urlTemplate\":\"https:\/\/uni.uhk.cz\/archeologie\/?s={search_term_string}\"},\"query-input\":{\"@type\":\"PropertyValueSpecification\",\"valueRequired\":true,\"valueName\":\"search_term_string\"}}],\"inLanguage\":\"cs\"}]}<\/script>\n<!-- \/ Yoast SEO plugin. -->","yoast_head_json":{"title":"PRESENTATION OF ARCHAEOLOGY - Katedra archeologie","robots":{"index":"index","follow":"follow","max-snippet":"max-snippet:-1","max-image-preview":"max-image-preview:large","max-video-preview":"max-video-preview:-1"},"canonical":"https:\/\/uni.uhk.cz\/archeologie\/?page_id=19752&lang=en","og_locale":"cs_CZ","og_type":"article","og_title":"PRESENTATION OF ARCHAEOLOGY - Katedra archeologie","og_description":"The presentation of archaeology is one of the long-term activities pursued by the Department of Archaeology at the FF UHK. A number of presentation activities which were implemented by R. Tich\u00fd, were crowned by the foundation of the Archaeopark of Prehistory in V\u0161estary, which now serves as the main venue for addressing the public and [&hellip;]","og_url":"https:\/\/uni.uhk.cz\/archeologie\/?page_id=19752&lang=en","og_site_name":"Katedra archeologie","article_modified_time":"2019-08-28T14:22:53+00:00","twitter_card":"summary_large_image","twitter_misc":{"Odhadovan\u00e1 doba \u010dten\u00ed":"1 minuta"},"schema":{"@context":"https:\/\/schema.org","@graph":[{"@type":"WebPage","@id":"https:\/\/uni.uhk.cz\/archeologie\/?page_id=19752&lang=en","url":"https:\/\/uni.uhk.cz\/archeologie\/?page_id=19752&lang=en","name":"PRESENTATION OF ARCHAEOLOGY - Katedra archeologie","isPartOf":{"@id":"https:\/\/uni.uhk.cz\/archeologie\/#website"},"datePublished":"2018-05-09T08:59:18+00:00","dateModified":"2019-08-28T14:22:53+00:00","breadcrumb":{"@id":"https:\/\/uni.uhk.cz\/archeologie\/?page_id=19752&lang=en#breadcrumb"},"inLanguage":"cs","potentialAction":[{"@type":"ReadAction","target":["https:\/\/uni.uhk.cz\/archeologie\/?page_id=19752&lang=en"]}]},{"@type":"BreadcrumbList","@id":"https:\/\/uni.uhk.cz\/archeologie\/?page_id=19752&lang=en#breadcrumb","itemListElement":[{"@type":"ListItem","position":1,"name":"Dom\u016f","item":"https:\/\/uni.uhk.cz\/archeologie\/"},{"@type":"ListItem","position":2,"name":"PRESENTATION OF ARCHAEOLOGY"}]},{"@type":"WebSite","@id":"https:\/\/uni.uhk.cz\/archeologie\/#website","url":"https:\/\/uni.uhk.cz\/archeologie\/","name":"Katedra archeologie FF UHK","description":"","potentialAction":[{"@type":"SearchAction","target":{"@type":"EntryPoint","urlTemplate":"https:\/\/uni.uhk.cz\/archeologie\/?s={search_term_string}"},"query-input":{"@type":"PropertyValueSpecification","valueRequired":true,"valueName":"search_term_string"}}],"inLanguage":"cs"}]}},"jetpack_sharing_enabled":true,"_links":{"self":[{"href":"https:\/\/uni.uhk.cz\/archeologie\/index.php?rest_route=\/wp\/v2\/pages\/19752","targetHints":{"allow":["GET"]}}],"collection":[{"href":"https:\/\/uni.uhk.cz\/archeologie\/index.php?rest_route=\/wp\/v2\/pages"}],"about":[{"href":"https:\/\/uni.uhk.cz\/archeologie\/index.php?rest_route=\/wp\/v2\/types\/page"}],"author":[{"embeddable":true,"href":"https:\/\/uni.uhk.cz\/archeologie\/index.php?rest_route=\/wp\/v2\/users\/3"}],"replies":[{"embeddable":true,"href":"https:\/\/uni.uhk.cz\/archeologie\/index.php?rest_route=%2Fwp%2Fv2%2Fcomments&post=19752"}],"version-history":[{"count":5,"href":"https:\/\/uni.uhk.cz\/archeologie\/index.php?rest_route=\/wp\/v2\/pages\/19752\/revisions"}],"predecessor-version":[{"id":22276,"href":"https:\/\/uni.uhk.cz\/archeologie\/index.php?rest_route=\/wp\/v2\/pages\/19752\/revisions\/22276"}],"wp:attachment":[{"href":"https:\/\/uni.uhk.cz\/archeologie\/index.php?rest_route=%2Fwp%2Fv2%2Fmedia&parent=19752"}],"curies":[{"name":"wp","href":"https:\/\/api.w.org\/{rel}","templated":true}]}}