{"id":19748,"date":"2018-05-09T10:38:53","date_gmt":"2018-05-09T08:38:53","guid":{"rendered":"https:\/\/uni.uhk.cz\/archeologie\/?page_id=19748"},"modified":"2019-08-28T16:05:14","modified_gmt":"2019-08-28T14:05:14","slug":"studium","status":"publish","type":"page","link":"https:\/\/uni.uhk.cz\/archeologie\/?page_id=19748","title":{"rendered":"Studium"},"content":{"rendered":"<section class=\"padding-two-tb\"><div class=\"container\"><div class=\"row\"><div class=\"wpb_column hcode-column-container  col-xs-mobile-fullwidth\" data-front-class=\"col-xs-mobile-fullwidth front-column-class\"><div class=\"vc-column-innner-wrapper\"><div class=\"padding-two-tb\"><blockquote><p>Katedra archeologie je stabiln\u00ed sou\u010d\u00e1st\u00ed struktury akademick\u00fdch pracovi\u0161\u0165\u00a0 Filozofick\u00e9 fakulty UHK od doby jej\u00edho vzniku. Zaji\u0161\u0165uje v\u00fduku v akreditovan\u00fdch studijn\u00edch programech archeologie na bakal\u00e1\u0159sk\u00e9m, magistersk\u00e9m a doktorsk\u00e9m stupni vysoko\u0161kolsk\u00e9ho studia.<\/p><\/blockquote>\n<\/div><\/div><\/div><div class=\"wpb_column hcode-column-container no-padding  col-xs-mobile-fullwidth\" data-front-class=\"no-padding col-xs-mobile-fullwidth front-column-class\"><div class=\"vc-column-innner-wrapper\"><div class=\"tab-style4\"><div class=\"row\"><div class=\"tabs-left col-md-12 col-sm-12\"><ul class=\"nav nav-tabs nav-tabs-light\"><li  class=\"active\"><a href=\"#hcode-1778772955-831947086-0\" data-toggle=\"tab\" class=\"\">Bakal\u00e1\u0159sk\u00fd<\/a><\/li><li ><a href=\"#hcode-1778772955-831947086-1\" data-toggle=\"tab\" class=\"\">Magistersk\u00fd<\/a><\/li><li ><a href=\"#hcode-1778772955-831947086-2\" data-toggle=\"tab\" class=\"\">Doktorsk\u00fd<\/a><\/li><\/ul><div class=\"tab-content position-relative overflow-hidden\"><div class=\"tab-pane fade in active\" id=\"hcode-1778772955-831947086-0\"><p>C\u00edlem studia je umo\u017enit student\u016fm po absolvov\u00e1n\u00ed bakal\u00e1\u0159sk\u00e9 \u00farovn\u011b kvalifikovanou volbu dal\u0161\u00ed orientace studijn\u00ed nebo praktick\u00e9. Studium reflektuje sou\u010dasn\u00e9 podm\u00ednky a mo\u017enosti archeologick\u00e9 pr\u00e1ce po\u010d\u00ednaje archeologickou prospekc\u00ed a exkavac\u00ed a kon\u010de prezentac\u00ed archeologick\u00e9ho d\u011bdictv\u00ed ve\u0159ejnosti a zohled\u0148uje spole\u010densk\u00fd kontext p\u016fsoben\u00ed archeologa. Archeolog se v sou\u010dasnosti dost\u00e1v\u00e1 \u010dasto v praxi ter\u00e9nn\u00edch v\u00fdzkum\u016f vyvolan\u00fdch stavebn\u00ed \u010dinnost\u00ed do situace, kdy mus\u00ed rychle vyhodnotit dostupn\u00e9 \u00fadaje tak, aby zvolil metodicky adekv\u00e1tn\u00ed postup k z\u00e1chran\u011b archeologick\u00fdch pam\u00e1tek. Proto je navrhovan\u00fd studijn\u00ed program zac\u00edlen k z\u00edsk\u00e1n\u00ed znalost\u00ed a dovednost\u00ed umo\u017e\u0148uj\u00edc\u00edch navrhnout a realizovat adekv\u00e1tn\u00ed strategii v\u00fdzkumu p\u0159i dan\u00fdch pr\u00e1vn\u00edch a finan\u010dn\u00edch mo\u017enostech. D\u016fraz je kladen t\u00e9\u017e na zpracov\u00e1n\u00ed v\u00fdsledk\u016f v\u00fdzkumu a jej\u00edch sd\u00edlen\u00ed s\u00a0odbornou i laickou ve\u0159ejnost\u00ed, kter\u00e9 zavr\u0161uje archeologovu pr\u00e1ci. Z toho je patrn\u00e9, \u017ee absolvent nen\u00ed jen odborn\u00edkem \u0161kolen\u00fdm k pr\u00e1ci v ter\u00e9nu, ale mus\u00ed zn\u00e1t i faktografii k posouzen\u00ed vyskytuj\u00edc\u00edch se archeologick\u00fdch pramen\u016f.<\/p>\n<a  href=\"https:\/\/uni.uhk.cz\/archeologie\/?page_id=19077\" target=\"_self\"  class=\"inner-link button btn highlight-button-dark btn-very-small\">V\u00edce o bakal\u00e1\u0159sk\u00e9m studijn\u00edm programu<\/a><\/div><div class=\"tab-pane fade\" id=\"hcode-1778772955-831947086-1\"><p>Magistersk\u00fd studijn\u00ed obor Archeologie je dvoulet\u00fdm navazuj\u00edc\u00edm studiem, kter\u00e9 je ur\u010deno z\u00e1jemc\u016fm s ukon\u010den\u00fdm bakal\u00e1\u0159sk\u00fdm studiem studijn\u00edho oboru Archeologie, \u010di p\u0159\u00edbuzn\u00fdch historick\u00fdch obor\u016f.\u00a0Absolventi magistersk\u00e9ho oboru Archeologie jsou \u0161koleni jako odborn\u00edci pro archeologickou pr\u00e1ci v ter\u00e9nu a jej\u00ed organizaci. Seznamuj\u00ed se s faktografi\u00ed\u00a0 pot\u0159ebnou pro posouzen\u00ed vyskytuj\u00edc\u00edch se archeologick\u00fdch pramen\u016f a m\u00edry jejich transformace. U\u010d\u00ed se volit adekv\u00e1tn\u00ed strategii archeologick\u00e9ho v\u00fdzkumu a organizovat jeho pr\u016fb\u011bh. Jsou vedeni k pozn\u00e1n\u00ed konkr\u00e9tn\u00edch archeologick\u00fdch doklad\u016f v \u0161ir\u0161\u00edch souvislostech d\u011bjinn\u00fdch proces\u016f. V\u00fduka pramenn\u00e9 z\u00e1kladny je oproti bakal\u00e1\u0159sk\u00e9mu stupni roz\u0161\u00ed\u0159ena na kontext Evropy. Nezanedbatelnou roli hraje t\u00e9\u017e v\u00fduka princip\u016f kritick\u00e9ho posuzov\u00e1n\u00ed a interpretace hmotn\u00fdch pramen\u016f vedouc\u00ed k\u00a0pozn\u00e1n\u00ed povahy a v\u00fdvoje minul\u00fdch spole\u010dnost\u00ed, op\u0159en\u00e1 o \u0161ir\u0161\u00ed oborov\u00e9 souvislosti inspirovan\u00e9 kulturn\u00ed a soci\u00e1ln\u00ed antropologi\u00ed, etnografi\u00ed, archeologick\u00fdm experimentem a histori\u00ed. Absolvent magistersk\u00e9ho studijn\u00edho oboru m\u016f\u017ee spravovat muzejn\u00ed sb\u00edrky a v\u00e9st ter\u00e9nn\u00ed archeologick\u00fd v\u00fdzkum a badatelsky pracovat v r\u016fzn\u00fdch archeologick\u00fdch instituc\u00edch.<\/p>\n<a  href=\"https:\/\/uni.uhk.cz\/archeologie\/?page_id=19079\" target=\"_self\"  class=\"inner-link button btn highlight-button-dark btn-very-small\">V\u00edce o magistersk\u00e9m studijn\u00edm programu<\/a><\/div><div class=\"tab-pane fade\" id=\"hcode-1778772955-831947086-2\"><p>C\u00edlem doktorsk\u00e9ho studia v programu Archeologie je p\u0159ipravit vysoce kvalifikovan\u00e9 znalce st\u0159edoevropsk\u00e9 archeologie, kte\u0159\u00ed budou schopni samostatn\u011b \u0159e\u0161it\u00a0v\u011bdeck\u00e9, metodologick\u00e9 a praktick\u00e9 probl\u00e9my archeologick\u00e9 pr\u00e1ce. Doktorsk\u00fd program se sna\u017e\u00ed p\u0159isp\u011bt ke zlep\u0161en\u00ed kvalifika\u010dn\u00ed struktury pracovn\u00edch t\u00fdm\u016f vysoko\u0161kolsk\u00fdch pracovi\u0161\u0165 a instituc\u00ed a z\u00e1rove\u0148\u00a0poskytuje zku\u0161en\u00fdm a kvalifikovan\u00fdm archeolog\u016fm z praxe mo\u017enost dal\u0161\u00edho odborn\u00e9ho r\u016fstu.<\/p>\n<a  href=\"https:\/\/uni.uhk.cz\/archeologie\/?page_id=19081\" target=\"_self\"  class=\"inner-link button btn highlight-button-dark btn-very-small\">V\u00edce o doktorsk\u00e9m studijn\u00edm programu<\/a><\/div><\/div><\/div><\/div><\/div><\/div><\/div><div class=\"wpb_column hcode-column-container no-padding no-margin vc_col-sm-12 col-xs-mobile-fullwidth\" data-front-class=\"no-padding no-margin col-xs-mobile-fullwidth\"><div class=\"vc-column-innner-wrapper\"><\/div><\/div><\/div><\/div><\/section>","protected":false},"excerpt":{"rendered":"<p>Katedra archeologie je stabiln\u00ed sou\u010d\u00e1st\u00ed struktury akademick\u00fdch pracovi\u0161\u0165\u00a0 Filozofick\u00e9 fakulty UHK od doby jej\u00edho vzniku. Zaji\u0161\u0165uje v\u00fduku v akreditovan\u00fdch studijn\u00edch programech archeologie na bakal\u00e1\u0159sk\u00e9m, magistersk\u00e9m a doktorsk\u00e9m stupni vysoko\u0161kolsk\u00e9ho studia. Bakal\u00e1\u0159sk\u00fdMagistersk\u00fdDoktorsk\u00fdC\u00edlem studia je umo\u017enit student\u016fm po absolvov\u00e1n\u00ed bakal\u00e1\u0159sk\u00e9 \u00farovn\u011b kvalifikovanou volbu dal\u0161\u00ed orientace studijn\u00ed nebo praktick\u00e9. Studium reflektuje sou\u010dasn\u00e9 podm\u00ednky a mo\u017enosti archeologick\u00e9 pr\u00e1ce po\u010d\u00ednaje [&hellip;]<\/p>\n","protected":false},"author":3,"featured_media":0,"parent":0,"menu_order":0,"comment_status":"closed","ping_status":"closed","template":"","meta":{"_exactmetrics_skip_tracking":false,"_exactmetrics_sitenote_active":false,"_exactmetrics_sitenote_note":"","_exactmetrics_sitenote_category":0,"footnotes":""},"class_list":["post-19748","page","type-page","status-publish","hentry"],"yoast_head":"<!-- This site is optimized with the Yoast SEO plugin v27.5 - https:\/\/yoast.com\/product\/yoast-seo-wordpress\/ -->\n<title>Studium - Katedra archeologie<\/title>\n<meta name=\"robots\" content=\"index, follow, max-snippet:-1, max-image-preview:large, max-video-preview:-1\" \/>\n<link rel=\"canonical\" href=\"https:\/\/uni.uhk.cz\/archeologie\/?page_id=19748\" \/>\n<meta property=\"og:locale\" content=\"cs_CZ\" \/>\n<meta property=\"og:type\" content=\"article\" \/>\n<meta property=\"og:title\" content=\"Studium - Katedra archeologie\" \/>\n<meta property=\"og:description\" content=\"Katedra archeologie je stabiln\u00ed sou\u010d\u00e1st\u00ed struktury akademick\u00fdch pracovi\u0161\u0165\u00a0 Filozofick\u00e9 fakulty UHK od doby jej\u00edho vzniku. Zaji\u0161\u0165uje v\u00fduku v akreditovan\u00fdch studijn\u00edch programech archeologie na bakal\u00e1\u0159sk\u00e9m, magistersk\u00e9m a doktorsk\u00e9m stupni vysoko\u0161kolsk\u00e9ho studia. Bakal\u00e1\u0159sk\u00fdMagistersk\u00fdDoktorsk\u00fdC\u00edlem studia je umo\u017enit student\u016fm po absolvov\u00e1n\u00ed bakal\u00e1\u0159sk\u00e9 \u00farovn\u011b kvalifikovanou volbu dal\u0161\u00ed orientace studijn\u00ed nebo praktick\u00e9. Studium reflektuje sou\u010dasn\u00e9 podm\u00ednky a mo\u017enosti archeologick\u00e9 pr\u00e1ce po\u010d\u00ednaje [&hellip;]\" \/>\n<meta property=\"og:url\" content=\"https:\/\/uni.uhk.cz\/archeologie\/?page_id=19748\" \/>\n<meta property=\"og:site_name\" content=\"Katedra archeologie\" \/>\n<meta property=\"article:modified_time\" content=\"2019-08-28T14:05:14+00:00\" \/>\n<meta name=\"twitter:card\" content=\"summary_large_image\" \/>\n<meta name=\"twitter:label1\" content=\"Odhadovan\u00e1 doba \u010dten\u00ed\" \/>\n\t<meta name=\"twitter:data1\" content=\"4 minuty\" \/>\n<script type=\"application\/ld+json\" class=\"yoast-schema-graph\">{\"@context\":\"https:\\\/\\\/schema.org\",\"@graph\":[{\"@type\":\"WebPage\",\"@id\":\"https:\\\/\\\/uni.uhk.cz\\\/archeologie\\\/?page_id=19748\",\"url\":\"https:\\\/\\\/uni.uhk.cz\\\/archeologie\\\/?page_id=19748\",\"name\":\"Studium - Katedra archeologie\",\"isPartOf\":{\"@id\":\"https:\\\/\\\/uni.uhk.cz\\\/archeologie\\\/#website\"},\"datePublished\":\"2018-05-09T08:38:53+00:00\",\"dateModified\":\"2019-08-28T14:05:14+00:00\",\"breadcrumb\":{\"@id\":\"https:\\\/\\\/uni.uhk.cz\\\/archeologie\\\/?page_id=19748#breadcrumb\"},\"inLanguage\":\"cs\",\"potentialAction\":[{\"@type\":\"ReadAction\",\"target\":[\"https:\\\/\\\/uni.uhk.cz\\\/archeologie\\\/?page_id=19748\"]}]},{\"@type\":\"BreadcrumbList\",\"@id\":\"https:\\\/\\\/uni.uhk.cz\\\/archeologie\\\/?page_id=19748#breadcrumb\",\"itemListElement\":[{\"@type\":\"ListItem\",\"position\":1,\"name\":\"Dom\u016f\",\"item\":\"https:\\\/\\\/uni.uhk.cz\\\/archeologie\\\/\"},{\"@type\":\"ListItem\",\"position\":2,\"name\":\"Studium\"}]},{\"@type\":\"WebSite\",\"@id\":\"https:\\\/\\\/uni.uhk.cz\\\/archeologie\\\/#website\",\"url\":\"https:\\\/\\\/uni.uhk.cz\\\/archeologie\\\/\",\"name\":\"Katedra archeologie FF UHK\",\"description\":\"\",\"potentialAction\":[{\"@type\":\"SearchAction\",\"target\":{\"@type\":\"EntryPoint\",\"urlTemplate\":\"https:\\\/\\\/uni.uhk.cz\\\/archeologie\\\/?s={search_term_string}\"},\"query-input\":{\"@type\":\"PropertyValueSpecification\",\"valueRequired\":true,\"valueName\":\"search_term_string\"}}],\"inLanguage\":\"cs\"}]}<\/script>\n<!-- \/ Yoast SEO plugin. -->","yoast_head_json":{"title":"Studium - Katedra archeologie","robots":{"index":"index","follow":"follow","max-snippet":"max-snippet:-1","max-image-preview":"max-image-preview:large","max-video-preview":"max-video-preview:-1"},"canonical":"https:\/\/uni.uhk.cz\/archeologie\/?page_id=19748","og_locale":"cs_CZ","og_type":"article","og_title":"Studium - Katedra archeologie","og_description":"Katedra archeologie je stabiln\u00ed sou\u010d\u00e1st\u00ed struktury akademick\u00fdch pracovi\u0161\u0165\u00a0 Filozofick\u00e9 fakulty UHK od doby jej\u00edho vzniku. Zaji\u0161\u0165uje v\u00fduku v akreditovan\u00fdch studijn\u00edch programech archeologie na bakal\u00e1\u0159sk\u00e9m, magistersk\u00e9m a doktorsk\u00e9m stupni vysoko\u0161kolsk\u00e9ho studia. Bakal\u00e1\u0159sk\u00fdMagistersk\u00fdDoktorsk\u00fdC\u00edlem studia je umo\u017enit student\u016fm po absolvov\u00e1n\u00ed bakal\u00e1\u0159sk\u00e9 \u00farovn\u011b kvalifikovanou volbu dal\u0161\u00ed orientace studijn\u00ed nebo praktick\u00e9. Studium reflektuje sou\u010dasn\u00e9 podm\u00ednky a mo\u017enosti archeologick\u00e9 pr\u00e1ce po\u010d\u00ednaje [&hellip;]","og_url":"https:\/\/uni.uhk.cz\/archeologie\/?page_id=19748","og_site_name":"Katedra archeologie","article_modified_time":"2019-08-28T14:05:14+00:00","twitter_card":"summary_large_image","twitter_misc":{"Odhadovan\u00e1 doba \u010dten\u00ed":"4 minuty"},"schema":{"@context":"https:\/\/schema.org","@graph":[{"@type":"WebPage","@id":"https:\/\/uni.uhk.cz\/archeologie\/?page_id=19748","url":"https:\/\/uni.uhk.cz\/archeologie\/?page_id=19748","name":"Studium - Katedra archeologie","isPartOf":{"@id":"https:\/\/uni.uhk.cz\/archeologie\/#website"},"datePublished":"2018-05-09T08:38:53+00:00","dateModified":"2019-08-28T14:05:14+00:00","breadcrumb":{"@id":"https:\/\/uni.uhk.cz\/archeologie\/?page_id=19748#breadcrumb"},"inLanguage":"cs","potentialAction":[{"@type":"ReadAction","target":["https:\/\/uni.uhk.cz\/archeologie\/?page_id=19748"]}]},{"@type":"BreadcrumbList","@id":"https:\/\/uni.uhk.cz\/archeologie\/?page_id=19748#breadcrumb","itemListElement":[{"@type":"ListItem","position":1,"name":"Dom\u016f","item":"https:\/\/uni.uhk.cz\/archeologie\/"},{"@type":"ListItem","position":2,"name":"Studium"}]},{"@type":"WebSite","@id":"https:\/\/uni.uhk.cz\/archeologie\/#website","url":"https:\/\/uni.uhk.cz\/archeologie\/","name":"Katedra archeologie FF UHK","description":"","potentialAction":[{"@type":"SearchAction","target":{"@type":"EntryPoint","urlTemplate":"https:\/\/uni.uhk.cz\/archeologie\/?s={search_term_string}"},"query-input":{"@type":"PropertyValueSpecification","valueRequired":true,"valueName":"search_term_string"}}],"inLanguage":"cs"}]}},"jetpack_sharing_enabled":true,"_links":{"self":[{"href":"https:\/\/uni.uhk.cz\/archeologie\/index.php?rest_route=\/wp\/v2\/pages\/19748","targetHints":{"allow":["GET"]}}],"collection":[{"href":"https:\/\/uni.uhk.cz\/archeologie\/index.php?rest_route=\/wp\/v2\/pages"}],"about":[{"href":"https:\/\/uni.uhk.cz\/archeologie\/index.php?rest_route=\/wp\/v2\/types\/page"}],"author":[{"embeddable":true,"href":"https:\/\/uni.uhk.cz\/archeologie\/index.php?rest_route=\/wp\/v2\/users\/3"}],"replies":[{"embeddable":true,"href":"https:\/\/uni.uhk.cz\/archeologie\/index.php?rest_route=%2Fwp%2Fv2%2Fcomments&post=19748"}],"version-history":[{"count":5,"href":"https:\/\/uni.uhk.cz\/archeologie\/index.php?rest_route=\/wp\/v2\/pages\/19748\/revisions"}],"predecessor-version":[{"id":20266,"href":"https:\/\/uni.uhk.cz\/archeologie\/index.php?rest_route=\/wp\/v2\/pages\/19748\/revisions\/20266"}],"wp:attachment":[{"href":"https:\/\/uni.uhk.cz\/archeologie\/index.php?rest_route=%2Fwp%2Fv2%2Fmedia&parent=19748"}],"curies":[{"name":"wp","href":"https:\/\/api.w.org\/{rel}","templated":true}]}}