{"id":19151,"date":"2018-04-19T14:29:12","date_gmt":"2018-04-19T12:29:12","guid":{"rendered":"https:\/\/uni.uhk.cz\/archeologie\/?page_id=19151"},"modified":"2021-01-26T12:44:56","modified_gmt":"2021-01-26T10:44:56","slug":"monografie-a-sborniky","status":"publish","type":"page","link":"https:\/\/uni.uhk.cz\/archeologie\/?page_id=19151","title":{"rendered":"Monografie a sborn\u00edky"},"content":{"rendered":"<section><div class=\"container\"><div class=\"row\"><div class=\"wpb_column hcode-column-container vc_col-sm-12 col-xs-mobile-fullwidth\" data-front-class=\"col-xs-mobile-fullwidth\"><div class=\"vc-column-innner-wrapper\"><div class=\"blog-3col product-3\"><div class=\"post-30114 post type-post status-publish format-standard has-post-thumbnail hentry category-monografie-a-sborniky\"><div class=\"col-md-4 col-sm-6 col-xs-12 blog-listing \" ><div class=\"blog-post\"><div class=\"blog-image\"><a href=\"https:\/\/uni.uhk.cz\/archeologie\/?p=30114\"><img loading=\"lazy\" decoding=\"async\" width=\"633\" height=\"900\" src=\"https:\/\/uni.uhk.cz\/archeologie\/wp-content\/uploads\/2023\/09\/aoc-iii1-kopie.png\" class=\"attachment-full size-full wp-post-image\" alt=\"\" srcset=\"https:\/\/uni.uhk.cz\/archeologie\/wp-content\/uploads\/2023\/09\/aoc-iii1-kopie.png 633w, https:\/\/uni.uhk.cz\/archeologie\/wp-content\/uploads\/2023\/09\/aoc-iii1-kopie-211x300.png 211w, https:\/\/uni.uhk.cz\/archeologie\/wp-content\/uploads\/2023\/09\/aoc-iii1-kopie-81x115.png 81w, https:\/\/uni.uhk.cz\/archeologie\/wp-content\/uploads\/2023\/09\/aoc-iii1-kopie-600x853.png 600w\" sizes=\"auto, (max-width: 633px) 100vw, 633px\" \/><\/a><\/div><div class=\"blog-details hcode-blog-1\"><div class=\"blog-title entry-title\"><a href=\"https:\/\/uni.uhk.cz\/archeologie\/?p=30114\">Archaeology of Conflicts III<\/a><\/div><\/div><\/div><\/div><\/div><div class=\"post-31045 post type-post status-publish format-standard has-post-thumbnail hentry category-monografie-a-sborniky\"><div class=\"col-md-4 col-sm-6 col-xs-12 blog-listing \" ><div class=\"blog-post\"><div class=\"blog-image\"><a href=\"https:\/\/uni.uhk.cz\/archeologie\/?p=31045\"><img loading=\"lazy\" decoding=\"async\" width=\"630\" height=\"900\" src=\"https:\/\/uni.uhk.cz\/archeologie\/wp-content\/uploads\/2019\/02\/archeo-of-conflicts1.png\" class=\"attachment-full size-full wp-post-image\" alt=\"\" srcset=\"https:\/\/uni.uhk.cz\/archeologie\/wp-content\/uploads\/2019\/02\/archeo-of-conflicts1.png 630w, https:\/\/uni.uhk.cz\/archeologie\/wp-content\/uploads\/2019\/02\/archeo-of-conflicts1-210x300.png 210w, https:\/\/uni.uhk.cz\/archeologie\/wp-content\/uploads\/2019\/02\/archeo-of-conflicts1-81x116.png 81w, https:\/\/uni.uhk.cz\/archeologie\/wp-content\/uploads\/2019\/02\/archeo-of-conflicts1-600x857.png 600w\" sizes=\"auto, (max-width: 630px) 100vw, 630px\" \/><\/a><\/div><div class=\"blog-details hcode-blog-1\"><div class=\"blog-title entry-title\"><a href=\"https:\/\/uni.uhk.cz\/archeologie\/?p=31045\">Archaeology of Conflicts II<\/a><\/div><\/div><\/div><\/div><\/div><div class=\"post-20660 post type-post status-publish format-standard has-post-thumbnail hentry category-monografie-a-sborniky\"><div class=\"col-md-4 col-sm-6 col-xs-12 blog-listing \" ><div class=\"blog-post\"><div class=\"blog-image\"><a href=\"https:\/\/uni.uhk.cz\/archeologie\/?p=20660\"><img loading=\"lazy\" decoding=\"async\" width=\"596\" height=\"900\" src=\"https:\/\/uni.uhk.cz\/archeologie\/wp-content\/uploads\/2019\/02\/holas1.png\" class=\"attachment-full size-full wp-post-image\" alt=\"\" srcset=\"https:\/\/uni.uhk.cz\/archeologie\/wp-content\/uploads\/2019\/02\/holas1.png 596w, https:\/\/uni.uhk.cz\/archeologie\/wp-content\/uploads\/2019\/02\/holas1-199x300.png 199w, https:\/\/uni.uhk.cz\/archeologie\/wp-content\/uploads\/2019\/02\/holas1-81x122.png 81w\" sizes=\"auto, (max-width: 596px) 100vw, 596px\" \/><\/a><\/div><div class=\"blog-details hcode-blog-1\"><div class=\"blog-title entry-title\"><a href=\"https:\/\/uni.uhk.cz\/archeologie\/?p=20660\">Sv\u011bdectv\u00ed v\u00e1le\u010dn\u00e9 krajiny. V\u00fdsledky interdisciplin\u00e1rn\u00edho v\u00fdzkumu v\u00fdchodo\u010desk\u00fdch boji\u0161\u0165 z prusko-rakousk\u00e9 v\u00e1lky roku 1866<\/a><\/div><\/div><\/div><\/div><\/div><div class=\"post-30112 post type-post status-publish format-standard has-post-thumbnail hentry category-monografie-a-sborniky\"><div class=\"col-md-4 col-sm-6 col-xs-12 blog-listing \" ><div class=\"blog-post\"><div class=\"blog-image\"><a href=\"https:\/\/uni.uhk.cz\/archeologie\/?p=30112\"><img loading=\"lazy\" decoding=\"async\" width=\"611\" height=\"900\" src=\"https:\/\/uni.uhk.cz\/archeologie\/wp-content\/uploads\/2019\/02\/archeo-of-conflicts.png\" class=\"attachment-full size-full wp-post-image\" alt=\"\" srcset=\"https:\/\/uni.uhk.cz\/archeologie\/wp-content\/uploads\/2019\/02\/archeo-of-conflicts.png 611w, https:\/\/uni.uhk.cz\/archeologie\/wp-content\/uploads\/2019\/02\/archeo-of-conflicts-204x300.png 204w, https:\/\/uni.uhk.cz\/archeologie\/wp-content\/uploads\/2019\/02\/archeo-of-conflicts-81x119.png 81w, https:\/\/uni.uhk.cz\/archeologie\/wp-content\/uploads\/2019\/02\/archeo-of-conflicts-600x884.png 600w\" sizes=\"auto, (max-width: 611px) 100vw, 611px\" \/><\/a><\/div><div class=\"blog-details hcode-blog-1\"><div class=\"blog-title entry-title\"><a href=\"https:\/\/uni.uhk.cz\/archeologie\/?p=30112\">Archaeology of Conflicts I<\/a><\/div><\/div><\/div><\/div><\/div><div class=\"post-30106 post type-post status-publish format-standard has-post-thumbnail hentry category-monografie-a-sborniky\"><div class=\"col-md-4 col-sm-6 col-xs-12 blog-listing \" ><div class=\"blog-post\"><div class=\"blog-image\"><a href=\"https:\/\/uni.uhk.cz\/archeologie\/?p=30106\"><img loading=\"lazy\" decoding=\"async\" width=\"1718\" height=\"2560\" src=\"https:\/\/uni.uhk.cz\/archeologie\/wp-content\/uploads\/2019\/02\/vyr_199_Archeologie-Holas-scaled.jpg\" class=\"attachment-full size-full wp-post-image\" alt=\"\" srcset=\"https:\/\/uni.uhk.cz\/archeologie\/wp-content\/uploads\/2019\/02\/vyr_199_Archeologie-Holas-scaled.jpg 1718w, https:\/\/uni.uhk.cz\/archeologie\/wp-content\/uploads\/2019\/02\/vyr_199_Archeologie-Holas-600x894.jpg 600w, https:\/\/uni.uhk.cz\/archeologie\/wp-content\/uploads\/2019\/02\/vyr_199_Archeologie-Holas-201x300.jpg 201w, https:\/\/uni.uhk.cz\/archeologie\/wp-content\/uploads\/2019\/02\/vyr_199_Archeologie-Holas-768x1144.jpg 768w, https:\/\/uni.uhk.cz\/archeologie\/wp-content\/uploads\/2019\/02\/vyr_199_Archeologie-Holas-687x1024.jpg 687w, https:\/\/uni.uhk.cz\/archeologie\/wp-content\/uploads\/2019\/02\/vyr_199_Archeologie-Holas-81x121.jpg 81w\" sizes=\"auto, (max-width: 1718px) 100vw, 1718px\" \/><\/a><\/div><div class=\"blog-details hcode-blog-1\"><div class=\"blog-title entry-title\"><a href=\"https:\/\/uni.uhk.cz\/archeologie\/?p=30106\">Archeologie prusko-rakousk\u00e9 v\u00e1lky z roku 1866<\/a><\/div><\/div><\/div><\/div><\/div><div class=\"post-22895 post type-post status-publish format-standard has-post-thumbnail hentry category-monografie-a-sborniky\"><div class=\"col-md-4 col-sm-6 col-xs-12 blog-listing \" ><div class=\"blog-post\"><div class=\"blog-image\"><a href=\"https:\/\/uni.uhk.cz\/archeologie\/?p=22895\"><img loading=\"lazy\" decoding=\"async\" width=\"1140\" height=\"1679\" src=\"https:\/\/uni.uhk.cz\/archeologie\/wp-content\/uploads\/2019\/02\/Pavel_ASUHK3.jpg\" class=\"attachment-full size-full wp-post-image\" alt=\"\" srcset=\"https:\/\/uni.uhk.cz\/archeologie\/wp-content\/uploads\/2019\/02\/Pavel_ASUHK3.jpg 1140w, https:\/\/uni.uhk.cz\/archeologie\/wp-content\/uploads\/2019\/02\/Pavel_ASUHK3-600x884.jpg 600w, https:\/\/uni.uhk.cz\/archeologie\/wp-content\/uploads\/2019\/02\/Pavel_ASUHK3-204x300.jpg 204w, https:\/\/uni.uhk.cz\/archeologie\/wp-content\/uploads\/2019\/02\/Pavel_ASUHK3-768x1131.jpg 768w, https:\/\/uni.uhk.cz\/archeologie\/wp-content\/uploads\/2019\/02\/Pavel_ASUHK3-695x1024.jpg 695w, https:\/\/uni.uhk.cz\/archeologie\/wp-content\/uploads\/2019\/02\/Pavel_ASUHK3-81x119.jpg 81w\" sizes=\"auto, (max-width: 1140px) 100vw, 1140px\" \/><\/a><\/div><div class=\"blog-details hcode-blog-1\"><div class=\"blog-title entry-title\"><a href=\"https:\/\/uni.uhk.cz\/archeologie\/?p=22895\">Hmotn\u00e1 kultura \u0161lechtick\u00fdch s\u00eddel severov\u00fdchodn\u00edch \u010cech: Ka\u017edodennost ve st\u0159edov\u011bku pohledem archeologie<\/a><\/div><\/div><\/div><\/div><\/div><div class=\"post-20540 post type-post status-publish format-standard has-post-thumbnail hentry category-monografie-a-sborniky category-richard-ther category-tomas-mangel\"><div class=\"col-md-4 col-sm-6 col-xs-12 blog-listing \" ><div class=\"blog-post\"><div class=\"blog-image\"><a href=\"https:\/\/uni.uhk.cz\/archeologie\/?p=20540\"><img loading=\"lazy\" decoding=\"async\" width=\"1637\" height=\"2349\" src=\"https:\/\/uni.uhk.cz\/archeologie\/wp-content\/uploads\/2018\/11\/Obalka-final-kod.jpg\" class=\"attachment-full size-full wp-post-image\" alt=\"\" srcset=\"https:\/\/uni.uhk.cz\/archeologie\/wp-content\/uploads\/2018\/11\/Obalka-final-kod.jpg 1637w, https:\/\/uni.uhk.cz\/archeologie\/wp-content\/uploads\/2018\/11\/Obalka-final-kod-600x861.jpg 600w, https:\/\/uni.uhk.cz\/archeologie\/wp-content\/uploads\/2018\/11\/Obalka-final-kod-209x300.jpg 209w, https:\/\/uni.uhk.cz\/archeologie\/wp-content\/uploads\/2018\/11\/Obalka-final-kod-768x1102.jpg 768w, https:\/\/uni.uhk.cz\/archeologie\/wp-content\/uploads\/2018\/11\/Obalka-final-kod-714x1024.jpg 714w, https:\/\/uni.uhk.cz\/archeologie\/wp-content\/uploads\/2018\/11\/Obalka-final-kod-81x116.jpg 81w\" sizes=\"auto, (max-width: 1637px) 100vw, 1637px\" \/><\/a><\/div><div class=\"blog-details hcode-blog-1\"><div class=\"blog-title entry-title\"><a href=\"https:\/\/uni.uhk.cz\/archeologie\/?p=20540\">Lat\u00e9nsk\u00e9 hrn\u010d\u00ed\u0159sk\u00e9 pece ve st\u0159edn\u00ed Evrop\u011b<\/a><\/div><\/div><\/div><\/div><\/div><div class=\"post-19450 post type-post status-publish format-standard has-post-thumbnail hentry category-monografie-a-sborniky category-richard-ther category-tomas-mangel\"><div class=\"col-md-4 col-sm-6 col-xs-12 blog-listing \" ><div class=\"blog-post\"><div class=\"blog-image\"><a href=\"https:\/\/uni.uhk.cz\/archeologie\/?p=19450\"><img loading=\"lazy\" decoding=\"async\" width=\"705\" height=\"1046\" src=\"https:\/\/uni.uhk.cz\/archeologie\/wp-content\/uploads\/2018\/04\/\u017divot-hrn\u010d\u00ed\u0159e-za\u010d\u00edn\u00e1-v-LT-A.png\" class=\"attachment-full size-full wp-post-image\" alt=\"\" srcset=\"https:\/\/uni.uhk.cz\/archeologie\/wp-content\/uploads\/2018\/04\/\u017divot-hrn\u010d\u00ed\u0159e-za\u010d\u00edn\u00e1-v-LT-A.png 705w, https:\/\/uni.uhk.cz\/archeologie\/wp-content\/uploads\/2018\/04\/\u017divot-hrn\u010d\u00ed\u0159e-za\u010d\u00edn\u00e1-v-LT-A-600x890.png 600w, https:\/\/uni.uhk.cz\/archeologie\/wp-content\/uploads\/2018\/04\/\u017divot-hrn\u010d\u00ed\u0159e-za\u010d\u00edn\u00e1-v-LT-A-202x300.png 202w, https:\/\/uni.uhk.cz\/archeologie\/wp-content\/uploads\/2018\/04\/\u017divot-hrn\u010d\u00ed\u0159e-za\u010d\u00edn\u00e1-v-LT-A-690x1024.png 690w, https:\/\/uni.uhk.cz\/archeologie\/wp-content\/uploads\/2018\/04\/\u017divot-hrn\u010d\u00ed\u0159e-za\u010d\u00edn\u00e1-v-LT-A-81x120.png 81w\" sizes=\"auto, (max-width: 705px) 100vw, 705px\" \/><\/a><\/div><div class=\"blog-details hcode-blog-1\"><div class=\"blog-title entry-title\"><a href=\"https:\/\/uni.uhk.cz\/archeologie\/?p=19450\">\u017divot hrn\u010d\u00ed\u0159e za\u010d\u00edn\u00e1 v LT A &#8230;<\/a><\/div><\/div><\/div><\/div><\/div><div class=\"post-19445 post type-post status-publish format-standard has-post-thumbnail hentry category-eduard-droberjar category-monografie-a-sborniky category-novinky-z-katedry-archeologie-ff-uhk\"><div class=\"col-md-4 col-sm-6 col-xs-12 blog-listing \" ><div class=\"blog-post\"><div class=\"blog-image\"><a href=\"https:\/\/uni.uhk.cz\/archeologie\/?p=19445\"><img loading=\"lazy\" decoding=\"async\" width=\"844\" height=\"1193\" src=\"https:\/\/uni.uhk.cz\/archeologie\/wp-content\/uploads\/2018\/04\/Spony_ob\u00e1lka.png\" class=\"attachment-full size-full wp-post-image\" alt=\"\" srcset=\"https:\/\/uni.uhk.cz\/archeologie\/wp-content\/uploads\/2018\/04\/Spony_ob\u00e1lka.png 844w, https:\/\/uni.uhk.cz\/archeologie\/wp-content\/uploads\/2018\/04\/Spony_ob\u00e1lka-600x848.png 600w, https:\/\/uni.uhk.cz\/archeologie\/wp-content\/uploads\/2018\/04\/Spony_ob\u00e1lka-212x300.png 212w, https:\/\/uni.uhk.cz\/archeologie\/wp-content\/uploads\/2018\/04\/Spony_ob\u00e1lka-768x1086.png 768w, https:\/\/uni.uhk.cz\/archeologie\/wp-content\/uploads\/2018\/04\/Spony_ob\u00e1lka-724x1024.png 724w, https:\/\/uni.uhk.cz\/archeologie\/wp-content\/uploads\/2018\/04\/Spony_ob\u00e1lka-81x114.png 81w\" sizes=\"auto, (max-width: 844px) 100vw, 844px\" \/><\/a><\/div><div class=\"blog-details hcode-blog-1\"><div class=\"blog-title entry-title\"><a href=\"https:\/\/uni.uhk.cz\/archeologie\/?p=19445\">\u0158\u00edmsk\u00e9 a germ\u00e1nsk\u00e9 spony ve st\u0159edn\u00ed Evrop\u011b (Archeologie barbar\u016f 2012)<\/a><\/div><\/div><\/div><\/div><\/div><div class=\"post-20480 post type-post status-publish format-standard has-post-thumbnail hentry category-monografie-a-sborniky\"><div class=\"col-md-4 col-sm-6 col-xs-12 blog-listing \" ><div class=\"blog-post\"><div class=\"blog-image\"><a href=\"https:\/\/uni.uhk.cz\/archeologie\/?p=20480\"><img loading=\"lazy\" decoding=\"async\" width=\"1798\" height=\"2560\" src=\"https:\/\/uni.uhk.cz\/archeologie\/wp-content\/uploads\/2018\/09\/interregional-contacts-scaled.jpg\" class=\"attachment-full size-full wp-post-image\" alt=\"\" srcset=\"https:\/\/uni.uhk.cz\/archeologie\/wp-content\/uploads\/2018\/09\/interregional-contacts-scaled.jpg 1798w, https:\/\/uni.uhk.cz\/archeologie\/wp-content\/uploads\/2018\/09\/interregional-contacts-600x854.jpg 600w, https:\/\/uni.uhk.cz\/archeologie\/wp-content\/uploads\/2018\/09\/interregional-contacts-211x300.jpg 211w, https:\/\/uni.uhk.cz\/archeologie\/wp-content\/uploads\/2018\/09\/interregional-contacts-768x1093.jpg 768w, https:\/\/uni.uhk.cz\/archeologie\/wp-content\/uploads\/2018\/09\/interregional-contacts-719x1024.jpg 719w, https:\/\/uni.uhk.cz\/archeologie\/wp-content\/uploads\/2018\/09\/interregional-contacts-81x115.jpg 81w\" sizes=\"auto, (max-width: 1798px) 100vw, 1798px\" \/><\/a><\/div><div class=\"blog-details hcode-blog-1\"><div class=\"blog-title entry-title\"><a href=\"https:\/\/uni.uhk.cz\/archeologie\/?p=20480\">Inter-regional contacts during the first millenium BC in Europe<\/a><\/div><\/div><\/div><\/div><\/div><div class=\"pagination pull-left\"><span aria-label=\"Str\u00e1nka 1\" aria-current=\"page\" class=\"page-numbers current\">1<\/span>\n<a aria-label=\"Str\u00e1nka 2\" class=\"page-numbers\" href=\"https:\/\/uni.uhk.cz\/archeologie\/index.php?rest_route=%2Fwp%2Fv2%2Fpages%2F19151&#038;paged=2\">2<\/a>\n<a class=\"next page-numbers\" href=\"https:\/\/uni.uhk.cz\/archeologie\/index.php?rest_route=%2Fwp%2Fv2%2Fpages%2F19151&#038;paged=2\"><img loading=\"lazy\" decoding=\"async\" alt=\"Next\" src=\"https:\/\/uni.uhk.cz\/archeologie\/wp-content\/plugins\/hcode-addons\/hcode-shortcodes\/images\/arrow-next-small.png\" width=\"20\" height=\"13\"><\/a><\/div><\/div><\/div><\/div><\/div><\/div><\/section>","protected":false},"excerpt":{"rendered":"<p>Edito\u0159i:\u00a0Martin Trefn\u00fd &#8211; Benjamin Jennings Rok vyd\u00e1n\u00ed: 2017 Vydavatel: Filozofick\u00e1 fakulta, Univerzita Hradec Kr\u00e1lov\u00e9 ISBN: 978-80-7435-682-7 Publikace &#8222;Inter-regional contacts during the first millenium BC in Europe&#8220; obsahuje vybran\u00e9 p\u0159\u00edsp\u011bvky, p\u0159ednesen\u00e9 jako refer\u00e1ty ve stejnojmenn\u00e9 sekci na konferenci European Association of Archaeologists v Plzni v z\u00e1\u0159\u00ed 2013. P\u0159\u00edsp\u011bvky se net\u00fdkaj\u00ed pouze tradi\u010dn\u011b \u0159e\u0161en\u00fdch sch\u00e9mat ve smyslu [&hellip;]<\/p>\n","protected":false},"author":2,"featured_media":0,"parent":0,"menu_order":0,"comment_status":"closed","ping_status":"closed","template":"","meta":{"_exactmetrics_skip_tracking":false,"_exactmetrics_sitenote_active":false,"_exactmetrics_sitenote_note":"","_exactmetrics_sitenote_category":0,"footnotes":""},"class_list":["post-19151","page","type-page","status-publish","hentry"],"yoast_head":"<!-- This site is optimized with the Yoast SEO plugin v27.5 - https:\/\/yoast.com\/product\/yoast-seo-wordpress\/ -->\n<title>Monografie a sborn\u00edky - Katedra archeologie<\/title>\n<meta name=\"robots\" content=\"index, follow, max-snippet:-1, max-image-preview:large, max-video-preview:-1\" \/>\n<link rel=\"canonical\" href=\"https:\/\/uni.uhk.cz\/archeologie\/?page_id=19151\" \/>\n<meta property=\"og:locale\" content=\"cs_CZ\" \/>\n<meta property=\"og:type\" content=\"article\" \/>\n<meta property=\"og:title\" content=\"Monografie a sborn\u00edky - Katedra archeologie\" \/>\n<meta property=\"og:description\" content=\"Edito\u0159i:\u00a0Martin Trefn\u00fd - Benjamin Jennings Rok vyd\u00e1n\u00ed: 2017 Vydavatel: Filozofick\u00e1 fakulta, Univerzita Hradec Kr\u00e1lov\u00e9 ISBN: 978-80-7435-682-7 Publikace &quot;Inter-regional contacts during the first millenium BC in Europe&quot; obsahuje vybran\u00e9 p\u0159\u00edsp\u011bvky, p\u0159ednesen\u00e9 jako refer\u00e1ty ve stejnojmenn\u00e9 sekci na konferenci European Association of Archaeologists v Plzni v z\u00e1\u0159\u00ed 2013. P\u0159\u00edsp\u011bvky se net\u00fdkaj\u00ed pouze tradi\u010dn\u011b \u0159e\u0161en\u00fdch sch\u00e9mat ve smyslu [&hellip;]\" \/>\n<meta property=\"og:url\" content=\"https:\/\/uni.uhk.cz\/archeologie\/?page_id=19151\" \/>\n<meta property=\"og:site_name\" content=\"Katedra archeologie\" \/>\n<meta property=\"article:modified_time\" content=\"2021-01-26T10:44:56+00:00\" \/>\n<meta name=\"twitter:card\" content=\"summary_large_image\" \/>\n<meta name=\"twitter:label1\" content=\"Odhadovan\u00e1 doba \u010dten\u00ed\" \/>\n\t<meta name=\"twitter:data1\" content=\"1 minuta\" \/>\n<script type=\"application\/ld+json\" class=\"yoast-schema-graph\">{\"@context\":\"https:\\\/\\\/schema.org\",\"@graph\":[{\"@type\":\"WebPage\",\"@id\":\"https:\\\/\\\/uni.uhk.cz\\\/archeologie\\\/?page_id=19151\",\"url\":\"https:\\\/\\\/uni.uhk.cz\\\/archeologie\\\/?page_id=19151\",\"name\":\"Monografie a sborn\u00edky - Katedra archeologie\",\"isPartOf\":{\"@id\":\"https:\\\/\\\/uni.uhk.cz\\\/archeologie\\\/#website\"},\"datePublished\":\"2018-04-19T12:29:12+00:00\",\"dateModified\":\"2021-01-26T10:44:56+00:00\",\"breadcrumb\":{\"@id\":\"https:\\\/\\\/uni.uhk.cz\\\/archeologie\\\/?page_id=19151#breadcrumb\"},\"inLanguage\":\"cs\",\"potentialAction\":[{\"@type\":\"ReadAction\",\"target\":[\"https:\\\/\\\/uni.uhk.cz\\\/archeologie\\\/?page_id=19151\"]}]},{\"@type\":\"BreadcrumbList\",\"@id\":\"https:\\\/\\\/uni.uhk.cz\\\/archeologie\\\/?page_id=19151#breadcrumb\",\"itemListElement\":[{\"@type\":\"ListItem\",\"position\":1,\"name\":\"Dom\u016f\",\"item\":\"https:\\\/\\\/uni.uhk.cz\\\/archeologie\\\/\"},{\"@type\":\"ListItem\",\"position\":2,\"name\":\"Monografie a sborn\u00edky\"}]},{\"@type\":\"WebSite\",\"@id\":\"https:\\\/\\\/uni.uhk.cz\\\/archeologie\\\/#website\",\"url\":\"https:\\\/\\\/uni.uhk.cz\\\/archeologie\\\/\",\"name\":\"Katedra archeologie FF UHK\",\"description\":\"\",\"potentialAction\":[{\"@type\":\"SearchAction\",\"target\":{\"@type\":\"EntryPoint\",\"urlTemplate\":\"https:\\\/\\\/uni.uhk.cz\\\/archeologie\\\/?s={search_term_string}\"},\"query-input\":{\"@type\":\"PropertyValueSpecification\",\"valueRequired\":true,\"valueName\":\"search_term_string\"}}],\"inLanguage\":\"cs\"}]}<\/script>\n<!-- \/ Yoast SEO plugin. -->","yoast_head_json":{"title":"Monografie a sborn\u00edky - Katedra archeologie","robots":{"index":"index","follow":"follow","max-snippet":"max-snippet:-1","max-image-preview":"max-image-preview:large","max-video-preview":"max-video-preview:-1"},"canonical":"https:\/\/uni.uhk.cz\/archeologie\/?page_id=19151","og_locale":"cs_CZ","og_type":"article","og_title":"Monografie a sborn\u00edky - Katedra archeologie","og_description":"Edito\u0159i:\u00a0Martin Trefn\u00fd - Benjamin Jennings Rok vyd\u00e1n\u00ed: 2017 Vydavatel: Filozofick\u00e1 fakulta, Univerzita Hradec Kr\u00e1lov\u00e9 ISBN: 978-80-7435-682-7 Publikace \"Inter-regional contacts during the first millenium BC in Europe\" obsahuje vybran\u00e9 p\u0159\u00edsp\u011bvky, p\u0159ednesen\u00e9 jako refer\u00e1ty ve stejnojmenn\u00e9 sekci na konferenci European Association of Archaeologists v Plzni v z\u00e1\u0159\u00ed 2013. P\u0159\u00edsp\u011bvky se net\u00fdkaj\u00ed pouze tradi\u010dn\u011b \u0159e\u0161en\u00fdch sch\u00e9mat ve smyslu [&hellip;]","og_url":"https:\/\/uni.uhk.cz\/archeologie\/?page_id=19151","og_site_name":"Katedra archeologie","article_modified_time":"2021-01-26T10:44:56+00:00","twitter_card":"summary_large_image","twitter_misc":{"Odhadovan\u00e1 doba \u010dten\u00ed":"1 minuta"},"schema":{"@context":"https:\/\/schema.org","@graph":[{"@type":"WebPage","@id":"https:\/\/uni.uhk.cz\/archeologie\/?page_id=19151","url":"https:\/\/uni.uhk.cz\/archeologie\/?page_id=19151","name":"Monografie a sborn\u00edky - Katedra archeologie","isPartOf":{"@id":"https:\/\/uni.uhk.cz\/archeologie\/#website"},"datePublished":"2018-04-19T12:29:12+00:00","dateModified":"2021-01-26T10:44:56+00:00","breadcrumb":{"@id":"https:\/\/uni.uhk.cz\/archeologie\/?page_id=19151#breadcrumb"},"inLanguage":"cs","potentialAction":[{"@type":"ReadAction","target":["https:\/\/uni.uhk.cz\/archeologie\/?page_id=19151"]}]},{"@type":"BreadcrumbList","@id":"https:\/\/uni.uhk.cz\/archeologie\/?page_id=19151#breadcrumb","itemListElement":[{"@type":"ListItem","position":1,"name":"Dom\u016f","item":"https:\/\/uni.uhk.cz\/archeologie\/"},{"@type":"ListItem","position":2,"name":"Monografie a sborn\u00edky"}]},{"@type":"WebSite","@id":"https:\/\/uni.uhk.cz\/archeologie\/#website","url":"https:\/\/uni.uhk.cz\/archeologie\/","name":"Katedra archeologie FF UHK","description":"","potentialAction":[{"@type":"SearchAction","target":{"@type":"EntryPoint","urlTemplate":"https:\/\/uni.uhk.cz\/archeologie\/?s={search_term_string}"},"query-input":{"@type":"PropertyValueSpecification","valueRequired":true,"valueName":"search_term_string"}}],"inLanguage":"cs"}]}},"jetpack_sharing_enabled":true,"_links":{"self":[{"href":"https:\/\/uni.uhk.cz\/archeologie\/index.php?rest_route=\/wp\/v2\/pages\/19151","targetHints":{"allow":["GET"]}}],"collection":[{"href":"https:\/\/uni.uhk.cz\/archeologie\/index.php?rest_route=\/wp\/v2\/pages"}],"about":[{"href":"https:\/\/uni.uhk.cz\/archeologie\/index.php?rest_route=\/wp\/v2\/types\/page"}],"author":[{"embeddable":true,"href":"https:\/\/uni.uhk.cz\/archeologie\/index.php?rest_route=\/wp\/v2\/users\/2"}],"replies":[{"embeddable":true,"href":"https:\/\/uni.uhk.cz\/archeologie\/index.php?rest_route=%2Fwp%2Fv2%2Fcomments&post=19151"}],"version-history":[{"count":3,"href":"https:\/\/uni.uhk.cz\/archeologie\/index.php?rest_route=\/wp\/v2\/pages\/19151\/revisions"}],"predecessor-version":[{"id":27821,"href":"https:\/\/uni.uhk.cz\/archeologie\/index.php?rest_route=\/wp\/v2\/pages\/19151\/revisions\/27821"}],"wp:attachment":[{"href":"https:\/\/uni.uhk.cz\/archeologie\/index.php?rest_route=%2Fwp%2Fv2%2Fmedia&parent=19151"}],"curies":[{"name":"wp","href":"https:\/\/api.w.org\/{rel}","templated":true}]}}