{"id":19148,"date":"2018-04-19T14:28:36","date_gmt":"2018-04-19T12:28:36","guid":{"rendered":"https:\/\/uni.uhk.cz\/archeologie\/?page_id=19148"},"modified":"2018-06-20T09:45:20","modified_gmt":"2018-06-20T07:45:20","slug":"vyzkumna-pracoviste","status":"publish","type":"page","link":"https:\/\/uni.uhk.cz\/archeologie\/?page_id=19148","title":{"rendered":"Archeologick\u00e9 laborato\u0159e"},"content":{"rendered":"<section class=\"padding-two-tb\"><div class=\"container\"><div class=\"row\"><div class=\"wpb_column hcode-column-container vc_col-sm-12 col-xs-mobile-fullwidth\" data-front-class=\"col-xs-mobile-fullwidth\"><div class=\"vc-column-innner-wrapper\"><blockquote><p>Rozv\u00edj\u00edme spektrum laboratorn\u00edch archeologick\u00fdch pracovi\u0161\u0165, kter\u00e9 n\u00e1m umo\u017e\u0148uj\u00ed integrovat praktickou v\u00fduku v\u0161ech f\u00e1z\u00ed archeologick\u00e9 pr\u00e1ce. Mezi st\u00e1vaj\u00edc\u00ed pracovi\u0161t\u011b pat\u0159\u00ed:<\/p><\/blockquote>\n<hr \/>\n<p><span style=\"color: #8cc800;\"><strong>Laborato\u0159 optick\u00e9 mikroskopie a instrument\u00e1ln\u00ed anal\u00fdzy<\/strong><\/span><\/p>\n<p>Laborato\u0159 je vybavena stereoskopick\u00fdm mikroskopem, petrografick\u00fdm polariza\u010dn\u00edm mikroskopem, p\u0159\u00edru\u010d\u00edm digit\u00e1ln\u00edm mikroskopem, 3D digit\u00e1ln\u00edm mikroskopem Keyence VHX 6000 a ru\u010dn\u00edm spektrometrem Olympus VANTA pro anal\u00fdzu prvkov\u00e9ho slo\u017een\u00ed. Vybaven\u00ed laborato\u0159e vych\u00e1z\u00ed z\u00a0badatelsk\u00e9ho zam\u011b\u0159en\u00ed na materi\u00e1lov\u00fd v\u00fdzkum, prozat\u00edm souvisej\u00edc\u00edho p\u0159edev\u0161\u00edm s\u00a0v\u00fdzkumem technologie keramiky. Laborato\u0159 je zapojena do v\u00fduky v\u00a0p\u0159edm\u011btech zam\u011b\u0159en\u00fdch na materi\u00e1lovou anal\u00fdzu a p\u0159\u00edstrojov\u00e9 vybaven\u00ed laborato\u0159e mohou vyu\u017e\u00edt studenti v\u00a0r\u00e1mci \u0159e\u0161en\u00ed sv\u00fdch z\u00e1v\u011bre\u010dn\u00fdch prac\u00ed.<\/p>\n<hr \/>\n<p><span style=\"color: #8cc800;\"><strong>Laborato\u0159 pro experiment\u00e1ln\u00ed replikaci a anal\u00fdzu archeologick\u00fdch materi\u00e1l\u016f <\/strong><\/span><\/p>\n<p>Laborato\u0159 je ur\u010dena pro praktickou v\u00fduku princip\u016f archaick\u00fdch technologi\u00ed a v\u00fduku metod anal\u00fdzy fyzik\u00e1ln\u00edch vlastnost\u00ed archeologick\u00fdch materi\u00e1l\u016f. Vybavena je z\u00e1kladn\u00edm laboratorn\u00edm spot\u0159ebn\u00edm materi\u00e1lem, laboratorn\u00ed pec\u00ed a dal\u0161\u00edmi prost\u0159edky pro ur\u010den\u00ed fyzik\u00e1ln\u00edch vlastnost\u00ed archeologick\u00fdch a experimentem vytv\u00e1\u0159en\u00fdch materi\u00e1l\u016f (v\u00e1hy, hustom\u011bry \u2026). Je vyu\u017e\u00edv\u00e1na ve v\u00fduce t\u00e9mat souvisej\u00edc\u00edch s\u00a0uplatn\u011bn\u00edm metody experimentu v\u00a0archeologii a jej\u00ed mo\u017enosti mohou studenti vyu\u017e\u00edt p\u0159i\u00a0\u0159e\u0161en\u00ed z\u00e1v\u011bre\u010dn\u00fdch prac\u00ed. Pro realizaci poln\u00edch experiment\u016f je vyu\u017e\u00edv\u00e1n are\u00e1l Archeoparku prav\u011bku V\u0161estary. Tento are\u00e1l byl, p\u0159ed zbudov\u00e1n\u00edm Archeoparku, vyu\u017e\u00edv\u00e1n jako poln\u00ed experiment\u00e1ln\u00ed stanice.<\/p>\n<hr \/>\n<p><span style=\"color: #8cc800;\"><strong>Laborato\u0159 pro zpracov\u00e1n\u00ed, konzervaci a dokumentaci archeologick\u00e9ho materi\u00e1lu<\/strong><\/span><\/p>\n<p>Katedra archeologie disponuje t\u00e9\u017e laborato\u0159\u00ed pro standardn\u00ed zpracov\u00e1n\u00ed n\u00e1lez\u016f poch\u00e1zej\u00edc\u00edch z\u00a0archeologick\u00fdch v\u00fdzkum\u016f, v\u010detn\u011b jejich konzervace. Prozat\u00edm je vybavena pro o\u0161et\u0159en\u00ed a konzervaci keramiky, kost\u00ed, skla a kovov\u00fdch n\u00e1lez\u016f. Laborato\u0159 byla z\u0159\u00edzena v\u00a0souvislosti s\u00a0archeologick\u00fdmi ter\u00e9nn\u00edmi aktivitami Katedry. Vybavena je z\u00e1kladn\u00edmi prost\u0159edky a spot\u0159ebn\u00edm materi\u00e1lem souvisej\u00edc\u00edmi se zpracov\u00e1n\u00edm, konzervac\u00ed a evidenc\u00ed n\u00e1lez\u016f. Umo\u017e\u0148uje n\u00e1m roz\u0161\u00ed\u0159it praktickou v\u00fduku student\u016f archeologie o f\u00e1zi zpracov\u00e1n\u00ed n\u00e1lez\u016f.<\/p>\n<hr \/>\n<p><span style=\"color: #8cc800;\"><strong>Digitaliza\u010dn\u00ed laborato\u0159<\/strong><\/span><\/p>\n<p>Digitaliza\u010dn\u00ed laborato\u0159 disponuje prost\u0159edky pro komplexn\u00ed digitalizaci archeologick\u00e9 ter\u00e9nn\u00ed dokumentace a dal\u0161\u00ed zpracov\u00e1n\u00ed data poch\u00e1zej\u00edc\u00edch z\u00a0archeologick\u00fdch v\u00fdzkum\u016f. Je vybavena \u00a0GIS softwarem firmy ESRI, softwarem AutoCAD Civil 3D a dal\u0161\u00edm softwarov\u00fdm vybaven\u00edm slou\u017e\u00edc\u00edm ke specifick\u00fdm \u00faloh\u00e1m v\u00a0r\u00e1mci digitalizace, jako je nap\u0159. 3D fotogrammetrie.<\/p>\n<\/div><\/div><\/div><\/div><\/section>","protected":false},"excerpt":{"rendered":"<p>Rozv\u00edj\u00edme spektrum laboratorn\u00edch archeologick\u00fdch pracovi\u0161\u0165, kter\u00e9 n\u00e1m umo\u017e\u0148uj\u00ed integrovat praktickou v\u00fduku v\u0161ech f\u00e1z\u00ed archeologick\u00e9 pr\u00e1ce. Mezi st\u00e1vaj\u00edc\u00ed pracovi\u0161t\u011b pat\u0159\u00ed: Laborato\u0159 optick\u00e9 mikroskopie a instrument\u00e1ln\u00ed anal\u00fdzy Laborato\u0159 je vybavena stereoskopick\u00fdm mikroskopem, petrografick\u00fdm polariza\u010dn\u00edm mikroskopem, p\u0159\u00edru\u010d\u00edm digit\u00e1ln\u00edm mikroskopem, 3D digit\u00e1ln\u00edm mikroskopem Keyence VHX 6000 a ru\u010dn\u00edm spektrometrem Olympus VANTA pro anal\u00fdzu prvkov\u00e9ho slo\u017een\u00ed. Vybaven\u00ed laborato\u0159e vych\u00e1z\u00ed z\u00a0badatelsk\u00e9ho [&hellip;]<\/p>\n","protected":false},"author":2,"featured_media":0,"parent":0,"menu_order":0,"comment_status":"closed","ping_status":"closed","template":"","meta":{"_exactmetrics_skip_tracking":false,"_exactmetrics_sitenote_active":false,"_exactmetrics_sitenote_note":"","_exactmetrics_sitenote_category":0,"footnotes":""},"class_list":["post-19148","page","type-page","status-publish","hentry"],"yoast_head":"<!-- This site is optimized with the Yoast SEO plugin v27.5 - https:\/\/yoast.com\/product\/yoast-seo-wordpress\/ -->\n<title>Archeologick\u00e9 laborato\u0159e - Katedra archeologie<\/title>\n<meta name=\"robots\" content=\"index, follow, max-snippet:-1, max-image-preview:large, max-video-preview:-1\" \/>\n<link rel=\"canonical\" href=\"https:\/\/uni.uhk.cz\/archeologie\/?page_id=19148\" \/>\n<meta property=\"og:locale\" content=\"cs_CZ\" \/>\n<meta property=\"og:type\" content=\"article\" \/>\n<meta property=\"og:title\" content=\"Archeologick\u00e9 laborato\u0159e - Katedra archeologie\" \/>\n<meta property=\"og:description\" content=\"Rozv\u00edj\u00edme spektrum laboratorn\u00edch archeologick\u00fdch pracovi\u0161\u0165, kter\u00e9 n\u00e1m umo\u017e\u0148uj\u00ed integrovat praktickou v\u00fduku v\u0161ech f\u00e1z\u00ed archeologick\u00e9 pr\u00e1ce. Mezi st\u00e1vaj\u00edc\u00ed pracovi\u0161t\u011b pat\u0159\u00ed: Laborato\u0159 optick\u00e9 mikroskopie a instrument\u00e1ln\u00ed anal\u00fdzy Laborato\u0159 je vybavena stereoskopick\u00fdm mikroskopem, petrografick\u00fdm polariza\u010dn\u00edm mikroskopem, p\u0159\u00edru\u010d\u00edm digit\u00e1ln\u00edm mikroskopem, 3D digit\u00e1ln\u00edm mikroskopem Keyence VHX 6000 a ru\u010dn\u00edm spektrometrem Olympus VANTA pro anal\u00fdzu prvkov\u00e9ho slo\u017een\u00ed. Vybaven\u00ed laborato\u0159e vych\u00e1z\u00ed z\u00a0badatelsk\u00e9ho [&hellip;]\" \/>\n<meta property=\"og:url\" content=\"https:\/\/uni.uhk.cz\/archeologie\/?page_id=19148\" \/>\n<meta property=\"og:site_name\" content=\"Katedra archeologie\" \/>\n<meta property=\"article:modified_time\" content=\"2018-06-20T07:45:20+00:00\" \/>\n<meta name=\"twitter:card\" content=\"summary_large_image\" \/>\n<meta name=\"twitter:label1\" content=\"Odhadovan\u00e1 doba \u010dten\u00ed\" \/>\n\t<meta name=\"twitter:data1\" content=\"2 minuty\" \/>\n<script type=\"application\/ld+json\" class=\"yoast-schema-graph\">{\"@context\":\"https:\\\/\\\/schema.org\",\"@graph\":[{\"@type\":\"WebPage\",\"@id\":\"https:\\\/\\\/uni.uhk.cz\\\/archeologie\\\/?page_id=19148\",\"url\":\"https:\\\/\\\/uni.uhk.cz\\\/archeologie\\\/?page_id=19148\",\"name\":\"Archeologick\u00e9 laborato\u0159e - Katedra archeologie\",\"isPartOf\":{\"@id\":\"https:\\\/\\\/uni.uhk.cz\\\/archeologie\\\/#website\"},\"datePublished\":\"2018-04-19T12:28:36+00:00\",\"dateModified\":\"2018-06-20T07:45:20+00:00\",\"breadcrumb\":{\"@id\":\"https:\\\/\\\/uni.uhk.cz\\\/archeologie\\\/?page_id=19148#breadcrumb\"},\"inLanguage\":\"cs\",\"potentialAction\":[{\"@type\":\"ReadAction\",\"target\":[\"https:\\\/\\\/uni.uhk.cz\\\/archeologie\\\/?page_id=19148\"]}]},{\"@type\":\"BreadcrumbList\",\"@id\":\"https:\\\/\\\/uni.uhk.cz\\\/archeologie\\\/?page_id=19148#breadcrumb\",\"itemListElement\":[{\"@type\":\"ListItem\",\"position\":1,\"name\":\"Dom\u016f\",\"item\":\"https:\\\/\\\/uni.uhk.cz\\\/archeologie\\\/\"},{\"@type\":\"ListItem\",\"position\":2,\"name\":\"Archeologick\u00e9 laborato\u0159e\"}]},{\"@type\":\"WebSite\",\"@id\":\"https:\\\/\\\/uni.uhk.cz\\\/archeologie\\\/#website\",\"url\":\"https:\\\/\\\/uni.uhk.cz\\\/archeologie\\\/\",\"name\":\"Katedra archeologie FF UHK\",\"description\":\"\",\"potentialAction\":[{\"@type\":\"SearchAction\",\"target\":{\"@type\":\"EntryPoint\",\"urlTemplate\":\"https:\\\/\\\/uni.uhk.cz\\\/archeologie\\\/?s={search_term_string}\"},\"query-input\":{\"@type\":\"PropertyValueSpecification\",\"valueRequired\":true,\"valueName\":\"search_term_string\"}}],\"inLanguage\":\"cs\"}]}<\/script>\n<!-- \/ Yoast SEO plugin. -->","yoast_head_json":{"title":"Archeologick\u00e9 laborato\u0159e - Katedra archeologie","robots":{"index":"index","follow":"follow","max-snippet":"max-snippet:-1","max-image-preview":"max-image-preview:large","max-video-preview":"max-video-preview:-1"},"canonical":"https:\/\/uni.uhk.cz\/archeologie\/?page_id=19148","og_locale":"cs_CZ","og_type":"article","og_title":"Archeologick\u00e9 laborato\u0159e - Katedra archeologie","og_description":"Rozv\u00edj\u00edme spektrum laboratorn\u00edch archeologick\u00fdch pracovi\u0161\u0165, kter\u00e9 n\u00e1m umo\u017e\u0148uj\u00ed integrovat praktickou v\u00fduku v\u0161ech f\u00e1z\u00ed archeologick\u00e9 pr\u00e1ce. Mezi st\u00e1vaj\u00edc\u00ed pracovi\u0161t\u011b pat\u0159\u00ed: Laborato\u0159 optick\u00e9 mikroskopie a instrument\u00e1ln\u00ed anal\u00fdzy Laborato\u0159 je vybavena stereoskopick\u00fdm mikroskopem, petrografick\u00fdm polariza\u010dn\u00edm mikroskopem, p\u0159\u00edru\u010d\u00edm digit\u00e1ln\u00edm mikroskopem, 3D digit\u00e1ln\u00edm mikroskopem Keyence VHX 6000 a ru\u010dn\u00edm spektrometrem Olympus VANTA pro anal\u00fdzu prvkov\u00e9ho slo\u017een\u00ed. Vybaven\u00ed laborato\u0159e vych\u00e1z\u00ed z\u00a0badatelsk\u00e9ho [&hellip;]","og_url":"https:\/\/uni.uhk.cz\/archeologie\/?page_id=19148","og_site_name":"Katedra archeologie","article_modified_time":"2018-06-20T07:45:20+00:00","twitter_card":"summary_large_image","twitter_misc":{"Odhadovan\u00e1 doba \u010dten\u00ed":"2 minuty"},"schema":{"@context":"https:\/\/schema.org","@graph":[{"@type":"WebPage","@id":"https:\/\/uni.uhk.cz\/archeologie\/?page_id=19148","url":"https:\/\/uni.uhk.cz\/archeologie\/?page_id=19148","name":"Archeologick\u00e9 laborato\u0159e - Katedra archeologie","isPartOf":{"@id":"https:\/\/uni.uhk.cz\/archeologie\/#website"},"datePublished":"2018-04-19T12:28:36+00:00","dateModified":"2018-06-20T07:45:20+00:00","breadcrumb":{"@id":"https:\/\/uni.uhk.cz\/archeologie\/?page_id=19148#breadcrumb"},"inLanguage":"cs","potentialAction":[{"@type":"ReadAction","target":["https:\/\/uni.uhk.cz\/archeologie\/?page_id=19148"]}]},{"@type":"BreadcrumbList","@id":"https:\/\/uni.uhk.cz\/archeologie\/?page_id=19148#breadcrumb","itemListElement":[{"@type":"ListItem","position":1,"name":"Dom\u016f","item":"https:\/\/uni.uhk.cz\/archeologie\/"},{"@type":"ListItem","position":2,"name":"Archeologick\u00e9 laborato\u0159e"}]},{"@type":"WebSite","@id":"https:\/\/uni.uhk.cz\/archeologie\/#website","url":"https:\/\/uni.uhk.cz\/archeologie\/","name":"Katedra archeologie FF UHK","description":"","potentialAction":[{"@type":"SearchAction","target":{"@type":"EntryPoint","urlTemplate":"https:\/\/uni.uhk.cz\/archeologie\/?s={search_term_string}"},"query-input":{"@type":"PropertyValueSpecification","valueRequired":true,"valueName":"search_term_string"}}],"inLanguage":"cs"}]}},"jetpack_sharing_enabled":true,"_links":{"self":[{"href":"https:\/\/uni.uhk.cz\/archeologie\/index.php?rest_route=\/wp\/v2\/pages\/19148","targetHints":{"allow":["GET"]}}],"collection":[{"href":"https:\/\/uni.uhk.cz\/archeologie\/index.php?rest_route=\/wp\/v2\/pages"}],"about":[{"href":"https:\/\/uni.uhk.cz\/archeologie\/index.php?rest_route=\/wp\/v2\/types\/page"}],"author":[{"embeddable":true,"href":"https:\/\/uni.uhk.cz\/archeologie\/index.php?rest_route=\/wp\/v2\/users\/2"}],"replies":[{"embeddable":true,"href":"https:\/\/uni.uhk.cz\/archeologie\/index.php?rest_route=%2Fwp%2Fv2%2Fcomments&post=19148"}],"version-history":[{"count":5,"href":"https:\/\/uni.uhk.cz\/archeologie\/index.php?rest_route=\/wp\/v2\/pages\/19148\/revisions"}],"predecessor-version":[{"id":20368,"href":"https:\/\/uni.uhk.cz\/archeologie\/index.php?rest_route=\/wp\/v2\/pages\/19148\/revisions\/20368"}],"wp:attachment":[{"href":"https:\/\/uni.uhk.cz\/archeologie\/index.php?rest_route=%2Fwp%2Fv2%2Fmedia&parent=19148"}],"curies":[{"name":"wp","href":"https:\/\/api.w.org\/{rel}","templated":true}]}}