{"id":19081,"date":"2018-04-19T13:00:06","date_gmt":"2018-04-19T11:00:06","guid":{"rendered":"https:\/\/uni.uhk.cz\/archeologie\/?page_id=19081"},"modified":"2018-05-15T11:47:56","modified_gmt":"2018-05-15T09:47:56","slug":"doktorske-studium","status":"publish","type":"page","link":"https:\/\/uni.uhk.cz\/archeologie\/?page_id=19081","title":{"rendered":"Doktorsk\u00e9 studium"},"content":{"rendered":"<section class=\"padding-two-tb\"><div class=\"container\"><div class=\"row\"><div class=\"wpb_column hcode-column-container  col-xs-mobile-fullwidth\" data-front-class=\"col-xs-mobile-fullwidth front-column-class\"><div class=\"vc-column-innner-wrapper\"><blockquote><p>C\u00edlem doktorsk\u00e9ho studia v programu Archeologie je p\u0159ipravit vysoce kvalifikovan\u00e9 znalce st\u0159edoevropsk\u00e9 archeologie, kte\u0159\u00ed budou schopni samostatn\u011b \u0159e\u0161it\u00a0v\u011bdeck\u00e9, metodologick\u00e9 a praktick\u00e9 probl\u00e9my archeologick\u00e9 pr\u00e1ce. Doktorsk\u00fd program se sna\u017e\u00ed p\u0159isp\u011bt ke zlep\u0161en\u00ed kvalifika\u010dn\u00ed struktury pracovn\u00edch t\u00fdm\u016f vysoko\u0161kolsk\u00fdch pracovi\u0161\u0165 a instituc\u00ed a z\u00e1rove\u0148\u00a0poskytuje zku\u0161en\u00fdm a kvalifikovan\u00fdm archeolog\u016fm z praxe mo\u017enost dal\u0161\u00edho odborn\u00e9ho r\u016fstu.<\/p><\/blockquote>\n<hr \/>\n<p><span style=\"color: #8cc800;\"><strong>Profil absolventa<\/strong><\/span><\/p>\n<ol>\n<li>Absolvent spl\u0148uje r\u00e1mcov\u00fd profil archeologa. Je osobou odborn\u011b zp\u016fsobilou pro prov\u00e1d\u011bn\u00ed archeologick\u00fdch v\u00fdzkum\u016f.<\/li>\n<li>Absolvent se orientuje v z\u00e1kladn\u00edch probl\u00e9mech st\u0159edoevropsk\u00e9 (evropsk\u00e9) archeologie s p\u0159ihl\u00e9dnut\u00edm ke specializaci, kter\u00e1 je p\u0159edm\u011btem studia.<\/li>\n<li>Absolvent zvl\u00e1dl z\u00e1kladn\u00ed metody v\u011bdeck\u00e9 pr\u00e1ce v dan\u00e9 discipl\u00edn\u011b a je obezn\u00e1men s nejnov\u011bj\u0161\u00edmi poznatky ve zvolen\u00e9m oboru. Jeho znalosti prokazuj\u00ed, \u017ee do\u0161lo k prohlouben\u00ed, dopln\u011bn\u00ed a rozvinut\u00ed jeho teoretick\u00e9ho pozn\u00e1n\u00ed, my\u0161len\u00ed a v\u011bdomost\u00ed z\u00edskan\u00fdch v p\u0159edch\u00e1zej\u00edc\u00edm studiu.<\/li>\n<li>Absolvent je schopen pracovat samostatn\u011b s archeologick\u00fdmi daty a interpretovat fakta z\u00edskan\u00e1 studiem a aplikovat je ve sv\u00e9 samostatn\u00e9 v\u011bdeck\u00e9 a publika\u010dn\u00ed \u010dinnosti.<\/li>\n<li>Absolvent je vysoce kvalifikovan\u00fdm odborn\u00fdm pracovn\u00edkem v oblasti archeologie. Je schopen dob\u0159e se orientovat v dan\u00e9 v\u011bdn\u00ed oblasti a m\u00e1 \u0161ir\u0161\u00ed spole\u010densko-filozofick\u00fd rozhled. Je schopen samostatn\u011b \u0159e\u0161it stanoven\u00e9 \u00fakoly a um\u00ed prezentovat v\u00fdsledky sv\u00e9 \u010dinnosti na \u00farovni odpov\u00eddaj\u00edc\u00ed modern\u00edm trend\u016fm v oblasti komunika\u010dn\u00edch technologi\u00ed.<\/li>\n<li>Absolvent se uplatn\u00ed na katedr\u00e1ch archeologie (a dal\u0161\u00edch p\u0159\u00edbuzn\u00fdch obor\u016f) vysok\u00fdch \u0161kol, v \u00fastavech AV \u010cR, v odborn\u00fdch archeologick\u00fdch instituc\u00edch a dal\u0161\u00edch organizac\u00edch v \u010cesk\u00e9 republice i v zahrani\u010d\u00ed.<\/li>\n<\/ol>\n<hr \/>\n<p><span style=\"color: #8cc800;\"><strong>Pr\u016fb\u011bh studia<\/strong><\/span><\/p>\n<p>Standardn\u00ed doba studia ve studijn\u00edm programu Archeologie je v prezen\u010dn\u00ed i v kombinovan\u00e9 form\u011b 4 roky. Na za\u010d\u00e1tku studia (v prvn\u00edm m\u011bs\u00edci) vypracuje doktorand v sou\u010dinnosti se sv\u00fdm \u0161kolitelem individu\u00e1ln\u00ed pl\u00e1n studia, kter\u00fd pak schvaluje oborov\u00e1 rada. Obhajoba diserta\u010dn\u00ed pr\u00e1ce nemus\u00ed nutn\u011b prob\u011bhnout do konce tohoto \u010dty\u0159let\u00e9ho obdob\u00ed, ale nejpozd\u011bji do sedmi let od zah\u00e1jen\u00ed studia (viz <a href=\"https:\/\/www.uhk.cz\/Download\/?DocumentID=26800\">Studijn\u00ed a zku\u0161ebn\u00ed \u0159\u00e1d UHK<\/a>, \u010dl. 51, odst. 6). V pr\u016fb\u011bhu studia je doktorand povinen absolvovat jeden p\u0159edm\u011bt modulu A1, jeden z modulu A2 a po jednom z modul\u016f A3 a A4, v\u0161echny p\u0159edm\u011bty z modulu B1, a nejm\u00e9n\u011b 2 p\u0159edm\u011bty z modulu B2. Z modulu B2 si doktorand vyb\u00edr\u00e1 p\u0159edev\u0161\u00edm ty p\u0159edm\u011bty, kter\u00e9 souvisej\u00ed s jeho diserta\u010dn\u00ed prac\u00ed (podle doporu\u010den\u00ed \u0161kolitele), ale m\u016f\u017ee absolvovat i p\u0159edm\u011bty jin\u00e9. V\u0161echny p\u0159edm\u011bty studia mohou byt modifikov\u00e1ny ve shod\u011b s nejnov\u011bj\u0161\u00edmi poznatky a v modulech A2, A4 a B2 mohou b\u00fdt po\u010detn\u011b roz\u0161i\u0159ov\u00e1ny ve shod\u011b s prohlubuj\u00edc\u00edm se odborn\u00fdm z\u00e1zem\u00edm pracovi\u0161t\u011b a ve shod\u011b s mo\u017enostmi hostuj\u00edc\u00edch odborn\u00edk\u016f.<\/p>\n<hr \/>\n<p><span style=\"color: #8cc800;\"><strong>Podm\u00ednky k p\u0159ijet\u00ed ke studiu<\/strong><\/span><\/p>\n<ol>\n<li>Ukon\u010den\u00e9 magistersk\u00e9 studium studijn\u00edho oboru Archeologie, p\u0159\u00edpadn\u011b ukon\u010den\u00ed jin\u00fdch magistersk\u00fdch obor\u016f obsahov\u011b bl\u00edzk\u00fdch.<\/li>\n<li>P\u0159edlo\u017een\u00ed z\u00e1m\u011bru diserta\u010dn\u00ed pr\u00e1ce (v rozsahu 3 stran) s pou\u017eitou literaturou.<\/li>\n<li>Vstupn\u00ed pohovor, p\u0159i kter\u00e9m m\u00e1 uchaze\u010d prok\u00e1zat p\u0159edpoklady pro doktorsk\u00e9 studium i v\u011bdeckou pr\u00e1ci. Pohovor se op\u00edr\u00e1 o t\u00e9ma magistersk\u00e9 pr\u00e1ce. Student d\u00e1le p\u0159edstav\u00ed a obh\u00e1j\u00ed sv\u016fj projekt diserta\u010dn\u00ed pr\u00e1ce souvisej\u00edc\u00ed s oborem archeologie. V r\u00e1mci pohovoru je t\u0159eba z\u00edskat min. 30 bod\u016f z mo\u017en\u00fdch 50.<\/li>\n<\/ol>\n<hr \/>\n<p><span style=\"color: #8cc800;\"><strong>N\u00e1vaznost na dal\u0161\u00ed typy studijn\u00edch program\u016f<\/strong><\/span><\/p>\n<p>Program p\u0159\u00edmo navazuje na magistersk\u00fd studijn\u00ed program Archeologie.<\/p>\n<hr \/>\n<p><span style=\"color: #8cc800;\"><strong>Struktura p\u0159edm\u011bt\u016f<\/strong><\/span><\/p>\n<p><strong>Skupina A<\/strong><br \/>\n<em><strong>Modul A 1<\/strong><\/em> <strong><em>\u2013 Filozoficko-metodologick\u00fd z\u00e1klad<\/em><\/strong><br \/>\n- Filosofie mysli, jazyka a kultury (J. Peregrin), 13s, 8 kredit\u016f<\/p>\n<p><strong><em>Modul A 2 \u2013 Antropologie<\/em><\/strong><br \/>\nJeden povinn\u011b voliteln\u00fd z:<br \/>\n- Kulturn\u00ed antropologie loveck\u00fdch spole\u010dnost\u00ed (J. A. Svoboda), 26p, 8 kredit\u016f<br \/>\n- Antropologie a archeologie (R. Th\u00e9r), 26p, 8 kredit\u016f<\/p>\n<p><strong><em>Modul A 3 \u2013 Zkou\u0161ka z ciz\u00edho jazyka<\/em><\/strong><br \/>\nJeden povinn\u011b voliteln\u00fd z:<br \/>\n- Angli\u010dtina (\u0160. Rube\u0161ov\u00e1), bez v\u00fduky, 8 kredit\u016f<br \/>\n- N\u011bm\u010dina (T. Pozler), bez v\u00fduky, 8 kredit\u016f<br \/>\n- Francouz\u0161tina (D. Marcjanikov\u00e1), bez v\u00fduky, 8 kredit\u016f<\/p>\n<p><strong><em>Modul A4 \u2013 P\u0159edm\u011bt odborn\u00fd v ciz\u00edm jazyce<\/em><\/strong><br \/>\nJeden povinn\u011b voliteln\u00fd z:<br \/>\n- Pottery analysis (R. Th\u00e9r), 26p, 8 kredit\u016f<br \/>\n- Specializa\u010dn\u00ed p\u0159edn\u00e1\u0161ka zahrani\u010dn\u00edch vyu\u010duj\u00edc\u00edch (N\u011bkter\u00fd ze zahrani\u010dn\u00edch vyu\u010duj\u00edc\u00edch), 26p, 8 kredit\u016f<\/p>\n<p><strong>Skupina B<\/strong><br \/>\n<em><strong>Modul B 1 \u2013 povinn\u00fd oborov\u00fd (aplika\u010dn\u00ed) z\u00e1klad<\/strong><\/em> (dal\u0161\u00ed sou\u010d\u00e1sti modulu B1 uvedeny v r\u00e1mci pol\u00ed Po\u017eadavky na tv\u016fr\u010d\u00ed \u010dinnost, Po\u017eadavky na absolvov\u00e1n\u00ed st\u00e1\u017e\u00ed a Dal\u0161\u00ed studijn\u00ed povinnosti)<br \/>\n- Doktorsk\u00fd semin\u00e1\u0159 1 (\u0161kolitel: J. Bene\u0161, E. Droberjar, O. Chvojka, J. Kov\u00e1rn\u00edk, V. Matou\u0161ek, I. Pavl\u016f, J. Svoboda, L. \u0160ebela, R. Tich\u00fd, J. Unger), 26s, 7 kredit\u016f<br \/>\n- Doktorsk\u00fd semin\u00e1\u0159 2 ((\u0161kolitel: J. Bene\u0161, E. Droberjar, O. Chvojka, J. Kov\u00e1rn\u00edk, V. Matou\u0161ek, I. Pavl\u016f, J. Svoboda, L. \u0160ebela, R. Tich\u00fd, J. Unger), 26s, 7 kredit\u016f<br \/>\n- Vybran\u00e9 probl\u00e9my evropsk\u00e9 archeologie (podle zvolen\u00e9 specializace studenta u jeho \u0161kolitele: J. Bene\u0161, E. Droberjar, O. Chvojka, J. Kov\u00e1rn\u00edk, V. Matou\u0161ek, I. Pavl\u016f, J. Svoboda, L. \u0160ebela, R. Tich\u00fd, J. Unger), 26p, 7 kredit\u016f<\/p>\n<p><strong><em>Modul B 2 \u2013 povinn\u011b voliteln\u00e9 p\u0159edm\u011bty<\/em><\/strong><br \/>\n- Aktu\u00e1ln\u00ed probl\u00e9my studia paleolitu a mezolitu \u010cech (P. \u0160\u00edda), 26p, 8 kredit\u016f<br \/>\n- Transformace archeologick\u00e9 kultury zem\u011bd\u011blsk\u00e9ho prav\u011bku (R. Tich\u00fd), 26p, 8 kredit\u016f<br \/>\n- Neolitizace Evropy (R. Tich\u00fd), 26p, 8 kredit\u016f<br \/>\n- Anal\u00fdza archeologick\u00fdch dat (I. Pavl\u016f), 26p, 8 kredit\u016f<br \/>\n- Kapitoly z neolitu a eneolitu jihov\u00fdchodn\u00ed Evropy (J. Kov\u00e1rn\u00edk), 26p, 8 kredit\u016f<br \/>\n- Nedestruktivn\u00ed archeologie (J. Kov\u00e1rn\u00edk), 26p, 8 kredit\u016f<br \/>\n- Vybran\u00e9 kapitoly z mlad\u00e9ho eneolitu a po\u010d\u00e1tku star\u0161\u00ed doby bronzov\u00e9 ve st\u0159edn\u00ed Evrop\u011b (L. \u0160ebela), 26p, 8 kredit\u016f<br \/>\n- Sv\u011bt \u010dlov\u011bka doby bronzov\u00e9 a star\u0161\u00ed doby \u017eelezn\u00e9 ve st\u0159edn\u00ed Evrop\u011b (O. Chvojka), 26p, 8 kredit\u016f<br \/>\n- Aktu\u00e1ln\u00ed probl\u00e9my archeologie doby hal\u0161tatsk\u00e9 a lat\u00e9nsk\u00e9 v evropsk\u00e9m kontextu (T. Mangel), 26p, 8 kredit\u016f<br \/>\n- Fenom\u00e9n migrac\u00ed doby st\u011bhov\u00e1n\u00ed n\u00e1rod\u016f (E. Droberjar), 26p, 8 kredit\u016f<br \/>\n- \u0158\u00edm a barba\u0159i \u2013 st\u0159et dvou civilizac\u00ed (E. Droberjar), 26p, 8 kredit\u016f<br \/>\n- Archeologie c\u00edrkevn\u00edch pam\u00e1tek na Morav\u011b (J. Unger), 26p, 8 kredit\u016f<br \/>\n- Archeologie novov\u011bku, industri\u00e1ln\u00ed archeologie (V. Matou\u0161ek), 26p, 8 kredit\u016f<\/p>\n<hr \/>\n<p><span style=\"color: #8cc800;\"><strong>Po\u017eadavky na st\u00e1tn\u00ed doktorskou zkou\u0161ku<\/strong><\/span><\/p>\n<p>Ke st\u00e1tn\u00ed doktorsk\u00e9 zkou\u0161ce (SDZ) se student p\u0159ihl\u00e1s\u00ed po \u00fasp\u011b\u0161n\u00e9m vykon\u00e1n\u00ed v\u0161ech zkou\u0161ek a spln\u011bn\u00ed v\u0161ech povinnost\u00ed p\u0159edepsan\u00fdch jeho individu\u00e1ln\u00edm pl\u00e1nem. R\u00e1mcov\u00fd obsah SDZ a procesu\u00e1ln\u00ed z\u00e1le\u017eitosti SDZ jsou vymezeny ustanoven\u00edmi pro studium v doktorsk\u00fdch studijn\u00edch programech Studijn\u00edho a zku\u0161ebn\u00edho \u0159\u00e1du Univerzity Hradec Kr\u00e1lov\u00e9 (\u010dl. 41\u201344) a dopl\u0148uj\u00edc\u00edmi sm\u011brnicemi d\u011bkan\u00e1tu Filozofick\u00e9 fakulty UHK (<a href=\"https:\/\/www.uhk.cz\/cs-CZ\/FF\/Studium\/Statni-zaverecne-zkousky\/Kvalifikacni-prace\">V\u00fdnos d\u011bkanky \u010d. 25\/2017 Pravidla pro vypracov\u00e1n\u00ed diserta\u010dn\u00ed pr\u00e1ce a organizace st\u00e1tn\u00edch doktorsk\u00fdch zkou\u0161ek na FF UHK<\/a>). SDZ\u00a0je zam\u011b\u0159ena na prov\u011b\u0159en\u00ed zvl\u00e1dnut\u00ed teori\u00ed, rozsahu po\u017eadovan\u00fdch znalost\u00ed z oblasti studia v\u010detn\u011b metodologick\u00fdch v\u00fdchodisek v\u011bdeck\u00e9 pr\u00e1ce. Obsah SDZ vych\u00e1z\u00ed zejm\u00e9na z t\u00e9matu doktorsk\u00e9ho studijn\u00edho programu a individu\u00e1ln\u00edho studijn\u00edho pl\u00e1nu doktoranda. Sou\u010d\u00e1st\u00ed SDZ je diskuse, kter\u00e1 souvis\u00ed s t\u00e9matem diserta\u010dn\u00ed pr\u00e1ce a zpravidla vych\u00e1z\u00ed z pojedn\u00e1n\u00ed p\u0159edlo\u017een\u00e9ho doktorandem, pokud oborov\u00e1 rada tohoto pojedn\u00e1n\u00ed po\u017eaduje. Pojedn\u00e1n\u00ed obsahuje zejm\u00e9na kriticky zhodnocen\u00fd stav pozn\u00e1n\u00ed v oblasti t\u00e9matu diserta\u010dn\u00ed pr\u00e1ce, vymezen\u00ed p\u0159edpokl\u00e1dan\u00fdch c\u00edl\u016f diserta\u010dn\u00ed pr\u00e1ce, charakteristiky zvolen\u00fdch metod \u0159e\u0161en\u00ed a stru\u010dn\u00e9 informace o dosa\u017een\u00fdch v\u00fdsledc\u00edch.<\/p>\n<hr \/>\n<p><span style=\"color: #8cc800;\"><strong>Po\u017eadavky na tv\u016fr\u010d\u00ed \u010dinnost<\/strong><\/span><\/p>\n<p>Po\u017eadavky na tv\u016fr\u010d\u00ed \u010dinnost v n\u00e1sleduj\u00edc\u00edm slo\u017een\u00ed jsou sou\u010d\u00e1st\u00ed modulu B1:<\/p>\n<ol>\n<li><strong>Publikov\u00e1n\u00ed recenze:<\/strong> Student sestav\u00ed recenzi na v\u011bdeck\u00e9 d\u00edlo jin\u00e9ho autora, kter\u00e9 je zam\u011b\u0159eno na archeologickou problematiku. Recenzi nab\u00eddne k oti\u0161t\u011bn\u00ed do n\u011bkter\u00e9ho z odborn\u00fdch archeologick\u00fdch periodik. Z\u00e1po\u010det je ud\u011blen p\u0159edsedou oborov\u00e9 rady po dolo\u017een\u00ed publikovan\u00e9 recenze nebo po dolo\u017een\u00ed jej\u00edho p\u0159ijet\u00ed do tisku. Zapisuje \u0161kolitel (J. Bene\u0161, E. Droberjar, O. Chvojka, J. Kov\u00e1rn\u00edk, V. Matou\u0161ek, I. Pavl\u016f, J. Svoboda, L. \u0160ebela, R. Tich\u00fd, J. Unger), bez v\u00fduky, 7 kredit\u016f.<\/li>\n<li><strong>P\u0159\u00edprava studi\u00ed pro odborn\u00e9 periodikum:<\/strong> Student je povinen vytvo\u0159it min. t\u0159i studie, kter\u00e9 nab\u00eddne k oti\u0161t\u011bn\u00ed v n\u011bkter\u00e9m z odborn\u00fdch recenzovan\u00fdch periodik. Z\u00e1po\u010det je ud\u011blen p\u0159edsedou oborov\u00e9 rady po dolo\u017een\u00ed publikovan\u00fdch v\u00fdstup\u016f nebo po dolo\u017een\u00ed jejich p\u0159ijet\u00ed do tisku. Zapisuje \u0161kolitel (J. Bene\u0161, E. Droberjar, O. Chvojka, J. Kov\u00e1rn\u00edk, V. Matou\u0161ek, I. Pavl\u016f, J. Svoboda, L. \u0160ebela, R. Tich\u00fd, J. Unger), bez v\u00fduky, 7 kredit\u016f.<\/li>\n<li><strong>Aktivn\u00ed vystoupen\u00ed na v\u011bdeck\u00e9 konferenci:<\/strong> student minim\u00e1ln\u011b jednou vystoup\u00ed s v\u00fdsledky sv\u00e9 v\u011bdeck\u00e9 pr\u00e1ce v r\u00e1mci v\u011bdeck\u00e9 konference mimo prost\u0159ed\u00ed univerzity. Zapisuje \u0161kolitel (J. Bene\u0161, E. Droberjar, O. Chvojka, J. Kov\u00e1rn\u00edk, V. Matou\u0161ek, I. Pavl\u016f, J. Svoboda, L. \u0160ebela, R. Tich\u00fd, J. Unger), bez v\u00fduky, 7 kredit\u016f.<\/li>\n<li><strong>Projekt:<\/strong> student p\u0159iprav\u00ed a \u00fasp\u011b\u0161n\u011b obh\u00e1j\u00ed projekt s v\u011bdeck\u00fdm z\u00e1m\u011brem, kter\u00fd bude p\u0159ijat v r\u00e1mci n\u011bkter\u00e9 z forem intern\u00ed \u010di jin\u00e9 grantov\u00e9 sout\u011b\u017ee. Zapisuje \u0161kolitel (J. Bene\u0161, E. Droberjar, O. Chvojka, J. Kov\u00e1rn\u00edk, V. Matou\u0161ek, I. Pavl\u016f, J. Svoboda, L. \u0160ebela, R. Tich\u00fd, J. Unger), bez v\u00fduky, 7 kredit\u016f.<\/li>\n<\/ol>\n<hr \/>\n<p><span style=\"color: #8cc800;\"><strong>Po\u017eadavky na absolvov\u00e1n\u00ed st\u00e1\u017e\u00ed<\/strong><\/span><\/p>\n<p>Student b\u011bhem studia absolvuje alespo\u0148 jednu zahrani\u010dn\u00ed studijn\u00ed, \u010di praktickou st\u00e1\u017e v d\u00e9lce min. 31 dn\u00ed. Zapisuje R. Tich\u00fd, bez v\u00fduky, 7 kredit\u016f.<\/p>\n<hr \/>\n<p><span style=\"color: #8cc800;\"><strong>Dal\u0161\u00ed studijn\u00ed povinnosti<\/strong><\/span><\/p>\n<p>Dal\u0161\u00ed studijn\u00ed povinnosti v n\u00e1sleduj\u00edc\u00edm slo\u017een\u00ed jsou sou\u010d\u00e1st\u00ed modulu B1:<\/p>\n<ol>\n<li><strong>Doktorsk\u00e9 \u010dten\u00ed:<\/strong> student p\u0159edstav\u00ed v\u00fdchodiska, metodiku, c\u00edle, a v\u00fdsledky sv\u00e9 diserta\u010dn\u00ed pr\u00e1ce v r\u00e1mci ve\u0159ejn\u00e9 p\u0159edn\u00e1\u0161ky, p\u0159ed ostatn\u00edmi doktorandy a dal\u0161\u00edmi studenty. Zapisuje \u0161kolitel (J. Bene\u0161, E. Droberjar, O. Chvojka, J. Kov\u00e1rn\u00edk, V. Matou\u0161ek, I. Pavl\u016f, J. Svoboda, L. \u0160ebela, R. Tich\u00fd, J. Unger), bez v\u00fduky, 7 kredit\u016f.<\/li>\n<li><strong>Pedagogick\u00e1 praxe:<\/strong> student m\u00e1 v individu\u00e1ln\u00edm studijn\u00edm pl\u00e1nu zakotvenou v\u00fdukovou povinnost, kter\u00e1 prob\u00edh\u00e1 formou veden\u00ed min. 2 semin\u00e1\u0159\u016f na kated\u0159e archeologie FF UHK a to v m\u00ed\u0159e, kter\u00e1 nebr\u00e1n\u00ed doktorsk\u00e9mu studiu. Maximum v\u00fdukov\u00e9 \u010dinnosti je 5 hodin t\u00fddn\u011b, pokud oborov\u00e1 rada nestanov\u00ed jinak. Zapisuje R. Tich\u00fd, bez v\u00fduky, 7 kredit\u016f.<\/li>\n<li><strong>Odevzd\u00e1n\u00ed diserta\u010dn\u00ed pr\u00e1ce:<\/strong> z\u00e1po\u010det je ud\u011blen p\u0159edsedou oborov\u00e9 rady po odevzd\u00e1n\u00ed diserta\u010dn\u00ed pr\u00e1ce v jej\u00ed fin\u00e1ln\u00ed podob\u011b. Zapisuje R. Tich\u00fd, bez v\u00fduky, 7 kredit\u016f.<\/li>\n<\/ol>\n<\/div><\/div><\/div><\/div><\/section><section class=\"padding-two-tb\"><div class=\"container\"><div class=\"row\"><div class=\"wpb_column hcode-column-container vc_col-sm-3 col-xs-mobile-fullwidth\" data-front-class=\"col-xs-mobile-fullwidth\"><div class=\"vc-column-innner-wrapper\"><a  href=\"http:\/\/stag.uhk.cz\/portal\/studium\/uchazec\" target=\"_self\"  class=\"inner-link button btn button-3d btn-round btn-small btn-success btn-round\">P\u0159ihl\u00e1\u0161ka ke studiu<\/a><\/div><\/div><div class=\"wpb_column hcode-column-container vc_col-sm-3 col-xs-mobile-fullwidth\" data-front-class=\"col-xs-mobile-fullwidth\"><div class=\"vc-column-innner-wrapper\"><a  href=\"https:\/\/www.uhk.cz\/cs-CZ\/FF\/Studium\/Studijni-obory.aspx\" target=\"_self\"  class=\"inner-link button btn button-3d btn-round btn-small btn-primary btn-round\">Dal\u0161\u00ed informace ke studiu<\/a><\/div><\/div><div class=\"wpb_column hcode-column-container vc_col-sm-3 col-xs-mobile-fullwidth\" data-front-class=\"col-xs-mobile-fullwidth\"><div class=\"vc-column-innner-wrapper\"><\/div><\/div><div class=\"wpb_column hcode-column-container vc_col-sm-3 col-xs-mobile-fullwidth\" data-front-class=\"col-xs-mobile-fullwidth\"><div class=\"vc-column-innner-wrapper\"><\/div><\/div><\/div><\/div><\/section>","protected":false},"excerpt":{"rendered":"<p>C\u00edlem doktorsk\u00e9ho studia v programu Archeologie je p\u0159ipravit vysoce kvalifikovan\u00e9 znalce st\u0159edoevropsk\u00e9 archeologie, kte\u0159\u00ed budou schopni samostatn\u011b \u0159e\u0161it\u00a0v\u011bdeck\u00e9, metodologick\u00e9 a praktick\u00e9 probl\u00e9my archeologick\u00e9 pr\u00e1ce. Doktorsk\u00fd program se sna\u017e\u00ed p\u0159isp\u011bt ke zlep\u0161en\u00ed kvalifika\u010dn\u00ed struktury pracovn\u00edch t\u00fdm\u016f vysoko\u0161kolsk\u00fdch pracovi\u0161\u0165 a instituc\u00ed a z\u00e1rove\u0148\u00a0poskytuje zku\u0161en\u00fdm a kvalifikovan\u00fdm archeolog\u016fm z praxe mo\u017enost dal\u0161\u00edho odborn\u00e9ho r\u016fstu. Profil absolventa Absolvent spl\u0148uje [&hellip;]<\/p>\n","protected":false},"author":2,"featured_media":0,"parent":0,"menu_order":0,"comment_status":"closed","ping_status":"closed","template":"","meta":{"_exactmetrics_skip_tracking":false,"_exactmetrics_sitenote_active":false,"_exactmetrics_sitenote_note":"","_exactmetrics_sitenote_category":0,"footnotes":""},"class_list":["post-19081","page","type-page","status-publish","hentry"],"yoast_head":"<!-- This site is optimized with the Yoast SEO plugin v27.2 - https:\/\/yoast.com\/product\/yoast-seo-wordpress\/ -->\n<title>Doktorsk\u00e9 studium - Katedra archeologie<\/title>\n<meta name=\"robots\" content=\"index, follow, max-snippet:-1, max-image-preview:large, max-video-preview:-1\" \/>\n<link rel=\"canonical\" href=\"https:\/\/uni.uhk.cz\/archeologie\/?page_id=19081\" \/>\n<meta property=\"og:locale\" content=\"cs_CZ\" \/>\n<meta property=\"og:type\" content=\"article\" \/>\n<meta property=\"og:title\" content=\"Doktorsk\u00e9 studium - Katedra archeologie\" \/>\n<meta property=\"og:description\" content=\"C\u00edlem doktorsk\u00e9ho studia v programu Archeologie je p\u0159ipravit vysoce kvalifikovan\u00e9 znalce st\u0159edoevropsk\u00e9 archeologie, kte\u0159\u00ed budou schopni samostatn\u011b \u0159e\u0161it\u00a0v\u011bdeck\u00e9, metodologick\u00e9 a praktick\u00e9 probl\u00e9my archeologick\u00e9 pr\u00e1ce. Doktorsk\u00fd program se sna\u017e\u00ed p\u0159isp\u011bt ke zlep\u0161en\u00ed kvalifika\u010dn\u00ed struktury pracovn\u00edch t\u00fdm\u016f vysoko\u0161kolsk\u00fdch pracovi\u0161\u0165 a instituc\u00ed a z\u00e1rove\u0148\u00a0poskytuje zku\u0161en\u00fdm a kvalifikovan\u00fdm archeolog\u016fm z praxe mo\u017enost dal\u0161\u00edho odborn\u00e9ho r\u016fstu. Profil absolventa Absolvent spl\u0148uje [&hellip;]\" \/>\n<meta property=\"og:url\" content=\"https:\/\/uni.uhk.cz\/archeologie\/?page_id=19081\" \/>\n<meta property=\"og:site_name\" content=\"Katedra archeologie\" \/>\n<meta property=\"article:modified_time\" content=\"2018-05-15T09:47:56+00:00\" \/>\n<meta name=\"twitter:card\" content=\"summary_large_image\" \/>\n<meta name=\"twitter:label1\" content=\"Odhadovan\u00e1 doba \u010dten\u00ed\" \/>\n\t<meta name=\"twitter:data1\" content=\"10 minut\" \/>\n<script type=\"application\/ld+json\" class=\"yoast-schema-graph\">{\"@context\":\"https:\/\/schema.org\",\"@graph\":[{\"@type\":\"WebPage\",\"@id\":\"https:\/\/uni.uhk.cz\/archeologie\/?page_id=19081\",\"url\":\"https:\/\/uni.uhk.cz\/archeologie\/?page_id=19081\",\"name\":\"Doktorsk\u00e9 studium - Katedra archeologie\",\"isPartOf\":{\"@id\":\"https:\/\/uni.uhk.cz\/archeologie\/#website\"},\"datePublished\":\"2018-04-19T11:00:06+00:00\",\"dateModified\":\"2018-05-15T09:47:56+00:00\",\"breadcrumb\":{\"@id\":\"https:\/\/uni.uhk.cz\/archeologie\/?page_id=19081#breadcrumb\"},\"inLanguage\":\"cs\",\"potentialAction\":[{\"@type\":\"ReadAction\",\"target\":[\"https:\/\/uni.uhk.cz\/archeologie\/?page_id=19081\"]}]},{\"@type\":\"BreadcrumbList\",\"@id\":\"https:\/\/uni.uhk.cz\/archeologie\/?page_id=19081#breadcrumb\",\"itemListElement\":[{\"@type\":\"ListItem\",\"position\":1,\"name\":\"Dom\u016f\",\"item\":\"https:\/\/uni.uhk.cz\/archeologie\/\"},{\"@type\":\"ListItem\",\"position\":2,\"name\":\"Doktorsk\u00e9 studium\"}]},{\"@type\":\"WebSite\",\"@id\":\"https:\/\/uni.uhk.cz\/archeologie\/#website\",\"url\":\"https:\/\/uni.uhk.cz\/archeologie\/\",\"name\":\"Katedra archeologie FF UHK\",\"description\":\"\",\"potentialAction\":[{\"@type\":\"SearchAction\",\"target\":{\"@type\":\"EntryPoint\",\"urlTemplate\":\"https:\/\/uni.uhk.cz\/archeologie\/?s={search_term_string}\"},\"query-input\":{\"@type\":\"PropertyValueSpecification\",\"valueRequired\":true,\"valueName\":\"search_term_string\"}}],\"inLanguage\":\"cs\"}]}<\/script>\n<!-- \/ Yoast SEO plugin. -->","yoast_head_json":{"title":"Doktorsk\u00e9 studium - Katedra archeologie","robots":{"index":"index","follow":"follow","max-snippet":"max-snippet:-1","max-image-preview":"max-image-preview:large","max-video-preview":"max-video-preview:-1"},"canonical":"https:\/\/uni.uhk.cz\/archeologie\/?page_id=19081","og_locale":"cs_CZ","og_type":"article","og_title":"Doktorsk\u00e9 studium - Katedra archeologie","og_description":"C\u00edlem doktorsk\u00e9ho studia v programu Archeologie je p\u0159ipravit vysoce kvalifikovan\u00e9 znalce st\u0159edoevropsk\u00e9 archeologie, kte\u0159\u00ed budou schopni samostatn\u011b \u0159e\u0161it\u00a0v\u011bdeck\u00e9, metodologick\u00e9 a praktick\u00e9 probl\u00e9my archeologick\u00e9 pr\u00e1ce. Doktorsk\u00fd program se sna\u017e\u00ed p\u0159isp\u011bt ke zlep\u0161en\u00ed kvalifika\u010dn\u00ed struktury pracovn\u00edch t\u00fdm\u016f vysoko\u0161kolsk\u00fdch pracovi\u0161\u0165 a instituc\u00ed a z\u00e1rove\u0148\u00a0poskytuje zku\u0161en\u00fdm a kvalifikovan\u00fdm archeolog\u016fm z praxe mo\u017enost dal\u0161\u00edho odborn\u00e9ho r\u016fstu. Profil absolventa Absolvent spl\u0148uje [&hellip;]","og_url":"https:\/\/uni.uhk.cz\/archeologie\/?page_id=19081","og_site_name":"Katedra archeologie","article_modified_time":"2018-05-15T09:47:56+00:00","twitter_card":"summary_large_image","twitter_misc":{"Odhadovan\u00e1 doba \u010dten\u00ed":"10 minut"},"schema":{"@context":"https:\/\/schema.org","@graph":[{"@type":"WebPage","@id":"https:\/\/uni.uhk.cz\/archeologie\/?page_id=19081","url":"https:\/\/uni.uhk.cz\/archeologie\/?page_id=19081","name":"Doktorsk\u00e9 studium - Katedra archeologie","isPartOf":{"@id":"https:\/\/uni.uhk.cz\/archeologie\/#website"},"datePublished":"2018-04-19T11:00:06+00:00","dateModified":"2018-05-15T09:47:56+00:00","breadcrumb":{"@id":"https:\/\/uni.uhk.cz\/archeologie\/?page_id=19081#breadcrumb"},"inLanguage":"cs","potentialAction":[{"@type":"ReadAction","target":["https:\/\/uni.uhk.cz\/archeologie\/?page_id=19081"]}]},{"@type":"BreadcrumbList","@id":"https:\/\/uni.uhk.cz\/archeologie\/?page_id=19081#breadcrumb","itemListElement":[{"@type":"ListItem","position":1,"name":"Dom\u016f","item":"https:\/\/uni.uhk.cz\/archeologie\/"},{"@type":"ListItem","position":2,"name":"Doktorsk\u00e9 studium"}]},{"@type":"WebSite","@id":"https:\/\/uni.uhk.cz\/archeologie\/#website","url":"https:\/\/uni.uhk.cz\/archeologie\/","name":"Katedra archeologie FF UHK","description":"","potentialAction":[{"@type":"SearchAction","target":{"@type":"EntryPoint","urlTemplate":"https:\/\/uni.uhk.cz\/archeologie\/?s={search_term_string}"},"query-input":{"@type":"PropertyValueSpecification","valueRequired":true,"valueName":"search_term_string"}}],"inLanguage":"cs"}]}},"jetpack_sharing_enabled":true,"_links":{"self":[{"href":"https:\/\/uni.uhk.cz\/archeologie\/index.php?rest_route=\/wp\/v2\/pages\/19081","targetHints":{"allow":["GET"]}}],"collection":[{"href":"https:\/\/uni.uhk.cz\/archeologie\/index.php?rest_route=\/wp\/v2\/pages"}],"about":[{"href":"https:\/\/uni.uhk.cz\/archeologie\/index.php?rest_route=\/wp\/v2\/types\/page"}],"author":[{"embeddable":true,"href":"https:\/\/uni.uhk.cz\/archeologie\/index.php?rest_route=\/wp\/v2\/users\/2"}],"replies":[{"embeddable":true,"href":"https:\/\/uni.uhk.cz\/archeologie\/index.php?rest_route=%2Fwp%2Fv2%2Fcomments&post=19081"}],"version-history":[{"count":5,"href":"https:\/\/uni.uhk.cz\/archeologie\/index.php?rest_route=\/wp\/v2\/pages\/19081\/revisions"}],"predecessor-version":[{"id":20023,"href":"https:\/\/uni.uhk.cz\/archeologie\/index.php?rest_route=\/wp\/v2\/pages\/19081\/revisions\/20023"}],"wp:attachment":[{"href":"https:\/\/uni.uhk.cz\/archeologie\/index.php?rest_route=%2Fwp%2Fv2%2Fmedia&parent=19081"}],"curies":[{"name":"wp","href":"https:\/\/api.w.org\/{rel}","templated":true}]}}